{"id":45338,"date":"2026-03-22T14:43:08","date_gmt":"2026-03-22T13:43:08","guid":{"rendered":"https:\/\/www.ovronnaz.ch\/?page_id=45338"},"modified":"2026-03-30T15:14:58","modified_gmt":"2026-03-30T13:14:58","slug":"consigne-a-bagages","status":"publish","type":"page","link":"https:\/\/www.ovronnaz.ch\/en\/consigne-a-bagages\/","title":{"rendered":"Luggage storage"},"content":{"rendered":"<p>[et_pb_section fb_built=&#8221;1&#8243; fullwidth=&#8221;on&#8221; _builder_version=&#8221;4.21.0&#8243; _module_preset=&#8221;default&#8221; global_colors_info=&#8221;{}&#8221;][et_pb_fullwidth_slider _builder_version=&#8221;4.27.6&#8243; _module_preset=&#8221;default&#8221; background_position=&#8221;bottom_center&#8221; hover_enabled=&#8221;0&#8243; global_colors_info=&#8221;{}&#8221; sticky_enabled=&#8221;0&#8243;][et_pb_slide _builder_version=&#8221;4.27.6&#8243; _module_preset=&#8221;default&#8221; background_enable_color=&#8221;off&#8221; background_image=&#8221;https:\/\/www.ovronnaz.ch\/wp-content\/uploads\/2026\/03\/WhatsApp-Image-2026-03-27-at-12.54.37.jpeg&#8221; background_enable_image=&#8221;on&#8221; background_position=&#8221;center_left&#8221; hover_enabled=&#8221;0&#8243; global_colors_info=&#8221;{}&#8221; sticky_transition=&#8221;on&#8221; title_text=&#8221;WhatsApp Image 2026-03-27 at 12.54.37&#8243; sticky_enabled=&#8221;0&#8243;][\/et_pb_slide][\/et_pb_fullwidth_slider][\/et_pb_section][et_pb_section fb_built=&#8221;1&#8243; _builder_version=&#8221;4.21.0&#8243; _module_preset=&#8221;default&#8221; global_colors_info=&#8221;{}&#8221;][et_pb_row _builder_version=&#8221;4.21.0&#8243; _module_preset=&#8221;default&#8221; global_colors_info=&#8221;{}&#8221;][et_pb_column type=&#8221;4_4&#8243; _builder_version=&#8221;4.21.0&#8243; _module_preset=&#8221;default&#8221; global_colors_info=&#8221;{}&#8221;][et_pb_text _builder_version=&#8221;4.27.6&#8243; _module_preset=&#8221;default&#8221; content_en_gb=&#8221;<\/p>\n<h2 style=%22text-align: center;%22>Luggage storage at the Tourist Information Office<\/h2>\n<p>&#8221; content_de_de=&#8221;<\/p>\n<h2 style=%22text-align: center;%22>Gep\u00e4ckaufbewahrung in der Touristeninformation<\/h2>\n<p>&#8221; global_colors_info=&#8221;{}&#8221;]<\/p>\n<h1 style=\"text-align: center;\">Consigne \u00e0 bagage \u00e0 l&#8217;Office du tourisme<\/h1>\n<p>[\/et_pb_text][\/et_pb_column][\/et_pb_row][\/et_pb_section][et_pb_section fb_built=&#8221;1&#8243; _builder_version=&#8221;4.27.6&#8243; _module_preset=&#8221;default&#8221; global_colors_info=&#8221;{}&#8221;][et_pb_row _builder_version=&#8221;4.27.6&#8243; _module_preset=&#8221;default&#8221; global_colors_info=&#8221;{}&#8221;][et_pb_column type=&#8221;4_4&#8243; _builder_version=&#8221;4.27.6&#8243; _module_preset=&#8221;default&#8221; global_colors_info=&#8221;{}&#8221;][et_pb_text _builder_version=&#8221;4.27.6&#8243; _module_preset=&#8221;default&#8221; content_en_gb=&#8221;<\/p>\n<p data-start=%22105%22 data-end=%22196%22>The Ovronnaz Tourist Office offers you a convenient and accessible luggage storage service.<\/p>\n<p data-start=%22198%22 data-end=%22334%22>Drop off your luggage with ease and make the most of your stay, whether before checking into your accommodation or after your departure.<\/p>\n<p data-start=%22336%22 data-end=%22430%22><strong data-start=%22336%22 data-end=%22354%22>Opening hours:<\/strong><br data-start=%22354%22 data-end=%22357%22 \/>The luggage storage is available during the Tourist Office opening hours:<\/p>\n<p data-start=%22432%22 data-end=%22463%22>08:30 \u2013 12:30<br data-start=%22445%22 data-end=%22448%22 \/>13:30 \u2013 17:30<\/p>\n<p data-start=%22465%22 data-end=%22485%22><strong data-start=%22465%22 data-end=%22485%22>Opening periods:<\/strong><\/p>\n<p data-start=%22487%22 data-end=%22606%22>High season (July \u2013 August \/ mid-December \u2013 mid-April): open 7 days a week<br data-start=%22561%22 data-end=%22564%22 \/>Low season: open every day except Sunday<\/p>\n<p data-start=%22608%22 data-end=%22623%22><strong data-start=%22608%22 data-end=%22623%22>Conditions:<\/strong><\/p>\n<p data-start=%22625%22 data-end=%22685%22>No reservation required<br data-start=%22648%22 data-end=%22651%22 \/>A form must be completed on site<\/p>\n<p data-start=%22687%22 data-end=%22697%22><strong data-start=%22687%22 data-end=%22697%22>Rates:<\/strong><\/p>\n<p data-start=%22699%22 data-end=%22757%22>CHF 3 per bag up to 4 hours<br data-start=%22728%22 data-end=%22731%22 \/>CHF 5 per bag full day<\/p>\n<p>&#8221; content_de_de=&#8221;<\/p>\n<p data-start=%22782%22 data-end=%22905%22>Das Tourismusb\u00fcro Ovronnaz stellt Ihnen einen praktischen und leicht zug\u00e4nglichen Gep\u00e4ckaufbewahrungsservice zur Verf\u00fcgung.<\/p>\n<p data-start=%22907%22 data-end=%221064%22>Geben Sie Ihr Gep\u00e4ck ganz unkompliziert ab und genie\u00dfen Sie Ihren Aufenthalt in vollen Z\u00fcgen \u2013 sei es vor dem Bezug Ihrer Unterkunft oder nach Ihrer Abreise.<\/p>\n<p data-start=%221066%22 data-end=%221171%22><strong data-start=%221066%22 data-end=%221085%22>\u00d6ffnungszeiten:<\/strong><br data-start=%221085%22 data-end=%221088%22 \/>Die Gep\u00e4ckaufbewahrung ist w\u00e4hrend der \u00d6ffnungszeiten des Tourismusb\u00fcros verf\u00fcgbar:<\/p>\n<p data-start=%221173%22 data-end=%221204%22>08:30 \u2013 12:30<br data-start=%221186%22 data-end=%221189%22 \/>13:30 \u2013 17:30<\/p>\n<p data-start=%221206%22 data-end=%221240%22><strong data-start=%221206%22 data-end=%221240%22>\u00d6ffnungszeiten je nach Saison:<\/strong><\/p>\n<p data-start=%221242%22 data-end=%221367%22>Hochsaison (Juli \u2013 August \/ Mitte Dezember \u2013 Mitte April): t\u00e4glich ge\u00f6ffnet<br data-start=%221317%22 data-end=%221320%22 \/>Nebensaison: t\u00e4glich ge\u00f6ffnet, au\u00dfer sonntags<\/p>\n<p data-start=%221369%22 data-end=%221385%22><strong data-start=%221369%22 data-end=%221385%22>Bedingungen:<\/strong><\/p>\n<p data-start=%221387%22 data-end=%221459%22>Keine Reservierung erforderlich<br data-start=%221418%22 data-end=%221421%22 \/>Ein Formular ist vor Ort auszuf\u00fcllen<\/p>\n<p data-start=%221461%22 data-end=%221472%22><strong data-start=%221461%22 data-end=%221472%22>Preise:<\/strong><\/p>\n<p data-start=%221474%22 data-end=%221553%22>CHF 3 pro Gep\u00e4ckst\u00fcck bis zu 4 Stunden<br data-start=%221514%22 data-end=%221517%22 \/>CHF 5 pro Gep\u00e4ckst\u00fcck ganzer Tag<\/p>\n<p>&#8221; global_colors_info=&#8221;{}&#8221;]<\/p>\n<p data-start=\"82\" data-end=\"194\">L\u2019Office du Tourisme d\u2019Ovronnaz met \u00e0 votre disposition un service de consigne \u00e0 bagages pratique et accessible.<\/p>\n<p data-start=\"196\" data-end=\"350\">D\u00e9posez vos bagages en toute simplicit\u00e9 et profitez pleinement de votre s\u00e9jour, que ce soit avant votre arriv\u00e9e dans votre logement ou apr\u00e8s votre d\u00e9part.<\/p>\n<p data-start=\"352\" data-end=\"465\"><strong data-start=\"352\" data-end=\"378\">Horaires d\u2019ouverture :<\/strong><br data-start=\"378\" data-end=\"381\" \/>La consigne est accessible durant les heures d\u2019ouverture de l\u2019Office du Tourisme :<\/p>\n<ul data-start=\"466\" data-end=\"501\">\n<li data-section-id=\"194535c\" data-start=\"466\" data-end=\"483\">08h30 \u2013 12h30<\/li>\n<li data-section-id=\"2vx2nz\" data-start=\"484\" data-end=\"501\">13h30 \u2013 17h30<\/li>\n<\/ul>\n<p data-start=\"503\" data-end=\"531\"><strong data-start=\"503\" data-end=\"529\">P\u00e9riodes d\u2019ouverture :<\/strong><\/p>\n<ul data-start=\"532\" data-end=\"680\">\n<li data-section-id=\"1qbm1sp\" data-start=\"532\" data-end=\"618\">Haute saison (juillet \u2013 ao\u00fbt \/ mi-d\u00e9cembre \u2013 mi-avril) : ouvert 7 jours sur 7<\/li>\n<li data-section-id=\"150vzxp\" data-start=\"619\" data-end=\"680\">Basse saison : ouvert tous les jours sauf le dimanche<\/li>\n<\/ul>\n<p data-start=\"682\" data-end=\"700\"><strong data-start=\"682\" data-end=\"698\">Conditions :<\/strong><\/p>\n<ul data-start=\"701\" data-end=\"763\">\n<li data-section-id=\"1crj26r\" data-start=\"701\" data-end=\"721\">Sans r\u00e9servation<\/li>\n<li data-section-id=\"rx6pjn\" data-start=\"722\" data-end=\"763\">Un formulaire est \u00e0 remplir sur place<\/li>\n<\/ul>\n<p data-start=\"765\" data-end=\"779\"><strong data-start=\"765\" data-end=\"777\">Tarifs :<\/strong><\/p>\n<ul data-start=\"780\" data-end=\"851\">\n<li data-section-id=\"gtt5nu\" data-start=\"780\" data-end=\"819\">3 CHF par bagage jusqu\u2019\u00e0 4 heures<\/li>\n<li data-section-id=\"7zhq3c\" data-start=\"820\" data-end=\"851\">5 CHF par bagage la journ\u00e9e<\/li>\n<\/ul>\n<p>[\/et_pb_text][et_pb_button button_url=&#8221;https:\/\/www.ovronnaz.ch\/wp-content\/uploads\/2026\/03\/formulaire-consigne-bagage.pdf&#8221; button_text=&#8221;Formulaire&#8221; _builder_version=&#8221;4.27.6&#8243; _module_preset=&#8221;default&#8221; button_text_en_gb=&#8221;Form&#8221; button_text_de_de=&#8221;Formular&#8221; global_colors_info=&#8221;{}&#8221;][\/et_pb_button][\/et_pb_column][\/et_pb_row][et_pb_row _builder_version=&#8221;4.27.6&#8243; _module_preset=&#8221;default&#8221; global_colors_info=&#8221;{}&#8221;][et_pb_column type=&#8221;4_4&#8243; _builder_version=&#8221;4.27.6&#8243; _module_preset=&#8221;default&#8221; global_colors_info=&#8221;{}&#8221;][et_pb_image src=&#8221;https:\/\/www.ovronnaz.ch\/wp-content\/uploads\/2025\/04\/SR_09_Ovronnaz_Betson-5.jpg&#8221; title_text=&#8221;SR_09_Ovronnaz_Betson-5&#8243; _builder_version=&#8221;4.27.6&#8243; _module_preset=&#8221;default&#8221; custom_padding=&#8221;0px|||||&#8221; global_colors_info=&#8221;{}&#8221;][\/et_pb_image][\/et_pb_column][\/et_pb_row][\/et_pb_section]<\/p>\n","protected":false},"excerpt":{"rendered":"<p>A luggage storage service provided by the tourist office<\/p>\n","protected":false},"author":1,"featured_media":45341,"parent":0,"menu_order":0,"comment_status":"closed","ping_status":"closed","template":"","meta":{"_et_pb_use_builder":"on","_et_pb_old_content":"","_et_gb_content_width":"","_monsterinsights_skip_tracking":false,"_monsterinsights_sitenote_active":false,"_monsterinsights_sitenote_note":"","_monsterinsights_sitenote_category":0,"footnotes":""},"dipi_cpt_category":[],"class_list":["post-45338","page","type-page","status-publish","has-post-thumbnail","hentry"],"_links":{"self":[{"href":"https:\/\/www.ovronnaz.ch\/en\/wp-json\/wp\/v2\/pages\/45338","targetHints":{"allow":["GET"]}}],"collection":[{"href":"https:\/\/www.ovronnaz.ch\/en\/wp-json\/wp\/v2\/pages"}],"about":[{"href":"https:\/\/www.ovronnaz.ch\/en\/wp-json\/wp\/v2\/types\/page"}],"author":[{"embeddable":true,"href":"https:\/\/www.ovronnaz.ch\/en\/wp-json\/wp\/v2\/users\/1"}],"replies":[{"embeddable":true,"href":"https:\/\/www.ovronnaz.ch\/en\/wp-json\/wp\/v2\/comments?post=45338"}],"version-history":[{"count":7,"href":"https:\/\/www.ovronnaz.ch\/en\/wp-json\/wp\/v2\/pages\/45338\/revisions"}],"predecessor-version":[{"id":45391,"href":"https:\/\/www.ovronnaz.ch\/en\/wp-json\/wp\/v2\/pages\/45338\/revisions\/45391"}],"wp:featuredmedia":[{"embeddable":true,"href":"https:\/\/www.ovronnaz.ch\/en\/wp-json\/wp\/v2\/media\/45341"}],"wp:attachment":[{"href":"https:\/\/www.ovronnaz.ch\/en\/wp-json\/wp\/v2\/media?parent=45338"}],"wp:term":[{"taxonomy":"dipi_cpt_category","embeddable":true,"href":"https:\/\/www.ovronnaz.ch\/en\/wp-json\/wp\/v2\/dipi_cpt_category?post=45338"}],"curies":[{"name":"wp","href":"https:\/\/api.w.org\/{rel}","templated":true}]}}