{"id":36169,"date":"2023-10-27T10:10:06","date_gmt":"2023-10-27T08:10:06","guid":{"rendered":"http:\/\/www.ovronnaz.ch\/?page_id=36169"},"modified":"2025-09-16T12:35:51","modified_gmt":"2025-09-16T10:35:51","slug":"place-de-jeux-a-jorasse","status":"publish","type":"page","link":"https:\/\/www.ovronnaz.ch\/en\/place-de-jeux-a-jorasse\/","title":{"rendered":"Place de Jeux \u00e0 Jorasse"},"content":{"rendered":"<p>[et_pb_section fb_built=&#8221;1&#8243; fullwidth=&#8221;on&#8221; _builder_version=&#8221;4.22.2&#8243; _module_preset=&#8221;default&#8221; global_colors_info=&#8221;{}&#8221;][et_pb_fullwidth_image title_text=&#8221;b80bcae9-190b-45ea-ab8f-8e0eebe05c73_rw_1920&#8243; _builder_version=&#8221;4.22.2&#8243; _module_preset=&#8221;default&#8221; background_image=&#8221;http:\/\/www.ovronnaz.ch\/wp-content\/uploads\/2023\/09\/b80bcae9-190b-45ea-ab8f-8e0eebe05c73_rw_1920.jpg&#8221; background_position=&#8221;top_center&#8221; background_vertical_offset=&#8221;50%&#8221; min_height=&#8221;750px&#8221; min_height_tablet=&#8221;600px&#8221; min_height_phone=&#8221;350px&#8221; min_height_last_edited=&#8221;on|phone&#8221; max_height=&#8221;750px&#8221; global_colors_info=&#8221;{}&#8221;][\/et_pb_fullwidth_image][\/et_pb_section][et_pb_section fb_built=&#8221;1&#8243; _builder_version=&#8221;4.21.0&#8243; _module_preset=&#8221;default&#8221; global_colors_info=&#8221;{}&#8221;][et_pb_row _builder_version=&#8221;4.22.1&#8243; _module_preset=&#8221;default&#8221; custom_padding=&#8221;0px||||false|false&#8221; global_colors_info=&#8221;{}&#8221;][et_pb_column type=&#8221;4_4&#8243; _builder_version=&#8221;4.21.0&#8243; _module_preset=&#8221;default&#8221; global_colors_info=&#8221;{}&#8221;][et_pb_text _builder_version=&#8221;4.22.2&#8243; _module_preset=&#8221;default&#8221; content_en_gb=&#8221;<\/p>\n<h1>PLAY AREA AT JORASSE<\/h1>\n<p>&#8221; content_de_de=&#8221;<\/p>\n<h1><span class=%22word%22 id=%22%910,14%93%22>SPIELPLATZ IN JORASSE<\/span><\/h1>\n<p>&#8221; global_colors_info=&#8221;{}&#8221;]<\/p>\n<h1>Place de jeux \u00e0 Jorasse<\/h1>\n<p>[\/et_pb_text][\/et_pb_column][\/et_pb_row][et_pb_row _builder_version=&#8221;4.22.1&#8243; _module_preset=&#8221;default&#8221; global_colors_info=&#8221;{}&#8221;][et_pb_column type=&#8221;4_4&#8243; _builder_version=&#8221;4.22.1&#8243; _module_preset=&#8221;default&#8221; global_colors_info=&#8221;{}&#8221;][et_pb_text _builder_version=&#8221;4.23.1&#8243; _module_preset=&#8221;default&#8221; content_en_gb=&#8221;<\/p>\n<p class=%22vc_custom_heading%22><strong>Altitude playground at 1940m<\/strong><\/p>\n<p>&#8221; content_de_de=&#8221;<\/p>\n<p class=%22vc_custom_heading%22><strong>Spielplatz von Altitude bis 1940m<\/strong><\/p>\n<p>&#8221; global_colors_info=&#8221;{}&#8221;]<\/p>\n<p class=\"vc_custom_heading\"><strong>Place de jeu d&#8217;Altitude \u00e0 1940m<\/strong><\/p>\n<p>[\/et_pb_text][et_pb_text _builder_version=&#8221;4.22.2&#8243; _dynamic_attributes=&#8221;link_option_url&#8221; _module_preset=&#8221;default&#8221; link_option_url=&#8221;@ET-DC@eyJkeW5hbWljIjp0cnVlLCJjb250ZW50IjoicG9zdF9saW5rX3VybF9wYWdlIiwic2V0dGluZ3MiOnsicG9zdF9pZCI6IjI5MzAyIn19@&#8221; content_en_gb=&#8221;<\/p>\n<p>At Jorasse, children can let off steam in the play area next to the mountain restaurant, offering families a friendly place to relax and enjoy the magnificent mountain views.<\/p>\n<p>&#8221; content_de_de=&#8221;<\/p>\n<p>In Jorasse k\u00f6nnen sich die Kinder auf dem Spielplatz neben dem Bergrestaurant austoben. Familien finden hier einen geselligen Ort, um sich zu entspannen und die herrliche Aussicht auf die Berge zu genie\u00dfen.<\/p>\n<p>&#8221; global_colors_info=&#8221;{}&#8221;]<\/p>\n<p><span>\u00c0 Jorasse, les enfants peuvent se d\u00e9fouler sur la place de jeux situ\u00e9e \u00e0 c\u00f4t\u00e9 du <strong>restaurant d\u2019altitude<\/strong>, offrant aux familles un lieu convivial pour se d\u00e9tendre et profiter de la vue magnifique sur les montagnes.<\/span><\/p>\n<p>[\/et_pb_text][et_pb_text _builder_version=&#8221;4.27.4&#8243; _dynamic_attributes=&#8221;link_option_url&#8221; _module_preset=&#8221;default&#8221; link_option_url=&#8221;@ET-DC@eyJkeW5hbWljIjp0cnVlLCJjb250ZW50IjoicG9zdF9saW5rX3VybF9wYWdlIiwic2V0dGluZ3MiOnsicG9zdF9pZCI6IjMwOTEzIn19@&#8221; content_en_gb=&#8221;<\/p>\n<p><strong>Infrastructure available :<\/strong><\/p>\n<ul>\n<li>bouncy castles<\/li>\n<li>mini adventure park<\/li>\n<li>net maze<\/li>\n<li>trampoline<\/li>\n<li>swings<\/li>\n<li>slide<\/li>\n<\/ul>\n<p>Nearby is the<strong> Mini Zoo de Jorasse<\/strong> with its farm animals and pony rides.<\/p>\n<p>&#8221; content_de_de=&#8221;<\/p>\n<p><strong>Zur Verf\u00fcgung stehende Infrastruktur :<\/strong><\/p>\n<ul>\n<li>H\u00fcpfburgen<\/li>\n<li>Mini-Abenteuerpark<\/li>\n<li>Netzlabyrinth<\/li>\n<li>Trampolin<\/li>\n<li>Schaukeln<\/li>\n<li>Rutsche<\/li>\n<\/ul>\n<p>In der N\u00e4he befindet sich der <strong>Mini Zoo von Jorasse<\/strong> mit seinen Bauernhoftieren und der M\u00f6glichkeit, auf Ponys zu reiten.<\/p>\n<p>&#8221; global_colors_info=&#8221;{}&#8221;]<\/p>\n<p><strong>Infrastructures \u00e0 disposition :<\/strong><\/p>\n<ul class=\"lists\">\n<li>ch\u00e2teaux gonflables<\/li>\n<li>mini parc aventure<\/li>\n<li>labyrinthe de filets<\/li>\n<li>trampoline<\/li>\n<li>balan\u00e7oires<\/li>\n<li>toboggan<\/li>\n<\/ul>\n<p>\u00c0 proximit\u00e9 se trouve le<strong><span> Mini Zoo<\/span><span> de Jorasse avec ses animaux <\/span><\/strong>de la ferme et la possibilit\u00e9 de faire des balades \u00e0 dos de poney.<\/p>\n<p>[\/et_pb_text][\/et_pb_column][\/et_pb_row][et_pb_row _builder_version=&#8221;4.22.1&#8243; _module_preset=&#8221;default&#8221; custom_padding=&#8221;||0px||false|false&#8221; global_colors_info=&#8221;{}&#8221;][et_pb_column type=&#8221;4_4&#8243; _builder_version=&#8221;4.21.0&#8243; _module_preset=&#8221;default&#8221; global_colors_info=&#8221;{}&#8221;][et_pb_text _builder_version=&#8221;4.22.2&#8243; _module_preset=&#8221;default&#8221; content_en_gb=&#8221;<\/p>\n<div class=%22wpb_text_column wpb_content_element %22>\n<div class=%22wpb_wrapper%22>\n<h2>Access<\/h2>\n<p>Via the Ovronnaz-Jorasse chairlift<\/p>\n<p><span style=%22color: #3366ff;%22>Free chairlift for Magic Pass holders!<\/span><\/p>\n<\/div>\n<\/div>\n<p>&#8221; content_de_de=&#8221;<\/p>\n<div class=%22wpb_text_column wpb_content_element %22>\n<div class=%22wpb_wrapper%22>\n<h2>Zugang<\/h2>\n<p>Mit dem Sessellift Ovronnaz-Jorasse.<\/p>\n<p><span style=%22color: #3366ff;%22>Sessellift Gratis f\u00fcr Inhaber des Magic Pass!<\/span><\/p>\n<\/div>\n<\/div>\n<div class=%22wpb_text_column wpb_content_element %22>\n<div class=%22wpb_wrapper%22>\n<div class=%22wpb_text_column wpb_content_element %22>\n<div class=%22wpb_wrapper%22>\n<\/div>\n<\/div>\n<\/div>\n<\/div>\n<p>&#8221; global_colors_info=&#8221;{}&#8221;]<\/p>\n<h2>Acc\u00e8s<\/h2>\n<div class=\"wpb_text_column wpb_content_element \">\n<div class=\"wpb_wrapper\">\n<p>Par le t\u00e9l\u00e9si\u00e8ge Ovronnaz-Jorasse<\/p>\n<p><span style=\"color: #3366ff;\">T\u00e9l\u00e9si\u00e8ge Gratuit pour les d\u00e9tenteurs du Magic Pass !<\/span><\/p>\n<\/div>\n<\/div>\n<p>[\/et_pb_text][\/et_pb_column][\/et_pb_row][et_pb_row _builder_version=&#8221;4.22.2&#8243; _module_preset=&#8221;default&#8221; global_colors_info=&#8221;{}&#8221;][et_pb_column type=&#8221;4_4&#8243; _builder_version=&#8221;4.22.2&#8243; _module_preset=&#8221;default&#8221; global_colors_info=&#8221;{}&#8221;][dmg_masonry_gallery gallery=&#8221;36173,36174,36175,36176,36177,36178&#8243; _builder_version=&#8221;4.22.2&#8243; _module_preset=&#8221;default&#8221; global_colors_info=&#8221;{}&#8221;][\/dmg_masonry_gallery][\/et_pb_column][\/et_pb_row][\/et_pb_section][et_pb_section fb_built=&#8221;1&#8243; _builder_version=&#8221;4.22.1&#8243; _module_preset=&#8221;default&#8221; global_colors_info=&#8221;{}&#8221;][et_pb_row _builder_version=&#8221;4.22.1&#8243; _module_preset=&#8221;default&#8221; global_colors_info=&#8221;{}&#8221;][et_pb_column type=&#8221;4_4&#8243; _builder_version=&#8221;4.22.1&#8243; _module_preset=&#8221;default&#8221; global_colors_info=&#8221;{}&#8221;][et_pb_text _builder_version=&#8221;4.22.2&#8243; _module_preset=&#8221;default&#8221; content_en_gb=&#8221;<\/p>\n<h2>Contact<\/h2>\n<p>&#8221; content_de_de=&#8221;<\/p>\n<h2>Kontakt<\/h2>\n<p>&#8221; global_colors_info=&#8221;{}&#8221;]<\/p>\n<h2>Contact<\/h2>\n<p>[\/et_pb_text][\/et_pb_column][\/et_pb_row][et_pb_row column_structure=&#8221;1_2,1_2&#8243; _builder_version=&#8221;4.21.2&#8243; _module_preset=&#8221;default&#8221; locked=&#8221;off&#8221; global_colors_info=&#8221;{}&#8221;][et_pb_column type=&#8221;1_2&#8243; _builder_version=&#8221;4.21.2&#8243; _module_preset=&#8221;default&#8221; global_colors_info=&#8221;{}&#8221;][et_pb_blurb title=&#8221;info@teleovronnaz.ch&#8221; use_icon=&#8221;on&#8221; font_icon=&#8221;&#xe010;||divi||400&#8243; icon_color=&#8221;#000000&#8243; icon_placement=&#8221;left&#8221; image_icon_width=&#8221;28px&#8221; _builder_version=&#8221;4.22.1&#8243; _module_preset=&#8221;default&#8221; link_option_url=&#8221;mailto:info@teleovronnaz.ch&#8221; link_option_url_new_window=&#8221;on&#8221; global_colors_info=&#8221;{}&#8221;][\/et_pb_blurb][et_pb_blurb title=&#8221;+41 27 306 35 53&#8243; use_icon=&#8221;on&#8221; font_icon=&#8221;&#xf879;||fa||900&#8243; icon_color=&#8221;#000000&#8243; icon_placement=&#8221;left&#8221; image_icon_width=&#8221;28px&#8221; _builder_version=&#8221;4.22.1&#8243; _module_preset=&#8221;default&#8221; link_option_url_new_window=&#8221;on&#8221; global_colors_info=&#8221;{}&#8221;][\/et_pb_blurb][\/et_pb_column][et_pb_column type=&#8221;1_2&#8243; _builder_version=&#8221;4.21.2&#8243; _module_preset=&#8221;default&#8221; global_colors_info=&#8221;{}&#8221;][\/et_pb_column][\/et_pb_row][\/et_pb_section]<\/p>\n","protected":false},"excerpt":{"rendered":"<p>Place de jeux \u00e0 JorassePlace de jeu d&#8217;Altitude \u00e0 1940m\u00c0 Jorasse, les enfants peuvent se d\u00e9fouler sur la place de jeux situ\u00e9e \u00e0 c\u00f4t\u00e9 du restaurant d\u2019altitude, offrant aux familles [&hellip;]<\/p>\n","protected":false},"author":1,"featured_media":0,"parent":0,"menu_order":0,"comment_status":"closed","ping_status":"closed","template":"","meta":{"_et_pb_use_builder":"on","_et_pb_old_content":"","_et_gb_content_width":"","_monsterinsights_skip_tracking":false,"_monsterinsights_sitenote_active":false,"_monsterinsights_sitenote_note":"","_monsterinsights_sitenote_category":0,"footnotes":""},"dipi_cpt_category":[],"class_list":["post-36169","page","type-page","status-publish","hentry"],"_links":{"self":[{"href":"https:\/\/www.ovronnaz.ch\/en\/wp-json\/wp\/v2\/pages\/36169","targetHints":{"allow":["GET"]}}],"collection":[{"href":"https:\/\/www.ovronnaz.ch\/en\/wp-json\/wp\/v2\/pages"}],"about":[{"href":"https:\/\/www.ovronnaz.ch\/en\/wp-json\/wp\/v2\/types\/page"}],"author":[{"embeddable":true,"href":"https:\/\/www.ovronnaz.ch\/en\/wp-json\/wp\/v2\/users\/1"}],"replies":[{"embeddable":true,"href":"https:\/\/www.ovronnaz.ch\/en\/wp-json\/wp\/v2\/comments?post=36169"}],"version-history":[{"count":3,"href":"https:\/\/www.ovronnaz.ch\/en\/wp-json\/wp\/v2\/pages\/36169\/revisions"}],"predecessor-version":[{"id":43555,"href":"https:\/\/www.ovronnaz.ch\/en\/wp-json\/wp\/v2\/pages\/36169\/revisions\/43555"}],"wp:attachment":[{"href":"https:\/\/www.ovronnaz.ch\/en\/wp-json\/wp\/v2\/media?parent=36169"}],"wp:term":[{"taxonomy":"dipi_cpt_category","embeddable":true,"href":"https:\/\/www.ovronnaz.ch\/en\/wp-json\/wp\/v2\/dipi_cpt_category?post=36169"}],"curies":[{"name":"wp","href":"https:\/\/api.w.org\/{rel}","templated":true}]}}