{"id":34362,"date":"2023-09-26T06:50:33","date_gmt":"2023-09-26T04:50:33","guid":{"rendered":"http:\/\/www.ovronnaz.ch\/?page_id=34362"},"modified":"2025-08-20T13:44:52","modified_gmt":"2025-08-20T11:44:52","slug":"baby-lift","status":"publish","type":"page","link":"https:\/\/www.ovronnaz.ch\/en\/baby-lift\/","title":{"rendered":"Baby Lift"},"content":{"rendered":"<p>[et_pb_section fb_built=&#8221;1&#8243; fullwidth=&#8221;on&#8221; _builder_version=&#8221;4.22.1&#8243; _module_preset=&#8221;default&#8221; global_colors_info=&#8221;{}&#8221;][et_pb_fullwidth_slider _builder_version=&#8221;4.23.4&#8243; _module_preset=&#8221;default&#8221; global_colors_info=&#8221;{}&#8221;][et_pb_slide _builder_version=&#8221;4.23.4&#8243; _module_preset=&#8221;default&#8221; background_enable_color=&#8221;off&#8221; background_image=&#8221;http:\/\/www.ovronnaz.ch\/wp-content\/uploads\/2024\/01\/babylift.jpg&#8221; background_enable_image=&#8221;on&#8221; global_colors_info=&#8221;{}&#8221; sticky_transition=&#8221;on&#8221;][\/et_pb_slide][\/et_pb_fullwidth_slider][\/et_pb_section][et_pb_section fb_built=&#8221;1&#8243; _builder_version=&#8221;4.21.0&#8243; _module_preset=&#8221;default&#8221; global_colors_info=&#8221;{}&#8221;][et_pb_row _builder_version=&#8221;4.21.0&#8243; _module_preset=&#8221;default&#8221; global_colors_info=&#8221;{}&#8221;][et_pb_column type=&#8221;4_4&#8243; _builder_version=&#8221;4.21.0&#8243; _module_preset=&#8221;default&#8221; global_colors_info=&#8221;{}&#8221;][et_pb_text _builder_version=&#8221;4.22.2&#8243; _module_preset=&#8221;default&#8221; content_en_gb=&#8221;<\/p>\n<h1>Babylift in station<\/h1>\n<p>&#8221; content_de_de=&#8221;<\/p>\n<h1>Babylift auf Station<\/h1>\n<p>&#8221; global_colors_info=&#8221;{}&#8221;]<\/p>\n<h1>Baby lift en station<\/h1>\n<p>[\/et_pb_text][et_pb_text _builder_version=&#8221;4.23.1&#8243; _module_preset=&#8221;default&#8221; custom_padding=&#8221;||0px|||&#8221; content_en_gb=&#8221;<\/p>\n<p>Baby lift is the ideal place to learn board sports for young and old alike. Don&#8217;t hesitate to contact one of our<strong> two ski schools<\/strong> (ESS, ESI) to join a lesson.<\/p>\n<p>It is located at the exit of the village in the direction of the<em><strong> Jorasse chairlift.<\/strong><\/em><\/p>\n<p>Since December 2023, access to the Baby Lift has been <strong>free with the Activity Pass.<\/strong><\/p>\n<p>Since December 2023, access to the Baby Lift has been <strong>offered by the Leytron-Ovronnaz municipalit<\/strong>y.<\/p>\n<p>This free access <span style=%22color: #ff0000;%22>does not apply to groups and schools<\/span>.<\/p>\n<p>&#8221; content_de_de=&#8221;<\/p>\n<p>Der Babylift ist der ideale Ort, um den Gleitsport f\u00fcr Gro\u00df und Klein zu erlernen. Z\u00f6gern Sie nicht, eine unserer <strong>beiden Skischulen<\/strong> (ESS, ESI) zu kontaktieren, um sich einem Kurs anzuschlie\u00dfen.<\/p>\n<p>Er befindet sich am Ausgang des Dorfes in Richtung des <em><strong>Sessellifts von Jorasse.<\/strong><\/em><\/p>\n<p>Seit Dezember 2023 wird der Zugang zum Baby Lift <strong>von der Gemeinde Leytron-Ovronnaz angeboten.<\/strong><\/p>\n<p>Dieser kostenlose Zugang gilt <span style=%22color: #ff0000;%22>nicht f\u00fcr Gruppen und Schulen<\/span><\/p>\n<p>&#8221; global_colors_info=&#8221;{}&#8221;]<\/p>\n<p>Le Baby lift est l&#8217;endroit id\u00e9al pour apprendre les sports de glisse pour les petits et les grands. N&#8217;h\u00e9sitez pas \u00e0 contacter une des nos <strong>deux \u00e9coles de ski<\/strong> (ESS, ESI) pour rejoindre des cours.<\/p>\n<p>Il se situe \u00e0 la sortie du village <em>en <strong>direction du t\u00e9l\u00e9si\u00e8ge de Jorasse<\/strong><\/em>.<\/p>\n<p>Depuis d\u00e9cembre 2023, l&#8217;acc\u00e8s au Baby Lift est <strong>offert par la commune de Leytron-Ovronnaz.\u00a0<\/strong><\/p>\n<p><strong>Cet acc\u00e8s gratuit ne concerne pas les groupes et les \u00e9coles<\/strong><\/p>\n<p>[\/et_pb_text][\/et_pb_column][\/et_pb_row][et_pb_row column_structure=&#8221;1_2,1_2&#8243; _builder_version=&#8221;4.22.2&#8243; _module_preset=&#8221;default&#8221; global_colors_info=&#8221;{}&#8221;][et_pb_column type=&#8221;1_2&#8243; _builder_version=&#8221;4.22.2&#8243; _module_preset=&#8221;default&#8221; global_colors_info=&#8221;{}&#8221;][et_pb_text _builder_version=&#8221;4.27.4&#8243; _module_preset=&#8221;default&#8221; content_en_gb=&#8221;<\/p>\n<h3>Opening times<\/h3>\n<p><strong>9 a.m. to 4 p.m.<\/strong><\/p>\n<p>Opening dates: see Infosnow<\/p>\n<p><em>Subject to weather and snow conditions<\/em><\/p>\n<p>&#8221; content_de_de=&#8221;<\/p>\n<h3>\u00d6ffnungszeiten und Zeitplan<\/h3>\n<p><strong>9.00-16.00 Uhr<\/strong><\/p>\n<p>\u00d6ffnungsdaten: Beziehen Sie sich auf das Infosnow<\/p>\n<p><em>Vorbehaltlich der Wetter- und Schneebedingungen<\/em><\/p>\n<p>&#8221; global_colors_info=&#8221;{}&#8221;]<\/p>\n<h3 class=\"vc_custom_heading\"><strong>Ouverture et horaire<\/strong><\/h3>\n<div class=\"wpb_text_column wpb_content_element \">\n<div class=\"wpb_wrapper\">\n<p><strong>9h00-16h00<\/strong><\/p>\n<p>Dates d&#8217;ouverture : se r\u00e9f\u00e9rer \u00e0 l&#8217;Infosnow<\/p>\n<p><em>Sous r\u00e9serve des conditions m\u00e9t\u00e9orologiques et d\u2019enneigement<\/em><\/p>\n<\/div>\n<\/div>\n<p>[\/et_pb_text][\/et_pb_column][et_pb_column type=&#8221;1_2&#8243; _builder_version=&#8221;4.22.2&#8243; _module_preset=&#8221;default&#8221; global_colors_info=&#8221;{}&#8221;][et_pb_text _builder_version=&#8221;4.27.4&#8243; _module_preset=&#8221;default&#8221; hover_enabled=&#8221;0&#8243; content_en_gb=&#8221;<\/p>\n<p><strong>Contact<\/strong><\/p>\n<p><span style=%22color: #000000;%22>T\u00e9l\u00e9ovronnaz<\/span><br \/><span style=%22color: #000000;%22><i class=%22fa fa-phone %22><\/i><a href=%22tel:+41273063553%22 data-et-target-link=%22_blank%22 rel=%22noopener noreferrer%22 style=%22color: #000000;%22>+41(0)27\/306.35.53<\/a><\/span><br \/><span style=%22color: #000000;%22><i class=%22fa fa-envelope-o %22><\/i><a href=%22mailto:info@teleovronnaz.ch%22 style=%22color: #000000;%22>info@teleovronnaz.ch<\/a><\/span><\/p>\n<p>&#8221; content_de_de=&#8221;<\/p>\n<p><strong>Kontakt<\/strong><\/p>\n<p><span style=%22color: #000000;%22>T\u00e9l\u00e9ovronnaz<\/span><br \/><span style=%22color: #000000;%22><i class=%22fa fa-phone %22><\/i><a href=%22tel:+41273063553%22 data-et-target-link=%22_blank%22 rel=%22noopener noreferrer%22 style=%22color: #000000;%22>+41(0)27\/306.35.53<\/a><\/span><br \/><span style=%22color: #000000;%22><i class=%22fa fa-envelope-o %22><\/i><a href=%22mailto:info@teleovronnaz.ch%22 style=%22color: #000000;%22>info@teleovronnaz.ch<\/a><\/span><\/p>\n<p>&#8221; global_colors_info=&#8221;{}&#8221; sticky_enabled=&#8221;0&#8243;]<\/p>\n<p><strong>Contact<\/strong><\/p>\n<p>T\u00e9l\u00e9ovronnaz<br \/><a href=\"tel:+41273063553\">+41 27 306 35 53<\/a><br \/><a href=\"mailto:info@teleovronnaz.ch\" target=\"_blank\" rel=\"noopener\">info@teleovronnaz.ch<\/a><\/p>\n<p>[\/et_pb_text][\/et_pb_column][\/et_pb_row][\/et_pb_section]<\/p>\n","protected":false},"excerpt":{"rendered":"<p>Baby lift en stationLe Baby lift est l&#8217;endroit id\u00e9al pour apprendre les sports de glisse pour les petits et les grands. N&#8217;h\u00e9sitez pas \u00e0 contacter une des nos deux \u00e9coles [&hellip;]<\/p>\n","protected":false},"author":2,"featured_media":34797,"parent":0,"menu_order":5,"comment_status":"closed","ping_status":"closed","template":"","meta":{"_et_pb_use_builder":"on","_et_pb_old_content":"","_et_gb_content_width":"","_monsterinsights_skip_tracking":false,"_monsterinsights_sitenote_active":false,"_monsterinsights_sitenote_note":"","_monsterinsights_sitenote_category":0,"footnotes":""},"dipi_cpt_category":[],"class_list":["post-34362","page","type-page","status-publish","has-post-thumbnail","hentry"],"_links":{"self":[{"href":"https:\/\/www.ovronnaz.ch\/en\/wp-json\/wp\/v2\/pages\/34362","targetHints":{"allow":["GET"]}}],"collection":[{"href":"https:\/\/www.ovronnaz.ch\/en\/wp-json\/wp\/v2\/pages"}],"about":[{"href":"https:\/\/www.ovronnaz.ch\/en\/wp-json\/wp\/v2\/types\/page"}],"author":[{"embeddable":true,"href":"https:\/\/www.ovronnaz.ch\/en\/wp-json\/wp\/v2\/users\/2"}],"replies":[{"embeddable":true,"href":"https:\/\/www.ovronnaz.ch\/en\/wp-json\/wp\/v2\/comments?post=34362"}],"version-history":[{"count":9,"href":"https:\/\/www.ovronnaz.ch\/en\/wp-json\/wp\/v2\/pages\/34362\/revisions"}],"predecessor-version":[{"id":43364,"href":"https:\/\/www.ovronnaz.ch\/en\/wp-json\/wp\/v2\/pages\/34362\/revisions\/43364"}],"wp:featuredmedia":[{"embeddable":true,"href":"https:\/\/www.ovronnaz.ch\/en\/wp-json\/wp\/v2\/media\/34797"}],"wp:attachment":[{"href":"https:\/\/www.ovronnaz.ch\/en\/wp-json\/wp\/v2\/media?parent=34362"}],"wp:term":[{"taxonomy":"dipi_cpt_category","embeddable":true,"href":"https:\/\/www.ovronnaz.ch\/en\/wp-json\/wp\/v2\/dipi_cpt_category?post=34362"}],"curies":[{"name":"wp","href":"https:\/\/api.w.org\/{rel}","templated":true}]}}