{"id":32723,"date":"2023-09-04T07:22:38","date_gmt":"2023-09-04T05:22:38","guid":{"rendered":"http:\/\/www.ovronnaz.ch\/?page_id=32723"},"modified":"2025-12-04T13:58:23","modified_gmt":"2025-12-04T12:58:23","slug":"jib-night","status":"publish","type":"page","link":"https:\/\/www.ovronnaz.ch\/en\/jib-night\/","title":{"rendered":"Jib Night"},"content":{"rendered":"<p>[et_pb_section fb_built=&#8221;1&#8243; fullwidth=&#8221;on&#8221; _builder_version=&#8221;4.22.1&#8243; _module_preset=&#8221;default&#8221; global_colors_info=&#8221;{}&#8221;][et_pb_fullwidth_slider _builder_version=&#8221;4.27.4&#8243; _module_preset=&#8221;default&#8221; custom_padding=&#8221;20%||39.4%||false|false&#8221; custom_padding_tablet=&#8221;&#8221; custom_padding_phone=&#8221;&#8221; custom_padding_last_edited=&#8221;on|desktop&#8221; global_colors_info=&#8221;{}&#8221;][et_pb_slide _builder_version=&#8221;4.27.4&#8243; _module_preset=&#8221;default&#8221; background_image=&#8221;https:\/\/www.ovronnaz.ch\/wp-content\/uploads\/2024\/10\/TFR-JIB-OVZ_Tanguy-Bibus-25-scaled.jpg&#8221; background_enable_image=&#8221;on&#8221; custom_padding=&#8221;||||false|false&#8221; custom_padding_tablet=&#8221;||||false|false&#8221; custom_padding_phone=&#8221;||||false|false&#8221; custom_padding_last_edited=&#8221;on|desktop&#8221; global_colors_info=&#8221;{}&#8221; sticky_transition=&#8221;on&#8221;][\/et_pb_slide][\/et_pb_fullwidth_slider][\/et_pb_section][et_pb_section fb_built=&#8221;1&#8243; _builder_version=&#8221;4.21.0&#8243; _module_preset=&#8221;default&#8221; global_colors_info=&#8221;{}&#8221;][et_pb_row column_structure=&#8221;1_2,1_2&#8243; _builder_version=&#8221;4.21.0&#8243; _module_preset=&#8221;default&#8221; global_colors_info=&#8221;{}&#8221;][et_pb_column type=&#8221;1_2&#8243; _builder_version=&#8221;4.21.0&#8243; _module_preset=&#8221;default&#8221; global_colors_info=&#8221;{}&#8221;][et_pb_text _builder_version=&#8221;4.27.4&#8243; _module_preset=&#8221;default&#8221; hover_enabled=&#8221;0&#8243; content_en_gb=&#8221;<\/p>\n<h1>Ovronnaz Jib Night<\/h1>\n<p>&#8221; content_de_de=&#8221;<\/p>\n<h1>Ovronnaz Jib Night<\/h1>\n<p>&#8221; global_colors_info=&#8221;{}&#8221; sticky_enabled=&#8221;0&#8243;]<\/p>\n<h1>Ovronnaz Jib Night<\/h1>\n<p>[\/et_pb_text][\/et_pb_column][et_pb_column type=&#8221;1_2&#8243; _builder_version=&#8221;4.21.0&#8243; _module_preset=&#8221;default&#8221; global_colors_info=&#8221;{}&#8221;][et_pb_image src=&#8221;https:\/\/www.ovronnaz.ch\/wp-content\/uploads\/2023\/09\/IMG-20210211-WA0002-300&#215;300-1.jpg&#8221; title_text=&#8221;IMG-20210211-WA0002-300&#215;300&#8243; _builder_version=&#8221;4.22.1&#8243; _module_preset=&#8221;default&#8221; max_width=&#8221;46%&#8221; global_colors_info=&#8221;{}&#8221;][\/et_pb_image][\/et_pb_column][\/et_pb_row][et_pb_row column_structure=&#8221;1_2,1_2&#8243; _builder_version=&#8221;4.22.1&#8243; _module_preset=&#8221;default&#8221; custom_padding=&#8221;99px||20px||false|false&#8221; global_colors_info=&#8221;{}&#8221;][et_pb_column type=&#8221;1_2&#8243; _builder_version=&#8221;4.22.1&#8243; _module_preset=&#8221;default&#8221; global_colors_info=&#8221;{}&#8221;][et_pb_text _builder_version=&#8221;4.27.4&#8243; _module_preset=&#8221;default&#8221; hover_enabled=&#8221;0&#8243; content_en_gb=&#8221;<\/p>\n<p><strong>Now a tradition in Ovronnaz every 29 December, Jib Night is back for its 5th edition!<\/strong><\/p>\n<p><strong>29 December 2025<\/strong><\/p>\n<p><strong>Freestyle Tour Romand Jib Contest<\/strong><\/p>\n<p>Come challenge yourself on a temporary rail line located at the baby-lift in Ovronnaz.<\/p>\n<p>Temporary rail line<\/p>\n<p>Competition open to everyone<\/p>\n<p><em>Registration for the competition :<\/em><\/p>\n<p><a href=%22https:\/\/tourfreestyleromand.ch\/inscriptions\/%22>https:\/\/tourfreestyleromand.ch\/inscriptions\/<\/a><\/p>\n<p><strong>Information for the public:<\/strong><\/p>\n<p>Freestyle Show<\/p>\n<p>Iliko\u2019s Bugers, Pension Bar. DJs<\/p>\n<p>We look forward to seeing many of you to cheer on the riders!<\/p>\n<p><strong>From 3:00 PM to 11:00 PM<\/strong><\/p>\n<p>&nbsp;<\/p>\n<p>Organized<span> <\/span><strong>by Jib Night<\/strong>, follow us on social media: ovronnaz_jibnight<\/p>\n<p><a href=%22https:\/\/ovronnazjibnight.ch\/%22>https:\/\/ovronnazjibnight.ch\/<\/a><\/p>\n<p>&#8221; content_de_de=&#8221;<\/p>\n<p><strong>Die Jib Night, die in Ovronnaz an jedem 29. Dezember zur Tradition geworden ist, kehrt f\u00fcr ihre vierte Ausgabe zur\u00fcck!<\/strong><\/p>\n<p><strong>Am 29. Dezember 2025<\/strong><\/p>\n<p><strong>Freestyle Tour Romand Jib Contest<\/strong><\/p>\n<p>Komm und mess dich auf einer tempor\u00e4ren Rail-Line am Baby-Lift in Ovronnaz.<\/p>\n<p>Tempor\u00e4re Rail-Line<\/p>\n<p>Wettbewerb offen f\u00fcr alle<\/p>\n<p><em>Anmeldung f\u00fcr den Wettbewerb :<\/em><\/p>\n<p><a href=%22https:\/\/tourfreestyleromand.ch\/inscriptions\/%22>https:\/\/tourfreestyleromand.ch\/inscriptions\/<\/a><\/p>\n<p><strong>Informationen f\u00fcr die \u00d6ffentlichkeit:<\/strong><\/p>\n<p>Freestyle-Show<\/p>\n<p>Bugers von Iliko, Pension Bar. DJs<\/p>\n<p><strong>Wir freuen uns auf zahlreiche Zuschauer, um die Fahrer anzufeuern!<\/strong><\/p>\n<p><strong>Von 15:00 Uhr bis 23:00 Uhr<\/strong><\/p>\n<p>Veranstaltet<span> <\/span><strong>von der Jib Night<\/strong>, folgt uns auf den sozialen Medien: ovronnaz_jibnight<\/p>\n<p><a href=%22https:\/\/ovronnazjibnight.ch\/%22>https:\/\/ovronnazjibnight.ch\/<\/a><\/p>\n<p>&#8221; global_colors_info=&#8221;{}&#8221; sticky_enabled=&#8221;0&#8243;]<\/p>\n<p><strong>Devenu une tradition \u00e0 Ovronnaz chaque 29 d\u00e9cembre, la Jib Night revient pour sa 5\u00e8me \u00e9dition !<\/strong><\/p>\n<p><strong>Le 29 d\u00e9cembre 2025<\/strong><\/p>\n<p><strong>Contest Jib du Tour Freestyle romand<\/strong><\/p>\n<p>Viens te mesurer sur une ligne de rails \u00e9ph\u00e9m\u00e8re situ\u00e9e au baby-lift \u00e0 Ovronnaz.<\/p>\n<p>Ligne de rails \u00e9ph\u00e9m\u00e8re<br \/>Comp\u00e9tition ouverte \u00e0 toutes et tous<\/p>\n<p><em>Inscription pour la comp\u00e9tition :<\/em><\/p>\n<p><a href=\"https:\/\/tourfreestyleromand.ch\/inscriptions\/\">https:\/\/tourfreestyleromand.ch\/inscriptions\/<\/a><\/p>\n<p><strong>Infos pour le public :<\/strong><\/p>\n<p>Show Freestyle<\/p>\n<p>Bugers d\u2019Iliko, bar de la Pension. DJs<\/p>\n<p><strong>On vous attend en nombre pour encourager les riders !<\/strong><\/p>\n<p><strong>De 15h \u00e0 23h00<\/strong><\/p>\n<p>organis\u00e9 par la Jib Night, \u00e0 suivre sur les r\u00e9seaux : ovronnaz_jibnight<\/p>\n<p><a href=\"https:\/\/ovronnazjibnight.ch\/\">https:\/\/ovronnazjibnight.ch\/<\/a><\/p>\n<p>[\/et_pb_text][\/et_pb_column][et_pb_column type=&#8221;1_2&#8243; _builder_version=&#8221;4.22.1&#8243; _module_preset=&#8221;default&#8221; global_colors_info=&#8221;{}&#8221;][et_pb_image src=&#8221;https:\/\/www.ovronnaz.ch\/wp-content\/uploads\/2025\/12\/Affiche-1080&#215;1350-JN25-scaled.jpg&#8221; title_text=&#8221;Affiche 1080&#215;1350 JN25&#8243; _builder_version=&#8221;4.27.4&#8243; _module_preset=&#8221;default&#8221; global_colors_info=&#8221;{}&#8221;][\/et_pb_image][\/et_pb_column][\/et_pb_row][et_pb_row column_structure=&#8221;1_2,1_2&#8243; _builder_version=&#8221;4.27.4&#8243; _module_preset=&#8221;default&#8221; global_colors_info=&#8221;{}&#8221;][et_pb_column type=&#8221;1_2&#8243; _builder_version=&#8221;4.27.4&#8243; _module_preset=&#8221;default&#8221; global_colors_info=&#8221;{}&#8221;][et_pb_text _builder_version=&#8221;4.27.4&#8243; _module_preset=&#8221;default&#8221; content_en_gb=&#8221;<\/p>\n<h2>Public schedule<\/h2>\n<p>15:00 Jib Night opens<br \/>U13\/15 warm-up<br \/>16:00 U13\/15 competition<br \/>17:30 surprise from the chef<br \/>17:50 U13\/15 prize-giving ceremony<br \/>18 :00 Elite warm-up<br \/>18:30 Presentation of the organising committee<br \/>19 :00 Elite competition<br \/>20 :30 Fireworks<br \/>21 :30 Best tricks<br \/>22 :00 Elite prize-giving ceremony<br \/>23 :00 Jib Night closes<\/p>\n<p>&#8221; content_de_de=&#8221;<\/p>\n<h2>\u00d6ffentlicher Zeitplan<\/h2>\n<p>15 :00 Er\u00f6ffnung der Jib Night<br \/>Aufw\u00e4rm\u00fcbungen der U13\/15<br \/>16 :00 Wettkampf U13\/15<br \/>17 :30 \u00dcberraschung des Chefs<br \/>17 :50 Preisverleihung U13\/15<br \/>18 :00 Aufw\u00e4rm\u00fcbungen der Elite<br \/>18 :30 Vorstellung des Organisationskomitees<br \/>19 :00 Wettkampf der Elite<br \/>20 :30 Feuerwerksk\u00f6rper<br \/>21 :30 Best tricks<br \/>22 :00 Preisverleihung Elite<br \/>23 :00 Schlie\u00dfung der Jib Night<\/p>\n<p>&#8221; global_colors_info=&#8221;{}&#8221;]<\/p>\n<h2>Planning public<\/h2>\n<p>15 :00 ouverture de la Jib Night<br \/>\u00c9chauffements des U13\/15<br \/>16 :00 comp\u00e9tition U13\/15<br \/>17 :30 surprise du chef<br \/>17 :50 remise des prix u13\/15<br \/>18 :00 \u00e9chauffements des \u00e9lites<br \/>18 :30 Pr\u00e9sentation du comit\u00e9 d\u2019organisation<br \/>19 :00 Comp\u00e9tition \u00e9lites<br \/>20 :30 Feux d\u2019artifices<br \/>21 :30 Best tricks<br \/>22 :00 Remise des prix Elite<br \/>23 :00 Fermeture de la Jib Night<\/p>\n<p>[\/et_pb_text][\/et_pb_column][et_pb_column type=&#8221;1_2&#8243; _builder_version=&#8221;4.27.4&#8243; _module_preset=&#8221;default&#8221; global_colors_info=&#8221;{}&#8221;][et_pb_text _builder_version=&#8221;4.27.4&#8243; _module_preset=&#8221;default&#8221; content_en_gb=&#8221;<\/p>\n<h2>Riders schedule<\/h2>\n<p>15 :00 -15 :30 U13\/15 registration<br \/>15 :00 &#8211; 16 :00 Warm-up U13\/15<br \/>16 :00 &#8211; 16 :15 Riders meeting U13\/15<br \/>16 :15 -17 :30 U13\/15 competition<br \/>17 :50 awards ceremony u13\/15<br \/>17 :00 18 :00 Elite registration<br \/>18 :00 &#8211; 19 :00 Elite warm-up<br \/>19 :00 &#8211; 19 :15 Riders meeting Elite<br \/>19 :00 &#8211; 20 :30 Elite competition<br \/>20:30 &#8211; 21:30 Jam session Elite<br \/>21 :30 Best tricks Elite<br \/>22 :00 Prize giving Elite<\/p>\n<p>&#8221; content_de_de=&#8221;<\/p>\n<h2>Planung der Riders<\/h2>\n<p>15 :00 -15 :30 Einschreibung U13\/15<br \/>15 :00 &#8211; 16 :00 Aufw\u00e4rmen U13\/15<br \/>16 :00 &#8211; 16 :15 Riders meeting U13\/15<br \/>16 :15 -17 :30 Wettkampf U13\/15<br \/>17 :50 Siegerehrung u13\/15<br \/>17 :00 18 :00 Anmeldung Elite<br \/>18 :00 &#8211; 19 :00 Aufw\u00e4rmen Elite<br \/>19 :00 &#8211; 19 :15 Riders meeting Elite<br \/>19 :00 &#8211; 20 :30 Wettkampf Elite<br \/>20:30 &#8211; 21:30 Jam Session Elite<br \/>21 :30 Best Tricks Elite<br \/>22 :00 Siegerehrung Elite<\/p>\n<p>&#8221; global_colors_info=&#8221;{}&#8221;]<\/p>\n<h2>Planning riders<\/h2>\n<p>15 :00 -15 :30 inscriptions U13\/15<br \/>15 :00 &#8211; 16 :00 \u00c9chauffements U13\/15<br \/>16 :00 &#8211; 16 :15 Riders meeting U13\/15<br \/>16 :15 -17 :30 comp\u00e9tition U13\/15<br \/>17 :50 remise des prix u13\/15<br \/>17 :00 18 :00 inscription Elite<br \/>18 :00 &#8211; 19 :00 \u00e9chauffements Elite<br \/>19 :00 &#8211; 19 :15 Riders meeting Elite<br \/>19 :00 &#8211; 20 :30 Comp\u00e9tition Elite<br \/>20:30 &#8211; 21:30 Jam session Elite<br \/>21 :30 Best tricks Elite<br \/>22 :00 Remise des prix Elite<\/p>\n<p>[\/et_pb_text][\/et_pb_column][\/et_pb_row][et_pb_row _builder_version=&#8221;4.27.4&#8243; _module_preset=&#8221;default&#8221; column_structure=&#8221;1_3,1_3,1_3&#8243;][et_pb_column _builder_version=&#8221;4.27.4&#8243; _module_preset=&#8221;default&#8221; type=&#8221;1_3&#8243;][et_pb_image src=&#8221;https:\/\/www.ovronnaz.ch\/wp-content\/uploads\/2024\/10\/TFR-JIB-OVZ_Tanguy-Bibus-61-scaled.jpg&#8221; _builder_version=&#8221;4.27.4&#8243; _module_preset=&#8221;default&#8221; title_text=&#8221;TFR-JIB-OVZ_Tanguy-Bibus-61&#8243; hover_enabled=&#8221;0&#8243; sticky_enabled=&#8221;0&#8243;][\/et_pb_image][\/et_pb_column][et_pb_column _builder_version=&#8221;4.27.4&#8243; _module_preset=&#8221;default&#8221; type=&#8221;1_3&#8243;][et_pb_image src=&#8221;https:\/\/www.ovronnaz.ch\/wp-content\/uploads\/2024\/10\/TFR-JIB-OVZ_Tanguy-Bibus-106-scaled.jpg&#8221; _builder_version=&#8221;4.27.4&#8243; _module_preset=&#8221;default&#8221; title_text=&#8221;TFR-JIB-OVZ_Tanguy-Bibus-106&#8243; hover_enabled=&#8221;0&#8243; sticky_enabled=&#8221;0&#8243;][\/et_pb_image][\/et_pb_column][et_pb_column _builder_version=&#8221;4.27.4&#8243; _module_preset=&#8221;default&#8221; type=&#8221;1_3&#8243;][et_pb_image src=&#8221;https:\/\/www.ovronnaz.ch\/wp-content\/uploads\/2024\/10\/TFR-JIB-OVZ_Tanguy-Bibus-35-scaled.jpg&#8221; _builder_version=&#8221;4.27.4&#8243; _module_preset=&#8221;default&#8221; title_text=&#8221;TFR-JIB-OVZ_Tanguy-Bibus-35&#8243; hover_enabled=&#8221;0&#8243; sticky_enabled=&#8221;0&#8243;][\/et_pb_image][\/et_pb_column][\/et_pb_row][et_pb_row _builder_version=&#8221;4.22.1&#8243; _module_preset=&#8221;default&#8221; global_colors_info=&#8221;{}&#8221;][et_pb_column type=&#8221;4_4&#8243; _builder_version=&#8221;4.22.1&#8243; _module_preset=&#8221;default&#8221; global_colors_info=&#8221;{}&#8221;][et_pb_image src=&#8221;https:\/\/www.ovronnaz.ch\/wp-content\/uploads\/2024\/12\/bannieCC80re20logo-avec20compression-1.png&#8221; title_text=&#8221;bannierelogo-aveccompression-1&#8243; _builder_version=&#8221;4.27.4&#8243; _module_preset=&#8221;default&#8221; global_colors_info=&#8221;{}&#8221;][\/et_pb_image][\/et_pb_column][\/et_pb_row][et_pb_row column_structure=&#8221;1_3,1_3,1_3&#8243; _builder_version=&#8221;4.27.4&#8243; _module_preset=&#8221;default&#8221; global_colors_info=&#8221;{}&#8221;][et_pb_column type=&#8221;1_3&#8243; _builder_version=&#8221;4.27.4&#8243; _module_preset=&#8221;default&#8221; global_colors_info=&#8221;{}&#8221;][\/et_pb_column][et_pb_column type=&#8221;1_3&#8243; _builder_version=&#8221;4.27.4&#8243; _module_preset=&#8221;default&#8221; global_colors_info=&#8221;{}&#8221;][et_pb_image src=&#8221;https:\/\/www.ovronnaz.ch\/wp-content\/uploads\/2024\/12\/20min_fr_RGB-1-sans-fond.png&#8221; title_text=&#8221;20min_fr_RGB-1-sans fond&#8221; _builder_version=&#8221;4.27.4&#8243; _module_preset=&#8221;default&#8221; width=&#8221;39%&#8221; global_colors_info=&#8221;{}&#8221;][\/et_pb_image][\/et_pb_column][et_pb_column type=&#8221;1_3&#8243; _builder_version=&#8221;4.27.4&#8243; _module_preset=&#8221;default&#8221; global_colors_info=&#8221;{}&#8221;][\/et_pb_column][\/et_pb_row][\/et_pb_section]<\/p>\n","protected":false},"excerpt":{"rendered":"<p>Ovronnaz Jib NightDevenu une tradition \u00e0 Ovronnaz chaque 29 d\u00e9cembre, la Jib Night revient pour sa 5\u00e8me \u00e9dition ! Le 29 d\u00e9cembre 2025 Contest Jib du Tour Freestyle romand Viens [&hellip;]<\/p>\n","protected":false},"author":2,"featured_media":0,"parent":0,"menu_order":42,"comment_status":"closed","ping_status":"closed","template":"","meta":{"_et_pb_use_builder":"on","_et_pb_old_content":"","_et_gb_content_width":"","_monsterinsights_skip_tracking":false,"_monsterinsights_sitenote_active":false,"_monsterinsights_sitenote_note":"","_monsterinsights_sitenote_category":0,"footnotes":""},"dipi_cpt_category":[],"class_list":["post-32723","page","type-page","status-publish","hentry"],"_links":{"self":[{"href":"https:\/\/www.ovronnaz.ch\/en\/wp-json\/wp\/v2\/pages\/32723","targetHints":{"allow":["GET"]}}],"collection":[{"href":"https:\/\/www.ovronnaz.ch\/en\/wp-json\/wp\/v2\/pages"}],"about":[{"href":"https:\/\/www.ovronnaz.ch\/en\/wp-json\/wp\/v2\/types\/page"}],"author":[{"embeddable":true,"href":"https:\/\/www.ovronnaz.ch\/en\/wp-json\/wp\/v2\/users\/2"}],"replies":[{"embeddable":true,"href":"https:\/\/www.ovronnaz.ch\/en\/wp-json\/wp\/v2\/comments?post=32723"}],"version-history":[{"count":18,"href":"https:\/\/www.ovronnaz.ch\/en\/wp-json\/wp\/v2\/pages\/32723\/revisions"}],"predecessor-version":[{"id":44258,"href":"https:\/\/www.ovronnaz.ch\/en\/wp-json\/wp\/v2\/pages\/32723\/revisions\/44258"}],"wp:attachment":[{"href":"https:\/\/www.ovronnaz.ch\/en\/wp-json\/wp\/v2\/media?parent=32723"}],"wp:term":[{"taxonomy":"dipi_cpt_category","embeddable":true,"href":"https:\/\/www.ovronnaz.ch\/en\/wp-json\/wp\/v2\/dipi_cpt_category?post=32723"}],"curies":[{"name":"wp","href":"https:\/\/api.w.org\/{rel}","templated":true}]}}