{"id":32708,"date":"2023-09-04T07:17:39","date_gmt":"2023-09-04T05:17:39","guid":{"rendered":"http:\/\/www.ovronnaz.ch\/?page_id=32708"},"modified":"2023-11-09T10:20:23","modified_gmt":"2023-11-09T09:20:23","slug":"randonnee-en-raquette","status":"publish","type":"page","link":"https:\/\/www.ovronnaz.ch\/en\/randonnee-en-raquette\/","title":{"rendered":"Randonn\u00e9e p\u00e9destre et raquettes"},"content":{"rendered":"<p>[et_pb_section fb_built=&#8221;1&#8243; fullwidth=&#8221;on&#8221; _builder_version=&#8221;4.22.1&#8243; _module_preset=&#8221;default&#8221; global_colors_info=&#8221;{}&#8221;][et_pb_fullwidth_slider _builder_version=&#8221;4.22.2&#8243; _module_preset=&#8221;default&#8221; global_colors_info=&#8221;{}&#8221;][et_pb_slide _builder_version=&#8221;4.22.2&#8243; _module_preset=&#8221;default&#8221; background_enable_color=&#8221;off&#8221; background_image=&#8221;http:\/\/www.ovronnaz.ch\/wp-content\/uploads\/2023\/10\/Loutze_hiver.jpg&#8221; background_enable_image=&#8221;on&#8221; background_position=&#8221;top_center&#8221; background_vertical_offset=&#8221;68%&#8221; global_colors_info=&#8221;{}&#8221; sticky_transition=&#8221;on&#8221;][\/et_pb_slide][\/et_pb_fullwidth_slider][\/et_pb_section][et_pb_section fb_built=&#8221;1&#8243; _builder_version=&#8221;4.21.0&#8243; _module_preset=&#8221;default&#8221; global_colors_info=&#8221;{}&#8221;][et_pb_row _builder_version=&#8221;4.21.0&#8243; _module_preset=&#8221;default&#8221; global_colors_info=&#8221;{}&#8221;][et_pb_column type=&#8221;4_4&#8243; _builder_version=&#8221;4.21.0&#8243; _module_preset=&#8221;default&#8221; global_colors_info=&#8221;{}&#8221;][et_pb_text _builder_version=&#8221;4.22.2&#8243; _module_preset=&#8221;default&#8221; content_en_gb=&#8221;<\/p>\n<h1>Hiking and snowshoeing<\/h1>\n<p>&#8221; content_de_de=&#8221;<\/p>\n<h1>Wandern &#038; Schneeschuhwandern<\/h1>\n<p>&#8221; global_colors_info=&#8221;{}&#8221;]<\/p>\n<h1>Randonn\u00e9es p\u00e9destres &amp; raquettes<\/h1>\n<p>[\/et_pb_text][et_pb_text _builder_version=&#8221;4.22.2&#8243; _module_preset=&#8221;default&#8221; content_en_gb=&#8221;<\/p>\n<p>Ovronnaz has an attractive network of well-marked winter footpaths for snowshoeing and walking.<\/p>\n<p>&#8221; content_de_de=&#8221;<\/p>\n<p>Ovronnaz verf\u00fcgt \u00fcber ein sch\u00f6nes Netz an markierten und gepflegten Winterwanderwegen f\u00fcr Schneeschuhwanderer und Fussg\u00e4nger.<\/p>\n<p>&#8221; global_colors_info=&#8221;{}&#8221;]<\/p>\n<p>Ovronnaz dispose d\u2019un joli r\u00e9seau de sentiers hivernaux balis\u00e9s et entretenus pour les raquettes et les pi\u00e9tons.<\/p>\n<p>[\/et_pb_text][\/et_pb_column][\/et_pb_row][et_pb_row _builder_version=&#8221;4.22.2&#8243; _module_preset=&#8221;default&#8221; global_colors_info=&#8221;{}&#8221;][et_pb_column type=&#8221;4_4&#8243; _builder_version=&#8221;4.22.2&#8243; _module_preset=&#8221;default&#8221; global_colors_info=&#8221;{}&#8221;][et_pb_text _builder_version=&#8221;4.22.2&#8243; _module_preset=&#8221;default&#8221; global_colors_info=&#8221;{}&#8221;]<\/p>\n<!-- Gridbuilder \u1d42\u1d3e Plugin (https:\/\/wpgridbuilder.com) -->\n<div class=\"wp-grid-builder wpgb-grid-12\" data-options=\"{&quot;id&quot;:12,&quot;type&quot;:&quot;metro&quot;,&quot;source&quot;:&quot;post_type&quot;,&quot;loader&quot;:1,&quot;layout&quot;:&quot;vertical&quot;,&quot;reveal&quot;:1,&quot;isMainQuery&quot;:0,&quot;lazyLoad&quot;:1,&quot;cardSizes&quot;:{&quot;9999&quot;:{&quot;columns&quot;:3,&quot;height&quot;:240,&quot;gutter&quot;:28,&quot;ratio&quot;:&quot;1.33333&quot;},&quot;1200&quot;:{&quot;columns&quot;:2,&quot;height&quot;:240,&quot;gutter&quot;:28,&quot;ratio&quot;:&quot;1.33333&quot;},&quot;992&quot;:{&quot;columns&quot;:2,&quot;height&quot;:220,&quot;gutter&quot;:28,&quot;ratio&quot;:&quot;1.33333&quot;},&quot;768&quot;:{&quot;columns&quot;:1,&quot;height&quot;:220,&quot;gutter&quot;:28,&quot;ratio&quot;:&quot;1.33333&quot;},&quot;576&quot;:{&quot;columns&quot;:1,&quot;height&quot;:200,&quot;gutter&quot;:28,&quot;ratio&quot;:&quot;1.33333&quot;},&quot;320&quot;:{&quot;columns&quot;:1,&quot;height&quot;:200,&quot;gutter&quot;:28,&quot;ratio&quot;:&quot;1.33333&quot;}},&quot;fitRows&quot;:0,&quot;equalRows&quot;:0,&quot;equalColumns&quot;:0,&quot;fillLastRow&quot;:0,&quot;centerLastRow&quot;:0,&quot;horizontalOrder&quot;:0,&quot;fullWidth&quot;:0,&quot;transitionDelay&quot;:100,&quot;gallerySlideshow&quot;:0,&quot;rowsNumber&quot;:1,&quot;slideAlign&quot;:&quot;left&quot;,&quot;groupCells&quot;:1,&quot;draggable&quot;:1,&quot;initialIndex&quot;:0,&quot;contain&quot;:0,&quot;freeScroll&quot;:0,&quot;freeFriction&quot;:&quot;0.075&quot;,&quot;friction&quot;:&quot;0.285&quot;,&quot;attraction&quot;:&quot;0.025&quot;,&quot;autoPlay&quot;:0,&quot;pageDotAriaLabel&quot;:&quot;Page dot %d&quot;,&quot;isPreview&quot;:false,&quot;isGutenberg&quot;:false,&quot;rightToLeft&quot;:false}\"><div class=\"wpgb-svg-icons\" hidden>\n\t<svg viewBox=\"0 0 120 24\" width=\"0\" height=\"0\">\n\t<defs>\n        <polygon id=\"wpgb-star-svg\" points=\"12 2.5 15.1 8.8 22 9.8 17 14.6 18.2 21.5 12 18.3 5.8 21.5 7 14.6 2 9.8 8.9 8.8\"><\/polygon>\n    <\/defs>\n    <symbol id=\"wpgb-rating-stars-svg\">\n        <use xlink:href=\"#wpgb-star-svg\"><\/use>\n        <use xlink:href=\"#wpgb-star-svg\" x=\"24\"><\/use>\n        <use xlink:href=\"#wpgb-star-svg\" x=\"48\"><\/use>\n        <use xlink:href=\"#wpgb-star-svg\" x=\"72\"><\/use>\n        <use xlink:href=\"#wpgb-star-svg\" x=\"96\"><\/use>\n    <\/symbol>\n<\/svg>\n<\/div>\n<div class=\"wpgb-wrapper\">\n\t<div class=\"wpgb-main\">\n\t<div class=\"wpgb-layout\">\n\t<div class=\"wpgb-viewport\">\n\t\t<div class=\"wpgb-metro\">\n\t\t\t<article class=\"wpgb-card wpgb-card-22 wpgb-post-38725 wpgb-card-hidden\" data-col=\"1\" data-row=\"1\" data-format=\"standard\" data-fluid><div class=\"wpgb-card-wrapper\"><div class=\"wpgb-card-inner\" data-action><div class=\"wpgb-card-media wpgb-scheme-light\"><div class=\"wpgb-card-media-thumbnail\"><a href=\"https:\/\/www.ovronnaz.ch\/wp-content\/uploads\/2024\/04\/Patiers-mer-brouillard-scaled.jpg\" tabindex=\"-1\" class=\"wpgb-handle-lb wpgb-lightbox\" data-type=\"image\" data-rel=\"12\" data-title=\"Patiers mer brouillard\" title=\"Enlarge photo\"><div class=\"wpgb-lazy-load wpgb-lazy-spinner\" data-wpgb-thumb=\"\" data-wpgb-src=\"https:\/\/www.ovronnaz.ch\/wp-content\/uploads\/2024\/04\/Patiers-mer-brouillard-768x576.jpg\"><\/div><noscript><img decoding=\"async\" class=\"wpgb-noscript-img\" src=\"https:\/\/www.ovronnaz.ch\/wp-content\/uploads\/2024\/04\/Patiers-mer-brouillard-768x576.jpg\" alt=\"\" height=\"576\" width=\"768\"><\/noscript><\/a><\/div><div class=\"wpgb-card-media-overlay\"><\/div><div class=\"wpgb-card-media-content\"><div class=\"wpgb-card-media-content-top\"><div class=\"wpgb-block-2\"><span class=\"wpgb-block-term wpgb-idle-scheme-3\" data-id=\"105\" style=\"color:#ffffff;background:#f900e0\">ON RAQUET<\/span><span class=\"wpgb-block-term wpgb-idle-scheme-3\" data-id=\"104\" style=\"color:#0a0a0a;background:#f6f939\">ON FOOT<\/span><span class=\"wpgb-block-term wpgb-idle-scheme-3\" data-id=\"102\" style=\"background:#81d742\">FAMILY<\/span><\/div><\/div><div class=\"wpgb-card-media-content-bottom\"><h3 class=\"wpgb-block-1 wpgb-idle-scheme-1\"><a href=\"https:\/\/www.ovronnaz.ch\/en\/event\/boucle-de-patiers\/\">Boucle de Patiers<\/a><\/h3><\/div><\/div><\/div><a class=\"wpgb-card-layer-link\" target=\"_blank\" rel=\"external noopener noreferrer\" href=\"https:\/\/www.ovronnaz.ch\/en\/event\/boucle-de-patiers\/\"><\/a><\/div><\/div><\/article><article class=\"wpgb-card wpgb-card-22 wpgb-post-36042 wpgb-card-hidden\" data-col=\"1\" data-row=\"1\" data-format=\"standard\" data-fluid><div class=\"wpgb-card-wrapper\"><div class=\"wpgb-card-inner\" data-action><div class=\"wpgb-card-media wpgb-scheme-light\"><div class=\"wpgb-card-media-thumbnail\"><a href=\"https:\/\/www.ovronnaz.ch\/wp-content\/uploads\/2023\/10\/pathier.jpg\" tabindex=\"-1\" class=\"wpgb-handle-lb wpgb-lightbox\" data-type=\"image\" data-rel=\"12\" data-title=\"pathier\" title=\"Enlarge photo\"><div class=\"wpgb-lazy-load wpgb-lazy-spinner\" data-wpgb-thumb=\"\" data-wpgb-src=\"https:\/\/www.ovronnaz.ch\/wp-content\/uploads\/2023\/10\/pathier-768x512.jpg\"><\/div><noscript><img decoding=\"async\" class=\"wpgb-noscript-img\" src=\"https:\/\/www.ovronnaz.ch\/wp-content\/uploads\/2023\/10\/pathier-768x512.jpg\" alt=\"\" height=\"512\" width=\"768\"><\/noscript><\/a><\/div><div class=\"wpgb-card-media-overlay\"><\/div><div class=\"wpgb-card-media-content\"><div class=\"wpgb-card-media-content-top\"><div class=\"wpgb-block-2\"><span class=\"wpgb-block-term wpgb-idle-scheme-3\" data-id=\"104\" style=\"color:#0a0a0a;background:#f6f939\">ON FOOT<\/span><span class=\"wpgb-block-term wpgb-idle-scheme-3\" data-id=\"102\" style=\"background:#81d742\">FAMILY<\/span><\/div><\/div><div class=\"wpgb-card-media-content-bottom\"><h3 class=\"wpgb-block-1 wpgb-idle-scheme-1\"><a href=\"https:\/\/www.ovronnaz.ch\/en\/event\/au-village-itineraire-2\/\">Au village itin\u00e9raire 1<\/a><\/h3><\/div><\/div><\/div><a class=\"wpgb-card-layer-link\" target=\"_blank\" rel=\"external noopener noreferrer\" href=\"https:\/\/www.ovronnaz.ch\/en\/event\/au-village-itineraire-2\/\"><\/a><\/div><\/div><\/article><article class=\"wpgb-card wpgb-card-22 wpgb-post-36026 wpgb-card-hidden\" data-col=\"1\" data-row=\"1\" data-format=\"standard\" data-fluid><div class=\"wpgb-card-wrapper\"><div class=\"wpgb-card-inner\" data-action><div class=\"wpgb-card-media wpgb-scheme-light\"><div class=\"wpgb-card-media-thumbnail\"><a href=\"https:\/\/www.ovronnaz.ch\/wp-content\/uploads\/2023\/09\/640f0166-fd35-40ae-a5ec-ae708cc6c6a4_rw_1920.jpg\" tabindex=\"-1\" class=\"wpgb-handle-lb wpgb-lightbox\" data-type=\"image\" data-rel=\"12\" data-title=\"Station ovronnaz hiver\" title=\"Enlarge photo\"><div class=\"wpgb-lazy-load wpgb-lazy-spinner\" data-wpgb-thumb=\"\" data-wpgb-src=\"https:\/\/www.ovronnaz.ch\/wp-content\/uploads\/2023\/09\/640f0166-fd35-40ae-a5ec-ae708cc6c6a4_rw_1920-768x306.jpg\"><\/div><noscript><img decoding=\"async\" class=\"wpgb-noscript-img\" src=\"https:\/\/www.ovronnaz.ch\/wp-content\/uploads\/2023\/09\/640f0166-fd35-40ae-a5ec-ae708cc6c6a4_rw_1920-768x306.jpg\" alt=\"\" height=\"306\" width=\"768\"><\/noscript><\/a><\/div><div class=\"wpgb-card-media-overlay\"><\/div><div class=\"wpgb-card-media-content\"><div class=\"wpgb-card-media-content-top\"><div class=\"wpgb-block-2\"><span class=\"wpgb-block-term wpgb-idle-scheme-3\" data-id=\"104\" style=\"color:#0a0a0a;background:#f6f939\">ON FOOT<\/span><span class=\"wpgb-block-term wpgb-idle-scheme-3\" data-id=\"102\" style=\"background:#81d742\">FAMILY<\/span><\/div><\/div><div class=\"wpgb-card-media-content-bottom\"><h3 class=\"wpgb-block-1 wpgb-idle-scheme-1\"><a href=\"https:\/\/www.ovronnaz.ch\/en\/event\/au-village-itineraire-1\/\">Au village itin\u00e9raire 2<\/a><\/h3><\/div><\/div><\/div><a class=\"wpgb-card-layer-link\" target=\"_blank\" rel=\"external noopener noreferrer\" href=\"https:\/\/www.ovronnaz.ch\/en\/event\/au-village-itineraire-1\/\"><\/a><\/div><\/div><\/article><article class=\"wpgb-card wpgb-card-22 wpgb-post-36058 wpgb-card-hidden\" data-col=\"1\" data-row=\"1\" data-format=\"standard\" data-fluid><div class=\"wpgb-card-wrapper\"><div class=\"wpgb-card-inner\" data-action><div class=\"wpgb-card-media wpgb-scheme-light\"><div class=\"wpgb-card-media-thumbnail\"><a href=\"https:\/\/www.ovronnaz.ch\/wp-content\/uploads\/2023\/10\/chou-scaled.jpg\" tabindex=\"-1\" class=\"wpgb-handle-lb wpgb-lightbox\" data-type=\"image\" data-rel=\"12\" data-title=\"chou\" title=\"Enlarge photo\"><div class=\"wpgb-lazy-load wpgb-lazy-spinner\" data-wpgb-thumb=\"\" data-wpgb-src=\"https:\/\/www.ovronnaz.ch\/wp-content\/uploads\/2023\/10\/chou-768x512.jpg\"><\/div><noscript><img decoding=\"async\" class=\"wpgb-noscript-img\" src=\"https:\/\/www.ovronnaz.ch\/wp-content\/uploads\/2023\/10\/chou-768x512.jpg\" alt=\"\" height=\"512\" width=\"768\"><\/noscript><\/a><\/div><div class=\"wpgb-card-media-overlay\"><\/div><div class=\"wpgb-card-media-content\"><div class=\"wpgb-card-media-content-top\"><div class=\"wpgb-block-2\"><span class=\"wpgb-block-term wpgb-idle-scheme-3\" data-id=\"105\" style=\"color:#ffffff;background:#f900e0\">ON RAQUET<\/span><span class=\"wpgb-block-term wpgb-idle-scheme-3\" data-id=\"104\" style=\"color:#0a0a0a;background:#f6f939\">ON FOOT<\/span><\/div><\/div><div class=\"wpgb-card-media-content-bottom\"><h3 class=\"wpgb-block-1 wpgb-idle-scheme-1\"><a href=\"https:\/\/www.ovronnaz.ch\/en\/event\/chou\/\">Chou<\/a><\/h3><\/div><\/div><\/div><a class=\"wpgb-card-layer-link\" target=\"_blank\" rel=\"external noopener noreferrer\" href=\"https:\/\/www.ovronnaz.ch\/en\/event\/chou\/\"><\/a><\/div><\/div><\/article><article class=\"wpgb-card wpgb-card-22 wpgb-post-36083 wpgb-card-hidden\" data-col=\"1\" data-row=\"1\" data-format=\"standard\" data-fluid><div class=\"wpgb-card-wrapper\"><div class=\"wpgb-card-inner\" data-action><div class=\"wpgb-card-media wpgb-scheme-light\"><div class=\"wpgb-card-media-thumbnail\"><a href=\"https:\/\/www.ovronnaz.ch\/wp-content\/uploads\/2023\/10\/loutze.jpg\" tabindex=\"-1\" class=\"wpgb-handle-lb wpgb-lightbox\" data-type=\"image\" data-rel=\"12\" data-title=\"loutze\" title=\"Enlarge photo\"><div class=\"wpgb-lazy-load wpgb-lazy-spinner\" data-wpgb-thumb=\"\" data-wpgb-src=\"https:\/\/www.ovronnaz.ch\/wp-content\/uploads\/2023\/10\/loutze-768x511.jpg\"><\/div><noscript><img decoding=\"async\" class=\"wpgb-noscript-img\" src=\"https:\/\/www.ovronnaz.ch\/wp-content\/uploads\/2023\/10\/loutze-768x511.jpg\" alt=\"\" height=\"511\" width=\"768\"><\/noscript><\/a><\/div><div class=\"wpgb-card-media-overlay\"><\/div><div class=\"wpgb-card-media-content\"><div class=\"wpgb-card-media-content-top\"><div class=\"wpgb-block-2\"><span class=\"wpgb-block-term wpgb-idle-scheme-3\" data-id=\"105\" style=\"color:#ffffff;background:#f900e0\">ON RAQUET<\/span><span class=\"wpgb-block-term wpgb-idle-scheme-3\" data-id=\"104\" style=\"color:#0a0a0a;background:#f6f939\">ON FOOT<\/span><span class=\"wpgb-block-term wpgb-idle-scheme-3\" data-id=\"102\" style=\"background:#81d742\">FAMILY<\/span><\/div><\/div><div class=\"wpgb-card-media-content-bottom\"><h3 class=\"wpgb-block-1 wpgb-idle-scheme-1\"><a href=\"https:\/\/www.ovronnaz.ch\/en\/event\/loutze-2\/\">Loutze<\/a><\/h3><\/div><\/div><\/div><a class=\"wpgb-card-layer-link\" target=\"_blank\" rel=\"external noopener noreferrer\" href=\"https:\/\/www.ovronnaz.ch\/en\/event\/loutze-2\/\"><\/a><\/div><\/div><\/article><article class=\"wpgb-card wpgb-card-22 wpgb-post-36069 wpgb-card-hidden\" data-col=\"1\" data-row=\"1\" data-format=\"standard\" data-fluid><div class=\"wpgb-card-wrapper\"><div class=\"wpgb-card-inner\" data-action><div class=\"wpgb-card-media wpgb-scheme-light\"><div class=\"wpgb-card-media-thumbnail\"><a href=\"https:\/\/www.ovronnaz.ch\/wp-content\/uploads\/2023\/10\/raquettes-jorasse.jpg\" tabindex=\"-1\" class=\"wpgb-handle-lb wpgb-lightbox\" data-type=\"image\" data-rel=\"12\" data-title=\"raquettes jorasse\" title=\"Enlarge photo\"><div class=\"wpgb-lazy-load wpgb-lazy-spinner\" data-wpgb-thumb=\"\" data-wpgb-src=\"https:\/\/www.ovronnaz.ch\/wp-content\/uploads\/2023\/10\/raquettes-jorasse-768x512.jpg\"><\/div><noscript><img decoding=\"async\" class=\"wpgb-noscript-img\" src=\"https:\/\/www.ovronnaz.ch\/wp-content\/uploads\/2023\/10\/raquettes-jorasse-768x512.jpg\" alt=\"\" height=\"512\" width=\"768\"><\/noscript><\/a><\/div><div class=\"wpgb-card-media-overlay\"><\/div><div class=\"wpgb-card-media-content\"><div class=\"wpgb-card-media-content-top\"><div class=\"wpgb-block-2\"><span class=\"wpgb-block-term wpgb-idle-scheme-3\" data-id=\"105\" style=\"color:#ffffff;background:#f900e0\">ON RAQUET<\/span><span class=\"wpgb-block-term wpgb-idle-scheme-3\" data-id=\"104\" style=\"color:#0a0a0a;background:#f6f939\">ON FOOT<\/span><\/div><\/div><div class=\"wpgb-card-media-content-bottom\"><h3 class=\"wpgb-block-1 wpgb-idle-scheme-1\"><a href=\"https:\/\/www.ovronnaz.ch\/en\/event\/jorasse\/\">Jorasse<\/a><\/h3><\/div><\/div><\/div><a class=\"wpgb-card-layer-link\" target=\"_blank\" rel=\"external noopener noreferrer\" href=\"https:\/\/www.ovronnaz.ch\/en\/event\/jorasse\/\"><\/a><\/div><\/div><\/article>\t\t<\/div>\n\t<\/div>\n\t<div class=\"wpgb-loader\">\n\t<div class=\"wpgb-loader-17\">\n\t\t<div><div><\/div><div><\/div><\/div>\t<\/div>\n<\/div>\n<\/div>\n\t<\/div>\n\t\t<\/div>\n<\/div>\n\n<p>[\/et_pb_text][\/et_pb_column][\/et_pb_row][et_pb_row _builder_version=&#8221;4.22.2&#8243; _module_preset=&#8221;default&#8221; global_colors_info=&#8221;{}&#8221;][et_pb_column type=&#8221;4_4&#8243; _builder_version=&#8221;4.22.2&#8243; _module_preset=&#8221;default&#8221; global_colors_info=&#8221;{}&#8221;][et_pb_text _builder_version=&#8221;4.22.2&#8243; _module_preset=&#8221;default&#8221; content_en_gb=&#8221;<\/p>\n<h2>Safety instructions<\/h2>\n<p>The winter footpaths are marked in pink. They are groomed and maintained regularly. You use them at your own risk.<\/p>\n<p>Conditions vary greatly depending on the amount of sunshine and the temperature. The paths tend to freeze or harden depending on the weather: good boots and poles are recommended! Crampons or snowshoes may be necessary. Risk of slipping.<\/p>\n<p>Before setting off, find out about snow conditions, the weather and avalanche risks.<\/p>\n<p>&#8221; content_de_de=&#8221;<\/p>\n<h2>Hinweise zur Sicherheit<\/h2>\n<p>Die Winterwanderwege sind rosa markiert. Sie werden regelm\u00e4\u00dfig pr\u00e4pariert und gepflegt. Sie benutzen sie auf eigene Verantwortung.<\/p>\n<p>Die Bedingungen variieren stark je nach Sonneneinstrahlung und Temperaturen. Die Wege k\u00f6nnen je nach Wetterlage vereisen oder verh\u00e4rten. Gutes Schuhwerk und St\u00f6cke sind daher empfehlenswert! Steigeisen oder Schneeschuhe sind manchmal erforderlich. Gefahr des Ausrutschens.<\/p>\n<p>Informieren Sie sich \u00fcber die Schneeverh\u00e4ltnisse, das Wetter und die Lawinengefahr, bevor Sie sich auf eine Wanderung begeben.<\/p>\n<p>&#8221; global_colors_info=&#8221;{}&#8221;]<\/p>\n<h2>Consignes de s\u00e9curit\u00e9<\/h2>\n<p>Les sentiers pe\u0301destres hivernaux sont balise\u0301s en rose. Ils sont dame\u0301s et entretenus re\u0301gulie\u0300rement. Vous les empruntez sous votre propre responsabilite\u0301.<\/p>\n<p><span style=\"color: #ff0000;\"><em>Certains itin\u00e9raires, dont celui de<strong>\u00a0Jorasse\u00a0<\/strong>en particulier<strong>,<\/strong> traversent plusieurs couloirs avalancheux qui doivent \u00eatre pr\u00e9alablement s\u00e9curis\u00e9s et cela prend du temps.<\/em><\/span><\/p>\n<p><span style=\"color: #ff0000;\"><em>Les conditions pour les randonneurs peuvent se d\u00e9grader en peu de temps et\u00a0le damage du chemin ne peut \u00eatre garanti en tout temps.<\/em><\/span><\/p>\n<p>Les conditions varient fortement suivant l\u2019ensoleillement et les tempe\u0301ratures. Les chemins ont tendance a\u0300 geler ou a\u0300 durcir en fonction de la me\u0301te\u0301o : bonnes chaussures et ba\u0302tons conseille\u0301s ! Crampons ou raquettes parfois ne\u0301cessaires. Risque de glissade.<\/p>\n<p>Avant de vous engager, informez-vous sur les conditions de neige, la me\u0301te\u0301o et les risques d\u2019avalanche.<\/p>\n<p>[\/et_pb_text][\/et_pb_column][\/et_pb_row][\/et_pb_section]<\/p>\n","protected":false},"excerpt":{"rendered":"<p>[et_pb_section fb_built=&#8221;1&#8243; fullwidth=&#8221;on&#8221; _builder_version=&#8221;4.22.1&#8243; _module_preset=&#8221;default&#8221; global_colors_info=&#8221;{}&#8221;][et_pb_fullwidth_slider _builder_version=&#8221;4.22.2&#8243; _module_preset=&#8221;default&#8221; global_colors_info=&#8221;{}&#8221;][et_pb_slide _builder_version=&#8221;4.22.2&#8243; _module_preset=&#8221;default&#8221; background_enable_color=&#8221;off&#8221; background_image=&#8221;http:\/\/www.ovronnaz.ch\/wp-content\/uploads\/2023\/10\/Loutze_hiver.jpg&#8221; background_enable_image=&#8221;on&#8221; background_position=&#8221;top_center&#8221; background_vertical_offset=&#8221;68%&#8221; global_colors_info=&#8221;{}&#8221; sticky_transition=&#8221;on&#8221;][\/et_pb_slide][\/et_pb_fullwidth_slider][\/et_pb_section][et_pb_section fb_built=&#8221;1&#8243; _builder_version=&#8221;4.21.0&#8243; _module_preset=&#8221;default&#8221; global_colors_info=&#8221;{}&#8221;][et_pb_row _builder_version=&#8221;4.21.0&#8243; _module_preset=&#8221;default&#8221; global_colors_info=&#8221;{}&#8221;][et_pb_column type=&#8221;4_4&#8243; _builder_version=&#8221;4.21.0&#8243; _module_preset=&#8221;default&#8221; global_colors_info=&#8221;{}&#8221;][et_pb_text _builder_version=&#8221;4.22.2&#8243; [&hellip;]<\/p>\n","protected":false},"author":2,"featured_media":0,"parent":0,"menu_order":61,"comment_status":"closed","ping_status":"closed","template":"","meta":{"_et_pb_use_builder":"on","_et_pb_old_content":"","_et_gb_content_width":"","_monsterinsights_skip_tracking":false,"_monsterinsights_sitenote_active":false,"_monsterinsights_sitenote_note":"","_monsterinsights_sitenote_category":0,"footnotes":""},"dipi_cpt_category":[],"class_list":["post-32708","page","type-page","status-publish","hentry"],"_links":{"self":[{"href":"https:\/\/www.ovronnaz.ch\/en\/wp-json\/wp\/v2\/pages\/32708","targetHints":{"allow":["GET"]}}],"collection":[{"href":"https:\/\/www.ovronnaz.ch\/en\/wp-json\/wp\/v2\/pages"}],"about":[{"href":"https:\/\/www.ovronnaz.ch\/en\/wp-json\/wp\/v2\/types\/page"}],"author":[{"embeddable":true,"href":"https:\/\/www.ovronnaz.ch\/en\/wp-json\/wp\/v2\/users\/2"}],"replies":[{"embeddable":true,"href":"https:\/\/www.ovronnaz.ch\/en\/wp-json\/wp\/v2\/comments?post=32708"}],"version-history":[{"count":1,"href":"https:\/\/www.ovronnaz.ch\/en\/wp-json\/wp\/v2\/pages\/32708\/revisions"}],"predecessor-version":[{"id":36575,"href":"https:\/\/www.ovronnaz.ch\/en\/wp-json\/wp\/v2\/pages\/32708\/revisions\/36575"}],"wp:attachment":[{"href":"https:\/\/www.ovronnaz.ch\/en\/wp-json\/wp\/v2\/media?parent=32708"}],"wp:term":[{"taxonomy":"dipi_cpt_category","embeddable":true,"href":"https:\/\/www.ovronnaz.ch\/en\/wp-json\/wp\/v2\/dipi_cpt_category?post=32708"}],"curies":[{"name":"wp","href":"https:\/\/api.w.org\/{rel}","templated":true}]}}