{"id":32702,"date":"2023-09-04T07:15:19","date_gmt":"2023-09-04T05:15:19","guid":{"rendered":"http:\/\/www.ovronnaz.ch\/?page_id=32702"},"modified":"2025-12-18T22:11:50","modified_gmt":"2025-12-18T21:11:50","slug":"ski-de-randonnee","status":"publish","type":"page","link":"https:\/\/www.ovronnaz.ch\/en\/ski-de-randonnee\/","title":{"rendered":"Ski de randonn\u00e9e"},"content":{"rendered":"<p>[et_pb_section fb_built=&#8221;1&#8243; fullwidth=&#8221;on&#8221; _builder_version=&#8221;4.22.1&#8243; _module_preset=&#8221;default&#8221; global_colors_info=&#8221;{}&#8221;][et_pb_fullwidth_slider _builder_version=&#8221;4.23&#8243; _module_preset=&#8221;default&#8221; global_colors_info=&#8221;{}&#8221;][et_pb_slide _builder_version=&#8221;4.23&#8243; _module_preset=&#8221;default&#8221; background_enable_color=&#8221;off&#8221; background_image=&#8221;https:\/\/www.ovronnaz.ch\/wp-content\/uploads\/2023\/09\/983d07ee-3fe9-4d26-9a7c-e356951abbd0_rw_1920.jpg&#8221; background_enable_image=&#8221;on&#8221; global_colors_info=&#8221;{}&#8221; sticky_transition=&#8221;on&#8221;][\/et_pb_slide][\/et_pb_fullwidth_slider][\/et_pb_section][et_pb_section fb_built=&#8221;1&#8243; _builder_version=&#8221;4.21.0&#8243; _module_preset=&#8221;default&#8221; global_colors_info=&#8221;{}&#8221;][et_pb_row _builder_version=&#8221;4.21.0&#8243; _module_preset=&#8221;default&#8221; global_colors_info=&#8221;{}&#8221;][et_pb_column type=&#8221;4_4&#8243; _builder_version=&#8221;4.21.0&#8243; _module_preset=&#8221;default&#8221; global_colors_info=&#8221;{}&#8221;][et_pb_text _builder_version=&#8221;4.22.2&#8243; _module_preset=&#8221;default&#8221; content_en_gb=&#8221;<\/p>\n<h1>Ski touring<\/h1>\n<p>&#8221; content_de_de=&#8221;<\/p>\n<h1>Skiwanderungen<\/h1>\n<p>&#8221; global_colors_info=&#8221;{}&#8221;]<\/p>\n<h1>Ski de randonn\u00e9e<\/h1>\n<p>[\/et_pb_text][\/et_pb_column][\/et_pb_row][et_pb_row _builder_version=&#8221;4.22.2&#8243; _module_preset=&#8221;default&#8221; global_colors_info=&#8221;{}&#8221;][et_pb_column type=&#8221;4_4&#8243; _builder_version=&#8221;4.22.2&#8243; _module_preset=&#8221;default&#8221; global_colors_info=&#8221;{}&#8221;][et_pb_text _builder_version=&#8221;4.22.2&#8243; _module_preset=&#8221;default&#8221; content_en_gb=&#8221;<\/p>\n<p>Ovronnaz offers two <strong><span style=%22color: #ff0000;%22>unmarked and unsafe ski touring areas<\/span><\/strong>.<\/p>\n<p>The first is the Loutze area, <strong>which is easy to access<\/strong> and <strong>requires no special knowledg<\/strong>e. The routes start from the Tourbillon car park (Nordic centre) and end at <a href=%22https:\/\/www.buvette-de-loutze.ch\/%22>the Loutze refreshment bar.<\/a><\/p>\n<p>The second area, which is alpine and can present a<span style=%22color: #ff0000;%22><strong> major avalanche hazard<\/strong><\/span>, links the Euloi region to the Dent de Morcles, via Fenestral. This sector can be reached using the Jorasse and Col chairlifts <a href=%22#prixskirando%22>(special passes)<\/a>.<\/p>\n<p>For safety reasons, <strong>ski touring is prohibited on the ski runs<\/strong>. Ski touring routes <span style=%22color: #ff0000;%22><strong>are not protected against mountain hazards<\/strong><\/span> (avalanches, falls, etc.)!<\/p>\n<\/p>\n<p><a href=%22https:\/\/www.slf.ch\/fr\/bulletin-davalanches-et-situation-nivologique\/?no_cache=1#dangeravalanche%22>Consult the avalanche bulletin<\/a><\/p>\n<p>&#8221; content_de_de=&#8221;<\/p>\n<p>Ovronnaz bietet zwei <span style=%22color: #ff0000;%22><strong>nicht markierte und ungesicherte Gebiete f\u00fcr Skitouren<\/strong><\/span>.<\/p>\n<p>Das erste, <strong>das leicht zug\u00e4nglich ist und keine besonderen Kenntnisse erfordert<\/strong>, ist das Gebiet von Loutze. Die Routen beginnen am Parkplatz von Tourbillon (Nordisches Zentrum) und enden <a href=%22https:\/\/www.buvette-de-loutze.ch\/%22>an der Buvette von Loutze<\/a>.<\/p>\n<p>Das zweite Gebiet, das alpin ist und eine <span style=%22color: #ff0000;%22><strong>sehr gro\u00dfe Lawinengefahr darstellen kann<\/strong><\/span>, verbindet die Region Euloi \u00fcber Fenestral mit dem Dent de Morcles. Dieses Gebiet ist \u00fcber die Sessellifte von Jorasse und Le Col erreichbar (<a href=%22#prixskirando%22>spezielle Pauschalangebote<\/a>).<\/p>\n<p>Aus Sicherheitsgr\u00fcnden ist<strong> das Skitourengehen auf den Skipisten untersag<\/strong>t. Skitourenrouten <span style=%22color: #ff0000;%22><strong>sind nicht gegen die Gefahren der Berge<\/strong><\/span> (Lawinen, Absturz, &#8230;) <span style=%22color: #ff0000;%22><strong>gesch\u00fctzt<\/strong><\/span>!<\/p>\n<\/p>\n<p><a href=%22https:\/\/www.slf.ch\/fr\/bulletin-davalanches-et-situation-nivologique\/?no_cache=1#dangeravalanche%22>Lawinenbulletin ansehen<\/a><\/p>\n<p>&#8221; global_colors_info=&#8221;{}&#8221;]<\/p>\n<p>Ovronnaz offre deux domaines de ski de randonn\u00e9e <strong><span style=\"color: #ff0000;\">non balis\u00e9s et non s\u00e9curis\u00e9s<\/span>.<\/strong><\/p>\n<p>Le premier, <strong>facile d\u2019acc\u00e8s et sans besoin de notions particuli\u00e8res<\/strong>, est celui de Loutze. Les itin\u00e9raires partent depuis le parking de Tourbillon (centre nordique) et terminent \u00e0<span>\u00a0<\/span><span><a href=\"https:\/\/www.buvette-de-loutze.ch\/\" target=\"_blank\" rel=\"noopener\">la buvette de Loutze<\/a>.<\/span><\/p>\n<p>Le deuxi\u00e8me domaine, alpin et pouvant pr\u00e9senter un <span style=\"color: #ff0000;\"><strong>danger d\u2019avalanche tr\u00e8s important<\/strong><\/span>, permet de relier la r\u00e9gion d\u2019Euloi \u00e0 la Dent de Morcles, en passant par le Fenestral. Ce secteur se rejoint par l\u2019utilisation des t\u00e9l\u00e9si\u00e8ges de Jorasse et du Col (<a href=\"#prixskirando\">forfaits sp\u00e9ciaux<\/a>).<\/p>\n<p>Aux motifs de s\u00e9curit\u00e9,<span>\u00a0<\/span><span><strong>la pratique du ski de randonn\u00e9e est interdite sur les pistes de ski<\/strong>. <\/span>Les itin\u00e9raires de randonn\u00e9es \u00e0 ski <span style=\"color: #ff0000;\"><strong>ne sont pas prot\u00e9g\u00e9s contre les dangers de la montagne<\/strong><\/span> (avalanches, chute, \u2026)!<\/p>\n<p>&nbsp;<\/p>\n<p><span style=\"text-decoration: underline; color: #000000;\"><a href=\"https:\/\/www.slf.ch\/fr\/bulletin-davalanches-et-situation-nivologique\/?no_cache=1#dangeravalanche\" style=\"color: #000000;\">Consulter le bulletin d&#8217;avalenches<\/a><\/span><\/p>\n<p>[\/et_pb_text][\/et_pb_column][\/et_pb_row][et_pb_row _builder_version=&#8221;4.23.1&#8243; _module_preset=&#8221;default&#8221; global_colors_info=&#8221;{}&#8221;][et_pb_column type=&#8221;4_4&#8243; _builder_version=&#8221;4.23.1&#8243; _module_preset=&#8221;default&#8221; global_colors_info=&#8221;{}&#8221;][et_pb_text _builder_version=&#8221;4.23.1&#8243; _module_preset=&#8221;default&#8221; content_en_gb=&#8221;<\/p>\n<p style=%22text-align: center;%22><span style=%22text-decoration: underline;%22><strong>For greater safety, call in a professional<\/strong><\/span><\/p>\n<p>&#8221; content_de_de=&#8221;<\/p>\n<p style=%22text-align: center;%22><span style=%22text-decoration: underline;%22><strong>Lassen Sie sich f\u00fcr mehr Sicherheit von einem Profi beraten<\/strong><\/span><\/p>\n<p>&#8221; global_colors_info=&#8221;{}&#8221;]<\/p>\n<h4 style=\"text-align: center;\"><span style=\"text-decoration: underline;\">Pour plus de s\u00e9curit\u00e9, faites appel \u00e0 un professionnel\u00a0<\/span><\/h4>\n<p>[\/et_pb_text][et_pb_button button_url=&#8221;@ET-DC@eyJkeW5hbWljIjp0cnVlLCJjb250ZW50IjoicG9zdF9saW5rX3VybF9wYWdlIiwic2V0dGluZ3MiOnsicG9zdF9pZCI6IjM2NTYwIn19@&#8221; button_text=&#8221;Guide de montagne&#8221; button_alignment=&#8221;center&#8221; _builder_version=&#8221;4.23.1&#8243; _dynamic_attributes=&#8221;button_url&#8221; _module_preset=&#8221;default&#8221; button_text_en_gb=&#8221;Mountain guide&#8221; button_text_de_de=&#8221; Bergf\u00fchrer&#8221; global_colors_info=&#8221;{}&#8221;][\/et_pb_button][\/et_pb_column][\/et_pb_row][et_pb_row _builder_version=&#8221;4.22.2&#8243; _module_preset=&#8221;default&#8221; global_colors_info=&#8221;{}&#8221;][et_pb_column type=&#8221;4_4&#8243; _builder_version=&#8221;4.22.2&#8243; _module_preset=&#8221;default&#8221; global_colors_info=&#8221;{}&#8221;][et_pb_text _builder_version=&#8221;4.22.2&#8243; _module_preset=&#8221;default&#8221; content_en_gb=&#8221;<\/p>\n<p><strong>Safety instructions<\/strong><br \/>Ski tourers should be aware that :<\/p>\n<ul>\n<li>After each snowfall, <strong>avalanches are triggered<\/strong>. It is therefore<span style=%22color: #ff0000;%22><strong> strictly forbidden to enter the entire ski area.<\/strong><\/span><\/li>\n<li>Grooming is generally carried out at night. The grooming machines are equipped with winches with a steel cable that can be unwound over a length of more than 1,000 m. These small-diameter cables are not visible at night.<strong><span style=%22color: #ff0000;%22> Hikers should avoid the ski area during the grooming operation.<\/span><\/strong><\/li>\n<li><strong>Safety instructions and rules<\/strong><\/li>\n<\/ul>\n<p>&#8221; content_de_de=&#8221;<\/p>\n<p><strong>Hinweise zur Sicherheit<\/strong><br \/>Skitourengeher werden darauf aufmerksam gemacht, dass :<\/p>\n<ul>\n<li>Nach jedem Schneefall kommt es zu <strong>Lawinenausl\u00f6sungen<\/strong>. Es ist ihnen daher <span style=%22color: #ff0000;%22><strong>strengstens untersagt, das gesamte Skigebiet zu betreten<\/strong><\/span>.<\/li>\n<li>Die Pisten werden grunds\u00e4tzlich in der Nacht pr\u00e4pariert. Die Pistenfahrzeuge sind mit Winden mit einem Stahlseil ausgestattet, das \u00fcber eine L\u00e4nge von mehr als 1.000 m abgerollt werden kann. Diese Seile mit geringem Durchmesser sind in der Nacht nicht sichtbar. <span style=%22color: #ff0000;%22><strong>Wanderer sollten es vermeiden, sich w\u00e4hrend der Pistenarbeiten im Skigebiet aufzuhalten<\/strong><\/span>.<\/li>\n<li><strong>Sicherheitshinweise und -regeln<\/strong><\/li>\n<\/ul>\n<p>&#8221; global_colors_info=&#8221;{}&#8221;]<\/p>\n<p><strong>Consignes de s\u00e9curit\u00e9<br \/><\/strong>Les randonneurs \u00e0 ski\u00a0sont rendus attentifs au fait que :<\/p>\n<ul class=\"lists\">\n<li>Apr\u00e8s chaque chute de neige, des <strong>d\u00e9clenchements d\u2019avalanches<\/strong> sont effectu\u00e9s. Il leur est donc <strong><span style=\"color: #ff0000;\">strictement interdit de p\u00e9n\u00e9trer dans l\u2019ensemble du domaine skiable.<\/span><\/strong><strong><span style=\"color: #ff0000;\"><\/span><\/strong><strong><span style=\"color: #ff0000;\"><\/span><\/strong><\/li>\n<li>Le damage des pistes s\u2019effectue en principe la nuit. Les engins de damage sont \u00e9quip\u00e9s de treuils avec un c\u00e2ble en acier pouvant se d\u00e9rouler sur une longueur de plus de 1\u2019000 m. Ces c\u00e2bles d\u2019un faible diam\u00e8tre ne sont pas visibles la nuit. <span style=\"color: #ff0000;\"><strong>Les randonneurs \u00e9viteront d\u2019\u00e9voluer sur le domaine skiable pendant le damage.<\/strong><\/span><\/li>\n<\/ul>\n<p>[\/et_pb_text][et_pb_button button_url=&#8221;https:\/\/www.ovronnaz.ch\/wp-content\/uploads\/2024\/12\/Randonnee-a-ski-sur-les-pistes-Web-2024.pdf&#8221; button_text=&#8221;Consignes pour le ski de randonn\u00e9e sur les pistes&#8221; _builder_version=&#8221;4.27.4&#8243; _module_preset=&#8221;default&#8221; button_text_en_gb=&#8221;Instructions for ski touring on the slopes&#8221; button_text_de_de=&#8221;Richtlinien f\u00fcr Skitouren auf der Piste&#8221; global_colors_info=&#8221;{}&#8221;][\/et_pb_button][et_pb_button button_url=&#8221;https:\/\/www.ovronnaz.ch\/wp-content\/uploads\/2023\/09\/regles-RMS-rando-ski.pdf&#8221; button_text=&#8221;R\u00e8gles de s\u00e9curit\u00e9&#8221; _builder_version=&#8221;4.27.3&#8243; _module_preset=&#8221;default&#8221; button_text_en_gb=&#8221;Safety rules&#8221; button_text_de_de=&#8221;Sicherheitsregeln&#8221; global_colors_info=&#8221;{}&#8221;][\/et_pb_button][\/et_pb_column][\/et_pb_row][et_pb_row module_id=&#8221;prixskirando&#8221; _builder_version=&#8221;4.22.2&#8243; _module_preset=&#8221;default&#8221; global_colors_info=&#8221;{}&#8221;][et_pb_column type=&#8221;4_4&#8243; _builder_version=&#8221;4.22.2&#8243; _module_preset=&#8221;default&#8221; global_colors_info=&#8221;{}&#8221;][et_pb_text _builder_version=&#8221;4.27.5&#8243; _module_preset=&#8221;default&#8221; hover_enabled=&#8221;0&#8243; content_en_gb=&#8221;<\/p>\n<h2><span>Ski touring<\/span><\/h2>\n<div class=%22table-scroll%22>\n<table class=%22stack%22 style=%22height: 277px; width: auto;%22 height=%22277%22>\n<tbody>\n<tr>\n<td style=%22width: 229.21875px;%22><\/td>\n<td style=%22width: 204.4375px;%22><strong><span>ADULT<br \/>from 16 years<\/span><\/strong><\/td>\n<td style=%22width: 202.375px;%22><strong><span>CHILD<br \/><em>6-15 ans<\/em><\/span><\/strong><\/td>\n<\/tr>\n<tr>\n<td style=%22width: 229.21875px;%22><strong>Ovronnaz \u2013 Col de la Forcle<\/strong><br \/>One way trip 2 chairlifts<\/td>\n<td style=%22width: 204.4375px;%22><span> 22.-<\/span><\/td>\n<td style=%22width: 202.375px;%22><span>14.-<\/span><\/td>\n<\/tr>\n<tr>\n<td style=%22width: 229.21875px;%22><strong>Ovronnaz \u2013 Col de la Forcle + return P.Pr\u00e9<\/strong><br \/>One way trip 3 chairlifts<\/td>\n<td style=%22width: 204.4375px;%22>27.-<\/td>\n<td style=%22width: 202.375px;%22>19.-<\/td>\n<\/tr>\n<\/tbody>\n<\/table>\n<\/div>\n<p>&#8221; content_de_de=&#8221;<\/p>\n<h2><span>Skitouren<\/span><\/h2>\n<div class=%22table-scroll%22>\n<table class=%22stack%22 style=%22height: 277px; width: auto;%22 height=%22277%22>\n<tbody>\n<tr>\n<td style=%22width: 229.21875px;%22><\/td>\n<td style=%22width: 204.4375px;%22><strong><span>ERWACHSENE<br \/>ab 16 Jahren<\/span><\/strong><\/td>\n<td style=%22width: 202.375px;%22><strong>KINDER<\/strong><br \/><strong>6-15 Jahre<\/strong><\/td>\n<\/tr>\n<tr>\n<td style=%22width: 229.21875px;%22><strong>Ovronnaz \u2013 Col de la Forcle<\/strong><br \/>Einfache Fahrt 2 Sesselbahnen<\/td>\n<td style=%22width: 204.4375px;%22><span> 22.-<\/span><\/td>\n<td style=%22width: 202.375px;%22><span>14.-<\/span><\/td>\n<\/tr>\n<tr>\n<td style=%22width: 229.21875px;%22><strong>Ovronnaz \u2013 Col de la Forcle + P.Pr\u00e9<\/strong><br \/>Einfache Fahrt 2 Sesselbahnen<\/td>\n<td style=%22width: 204.4375px;%22>27.-<\/td>\n<td style=%22width: 202.375px;%22>19.-<\/td>\n<\/tr>\n<\/tbody>\n<\/table>\n<\/div>\n<p>&#8221; locked=&#8221;off&#8221; global_colors_info=&#8221;{}&#8221; sticky_enabled=&#8221;0&#8243;]<\/p>\n<div class=\"wpb_text_column wpb_content_element  vc_custom_1681464117792\">\n<div class=\"wpb_wrapper\">\n<div class=\"scrollbar\">\n<h2><span>Ski de randonn\u00e9e<\/span><\/h2>\n<div class=\"table-scroll\">\n<table class=\"stack\" style=\"height: 277px; width: auto;\" height=\"277\">\n<tbody>\n<tr>\n<td style=\"width: 229.21875px;\"><\/td>\n<td style=\"width: 204.4375px;\"><strong><span>ADULTE<br \/><em>d\u00e8s 16 ans<\/em><br \/><\/span><\/strong><\/td>\n<td style=\"width: 202.375px;\">\u00a0<strong><span>ENFANT<br \/><em>6-15 ans<\/em><\/span><\/strong><\/td>\n<\/tr>\n<tr>\n<td style=\"width: 229.21875px;\"><strong>Ovronnaz \u2013 Col de la Forcle<\/strong><br \/>aller simple 2 t\u00e9l\u00e9si\u00e8ges<\/td>\n<td style=\"width: 204.4375px;\"><span>\u00a022.-<\/span><\/td>\n<td style=\"width: 202.375px;\"><span>14.-<\/span><\/td>\n<\/tr>\n<tr>\n<td style=\"width: 229.21875px;\"><strong>Ovronnaz \u2013 Col de la Forcle\u00a0 + retour P.Pr\u00e9<\/strong><br \/>aller simple 3 t\u00e9l\u00e9si\u00e8ges<\/td>\n<td style=\"width: 204.4375px;\">\u00a027.-<\/td>\n<td style=\"width: 202.375px;\">\u00a019.-<\/td>\n<\/tr>\n<\/tbody>\n<\/table>\n<\/div>\n<\/div>\n<\/div>\n<\/div>\n<p>[\/et_pb_text][\/et_pb_column][\/et_pb_row][et_pb_row _builder_version=&#8221;4.22.2&#8243; _module_preset=&#8221;default&#8221; global_colors_info=&#8221;{}&#8221;][et_pb_column type=&#8221;4_4&#8243; _builder_version=&#8221;4.22.2&#8243; _module_preset=&#8221;default&#8221; global_colors_info=&#8221;{}&#8221;][et_pb_text _builder_version=&#8221;4.22.2&#8243; _module_preset=&#8221;default&#8221; content_en_gb=&#8221;<\/p>\n<p style=%22text-align: center;%22><strong>Liability<\/strong><br \/><strong>Anyone using the ski touring routes does so at their own risk.<\/strong><br \/><strong>T\u00e9l\u00e9ovronnaz SA accepts no liability in the event of an accident.<\/strong><\/p>\n<p>&#8221; content_de_de=&#8221;<\/p>\n<p style=%22text-align: center;%22><strong>Haftung<\/strong><br \/><strong>Wer Skitourenrouten benutzt, tr\u00e4gt ausschliesslich seine eigene Verantwortung.<\/strong><br \/><strong>T\u00e9l\u00e9ovronnaz SA lehnt jede Haftung bei Unf\u00e4llen ab.<\/strong><\/p>\n<p>&#8221; global_colors_info=&#8221;{}&#8221;]<\/p>\n<p style=\"text-align: center;\"><span style=\"text-decoration: underline;\"><strong>Responsabilit\u00e9<\/strong><\/span><br \/><strong>Quiconque emprunte des itin\u00e9raires de ski de randonn\u00e9e engage exclusivement sa propre responsabilit\u00e9.<\/strong><br \/><strong>T\u00e9l\u00e9ovronnaz SA d\u00e9cline toute responsabilit\u00e9 en cas d\u2019accident<\/strong><\/p>\n<p>[\/et_pb_text][\/et_pb_column][\/et_pb_row][et_pb_row _builder_version=&#8221;4.22.2&#8243; _module_preset=&#8221;default&#8221; global_colors_info=&#8221;{}&#8221;][et_pb_column type=&#8221;4_4&#8243; _builder_version=&#8221;4.22.2&#8243; _module_preset=&#8221;default&#8221; global_colors_info=&#8221;{}&#8221;][et_pb_image src=&#8221;https:\/\/www.ovronnaz.ch\/wp-content\/uploads\/2023\/09\/34a0269a-874e-47fd-a0db-eefca2944022_rw_1920.jpg&#8221; title_text=&#8221;34a0269a-874e-47fd-a0db-eefca2944022_rw_1920&#8243; _builder_version=&#8221;4.22.2&#8243; _module_preset=&#8221;default&#8221; global_colors_info=&#8221;{}&#8221;][\/et_pb_image][\/et_pb_column][\/et_pb_row][\/et_pb_section]<\/p>\n","protected":false},"excerpt":{"rendered":"<p>Ski de randonn\u00e9eOvronnaz offre deux domaines de ski de randonn\u00e9e non balis\u00e9s et non s\u00e9curis\u00e9s. Le premier, facile d\u2019acc\u00e8s et sans besoin de notions particuli\u00e8res, est celui de Loutze. Les [&hellip;]<\/p>\n","protected":false},"author":2,"featured_media":0,"parent":0,"menu_order":68,"comment_status":"closed","ping_status":"closed","template":"","meta":{"_et_pb_use_builder":"on","_et_pb_old_content":"","_et_gb_content_width":"","_monsterinsights_skip_tracking":false,"_monsterinsights_sitenote_active":false,"_monsterinsights_sitenote_note":"","_monsterinsights_sitenote_category":0,"footnotes":""},"dipi_cpt_category":[],"class_list":["post-32702","page","type-page","status-publish","hentry"],"_links":{"self":[{"href":"https:\/\/www.ovronnaz.ch\/en\/wp-json\/wp\/v2\/pages\/32702","targetHints":{"allow":["GET"]}}],"collection":[{"href":"https:\/\/www.ovronnaz.ch\/en\/wp-json\/wp\/v2\/pages"}],"about":[{"href":"https:\/\/www.ovronnaz.ch\/en\/wp-json\/wp\/v2\/types\/page"}],"author":[{"embeddable":true,"href":"https:\/\/www.ovronnaz.ch\/en\/wp-json\/wp\/v2\/users\/2"}],"replies":[{"embeddable":true,"href":"https:\/\/www.ovronnaz.ch\/en\/wp-json\/wp\/v2\/comments?post=32702"}],"version-history":[{"count":11,"href":"https:\/\/www.ovronnaz.ch\/en\/wp-json\/wp\/v2\/pages\/32702\/revisions"}],"predecessor-version":[{"id":44474,"href":"https:\/\/www.ovronnaz.ch\/en\/wp-json\/wp\/v2\/pages\/32702\/revisions\/44474"}],"wp:attachment":[{"href":"https:\/\/www.ovronnaz.ch\/en\/wp-json\/wp\/v2\/media?parent=32702"}],"wp:term":[{"taxonomy":"dipi_cpt_category","embeddable":true,"href":"https:\/\/www.ovronnaz.ch\/en\/wp-json\/wp\/v2\/dipi_cpt_category?post=32702"}],"curies":[{"name":"wp","href":"https:\/\/api.w.org\/{rel}","templated":true}]}}