{"id":32661,"date":"2023-08-31T16:34:27","date_gmt":"2023-08-31T14:34:27","guid":{"rendered":"http:\/\/www.ovronnaz.ch\/?page_id=32661"},"modified":"2026-02-16T16:28:09","modified_gmt":"2026-02-16T15:28:09","slug":"ludotheque","status":"publish","type":"page","link":"https:\/\/www.ovronnaz.ch\/en\/ludotheque\/","title":{"rendered":"Ludoth\u00e8que"},"content":{"rendered":"<p>[et_pb_section fb_built=&#8221;1&#8243; fullwidth=&#8221;on&#8221; _builder_version=&#8221;4.22.1&#8243; _module_preset=&#8221;default&#8221; global_colors_info=&#8221;{}&#8221;][et_pb_fullwidth_slider _builder_version=&#8221;4.22.2&#8243; _module_preset=&#8221;default&#8221; global_colors_info=&#8221;{}&#8221;][et_pb_slide _builder_version=&#8221;4.22.2&#8243; _module_preset=&#8221;default&#8221; background_image=&#8221;https:\/\/www.ovronnaz.ch\/wp-content\/uploads\/2023\/10\/IMG_2747-scaled.jpg&#8221; background_enable_image=&#8221;on&#8221; global_colors_info=&#8221;{}&#8221; sticky_transition=&#8221;on&#8221;][\/et_pb_slide][\/et_pb_fullwidth_slider][\/et_pb_section][et_pb_section fb_built=&#8221;1&#8243; _builder_version=&#8221;4.21.0&#8243; _module_preset=&#8221;default&#8221; global_colors_info=&#8221;{}&#8221;][et_pb_row _builder_version=&#8221;4.21.0&#8243; _module_preset=&#8221;default&#8221; global_colors_info=&#8221;{}&#8221;][et_pb_column type=&#8221;4_4&#8243; _builder_version=&#8221;4.21.0&#8243; _module_preset=&#8221;default&#8221; global_colors_info=&#8221;{}&#8221;][et_pb_text _builder_version=&#8221;4.22.2&#8243; _module_preset=&#8221;default&#8221; content_en_gb=&#8221;<\/p>\n<h1>Toy library<\/h1>\n<p>&#8221; content_de_de=&#8221;<\/p>\n<h1>Spielothek<\/h1>\n<p>&#8221; global_colors_info=&#8221;{}&#8221;]<\/p>\n<h1>Ludoth\u00e8que<\/h1>\n<p>[\/et_pb_text][\/et_pb_column][\/et_pb_row][et_pb_row _builder_version=&#8221;4.21.0&#8243; _module_preset=&#8221;default&#8221; custom_padding=&#8221;22px||20px||false|false&#8221; global_colors_info=&#8221;{}&#8221;][et_pb_column type=&#8221;4_4&#8243; _builder_version=&#8221;4.21.0&#8243; _module_preset=&#8221;default&#8221; global_colors_info=&#8221;{}&#8221;][et_pb_text _builder_version=&#8221;4.27.5&#8243; _module_preset=&#8221;default&#8221; hover_enabled=&#8221;0&#8243; content_en_gb=&#8221;<\/p>\n<p>Dull weather? An evening in the chalet? The Tourist Office has over <strong>120 board games<\/strong> on loan all year round. For young and old alike, there&#8217;s something for everyone &#8211; puzzle, logic, skill, classics, cards, quizzes and more.<\/p>\n<p><span style=%22color: #ff0000;%22><a href=%22https:\/\/www.ovronnaz.ch\/wp-content\/uploads\/2025\/09\/Liste-des-jeux-sans-contenu.pdf%22 rel=%22attachment noopener wp-att-34869%22 style=%22color: #ff0000;%22 data-et-target-link=%22_blank%22 title=%22List of games%22>List of games<\/a><\/span><\/p>\n<p>A number of <a href=%22https:\/\/www.ovronnaz.ch\/wp-content\/uploads\/2023\/09\/Liste-BD.pdf%22 data-et-target-link=%22_blank%22 rel=%22noopener%22 title=%22children's books%22><span style=%22color: #ff0000;%22>children&#8217;s books<\/span> <\/a>and a large collection of Lucky Luke, Tintin, Yakari, the Smurfs and Boule et Bill comics are also available.<\/p>\n<p><strong>Hire<\/strong><\/p>\n<p>Hire is free. All you have to do is fill in the registration form. The maximum duration is one week.<br \/>Maximum of 3 games per family<br \/>Deposit of CHF 20 per family<\/p>\n<p>Open: 8.30 a.m. to 12.30 p.m. and 1.30 p.m. to 5.30 p.m. according to tourist office opening times.<\/p>\n<p>&#8221; content_de_de=&#8221;<\/p>\n<p>Ein tr\u00fcbes Wetter? Ein Abend im Chalet? Das Tourismusb\u00fcro bietet Ihnen das ganze Jahr \u00fcber den Verleih von mehr als <strong>120 Gesellschaftsspielen<\/strong> an. Ob f\u00fcr die Kleinsten oder die Gr\u00f6\u00dften: Denkspiele, Logikspiele, Geschicklichkeitsspiele, %22Klassiker%22, Kartenspiele, Quizspiele &#8211; es ist f\u00fcr jeden Geschmack etwas dabei.<\/p>\n<p><span style=%22color: #ff0000;%22><a href=%22https:\/\/www.ovronnaz.ch\/wp-content\/uploads\/2025\/09\/Liste-des-jeux-sans-contenu.pdf%22 rel=%22attachment noopener wp-att-34869%22 style=%22color: #ff0000;%22 data-et-target-link=%22_blank%22 title=%22Liste der Spiele%22>Liste der Spiele<\/a><\/span><\/p>\n<p>Einige <span style=%22color: #ff0000;%22><a href=%22https:\/\/www.ovronnaz.ch\/wp-content\/uploads\/2023\/09\/Liste-BD.pdf%22 rel=%22attachment noopener wp-att-34870%22 style=%22color: #ff0000;%22 data-et-target-link=%22_blank%22 title=%22Kinderb\u00fccher%22>Kinderb\u00fccher<\/a> <\/span>sowie eine gro\u00dfe Sammlung von Comics Lucky Luke, Tim und Struppi, Yakari, die Schl\u00fcmpfe, Boule und Bill stehen ebenfalls zur Verf\u00fcgung.<\/p>\n<p><span style=%22text-decoration: underline;%22><strong>Vermietung<\/strong><\/span><\/p>\n<p>Die Ausleihe ist kostenlos. Sie m\u00fcssen lediglich das Anmeldeformular ausf\u00fcllen. Die maximale Dauer betr\u00e4gt eine Woche.<br \/>Maximal 3 Spiele pro Familie.<br \/>Kaution von 20.- CHF pro Familie.<\/p>\n<p>\u00d6ffnungszeiten: 8.30 bis 12.30 Uhr und 13.30 bis 17.30 Uhr gem\u00e4ss den \u00d6ffnungszeiten des Tourismusb\u00fcros.<\/p>\n<p>&#8221; global_colors_info=&#8221;{}&#8221; sticky_enabled=&#8221;0&#8243;]<\/p>\n<div class=\"wpb_text_column wpb_content_element \">\n<div class=\"wpb_wrapper\">\n<p>Une m\u00e9t\u00e9o maussade ? Une soir\u00e9e au chalet ? L\u2019office du tourisme vous propose le pr\u00eat de plus de<span>\u00a0<\/span><strong>120 jeux<\/strong><span>\u00a0<\/span>de soci\u00e9t\u00e9 toute l\u2019ann\u00e9e. Pour les tout-petits ou les plus grands, r\u00e9flexion, logique, adresse, \u00ab\u00a0classiques\u00a0\u00bb, <span><strong><\/strong><\/span>cartes, quizz, il y en a pour tous les go\u00fbts.<\/p>\n<p><span style=\"color: #ff0000;\"><a href=\"https:\/\/www.ovronnaz.ch\/wp-content\/uploads\/2026\/02\/Liste-des-jeux-sans-contenu.pdf\" rel=\"attachment noopener wp-att-34869\" style=\"color: #ff0000;\" target=\"_blank\" title=\"Liste des jeux\">Liste des jeux<\/a><\/span><\/p>\n<p><span style=\"font-size: 20px;\">Quelques livres pour enfants ainsi qu\u2019une grande<\/span><a href=\"https:\/\/www.ovronnaz.ch\/wp-content\/uploads\/2023\/09\/Liste-BD.pdf\" target=\"_blank\" rel=\"noopener\" title=\"Liste des BD\"><span style=\"font-size: 20px; color: #ff0000;\"> collection de BD<\/span><\/a><span style=\"font-size: 20px;\">\u00a0<\/span><span style=\"font-size: 20px;\">Lucky Luke, Tintin, Yakari, les Schtroumpfs, Boule et Bill sont \u00e9galement \u00e0 disposition.<\/span><\/p>\n<p><span style=\"text-decoration: underline;\"><strong>Location<\/strong><\/span><\/p>\n<p>La location est gratuite. Il suffit de remplir le formulaire d\u2019inscription. La dur\u00e9e maximale est d\u2019une semaine.<br \/>3 jeux par famille au maximum<br \/>Caution de 20.- CHF par famille<\/p>\n<p>Ouverture : 8h30 \u00e0 12h30 et 13h30 \u00e0 17h30 selon les horaires de l\u2019office du tourisme.<\/p>\n<\/div>\n<\/div>\n<div class=\"wpb_text_column wpb_content_element \">\n<div class=\"wpb_wrapper\">\n<ul class=\"lists\"><\/ul>\n<\/div>\n<\/div>\n<p>[\/et_pb_text][\/et_pb_column][\/et_pb_row][\/et_pb_section]<\/p>\n","protected":false},"excerpt":{"rendered":"<p>Ludoth\u00e8que<div class=\"et_pb_module et_pb_text et_pb_text_0 titre  et_pb_text_align_left et_pb_bg_layout_light\">\n\t\t\t\t\n\t\t\t\t\n\t\t\t\t\n\t\t\t\t\n\t\t\t\t<div class=\"et_pb_text_inner\">&#8221;Dull<\/div>\n\t\t\t<\/div><\/p>\n","protected":false},"author":1,"featured_media":0,"parent":0,"menu_order":44,"comment_status":"closed","ping_status":"closed","template":"","meta":{"_et_pb_use_builder":"on","_et_pb_old_content":"","_et_gb_content_width":"","_monsterinsights_skip_tracking":false,"_monsterinsights_sitenote_active":false,"_monsterinsights_sitenote_note":"","_monsterinsights_sitenote_category":0,"footnotes":""},"dipi_cpt_category":[],"class_list":["post-32661","page","type-page","status-publish","hentry"],"_links":{"self":[{"href":"https:\/\/www.ovronnaz.ch\/en\/wp-json\/wp\/v2\/pages\/32661","targetHints":{"allow":["GET"]}}],"collection":[{"href":"https:\/\/www.ovronnaz.ch\/en\/wp-json\/wp\/v2\/pages"}],"about":[{"href":"https:\/\/www.ovronnaz.ch\/en\/wp-json\/wp\/v2\/types\/page"}],"author":[{"embeddable":true,"href":"https:\/\/www.ovronnaz.ch\/en\/wp-json\/wp\/v2\/users\/1"}],"replies":[{"embeddable":true,"href":"https:\/\/www.ovronnaz.ch\/en\/wp-json\/wp\/v2\/comments?post=32661"}],"version-history":[{"count":8,"href":"https:\/\/www.ovronnaz.ch\/en\/wp-json\/wp\/v2\/pages\/32661\/revisions"}],"predecessor-version":[{"id":45014,"href":"https:\/\/www.ovronnaz.ch\/en\/wp-json\/wp\/v2\/pages\/32661\/revisions\/45014"}],"wp:attachment":[{"href":"https:\/\/www.ovronnaz.ch\/en\/wp-json\/wp\/v2\/media?parent=32661"}],"wp:term":[{"taxonomy":"dipi_cpt_category","embeddable":true,"href":"https:\/\/www.ovronnaz.ch\/en\/wp-json\/wp\/v2\/dipi_cpt_category?post=32661"}],"curies":[{"name":"wp","href":"https:\/\/api.w.org\/{rel}","templated":true}]}}