{"id":32562,"date":"2023-08-30T16:26:47","date_gmt":"2023-08-30T14:26:47","guid":{"rendered":"http:\/\/www.ovronnaz.ch\/?page_id=32562"},"modified":"2023-11-30T09:42:28","modified_gmt":"2023-11-30T08:42:28","slug":"via-ferrata","status":"publish","type":"page","link":"https:\/\/www.ovronnaz.ch\/en\/via-ferrata\/","title":{"rendered":"Via ferrata"},"content":{"rendered":"<p>[et_pb_section fb_built=&#8221;1&#8243; fullwidth=&#8221;on&#8221; _builder_version=&#8221;4.22.1&#8243; _module_preset=&#8221;default&#8221; global_colors_info=&#8221;{}&#8221;][et_pb_fullwidth_slider _builder_version=&#8221;4.22.1&#8243; _module_preset=&#8221;default&#8221; global_colors_info=&#8221;{}&#8221;][et_pb_slide _builder_version=&#8221;4.22.1&#8243; _module_preset=&#8221;default&#8221; background_image=&#8221;http:\/\/www.ovronnaz.ch\/wp-content\/uploads\/2023\/08\/fond_ext.jpg&#8221; background_enable_image=&#8221;on&#8221; global_colors_info=&#8221;{}&#8221; sticky_transition=&#8221;on&#8221;][\/et_pb_slide][\/et_pb_fullwidth_slider][\/et_pb_section][et_pb_section fb_built=&#8221;1&#8243; _builder_version=&#8221;4.21.0&#8243; _module_preset=&#8221;default&#8221; global_colors_info=&#8221;{}&#8221;][et_pb_row _builder_version=&#8221;4.21.0&#8243; _module_preset=&#8221;default&#8221; global_colors_info=&#8221;{}&#8221;][et_pb_column type=&#8221;4_4&#8243; _builder_version=&#8221;4.21.0&#8243; _module_preset=&#8221;default&#8221; global_colors_info=&#8221;{}&#8221;][et_pb_text _builder_version=&#8221;4.22.2&#8243; _module_preset=&#8221;default&#8221; content_en_gb=&#8221;<\/p>\n<h1>Via ferrata<\/h1>\n<p>&#8221; content_de_de=&#8221;<\/p>\n<h1>Via ferrata<\/h1>\n<p>&#8221; global_colors_info=&#8221;{}&#8221;]<\/p>\n<h1>Via ferrata<\/h1>\n<p>[\/et_pb_text][\/et_pb_column][\/et_pb_row][et_pb_row _builder_version=&#8221;4.21.0&#8243; _module_preset=&#8221;default&#8221; global_colors_info=&#8221;{}&#8221;][et_pb_column type=&#8221;4_4&#8243; _builder_version=&#8221;4.21.0&#8243; _module_preset=&#8221;default&#8221; global_colors_info=&#8221;{}&#8221;][et_pb_text _builder_version=&#8221;4.22.2&#8243; _module_preset=&#8221;default&#8221; content_en_gb=&#8221;<\/p>\n<h2>The Via Farinetta<\/h2>\n<p>Traced through the wild and mysterious gorges of the Salentze, starting from the thermal springs, the Via Farinetta showcases the natural and cultural resources of the communes of Saillon and Leytron.<\/p>\n<p>It has been the first via ferrata to connect the plain to the mountain in Valais. The route is approximately 1 kilometre long, with an elevation gain of 330 meters, and requires a 2 to 3 hours\u2019 effort.<\/p>\n<p>Increasing in difficulty, the via is suitable for a large number of climbing enthusiasts: the first part, fun and family-oriented, is graded AD+ while the second part, which is more aerial, impressive and physically challenging is graded D+. A third part, graded TD+, requires excellent physical shape.<\/p>\n<p><strong>Practical information<\/strong><\/p>\n<ul>\n<li>Altitude departure : 540m<\/li>\n<li>Altitude arrival : 870m<\/li>\n<li>Elevation gain : 330m<\/li>\n<li>Cabled distance : approx. 1000m<\/li>\n<li>Suspension bridge : 3<\/li>\n<li>Cable ladders : 1<\/li>\n<li>Handrails : approx.. 800 pieces<\/li>\n<li>Pedals : approx. 100 pieces<\/li>\n<li>P\u00e9dales : env. 200 pces<\/li>\n<\/ul>\n<p>&#8221; content_de_de=&#8221;<\/p>\n<h2>Die Via Farinetta<\/h2>\n<p>Die Via Farinetta verl\u00e4uft durch die wilde und geheimnisvolle Schlucht der Salentze und geht von Thermalwasserquellen aus. Sie bringt die nat\u00fcrlichen und kulturellen Ressourcen der Gemeinden Saillon und Leytron zur Geltung.<\/p>\n<p>Erster Walliser Klettersteig, der das Tal mit dem Berg verbindet. Die ungef\u00e4hr 1 km lange Strecke hat eine H\u00f6hendifferenz von rund 330 m und erfordert 2 bis 3 Stunden Anstrengung. Der Schwierigkeitsgrad nimmt stetig zu und bietet somit f\u00fcr viele Kletterliebhaber das Geeignete.<\/p>\n<p>Der erste Teil ist eher spielerisch und f\u00fcr Familien geeignet: AD+. Der zweite Teil ist etwas luftiger, eindr\u00fccklich und beanspruchend: D+. Der dritte Teil erfordert anspruchsvolle k\u00f6rperliche F\u00e4higkeiten: TD+.<\/p>\n<p><strong>In Zahlen:<\/strong><\/p>\n<ul>\n<li>Anfangsh\u00f6he : 540 m<\/li>\n<li>Ankunftsh\u00f6he : 870 m<\/li>\n<li>H\u00f6hendifferenz : 330 m<\/li>\n<li>Kabelsicherungen auf: ca. 1000 m<\/li>\n<li>Seilbr\u00fccken : 3<\/li>\n<li>Stahlseilleiter : 1<\/li>\n<li>Stufen : ca. 800<\/li>\n<li>Gel\u00e4nder : ca. 100<\/li>\n<li>Halteschlingen : ca. 200<\/li>\n<\/ul>\n<p>&#8221; global_colors_info=&#8221;{}&#8221;]<\/p>\n<h2>La Via Farinetta<\/h2>\n<p>Trac\u00e9e dans les gorges sauvages et myst\u00e9rieuses de la Salentze, partant de sources d&#8217;eau thermale, la via Farinetta met en valeur les ressources naturelles et culturelles des communes de Saillon et de Leytron.<\/p>\n<p>Premi\u00e8re via ferrata du Valais \u00e0 relier la plaine \u00e0 la montagne, ce parcours d\u2019environ 1km pour une d\u00e9nivellation approximative de 330m exige 2 \u00e0 3 heures d\u2019effort.<\/p>\n<p>De difficult\u00e9 croissante, la via ferrata est accessible \u00e0 un grand nombre d\u2019adeptes : sa premi\u00e8re partie, ludique et familiale, est cot\u00e9e AD+ tandis que la deuxi\u00e8me partie plus a\u00e9rienne, impressionnante et physique, est cot\u00e9e D+. La troisi\u00e8me partie, tr\u00e8s exigeante,\u00a0 cot\u00e9e TD+, est r\u00e9serv\u00e9e aux initi\u00e9s.<\/p>\n<p><strong>En chiffres<\/strong><\/p>\n<ul>\n<li>Altitude d\u00e9part : 540m<\/li>\n<li>Altitude arriv\u00e9e : 870m<\/li>\n<li>D\u00e9nivellation : 330m<\/li>\n<li>Distance c\u00e2bl\u00e9e : env. 1000m<\/li>\n<li>Ponts de singe : 3<\/li>\n<li>Echelle de c\u00e2ble : 1<\/li>\n<li>Echelons : env. 800 pi\u00e8ces<\/li>\n<li>Mains-courantes : env. 100 pi\u00e8ces<\/li>\n<li>P\u00e9dales : env. 200 pi\u00e8ces<\/li>\n<\/ul>\n<p>[\/et_pb_text][\/et_pb_column][\/et_pb_row][et_pb_row _builder_version=&#8221;4.22.2&#8243; _module_preset=&#8221;default&#8221; global_colors_info=&#8221;{}&#8221;][et_pb_column type=&#8221;4_4&#8243; _builder_version=&#8221;4.22.2&#8243; _module_preset=&#8221;default&#8221; global_colors_info=&#8221;{}&#8221;][dmg_masonry_gallery gallery=&#8221;32597,33809,32340,31460,31459&#8243; _builder_version=&#8221;4.22.2&#8243; _module_preset=&#8221;default&#8221; global_colors_info=&#8221;{}&#8221;][\/dmg_masonry_gallery][\/et_pb_column][\/et_pb_row][\/et_pb_section][et_pb_section fb_built=&#8221;1&#8243; _builder_version=&#8221;4.22.2&#8243; _module_preset=&#8221;default&#8221; global_colors_info=&#8221;{}&#8221;][et_pb_row column_structure=&#8221;1_3,1_3,1_3&#8243; _builder_version=&#8221;4.21.2&#8243; _module_preset=&#8221;default&#8221; locked=&#8221;off&#8221; global_colors_info=&#8221;{}&#8221;][et_pb_column type=&#8221;1_3&#8243; _builder_version=&#8221;4.21.2&#8243; _module_preset=&#8221;default&#8221; global_colors_info=&#8221;{}&#8221;][et_pb_blurb icon_placement=&#8221;left&#8221; image_icon_width=&#8221;28px&#8221; _builder_version=&#8221;4.22.2&#8243; _module_preset=&#8221;default&#8221; link_option_url_new_window=&#8221;on&#8221; content_en_gb=&#8221;<\/p>\n<h2>Equipment rental :<\/h2>\n<p>&#8221; content_de_de=&#8221;<\/p>\n<h2>Ausr\u00fcstung mieten :<\/h2>\n<p>&#8221; global_colors_info=&#8221;{}&#8221;]<\/p>\n<h2>Location de mat\u00e9riel :<\/h2>\n<p>[\/et_pb_blurb][et_pb_blurb title=&#8221;Andr\u00e9SPORTS, Ovronnaz &#8221; use_icon=&#8221;on&#8221; font_icon=&#8221;&#xf54e;||fa||900&#8243; icon_color=&#8221;#000000&#8243; icon_placement=&#8221;left&#8221; image_icon_width=&#8221;28px&#8221; _builder_version=&#8221;4.22.1&#8243; _module_preset=&#8221;default&#8221; custom_padding=&#8221;||0px|||&#8221; link_option_url_new_window=&#8221;on&#8221; global_colors_info=&#8221;{}&#8221;][\/et_pb_blurb][et_pb_blurb title=&#8221;info@andresports.ch&#8221; use_icon=&#8221;on&#8221; font_icon=&#8221;&#xe010;||divi||400&#8243; icon_color=&#8221;#000000&#8243; icon_placement=&#8221;left&#8221; image_icon_width=&#8221;28px&#8221; _builder_version=&#8221;4.22.1&#8243; _module_preset=&#8221;default&#8221; link_option_url=&#8221;mailto:info@andresports.ch&#8221; link_option_url_new_window=&#8221;on&#8221; global_colors_info=&#8221;{}&#8221;][\/et_pb_blurb][et_pb_blurb title=&#8221;+41 27 306 11 88 \/ +41 76 585 10 88 &#8221; use_icon=&#8221;on&#8221; font_icon=&#8221;&#xf879;||fa||900&#8243; icon_color=&#8221;#000000&#8243; icon_placement=&#8221;left&#8221; image_icon_width=&#8221;28px&#8221; _builder_version=&#8221;4.22.1&#8243; _module_preset=&#8221;default&#8221; link_option_url_new_window=&#8221;on&#8221; global_colors_info=&#8221;{}&#8221;][\/et_pb_blurb][\/et_pb_column][et_pb_column type=&#8221;1_3&#8243; _builder_version=&#8221;4.21.2&#8243; _module_preset=&#8221;default&#8221; global_colors_info=&#8221;{}&#8221;][et_pb_blurb icon_placement=&#8221;left&#8221; image_icon_width=&#8221;28px&#8221; _builder_version=&#8221;4.22.1&#8243; _module_preset=&#8221;default&#8221; link_option_url_new_window=&#8221;on&#8221; content_en_gb=&#8221;<\/p>\n<h2>Guide<\/h2>\n<p>&#8221; content_de_de=&#8221;<\/p>\n<h2>Begleitung<\/h2>\n<p>&#8221; global_colors_info=&#8221;{}&#8221;]<\/p>\n<h2>Accompagnement<\/h2>\n<p>[\/et_pb_blurb][et_pb_blurb title=&#8221;Cheseaux Gaylord&#8221; use_icon=&#8221;on&#8221; font_icon=&#8221;&#xf007;||fa||400&#8243; icon_color=&#8221;#000000&#8243; icon_placement=&#8221;left&#8221; image_icon_width=&#8221;28px&#8221; _builder_version=&#8221;4.22.1&#8243; _module_preset=&#8221;default&#8221; link_option_url_new_window=&#8221;on&#8221; global_colors_info=&#8221;{}&#8221;][\/et_pb_blurb][et_pb_blurb title=&#8221;Guide de montagne &#8221; use_icon=&#8221;on&#8221; font_icon=&#8221;&#xf6fc;||fa||900&#8243; icon_color=&#8221;#000000&#8243; icon_placement=&#8221;left&#8221; image_icon_width=&#8221;28px&#8221; _builder_version=&#8221;4.22.1&#8243; _module_preset=&#8221;default&#8221; link_option_url_new_window=&#8221;on&#8221; global_colors_info=&#8221;{}&#8221;][\/et_pb_blurb][et_pb_blurb title=&#8221;+41 79 639 93 57 &#8221; use_icon=&#8221;on&#8221; font_icon=&#8221;&#xf879;||fa||900&#8243; icon_color=&#8221;#000000&#8243; icon_placement=&#8221;left&#8221; image_icon_width=&#8221;28px&#8221; _builder_version=&#8221;4.22.1&#8243; _module_preset=&#8221;default&#8221; link_option_url_new_window=&#8221;on&#8221; global_colors_info=&#8221;{}&#8221;][\/et_pb_blurb][\/et_pb_column][et_pb_column type=&#8221;1_3&#8243; _builder_version=&#8221;4.21.2&#8243; _module_preset=&#8221;default&#8221; global_colors_info=&#8221;{}&#8221;][et_pb_blurb icon_placement=&#8221;left&#8221; image_icon_width=&#8221;28px&#8221; _builder_version=&#8221;4.23.1&#8243; _module_preset=&#8221;default&#8221; link_option_url_new_window=&#8221;on&#8221; hover_enabled=&#8221;0&#8243; content_en_gb=&#8221;<\/p>\n<h2>Guide<\/h2>\n<p>&#8221; content_de_de=&#8221;<\/p>\n<h2>Begleitung<\/h2>\n<p>&#8221; global_colors_info=&#8221;{}&#8221; sticky_enabled=&#8221;0&#8243;]<\/p>\n<h2>Accompagnement<\/h2>\n<p>[\/et_pb_blurb][et_pb_blurb title=&#8221;Dylan Tramaux&#8221; use_icon=&#8221;on&#8221; font_icon=&#8221;&#xf007;||fa||400&#8243; icon_color=&#8221;#000000&#8243; icon_placement=&#8221;left&#8221; image_icon_width=&#8221;28px&#8221; _builder_version=&#8221;4.23.1&#8243; _module_preset=&#8221;default&#8221; link_option_url_new_window=&#8221;on&#8221; hover_enabled=&#8221;0&#8243; global_colors_info=&#8221;{}&#8221; sticky_enabled=&#8221;0&#8243;][\/et_pb_blurb][et_pb_blurb title=&#8221;Aspirant Guide ASGM&#8221; use_icon=&#8221;on&#8221; font_icon=&#8221;&#xf6fc;||fa||900&#8243; icon_color=&#8221;#000000&#8243; icon_placement=&#8221;left&#8221; image_icon_width=&#8221;28px&#8221; _builder_version=&#8221;4.23.1&#8243; _module_preset=&#8221;default&#8221; link_option_url_new_window=&#8221;on&#8221; hover_enabled=&#8221;0&#8243; global_colors_info=&#8221;{}&#8221; min_height=&#8221;26px&#8221; sticky_enabled=&#8221;0&#8243;][\/et_pb_blurb][et_pb_blurb title=&#8221;+41 79 906 13 88&#8243; use_icon=&#8221;on&#8221; font_icon=&#8221;&#xf879;||fa||900&#8243; icon_color=&#8221;#000000&#8243; icon_placement=&#8221;left&#8221; image_icon_width=&#8221;28px&#8221; _builder_version=&#8221;4.23.1&#8243; _module_preset=&#8221;default&#8221; link_option_url_new_window=&#8221;on&#8221; hover_enabled=&#8221;0&#8243; global_colors_info=&#8221;{}&#8221; sticky_enabled=&#8221;0&#8243;][\/et_pb_blurb][\/et_pb_column][\/et_pb_row][\/et_pb_section]<\/p>\n","protected":false},"excerpt":{"rendered":"<p>Via ferrataLa Via Farinetta Trac\u00e9e dans les gorges sauvages et myst\u00e9rieuses de la Salentze, partant de sources d&#8217;eau thermale, la via Farinetta met en valeur les ressources naturelles et culturelles [&hellip;]<\/p>\n","protected":false},"author":1,"featured_media":0,"parent":0,"menu_order":72,"comment_status":"closed","ping_status":"closed","template":"","meta":{"_et_pb_use_builder":"on","_et_pb_old_content":"","_et_gb_content_width":"","_monsterinsights_skip_tracking":false,"_monsterinsights_sitenote_active":false,"_monsterinsights_sitenote_note":"","_monsterinsights_sitenote_category":0,"footnotes":""},"dipi_cpt_category":[],"class_list":["post-32562","page","type-page","status-publish","hentry"],"_links":{"self":[{"href":"https:\/\/www.ovronnaz.ch\/en\/wp-json\/wp\/v2\/pages\/32562","targetHints":{"allow":["GET"]}}],"collection":[{"href":"https:\/\/www.ovronnaz.ch\/en\/wp-json\/wp\/v2\/pages"}],"about":[{"href":"https:\/\/www.ovronnaz.ch\/en\/wp-json\/wp\/v2\/types\/page"}],"author":[{"embeddable":true,"href":"https:\/\/www.ovronnaz.ch\/en\/wp-json\/wp\/v2\/users\/1"}],"replies":[{"embeddable":true,"href":"https:\/\/www.ovronnaz.ch\/en\/wp-json\/wp\/v2\/comments?post=32562"}],"version-history":[{"count":1,"href":"https:\/\/www.ovronnaz.ch\/en\/wp-json\/wp\/v2\/pages\/32562\/revisions"}],"predecessor-version":[{"id":37578,"href":"https:\/\/www.ovronnaz.ch\/en\/wp-json\/wp\/v2\/pages\/32562\/revisions\/37578"}],"wp:attachment":[{"href":"https:\/\/www.ovronnaz.ch\/en\/wp-json\/wp\/v2\/media?parent=32562"}],"wp:term":[{"taxonomy":"dipi_cpt_category","embeddable":true,"href":"https:\/\/www.ovronnaz.ch\/en\/wp-json\/wp\/v2\/dipi_cpt_category?post=32562"}],"curies":[{"name":"wp","href":"https:\/\/api.w.org\/{rel}","templated":true}]}}