{"id":31909,"date":"2023-08-25T12:31:40","date_gmt":"2023-08-25T10:31:40","guid":{"rendered":"http:\/\/www.ovronnaz.ch\/?page_id=31909"},"modified":"2026-03-26T15:19:46","modified_gmt":"2026-03-26T14:19:46","slug":"places-de-pique-nique","status":"publish","type":"page","link":"https:\/\/www.ovronnaz.ch\/en\/places-de-pique-nique\/","title":{"rendered":"Places de pique-nique"},"content":{"rendered":"<p>[et_pb_section fb_built=&#8221;1&#8243; fullwidth=&#8221;on&#8221; _builder_version=&#8221;4.21.0&#8243; _module_preset=&#8221;default&#8221; global_colors_info=&#8221;{}&#8221;][et_pb_fullwidth_slider _builder_version=&#8221;4.22.2&#8243; _module_preset=&#8221;default&#8221; global_colors_info=&#8221;{}&#8221;][et_pb_slide _builder_version=&#8221;4.22.2&#8243; _module_preset=&#8221;default&#8221; background_image=&#8221;https:\/\/www.ovronnaz.ch\/wp-content\/uploads\/2023\/09\/Pique-nique-et-Tita-Seri.jpg&#8221; background_enable_image=&#8221;on&#8221; global_colors_info=&#8221;{}&#8221; sticky_transition=&#8221;on&#8221;][\/et_pb_slide][\/et_pb_fullwidth_slider][\/et_pb_section][et_pb_section fb_built=&#8221;1&#8243; _builder_version=&#8221;4.21.0&#8243; _module_preset=&#8221;default&#8221; global_colors_info=&#8221;{}&#8221;][et_pb_row _builder_version=&#8221;4.21.0&#8243; _module_preset=&#8221;default&#8221; global_colors_info=&#8221;{}&#8221;][et_pb_column type=&#8221;4_4&#8243; _builder_version=&#8221;4.21.0&#8243; _module_preset=&#8221;default&#8221; global_colors_info=&#8221;{}&#8221;][et_pb_text _builder_version=&#8221;4.22.2&#8243; _module_preset=&#8221;default&#8221; content_en_gb=&#8221;<\/p>\n<h1>Picnic areas<\/h1>\n<p>&#8221; content_de_de=&#8221;<\/p>\n<h1>Picknickpl\u00e4tze<\/h1>\n<p>&#8221; global_colors_info=&#8221;{}&#8221;]<\/p>\n<h1>Places de pique-nique<\/h1>\n<p>[\/et_pb_text][\/et_pb_column][\/et_pb_row][et_pb_row _builder_version=&#8221;4.21.0&#8243; _module_preset=&#8221;default&#8221; global_colors_info=&#8221;{}&#8221;][et_pb_column type=&#8221;4_4&#8243; _builder_version=&#8221;4.21.0&#8243; _module_preset=&#8221;default&#8221; global_colors_info=&#8221;{}&#8221;][et_pb_text _builder_version=&#8221;4.27.6&#8243; _module_preset=&#8221;default&#8221; hover_enabled=&#8221;0&#8243; content_en_gb=&#8221;<\/p>\n<p style=%22text-align: justify;%22>In summer, there are several picnic areas.<\/p>\n<p style=%22text-align: justify;%22><strong>Place de Tourbillon :<\/strong> in the forest above the resort of Ovronnaz, the Place de Tourbillon is equipped with tables and benches.<\/p>\n<p style=%22text-align: justify;%22><strong>On the Chemin de Loutze :<\/strong> several tables and benches. A barbecue area is available on the path leading up to Loutze.<\/p>\n<p style=%22text-align: justify;%22><strong>Plan Pass\u00e9 :<\/strong> several tables and benches. Grill available.<\/p>\n<p style=%22text-align: justify;%22><strong>Odonne :<\/strong> below the Odonne mountain pasture (1597 m), around ten seats and a grill with wood available.<\/p>\n<p style=%22text-align: justify;%22><strong>La Seya :<\/strong> two tables await you at the summit of the Croix (2182 m) on the %22Mille Fleurs%22 educational trail.<\/p>\n<p style=%22text-align: justify;%22><strong>Patiers :<\/strong> the table and grill are very popular with families who follow the %22Lucky Luke%22 educational trail in the resort.<\/p>\n<p style=%22text-align: justify;%22><strong>La Fieudi\u00e8re or Cabane des Bucherons :<\/strong> Picnic spot with covered area. Tables and grills are available in a beautiful grassy area in the middle of the forest. Take the road towards Chiboz. At the junction, turn right and the covered area will be visible on your right.<\/p>\n<p style=%22text-align: justify;%22><strong>Tzateillon, Mayens-de-Chamoson :<\/strong> eight tables, two grills and two fountains make this meadow an ideal spot for all the family.<\/p>\n<p style=%22text-align: justify;%22>During the summer, the grills cannot be used if the municipality is under a fire ban.<\/p>\n<p style=%22text-align: justify;%22>In winter, these areas are covered in snow. It is of course possible to picnic in the snow, along the ski slopes or footpaths, as long as no trace is left behind.<\/p>\n<p>&#8221; content_de_de=&#8221;<\/p>\n<p>Im Sommer sind mehrere Pl\u00e4tze f\u00fcr ein Picknick eingerichtet.<\/p>\n<p style=%22text-align: justify;%22><strong>Place de Tourbillon :<\/strong> Im Wald, oberhalb des Ferienortes Ovronnaz, ist der Place de Tourbillon mit Tischen und B\u00e4nken ausgestattet.<\/p>\n<p style=%22text-align: justify;%22><strong>Auf dem Weg nach Loutze :<\/strong> mehrere Tische und B\u00e4nke. Auf dem Kletterpfad nach Loutze steht ein Grillplatz zur Verf\u00fcgung.<\/p>\n<p style=%22text-align: justify;%22><strong>Plan Pass\u00e9 :<\/strong> Mehrere Tische und B\u00e4nke. Grillplatz steht zur Verf\u00fcgung.<\/p>\n<p style=%22text-align: justify;%22><strong>Odonne :<\/strong> Unterhalb der Alpe d&#8217;Odonne (1597 m) stehen etwa zehn Sitzpl\u00e4tze und ein Grillplatz mit Holz zur Verf\u00fcgung.<\/p>\n<p style=%22text-align: justify;%22><strong>La Seya :<\/strong> Zwei Tische erwarten Sie auf dem Gipfel des Kreuzes (2182 m) auf dem Lehrpfad %22Mille Fleurs%22.<\/p>\n<p style=%22text-align: justify;%22><strong>Patiers :<\/strong> Der Tisch und der Grill sind bei Familien, die den Lehrpfad %22Lucky Luke%22 im Ort durchlaufen, sehr beliebt.<\/p>\n<p style=%22text-align: justify;%22><strong>La Fieudi\u00e8re oder Cabane des Bucherons :<\/strong> Picknickplatz mit ebenfalls einem \u00fcberdachten Bereich. Tische und Grills stehen in einer sch\u00f6nen grasbewachsenen Zone mitten im Wald zur Verf\u00fcgung. Nehmen Sie die Stra\u00dfe in Richtung Chiboz, an der Kreuzung biegen Sie rechts ab, die \u00dcberdachung wird auf Ihrer rechten Seite sichtbar sein.<\/p>\n<p style=%22text-align: justify;%22><strong>Tzateillon, Mayens-de-Chamoson :<\/strong> Acht Tische, zwei Grills und zwei Brunnen machen diese Wiese zu einem idealen Ort f\u00fcr die ganze Familie.<\/p>\n<p style=%22text-align: justify;%22>W\u00e4hrend des Sommers k\u00f6nnen die Grills nicht benutzt werden, wenn in der Gemeinde ein Feuerverbot herrscht.<\/p>\n<p style=%22text-align: justify;%22>W\u00e4hrend des Winters sind diese Pl\u00e4tze mit Schnee bedeckt. Nat\u00fcrlich ist es auch m\u00f6glich, neben Skipisten oder Wanderwegen im Schnee zu picknicken, wenn man keine Spuren hinterl\u00e4sst.<\/p>\n<p>&#8221; global_colors_info=&#8221;{}&#8221; sticky_enabled=&#8221;0&#8243;]<\/p>\n<p>En \u00e9t\u00e9, plusieurs places sont am\u00e9nag\u00e9es pour le pique-nique:<\/p>\n<ul>\n<li style=\"text-align: justify;\"><a href=\"https:\/\/maps.app.goo.gl\/WXCeW32AEYqeuZPY6\" target=\"_blank\" rel=\"noopener\"><strong>Place de Tourbillon<span>\u00a0<\/span><\/strong><\/a>: en for\u00eat, sur les hauts de la station d\u2019Ovronnaz, la place de Tourbillon est \u00e9quip\u00e9e de tables et de bancs.<\/li>\n<li style=\"text-align: justify;\"><strong><a href=\"https:\/\/map.schweizmobil.ch\/?lang=fr&amp;photos=yes&amp;logo=yes&amp;detours=yes&amp;season=summer&amp;bgLayer=pk&amp;resolution=2.28&amp;E=2579027&amp;N=1117274&amp;trackId=509032837\" target=\"_blank\" rel=\"noopener\">Sur le chemin de Loutze<\/a>\u00a0<\/strong>: plusieurs tables et bancs. Place de grillade \u00e0 disposition sur le sentier grimpant \u00e0 Loutze.<\/li>\n<li style=\"text-align: justify;\"><strong><a href=\"https:\/\/map.schweizmobil.ch\/?lang=fr&amp;photos=yes&amp;logo=yes&amp;detours=yes&amp;season=summer&amp;bgLayer=pk&amp;resolution=1&amp;E=2578360&amp;N=1116990&amp;trackId=234150853\" target=\"_blank\" rel=\"noopener\">Plan Pass\u00e9<\/a>\u00a0<\/strong>: plusieurs tables et bancs. Place de grillade \u00e0 disposition.<\/li>\n<li style=\"text-align: justify;\"><strong><a href=\"https:\/\/map.schweizmobil.ch\/?lang=fr&amp;photos=yes&amp;logo=yes&amp;detours=yes&amp;season=summer&amp;bgLayer=pk&amp;resolution=1&amp;E=2578311&amp;N=1116774&amp;trackId=1874928250\" target=\"_blank\" rel=\"noopener\">Odonne<\/a><span>\u00a0<\/span><\/strong>: au-dessous de l\u2019alpage d\u2019Odonne (1597 m), une dizaine de places assises et un grill avec bois \u00e0 disposition<\/li>\n<li style=\"text-align: justify;\"><strong><a href=\"https:\/\/map.schweizmobil.ch\/?lang=fr&amp;photos=yes&amp;logo=yes&amp;detours=yes&amp;season=summer&amp;bgLayer=pk&amp;resolution=2.22&amp;E=2577536&amp;N=1115988&amp;trackId=716803549\" target=\"_blank\" rel=\"noopener\">La Seya<\/a><span>\u00a0<\/span><\/strong>: deux tables vous attendent au sommet de la Croix (2182 m) sur le sentier didactique \u00ab\u00a0Mille Fleurs\u00a0\u00bb.<\/li>\n<li style=\"text-align: justify;\"><strong><a href=\"https:\/\/map.schweizmobil.ch\/?lang=fr&amp;photos=yes&amp;logo=yes&amp;detours=yes&amp;season=summer&amp;bgLayer=pk&amp;resolution=2.22&amp;E=2579414&amp;N=1117177&amp;trackId=2014985730\" target=\"_blank\" rel=\"noopener\">Patiers<\/a><span>\u00a0<\/span><\/strong>: la table et le grill sont fort appr\u00e9ci\u00e9s des familles qui parcourent le sentier didactique \u00ab\u00a0Lucky Luke\u00a0\u00bb en station.<\/li>\n<li style=\"text-align: justify;\"><strong><a href=\"https:\/\/map.schweizmobil.ch\/?lang=fr&amp;photos=yes&amp;logo=yes&amp;detours=yes&amp;season=summer&amp;bgLayer=pk&amp;resolution=2.22&amp;E=2579079&amp;N=1115433&amp;trackId=374581401\" target=\"_blank\" rel=\"noopener\">La Fieudi\u00e8re ou Cabane des Bucherons<\/a><span>\u00a0<\/span><\/strong>: Lieu de pique nique avec \u00e9galement un espace couvert. Tables et grilles sont \u00e0 disposition dans une belle zone herb\u00e9e en milieu de for\u00eat. Prendre la route en direction de Chiboz, \u00e0 l\u2019intersection, prenez \u00e0 droite, le couvert sera visible sur votre droite.<\/li>\n<li style=\"text-align: justify;\"><strong><a href=\"https:\/\/maps.app.goo.gl\/DVg1mWVtH55b9HpW9\" target=\"_blank\" rel=\"noopener\">Tzateillon, Mayens-de-Chamoson<\/a>\u00a0<\/strong>: huit tables, deux grills et deux fontaines font de cette prairie un endroit id\u00e9al pour toute la famille.<\/li>\n<\/ul>\n<p><strong>Durant l\u2019\u00e9t\u00e9<\/strong>, les grills ne peuvent pas \u00eatre utilis\u00e9s si la commune est sous une interdiction de feu.<\/p>\n<p><strong>Durant l\u2019hiver<\/strong>, ces places sont recouvertes de neige. Il est \u00e9videmment possible de pique-niquer dans la neige, aux abords des pistes de skis ou des chemins p\u00e9destres, si l\u2019on ne laisse aucune trace de son passage.<\/p>\n<p>[\/et_pb_text][\/et_pb_column][\/et_pb_row][et_pb_row _builder_version=&#8221;4.22.1&#8243; _module_preset=&#8221;default&#8221; global_colors_info=&#8221;{}&#8221;][et_pb_column type=&#8221;4_4&#8243; _builder_version=&#8221;4.22.1&#8243; _module_preset=&#8221;default&#8221; global_colors_info=&#8221;{}&#8221;][et_pb_image src=&#8221;https:\/\/www.ovronnaz.ch\/wp-content\/uploads\/2023\/09\/Pique-nique-3-scaled.jpg&#8221; title_text=&#8221;Pique-nique (3)&#8221; _builder_version=&#8221;4.22.2&#8243; _module_preset=&#8221;default&#8221; background_image=&#8221;https:\/\/www.ovronnaz.ch\/wp-content\/uploads\/2023\/08\/place-de-picnique.jpg&#8221; global_colors_info=&#8221;{}&#8221;][\/et_pb_image][\/et_pb_column][\/et_pb_row][\/et_pb_section][et_pb_section fb_built=&#8221;1&#8243; _builder_version=&#8221;4.22.2&#8243; _module_preset=&#8221;default&#8221; global_colors_info=&#8221;{}&#8221;][\/et_pb_section]<\/p>\n","protected":false},"excerpt":{"rendered":"<p>Places de pique-niqueEn \u00e9t\u00e9, plusieurs places sont am\u00e9nag\u00e9es pour le pique-nique: Place de Tourbillon\u00a0: en for\u00eat, sur les hauts de la station d\u2019Ovronnaz, la place de Tourbillon est \u00e9quip\u00e9e de [&hellip;]<\/p>\n","protected":false},"author":2,"featured_media":0,"parent":0,"menu_order":57,"comment_status":"closed","ping_status":"closed","template":"","meta":{"_et_pb_use_builder":"on","_et_pb_old_content":"","_et_gb_content_width":"","_monsterinsights_skip_tracking":false,"_monsterinsights_sitenote_active":false,"_monsterinsights_sitenote_note":"","_monsterinsights_sitenote_category":0,"footnotes":""},"dipi_cpt_category":[],"class_list":["post-31909","page","type-page","status-publish","hentry"],"_links":{"self":[{"href":"https:\/\/www.ovronnaz.ch\/en\/wp-json\/wp\/v2\/pages\/31909","targetHints":{"allow":["GET"]}}],"collection":[{"href":"https:\/\/www.ovronnaz.ch\/en\/wp-json\/wp\/v2\/pages"}],"about":[{"href":"https:\/\/www.ovronnaz.ch\/en\/wp-json\/wp\/v2\/types\/page"}],"author":[{"embeddable":true,"href":"https:\/\/www.ovronnaz.ch\/en\/wp-json\/wp\/v2\/users\/2"}],"replies":[{"embeddable":true,"href":"https:\/\/www.ovronnaz.ch\/en\/wp-json\/wp\/v2\/comments?post=31909"}],"version-history":[{"count":7,"href":"https:\/\/www.ovronnaz.ch\/en\/wp-json\/wp\/v2\/pages\/31909\/revisions"}],"predecessor-version":[{"id":45372,"href":"https:\/\/www.ovronnaz.ch\/en\/wp-json\/wp\/v2\/pages\/31909\/revisions\/45372"}],"wp:attachment":[{"href":"https:\/\/www.ovronnaz.ch\/en\/wp-json\/wp\/v2\/media?parent=31909"}],"wp:term":[{"taxonomy":"dipi_cpt_category","embeddable":true,"href":"https:\/\/www.ovronnaz.ch\/en\/wp-json\/wp\/v2\/dipi_cpt_category?post=31909"}],"curies":[{"name":"wp","href":"https:\/\/api.w.org\/{rel}","templated":true}]}}