{"id":30913,"date":"2023-08-17T21:03:07","date_gmt":"2023-08-17T19:03:07","guid":{"rendered":"http:\/\/www.ovronnaz.ch\/?page_id=30913"},"modified":"2026-03-20T17:05:51","modified_gmt":"2026-03-20T16:05:51","slug":"mini-zoo-de-jorasse","status":"publish","type":"page","link":"https:\/\/www.ovronnaz.ch\/en\/mini-zoo-de-jorasse\/","title":{"rendered":"Mini zoo de Jorasse"},"content":{"rendered":"<p>[et_pb_section fb_built=&#8221;1&#8243; fullwidth=&#8221;on&#8221; _builder_version=&#8221;4.22.1&#8243; _module_preset=&#8221;default&#8221; max_height=&#8221;100%&#8221; max_height_tablet=&#8221;&#8221; max_height_phone=&#8221;&#8221; max_height_last_edited=&#8221;on|desktop&#8221; global_colors_info=&#8221;{}&#8221;][et_pb_fullwidth_slider admin_label=&#8221;Curseur de d\u00e9filement plein \u00e9cran&#8221; _builder_version=&#8221;4.22.2&#8243; _module_preset=&#8221;default&#8221; global_colors_info=&#8221;{}&#8221;][et_pb_slide _builder_version=&#8221;4.22.2&#8243; _module_preset=&#8221;default&#8221; background_enable_color=&#8221;off&#8221; background_image=&#8221;https:\/\/www.ovronnaz.ch\/wp-content\/uploads\/2023\/08\/df19a591-8741-4037-aa5a-40e8d6d783b4_rw_1920.jpg&#8221; background_enable_image=&#8221;on&#8221; background_position=&#8221;top_center&#8221; background_vertical_offset=&#8221;32%&#8221; global_colors_info=&#8221;{}&#8221; sticky_transition=&#8221;on&#8221;][\/et_pb_slide][\/et_pb_fullwidth_slider][\/et_pb_section][et_pb_section fb_built=&#8221;1&#8243; _builder_version=&#8221;4.21.0&#8243; _module_preset=&#8221;default&#8221; global_colors_info=&#8221;{}&#8221;][et_pb_row _builder_version=&#8221;4.21.0&#8243; _module_preset=&#8221;default&#8221; global_colors_info=&#8221;{}&#8221;][et_pb_column type=&#8221;4_4&#8243; _builder_version=&#8221;4.21.0&#8243; _module_preset=&#8221;default&#8221; global_colors_info=&#8221;{}&#8221;][et_pb_text _builder_version=&#8221;4.22.2&#8243; _module_preset=&#8221;default&#8221; content_en_gb=&#8221;<\/p>\n<h1>JORASSE MINI ZOO<\/h1>\n<p>&#8221; content_de_de=&#8221;<\/p>\n<h1>MINI ZOO VON JORASSE<\/h1>\n<p>&#8221; global_colors_info=&#8221;{}&#8221;]<\/p>\n<h1>Mini zoo de Jorasse<\/h1>\n<p>[\/et_pb_text][et_pb_text _builder_version=&#8221;4.27.6&#8243; _module_preset=&#8221;default&#8221; hover_enabled=&#8221;0&#8243; content_en_gb=&#8221;<\/p>\n<p>During summer, farm animals enjoy the fresh air at Jorasse, at an altitude of 2000 m. Geese, chickens, rabbits, goats and sheep delight the little ones. Alpacas and ponies are waiting for you: come and visit them!<\/p>\n<p>T\u00e9l\u00e9ovronnaz accepts no responsibility for the animals or the walks.<\/p>\n<p>&#8221; content_de_de=&#8221;<\/p>\n<p>Im Sommer, die Tiere auf dem Bauernhof schnuppern in Jorasse auf 2000 m H\u00f6he frische Luft. G\u00e4nse, H\u00fchner, Kaninchen, Ziegen und Schafe bringen die Kleinsten zum Staunen. Alpakas und Ponys warten auf Sie: Besuchen Sie sie!<\/p>\n<p>T\u00e9l\u00e9ovronnaz lehnt jede Verantwortung mit den Tieren und bei den Spazierg\u00e4ngen ab.<\/p>\n<p>&#8221; global_colors_info=&#8221;{}&#8221; sticky_enabled=&#8221;0&#8243;]<\/p>\n<p>Durant l&#8217;\u00e9t\u00e9, les animaux de la ferme prennent l\u2019air frais \u00e0 Jorasse \u00e0 2000 m d\u2019altitude. Poules, lapins et ch\u00e8vres \u00e9merveillent les plus petits. Alpagas, \u00e2nes et poneys vous attendent : venez leur rendre visite !<\/p>\n<p>T\u00e9l\u00e9ovronnaz d\u00e9cline toute responsabilit\u00e9 avec les animaux et lors des promenades.<\/p>\n<p>[\/et_pb_text][\/et_pb_column][\/et_pb_row][et_pb_row _builder_version=&#8221;4.22.1&#8243; _module_preset=&#8221;default&#8221; custom_padding=&#8221;||0px||false|false&#8221; locked=&#8221;off&#8221; global_colors_info=&#8221;{}&#8221;][et_pb_column type=&#8221;4_4&#8243; _builder_version=&#8221;4.21.0&#8243; _module_preset=&#8221;default&#8221; global_colors_info=&#8221;{}&#8221;][et_pb_text _builder_version=&#8221;4.22.2&#8243; _module_preset=&#8221;default&#8221; content_en_gb=&#8221;<\/p>\n<h2>Visits &#038; walks<\/h2>\n<p>&#8221; content_de_de=&#8221;<\/p>\n<h2>Besichtigungen &#038; Spazierg\u00e4nge<\/h2>\n<p>&#8221; global_colors_info=&#8221;{}&#8221;]<\/p>\n<h2>Visite &amp; balades<\/h2>\n<p>[\/et_pb_text][et_pb_text _builder_version=&#8221;4.27.4&#8243; _module_preset=&#8221;default&#8221; content_en_gb=&#8221;<\/p>\n<div class=%22wpb_text_column wpb_content_element %22>\n<div class=%22wpb_wrapper%22>\n<p>Ponies are available for free rides on their backs in fine weather.<\/p>\n<p><strong>10.00 am-11.45 am and 2 pm-3.30 pm during school holidays and weekends<br \/><\/strong><\/p>\n<p>For children, under the responsibility of their parents, who will accompany them on foot for the duration of the ride (approximately 10 minutes).<\/p>\n<\/div>\n<\/div>\n<p>&#8221; content_de_de=&#8221;<\/p>\n<div class=%22wpb_text_column wpb_content_element %22>\n<div class=%22wpb_wrapper%22>\n<p>Bei sch\u00f6nem Wetter stehen Ponys f\u00fcr kostenlose kleine Ausritte auf ihren R\u00fccken zur Verf\u00fcgung.<\/p>\n<p><strong>10.00-11.45 Uhr und 14.00-15.30 Uhr w\u00e4hrend der Schulferien und an Wochenenden<br \/><\/strong><\/p>\n<p>F\u00fcr Kinder unter der Verantwortung der Eltern, die sie w\u00e4hrend des gesamten Spaziergangs von etwa 10 Minuten zu Fu\u00df begleiten.<\/p>\n<\/div>\n<\/div>\n<div class=%22wpb_text_column wpb_content_element %22>\n<div class=%22wpb_wrapper%22>\n<div class=%22wpb_text_column wpb_content_element %22>\n<div class=%22wpb_wrapper%22>\n<\/div>\n<\/div>\n<\/div>\n<\/div>\n<p>&#8221; global_colors_info=&#8221;{}&#8221;]<\/p>\n<p>Des poneys sont disponibles gratuitement, pour de petites balades sur leur dos, par beau temps.<\/p>\n<p><strong>10h00-11h45 et 14h00-15h30 durant les vacances scolaires et les week-ends<br \/><\/strong><\/p>\n<p>R\u00e9serv\u00e9es aux enfants, d&#8217;une dur\u00e9e d&#8217;environ 10 minutes. Sous la responsabilit\u00e9 des parents, qui les accompagnent \u00e0 pied tout au long de la balade.<\/p>\n<p>[\/et_pb_text][\/et_pb_column][\/et_pb_row][et_pb_row _builder_version=&#8221;4.22.1&#8243; _module_preset=&#8221;default&#8221; custom_padding=&#8221;||0px||false|false&#8221; locked=&#8221;off&#8221; global_colors_info=&#8221;{}&#8221;][et_pb_column type=&#8221;4_4&#8243; _builder_version=&#8221;4.21.0&#8243; _module_preset=&#8221;default&#8221; global_colors_info=&#8221;{}&#8221;][et_pb_text _builder_version=&#8221;4.22.2&#8243; _module_preset=&#8221;default&#8221; content_en_gb=&#8221;<\/p>\n<h2>Timetable<\/h2>\n<p>&#8221; content_de_de=&#8221;<\/p>\n<h2>\u00d6ffnungszeiten<\/h2>\n<p>&#8221; global_colors_info=&#8221;{}&#8221;]<\/p>\n<h2>Horaires<\/h2>\n<p>[\/et_pb_text][et_pb_text _builder_version=&#8221;4.27.4&#8243; _module_preset=&#8221;default&#8221; content_en_gb=&#8221;<\/p>\n<div class=%22wpb_text_column wpb_content_element %22>\n<div class=%22wpb_wrapper%22>\n<p>The mini zoo is open to visitors from the end of June until the animals come down in October (depending on weather conditions).<\/p>\n<p>Pony rides take place during the summer school holidays and at weekends.<\/p>\n<p>The mini zoo is closed in bad weather (+41 27 306 35 53).<\/p>\n<\/div>\n<\/div>\n<p>&#8221; content_de_de=&#8221;<\/p>\n<div class=%22wpb_text_column wpb_content_element %22>\n<div class=%22wpb_wrapper%22>\n<p>Der Minizoo ist von Ende Juni bis zum Auszug der Tiere im Oktober frei zug\u00e4nglich (wetterabh\u00e4ngig).<\/p>\n<p>Ponyreiten findet w\u00e4hrend der Schulferien im Sommer und an den Wochenenden statt.<\/p>\n<p>Bei schlechtem Wetter ist der Mini-Zoo geschlossen (+41 27 306 35 53).<\/p>\n<\/div>\n<\/div>\n<div class=%22wpb_text_column wpb_content_element %22>\n<div class=%22wpb_wrapper%22>\n<div class=%22wpb_text_column wpb_content_element %22>\n<div class=%22wpb_wrapper%22>\n<\/div>\n<\/div>\n<\/div>\n<\/div>\n<p>&#8221; global_colors_info=&#8221;{}&#8221;]<\/p>\n<p>Le mini zoo est en libre acc\u00e8s d\u00e8s la fin juin jusqu&#8217;\u00e0 la descente des animaux en octobre (selon les conditions climatiques).<\/p>\n<p>Les balades \u00e0 poneys ont lieu durant les vacances scolaires estivales et durant les week-ends.<\/p>\n<p>Le mini zoo est ferm\u00e9 en cas de mauvais temps (<a href=\"tel:+41273063553\">+41 27 306 35 53<\/a>)<\/p>\n<p><a href=\"https:\/\/www.ovronnaz.ch\/bulletin-du-jour\/\" target=\"_blank\" rel=\"noopener noreferrer\"><\/a><\/p>\n<p>[\/et_pb_text][\/et_pb_column][\/et_pb_row][et_pb_row _builder_version=&#8221;4.21.2&#8243; _module_preset=&#8221;default&#8221; global_colors_info=&#8221;{}&#8221;][et_pb_column type=&#8221;4_4&#8243; _builder_version=&#8221;4.21.2&#8243; _module_preset=&#8221;default&#8221; global_colors_info=&#8221;{}&#8221;][et_pb_code _builder_version=&#8221;4.21.2&#8243; _module_preset=&#8221;default&#8221; global_colors_info=&#8221;{}&#8221;]<iframe title=\"YouTube video player\" src=\"https:\/\/www.youtube.com\/embed\/2PdBoEzezKM\" width=\"560\" height=\"315\" frameborder=\"0\" allowfullscreen=\"allowfullscreen\"><\/iframe>[\/et_pb_code][dmg_masonry_gallery gallery=&#8221;34025,34026,35790,35791,35792,35793&#8243; _builder_version=&#8221;4.22.2&#8243; _module_preset=&#8221;default&#8221; global_colors_info=&#8221;{}&#8221;][\/dmg_masonry_gallery][\/et_pb_column][\/et_pb_row][et_pb_row _builder_version=&#8221;4.22.2&#8243; _module_preset=&#8221;default&#8221; global_colors_info=&#8221;{}&#8221;][et_pb_column type=&#8221;4_4&#8243; _builder_version=&#8221;4.22.2&#8243; _module_preset=&#8221;default&#8221; global_colors_info=&#8221;{}&#8221;][et_pb_text _builder_version=&#8221;4.22.2&#8243; _module_preset=&#8221;default&#8221; content_en_gb=&#8221;<\/p>\n<h2>Access<\/h2>\n<p>&#8221; content_de_de=&#8221;<\/p>\n<h2>Zugang<\/h2>\n<p>&#8221; global_colors_info=&#8221;{}&#8221;]<\/p>\n<h2>Acc\u00e8s<\/h2>\n<p>[\/et_pb_text][et_pb_text _builder_version=&#8221;4.22.2&#8243; _module_preset=&#8221;default&#8221; content_en_gb=&#8221;<\/p>\n<p>Via the Ovronnaz-Jorasse chairlift<\/p>\n<p>Free chairlift for Magic Pass holders!<\/p>\n<p>&#8221; content_de_de=&#8221;<\/p>\n<p>Mit dem Sessellift Ovronnaz-Jorasse<\/p>\n<p>Kostenloser Sessellift f\u00fcr Inhaber des Magic Pass!<\/p>\n<p>&#8221; global_colors_info=&#8221;{}&#8221;]<\/p>\n<p>Par le t\u00e9l\u00e9si\u00e8ge Ovronnaz-Jorasse<\/p>\n<p>T\u00e9l\u00e9si\u00e8ge gratuit pour les d\u00e9tenteurs du Magic Pass!<\/p>\n<p>[\/et_pb_text][\/et_pb_column][\/et_pb_row][\/et_pb_section][et_pb_section fb_built=&#8221;1&#8243; _builder_version=&#8221;4.22.1&#8243; _module_preset=&#8221;default&#8221; locked=&#8221;off&#8221; global_colors_info=&#8221;{}&#8221;][et_pb_row _builder_version=&#8221;4.22.1&#8243; _module_preset=&#8221;default&#8221; global_colors_info=&#8221;{}&#8221;][et_pb_column type=&#8221;4_4&#8243; _builder_version=&#8221;4.22.1&#8243; _module_preset=&#8221;default&#8221; global_colors_info=&#8221;{}&#8221;][et_pb_text _builder_version=&#8221;4.22.2&#8243; _module_preset=&#8221;default&#8221; content_en_gb=&#8221;<\/p>\n<h2>Contact<\/h2>\n<p>&#8221; content_de_de=&#8221;<\/p>\n<h2>Kontakt<\/h2>\n<p>&#8221; global_colors_info=&#8221;{}&#8221;]<\/p>\n<h2>Contact<\/h2>\n<p>[\/et_pb_text][\/et_pb_column][\/et_pb_row][et_pb_row column_structure=&#8221;1_2,1_2&#8243; _builder_version=&#8221;4.21.2&#8243; _module_preset=&#8221;default&#8221; locked=&#8221;off&#8221; global_colors_info=&#8221;{}&#8221;][et_pb_column type=&#8221;1_2&#8243; _builder_version=&#8221;4.21.2&#8243; _module_preset=&#8221;default&#8221; global_colors_info=&#8221;{}&#8221;][et_pb_blurb title=&#8221;info@teleovronnaz.ch&#8221; use_icon=&#8221;on&#8221; font_icon=&#8221;&#xe010;||divi||400&#8243; icon_color=&#8221;#000000&#8243; icon_placement=&#8221;left&#8221; image_icon_width=&#8221;28px&#8221; _builder_version=&#8221;4.22.1&#8243; _module_preset=&#8221;default&#8221; link_option_url=&#8221;mailto:info@teleovronnaz.ch&#8221; link_option_url_new_window=&#8221;on&#8221; global_colors_info=&#8221;{}&#8221;][\/et_pb_blurb][et_pb_blurb title=&#8221;+41 27 306 35 53&#8243; use_icon=&#8221;on&#8221; font_icon=&#8221;&#xf879;||fa||900&#8243; icon_color=&#8221;#000000&#8243; icon_placement=&#8221;left&#8221; image_icon_width=&#8221;28px&#8221; _builder_version=&#8221;4.22.1&#8243; _module_preset=&#8221;default&#8221; link_option_url_new_window=&#8221;on&#8221; global_colors_info=&#8221;{}&#8221;][\/et_pb_blurb][\/et_pb_column][et_pb_column type=&#8221;1_2&#8243; _builder_version=&#8221;4.21.2&#8243; _module_preset=&#8221;default&#8221; global_colors_info=&#8221;{}&#8221;][\/et_pb_column][\/et_pb_row][\/et_pb_section]<\/p>\n","protected":false},"excerpt":{"rendered":"<p>Mini zoo de JorasseDurant l&#8217;\u00e9t\u00e9, les animaux de la ferme prennent l\u2019air frais \u00e0 Jorasse \u00e0 2000 m d\u2019altitude. Poules, lapins et ch\u00e8vres \u00e9merveillent les plus petits. Alpagas, \u00e2nes et [&hellip;]<\/p>\n","protected":false},"author":2,"featured_media":0,"parent":0,"menu_order":47,"comment_status":"closed","ping_status":"closed","template":"","meta":{"_et_pb_use_builder":"on","_et_pb_old_content":"","_et_gb_content_width":"","_monsterinsights_skip_tracking":false,"_monsterinsights_sitenote_active":false,"_monsterinsights_sitenote_note":"","_monsterinsights_sitenote_category":0,"footnotes":""},"dipi_cpt_category":[],"class_list":["post-30913","page","type-page","status-publish","hentry"],"_links":{"self":[{"href":"https:\/\/www.ovronnaz.ch\/en\/wp-json\/wp\/v2\/pages\/30913","targetHints":{"allow":["GET"]}}],"collection":[{"href":"https:\/\/www.ovronnaz.ch\/en\/wp-json\/wp\/v2\/pages"}],"about":[{"href":"https:\/\/www.ovronnaz.ch\/en\/wp-json\/wp\/v2\/types\/page"}],"author":[{"embeddable":true,"href":"https:\/\/www.ovronnaz.ch\/en\/wp-json\/wp\/v2\/users\/2"}],"replies":[{"embeddable":true,"href":"https:\/\/www.ovronnaz.ch\/en\/wp-json\/wp\/v2\/comments?post=30913"}],"version-history":[{"count":12,"href":"https:\/\/www.ovronnaz.ch\/en\/wp-json\/wp\/v2\/pages\/30913\/revisions"}],"predecessor-version":[{"id":45325,"href":"https:\/\/www.ovronnaz.ch\/en\/wp-json\/wp\/v2\/pages\/30913\/revisions\/45325"}],"wp:attachment":[{"href":"https:\/\/www.ovronnaz.ch\/en\/wp-json\/wp\/v2\/media?parent=30913"}],"wp:term":[{"taxonomy":"dipi_cpt_category","embeddable":true,"href":"https:\/\/www.ovronnaz.ch\/en\/wp-json\/wp\/v2\/dipi_cpt_category?post=30913"}],"curies":[{"name":"wp","href":"https:\/\/api.w.org\/{rel}","templated":true}]}}