{"id":30033,"date":"2023-08-03T18:13:09","date_gmt":"2023-08-03T16:13:09","guid":{"rendered":"http:\/\/www.ovronnaz.ch\/?page_id=30033"},"modified":"2025-05-07T17:01:48","modified_gmt":"2025-05-07T15:01:48","slug":"trail","status":"publish","type":"page","link":"https:\/\/www.ovronnaz.ch\/en\/trail\/","title":{"rendered":"Trail"},"content":{"rendered":"<p>[et_pb_section fb_built=&#8221;1&#8243; fullwidth=&#8221;on&#8221; _builder_version=&#8221;4.27.4&#8243; _module_preset=&#8221;default&#8221; global_colors_info=&#8221;{}&#8221;][et_pb_fullwidth_image src=&#8221;https:\/\/www.ovronnaz.ch\/wp-content\/uploads\/2023\/08\/DJI_0043.webp&#8221; title_text=&#8221;La Seya&#8221; _builder_version=&#8221;4.27.4&#8243; _module_preset=&#8221;default&#8221; max_height=&#8221;750px&#8221; hover_enabled=&#8221;0&#8243; custom_css_main_element=&#8221; display: flex;||  flex-direction: column;||  justify-content: center;&#8221; global_colors_info=&#8221;{}&#8221; src_last_edited=&#8221;on|phone&#8221; sticky_enabled=&#8221;0&#8243; src_phone=&#8221;https:\/\/www.ovronnaz.ch\/wp-content\/uploads\/2023\/08\/DJI_0043-1024&#215;576.webp&#8221; src_tablet=&#8221;https:\/\/www.ovronnaz.ch\/wp-content\/uploads\/2023\/08\/DJI_0043.webp&#8221;][\/et_pb_fullwidth_image][\/et_pb_section][et_pb_section fb_built=&#8221;1&#8243; _builder_version=&#8221;4.21.0&#8243; _module_preset=&#8221;default&#8221; global_colors_info=&#8221;{}&#8221;][et_pb_row _builder_version=&#8221;4.21.0&#8243; _module_preset=&#8221;default&#8221; global_colors_info=&#8221;{}&#8221;][et_pb_column type=&#8221;4_4&#8243; _builder_version=&#8221;4.21.0&#8243; _module_preset=&#8221;default&#8221; global_colors_info=&#8221;{}&#8221;][et_pb_text _builder_version=&#8221;4.22.2&#8243; _module_preset=&#8221;default&#8221; content_en_gb=&#8221;<\/p>\n<h1 class=%22entry-title%22>Trail routes<\/h1>\n<p>&#8221; content_de_de=&#8221;<\/p>\n<h1 class=%22entry-title%22>Trailrouten<\/h1>\n<p>&#8221; global_colors_info=&#8221;{}&#8221;]<\/p>\n<h1 class=\"entry-title\">Itin\u00e9raires de trail<\/h1>\n<p>[\/et_pb_text][\/et_pb_column][\/et_pb_row][et_pb_row _builder_version=&#8221;4.21.0&#8243; _module_preset=&#8221;default&#8221; global_colors_info=&#8221;{}&#8221;][et_pb_column type=&#8221;4_4&#8243; _builder_version=&#8221;4.21.0&#8243; _module_preset=&#8221;default&#8221; global_colors_info=&#8221;{}&#8221;][et_pb_text _builder_version=&#8221;4.22.2&#8243; _module_preset=&#8221;default&#8221; content_en_gb=&#8221;<\/p>\n<p style=%22text-align: justify;%22><span>Explore the exciting world of mountain trail running on our website. Immerse yourself in breathtaking landscapes, test your endurance, and join a passionate community. Get ready for an unforgettable adventure in harmony with nature.<\/span><\/p>\n<p>&#8221; content_de_de=&#8221;<\/p>\n<p style=%22text-align: justify;%22><span>Entdecken Sie die aufregende Welt des Trailrunning in den Bergen auf unserer Website. Tauchen Sie ein in atemberaubende Landschaften, testen Sie Ihre Ausdauer und schlie\u00dfen Sie sich einer leidenschaftlichen Community an. Machen Sie sich bereit f\u00fcr ein unvergessliches Abenteuer im Einklang mit der Natur.<\/span><\/p>\n<p>&#8221; global_colors_info=&#8221;{}&#8221;]<\/p>\n<p style=\"text-align: justify;\"><span>Explorez le monde passionnant du trail en montagne sur notre site. Plongez dans des paysages spectaculaires et testez votre endurance et rejoignez une communaut\u00e9 passionn\u00e9e. Pr\u00e9parez-vous \u00e0 vivre une aventure inoubliable en harmonie avec la nature.<\/span><\/p>\n<p>[\/et_pb_text][\/et_pb_column][\/et_pb_row][et_pb_row _builder_version=&#8221;4.21.2&#8243; _module_preset=&#8221;default&#8221; global_colors_info=&#8221;{}&#8221;][et_pb_column type=&#8221;4_4&#8243; _builder_version=&#8221;4.21.2&#8243; _module_preset=&#8221;default&#8221; global_colors_info=&#8221;{}&#8221;][et_pb_text _builder_version=&#8221;4.21.2&#8243; _module_preset=&#8221;default&#8221; global_colors_info=&#8221;{}&#8221;]<\/p>\n<!-- Gridbuilder \u1d42\u1d3e Plugin (https:\/\/wpgridbuilder.com) -->\n<div class=\"wp-grid-builder wpgb-grid-6\" data-options=\"{&quot;id&quot;:6,&quot;type&quot;:&quot;metro&quot;,&quot;source&quot;:&quot;post_type&quot;,&quot;loader&quot;:1,&quot;layout&quot;:&quot;vertical&quot;,&quot;reveal&quot;:1,&quot;isMainQuery&quot;:0,&quot;lazyLoad&quot;:1,&quot;cardSizes&quot;:{&quot;9999&quot;:{&quot;columns&quot;:3,&quot;height&quot;:240,&quot;gutter&quot;:28,&quot;ratio&quot;:&quot;1.33333&quot;},&quot;1200&quot;:{&quot;columns&quot;:2,&quot;height&quot;:240,&quot;gutter&quot;:28,&quot;ratio&quot;:&quot;1.33333&quot;},&quot;992&quot;:{&quot;columns&quot;:2,&quot;height&quot;:220,&quot;gutter&quot;:28,&quot;ratio&quot;:&quot;1.33333&quot;},&quot;768&quot;:{&quot;columns&quot;:1,&quot;height&quot;:220,&quot;gutter&quot;:28,&quot;ratio&quot;:&quot;1.33333&quot;},&quot;576&quot;:{&quot;columns&quot;:1,&quot;height&quot;:200,&quot;gutter&quot;:28,&quot;ratio&quot;:&quot;1.33333&quot;},&quot;320&quot;:{&quot;columns&quot;:1,&quot;height&quot;:200,&quot;gutter&quot;:28,&quot;ratio&quot;:&quot;1.33333&quot;}},&quot;fitRows&quot;:0,&quot;equalRows&quot;:0,&quot;equalColumns&quot;:0,&quot;fillLastRow&quot;:0,&quot;centerLastRow&quot;:0,&quot;horizontalOrder&quot;:0,&quot;fullWidth&quot;:0,&quot;transitionDelay&quot;:100,&quot;gallerySlideshow&quot;:0,&quot;rowsNumber&quot;:1,&quot;slideAlign&quot;:&quot;left&quot;,&quot;groupCells&quot;:1,&quot;draggable&quot;:1,&quot;initialIndex&quot;:0,&quot;contain&quot;:0,&quot;freeScroll&quot;:0,&quot;freeFriction&quot;:&quot;0.075&quot;,&quot;friction&quot;:&quot;0.285&quot;,&quot;attraction&quot;:&quot;0.025&quot;,&quot;autoPlay&quot;:0,&quot;pageDotAriaLabel&quot;:&quot;Page dot %d&quot;,&quot;isPreview&quot;:false,&quot;isGutenberg&quot;:false,&quot;rightToLeft&quot;:false}\"><div class=\"wpgb-svg-icons\" hidden>\n\t<svg viewBox=\"0 0 120 24\" width=\"0\" height=\"0\">\n\t<defs>\n        <polygon id=\"wpgb-star-svg\" points=\"12 2.5 15.1 8.8 22 9.8 17 14.6 18.2 21.5 12 18.3 5.8 21.5 7 14.6 2 9.8 8.9 8.8\"><\/polygon>\n    <\/defs>\n    <symbol id=\"wpgb-rating-stars-svg\">\n        <use xlink:href=\"#wpgb-star-svg\"><\/use>\n        <use xlink:href=\"#wpgb-star-svg\" x=\"24\"><\/use>\n        <use xlink:href=\"#wpgb-star-svg\" x=\"48\"><\/use>\n        <use xlink:href=\"#wpgb-star-svg\" x=\"72\"><\/use>\n        <use xlink:href=\"#wpgb-star-svg\" x=\"96\"><\/use>\n    <\/symbol>\n<\/svg>\n<\/div>\n<div class=\"wpgb-wrapper\">\n\t<div class=\"wpgb-main\">\n\t<div class=\"wpgb-area wpgb-area-top-2\">\n\t<div class=\"wpgb-facet wpgb-loading wpgb-facet-4\" data-facet=\"4\" data-grid=\"6\"><\/div><\/div>\n<div class=\"wpgb-layout\">\n\t<div class=\"wpgb-viewport\">\n\t\t<div class=\"wpgb-metro\">\n\t\t\t<article class=\"wpgb-card wpgb-card-22 wpgb-post-30973 wpgb-card-hidden\" data-col=\"1\" data-row=\"1\" data-format=\"standard\" data-fluid><div class=\"wpgb-card-wrapper\"><div class=\"wpgb-card-inner\" data-action><div class=\"wpgb-card-media wpgb-scheme-light\"><div class=\"wpgb-card-media-thumbnail\"><a href=\"https:\/\/www.ovronnaz.ch\/wp-content\/uploads\/2023\/10\/Ovronnaz-1563.jpg\" tabindex=\"-1\" class=\"wpgb-handle-lb wpgb-lightbox\" data-type=\"image\" data-rel=\"6\" data-title=\"Ovronnaz tour de la station\" title=\"Enlarge photo\"><div class=\"wpgb-lazy-load wpgb-lazy-spinner\" data-wpgb-thumb=\"\" data-wpgb-src=\"https:\/\/www.ovronnaz.ch\/wp-content\/uploads\/2023\/10\/Ovronnaz-1563-768x511.jpg\"><\/div><noscript><img decoding=\"async\" class=\"wpgb-noscript-img\" src=\"https:\/\/www.ovronnaz.ch\/wp-content\/uploads\/2023\/10\/Ovronnaz-1563-768x511.jpg\" alt=\"\" height=\"511\" width=\"768\"><\/noscript><\/a><\/div><div class=\"wpgb-card-media-overlay\"><\/div><div class=\"wpgb-card-media-content\"><div class=\"wpgb-card-media-content-top\"><div class=\"wpgb-block-2\"><span class=\"wpgb-block-term wpgb-idle-scheme-3\" data-id=\"59\" style=\"color:#0a0a0a;background:#00b1f7\">BEGINNER<\/span><\/div><\/div><div class=\"wpgb-card-media-content-bottom\"><h3 class=\"wpgb-block-1 wpgb-idle-scheme-1\"><a href=\"https:\/\/www.ovronnaz.ch\/en\/event\/tour-de-la-station\/\">Tour de la station<\/a><\/h3><\/div><\/div><\/div><a class=\"wpgb-card-layer-link\" target=\"_blank\" rel=\"external noopener noreferrer\" href=\"https:\/\/www.ovronnaz.ch\/en\/event\/tour-de-la-station\/\"><\/a><\/div><\/div><\/article><article class=\"wpgb-card wpgb-card-22 wpgb-post-30958 wpgb-card-hidden\" data-col=\"1\" data-row=\"1\" data-format=\"standard\" data-fluid><div class=\"wpgb-card-wrapper\"><div class=\"wpgb-card-inner\" data-action><div class=\"wpgb-card-media wpgb-scheme-light\"><div class=\"wpgb-card-media-thumbnail\"><a href=\"https:\/\/www.ovronnaz.ch\/wp-content\/uploads\/2023\/10\/Ovronnaz-.jpg\" tabindex=\"-1\" class=\"wpgb-handle-lb wpgb-lightbox\" data-type=\"image\" data-rel=\"6\" data-title=\"basdovronnaz\" title=\"Enlarge photo\"><div class=\"wpgb-lazy-load wpgb-lazy-spinner\" data-wpgb-thumb=\"\" data-wpgb-src=\"https:\/\/www.ovronnaz.ch\/wp-content\/uploads\/2023\/10\/Ovronnaz--768x512.jpg\"><\/div><noscript><img decoding=\"async\" class=\"wpgb-noscript-img\" src=\"https:\/\/www.ovronnaz.ch\/wp-content\/uploads\/2023\/10\/Ovronnaz--768x512.jpg\" alt=\"\" height=\"512\" width=\"768\"><\/noscript><\/a><\/div><div class=\"wpgb-card-media-overlay\"><\/div><div class=\"wpgb-card-media-content\"><div class=\"wpgb-card-media-content-top\"><div class=\"wpgb-block-2\"><span class=\"wpgb-block-term wpgb-idle-scheme-3\" data-id=\"59\" style=\"color:#0a0a0a;background:#00b1f7\">BEGINNER<\/span><\/div><\/div><div class=\"wpgb-card-media-content-bottom\"><h3 class=\"wpgb-block-1 wpgb-idle-scheme-1\"><a href=\"https:\/\/www.ovronnaz.ch\/en\/event\/les-bas-dovronnaz\/\">Les Bas d&#8217;Ovronnaz<\/a><\/h3><\/div><\/div><\/div><a class=\"wpgb-card-layer-link\" target=\"_blank\" rel=\"external noopener noreferrer\" href=\"https:\/\/www.ovronnaz.ch\/en\/event\/les-bas-dovronnaz\/\"><\/a><\/div><\/div><\/article><article class=\"wpgb-card wpgb-card-22 wpgb-post-30932 wpgb-card-hidden\" data-col=\"1\" data-row=\"1\" data-format=\"standard\" data-fluid><div class=\"wpgb-card-wrapper\"><div class=\"wpgb-card-inner\" data-action><div class=\"wpgb-card-media wpgb-scheme-light\"><div class=\"wpgb-card-media-thumbnail\"><a href=\"https:\/\/www.ovronnaz.ch\/wp-content\/uploads\/2023\/10\/Ovronnaz-9230.jpg\" tabindex=\"-1\" class=\"wpgb-handle-lb wpgb-lightbox\" data-type=\"image\" data-rel=\"6\" data-title=\"Vue de Leytron\" title=\"Enlarge photo\"><div class=\"wpgb-lazy-load wpgb-lazy-spinner\" data-wpgb-thumb=\"\" data-wpgb-src=\"https:\/\/www.ovronnaz.ch\/wp-content\/uploads\/2023\/10\/Ovronnaz-9230-768x510.jpg\"><\/div><noscript><img decoding=\"async\" class=\"wpgb-noscript-img\" src=\"https:\/\/www.ovronnaz.ch\/wp-content\/uploads\/2023\/10\/Ovronnaz-9230-768x510.jpg\" alt=\"\" height=\"510\" width=\"768\"><\/noscript><\/a><\/div><div class=\"wpgb-card-media-overlay\"><\/div><div class=\"wpgb-card-media-content\"><div class=\"wpgb-card-media-content-top\"><div class=\"wpgb-block-2\"><span class=\"wpgb-block-term wpgb-idle-scheme-3\" data-id=\"59\" style=\"color:#0a0a0a;background:#00b1f7\">BEGINNER<\/span><\/div><\/div><div class=\"wpgb-card-media-content-bottom\"><h3 class=\"wpgb-block-1 wpgb-idle-scheme-1\"><a href=\"https:\/\/www.ovronnaz.ch\/en\/event\/petit-tout-de-leytron\/\">Petit tour de Leytron<\/a><\/h3><\/div><\/div><\/div><a class=\"wpgb-card-layer-link\" target=\"_blank\" rel=\"external noopener noreferrer\" href=\"https:\/\/www.ovronnaz.ch\/en\/event\/petit-tout-de-leytron\/\"><\/a><\/div><\/div><\/article><article class=\"wpgb-card wpgb-card-22 wpgb-post-30980 wpgb-card-hidden\" data-col=\"1\" data-row=\"1\" data-format=\"standard\" data-fluid><div class=\"wpgb-card-wrapper\"><div class=\"wpgb-card-inner\" data-action><div class=\"wpgb-card-media wpgb-scheme-light\"><div class=\"wpgb-card-media-thumbnail\"><a href=\"https:\/\/www.ovronnaz.ch\/wp-content\/uploads\/2023\/10\/Ovronnaz-6511.jpg\" tabindex=\"-1\" class=\"wpgb-handle-lb wpgb-lightbox\" data-type=\"image\" data-rel=\"6\" data-title=\"Odonne\" title=\"Enlarge photo\"><div class=\"wpgb-lazy-load wpgb-lazy-spinner\" data-wpgb-thumb=\"\" data-wpgb-src=\"https:\/\/www.ovronnaz.ch\/wp-content\/uploads\/2023\/10\/Ovronnaz-6511-768x511.jpg\"><\/div><noscript><img decoding=\"async\" class=\"wpgb-noscript-img\" src=\"https:\/\/www.ovronnaz.ch\/wp-content\/uploads\/2023\/10\/Ovronnaz-6511-768x511.jpg\" alt=\"\" height=\"511\" width=\"768\"><\/noscript><\/a><\/div><div class=\"wpgb-card-media-overlay\"><\/div><div class=\"wpgb-card-media-content\"><div class=\"wpgb-card-media-content-top\"><div class=\"wpgb-block-2\"><span class=\"wpgb-block-term wpgb-idle-scheme-3\" data-id=\"60\" style=\"color:#ffffff;background:#dd3333\">ADVANCED<\/span><\/div><\/div><div class=\"wpgb-card-media-content-bottom\"><h3 class=\"wpgb-block-1 wpgb-idle-scheme-1\"><a href=\"https:\/\/www.ovronnaz.ch\/en\/event\/petit-tour-des-alpages\/\">Petit tour des alpages<\/a><\/h3><\/div><\/div><\/div><a class=\"wpgb-card-layer-link\" target=\"_blank\" rel=\"external noopener noreferrer\" href=\"https:\/\/www.ovronnaz.ch\/en\/event\/petit-tour-des-alpages\/\"><\/a><\/div><\/div><\/article><article class=\"wpgb-card wpgb-card-22 wpgb-post-30945 wpgb-card-hidden\" data-col=\"1\" data-row=\"1\" data-format=\"standard\" data-fluid><div class=\"wpgb-card-wrapper\"><div class=\"wpgb-card-inner\" data-action><div class=\"wpgb-card-media wpgb-scheme-light\"><div class=\"wpgb-card-media-thumbnail\"><a href=\"https:\/\/www.ovronnaz.ch\/wp-content\/uploads\/2023\/10\/Ovronnaz-2569.jpg\" tabindex=\"-1\" class=\"wpgb-handle-lb wpgb-lightbox\" data-type=\"image\" data-rel=\"6\" data-title=\"Leytron Grand tour\" title=\"Enlarge photo\"><div class=\"wpgb-lazy-load wpgb-lazy-spinner\" data-wpgb-thumb=\"\" data-wpgb-src=\"https:\/\/www.ovronnaz.ch\/wp-content\/uploads\/2023\/10\/Ovronnaz-2569-768x511.jpg\"><\/div><noscript><img decoding=\"async\" class=\"wpgb-noscript-img\" src=\"https:\/\/www.ovronnaz.ch\/wp-content\/uploads\/2023\/10\/Ovronnaz-2569-768x511.jpg\" alt=\"\" height=\"511\" width=\"768\"><\/noscript><\/a><\/div><div class=\"wpgb-card-media-overlay\"><\/div><div class=\"wpgb-card-media-content\"><div class=\"wpgb-card-media-content-top\"><div class=\"wpgb-block-2\"><span class=\"wpgb-block-term wpgb-idle-scheme-3\" data-id=\"60\" style=\"color:#ffffff;background:#dd3333\">ADVANCED<\/span><\/div><\/div><div class=\"wpgb-card-media-content-bottom\"><h3 class=\"wpgb-block-1 wpgb-idle-scheme-1\"><a href=\"https:\/\/www.ovronnaz.ch\/en\/event\/grand-tour-de-leytron\/\">Grand tour de Leytron<\/a><\/h3><\/div><\/div><\/div><a class=\"wpgb-card-layer-link\" target=\"_blank\" rel=\"external noopener noreferrer\" href=\"https:\/\/www.ovronnaz.ch\/en\/event\/grand-tour-de-leytron\/\"><\/a><\/div><\/div><\/article><article class=\"wpgb-card wpgb-card-22 wpgb-post-30965 wpgb-card-hidden\" data-col=\"1\" data-row=\"1\" data-format=\"standard\" data-fluid><div class=\"wpgb-card-wrapper\"><div class=\"wpgb-card-inner\" data-action><div class=\"wpgb-card-media wpgb-scheme-light\"><div class=\"wpgb-card-media-thumbnail\"><a href=\"https:\/\/www.ovronnaz.ch\/wp-content\/uploads\/2023\/10\/Ovronnaz-7321.jpg\" tabindex=\"-1\" class=\"wpgb-handle-lb wpgb-lightbox\" data-type=\"image\" data-rel=\"6\" data-title=\"Ovronnaz tour de l&#8217;Ard\u00e8ve\" title=\"Enlarge photo\"><div class=\"wpgb-lazy-load wpgb-lazy-spinner\" data-wpgb-thumb=\"\" data-wpgb-src=\"https:\/\/www.ovronnaz.ch\/wp-content\/uploads\/2023\/10\/Ovronnaz-7321-768x511.jpg\"><\/div><noscript><img decoding=\"async\" class=\"wpgb-noscript-img\" src=\"https:\/\/www.ovronnaz.ch\/wp-content\/uploads\/2023\/10\/Ovronnaz-7321-768x511.jpg\" alt=\"\" height=\"511\" width=\"768\"><\/noscript><\/a><\/div><div class=\"wpgb-card-media-overlay\"><\/div><div class=\"wpgb-card-media-content\"><div class=\"wpgb-card-media-content-top\"><div class=\"wpgb-block-2\"><span class=\"wpgb-block-term wpgb-idle-scheme-3\" data-id=\"61\" style=\"color:#ffffff;background:#0a0a0a\">EXPERT<\/span><\/div><\/div><div class=\"wpgb-card-media-content-bottom\"><h3 class=\"wpgb-block-1 wpgb-idle-scheme-1\"><a href=\"https:\/\/www.ovronnaz.ch\/en\/event\/tour-de-lardeve\/\">Tour de l&#8217;Ard\u00e8ve<\/a><\/h3><\/div><\/div><\/div><a class=\"wpgb-card-layer-link\" target=\"_blank\" rel=\"external noopener noreferrer\" href=\"https:\/\/www.ovronnaz.ch\/en\/event\/tour-de-lardeve\/\"><\/a><\/div><\/div><\/article><article class=\"wpgb-card wpgb-card-22 wpgb-post-30989 wpgb-card-hidden\" data-col=\"1\" data-row=\"1\" data-format=\"standard\" data-fluid><div class=\"wpgb-card-wrapper\"><div class=\"wpgb-card-inner\" data-action><div class=\"wpgb-card-media wpgb-scheme-light\"><div class=\"wpgb-card-media-thumbnail\"><a href=\"https:\/\/www.ovronnaz.ch\/wp-content\/uploads\/2023\/08\/Mayen-de-chamoson-scaled.jpg\" tabindex=\"-1\" class=\"wpgb-handle-lb wpgb-lightbox\" data-type=\"image\" data-rel=\"6\" data-title=\"Mayen de chamoson automne\" title=\"Enlarge photo\"><div class=\"wpgb-lazy-load wpgb-lazy-spinner\" data-wpgb-thumb=\"\" data-wpgb-src=\"https:\/\/www.ovronnaz.ch\/wp-content\/uploads\/2023\/08\/Mayen-de-chamoson-768x512.jpg\"><\/div><noscript><img decoding=\"async\" class=\"wpgb-noscript-img\" src=\"https:\/\/www.ovronnaz.ch\/wp-content\/uploads\/2023\/08\/Mayen-de-chamoson-768x512.jpg\" alt=\"\" height=\"512\" width=\"768\"><\/noscript><\/a><\/div><div class=\"wpgb-card-media-overlay\"><\/div><div class=\"wpgb-card-media-content\"><div class=\"wpgb-card-media-content-top\"><div class=\"wpgb-block-2\"><span class=\"wpgb-block-term wpgb-idle-scheme-3\" data-id=\"61\" style=\"color:#ffffff;background:#0a0a0a\">EXPERT<\/span><\/div><\/div><div class=\"wpgb-card-media-content-bottom\"><h3 class=\"wpgb-block-1 wpgb-idle-scheme-1\"><a href=\"https:\/\/www.ovronnaz.ch\/en\/event\/le-tour-des-mayens-de-chamoson\/\">Tour des Mayens-de-Chamoson<\/a><\/h3><\/div><\/div><\/div><a class=\"wpgb-card-layer-link\" target=\"_blank\" rel=\"external noopener noreferrer\" href=\"https:\/\/www.ovronnaz.ch\/en\/event\/le-tour-des-mayens-de-chamoson\/\"><\/a><\/div><\/div><\/article><article class=\"wpgb-card wpgb-card-22 wpgb-post-31001 wpgb-card-hidden\" data-col=\"1\" data-row=\"1\" data-format=\"standard\" data-fluid><div class=\"wpgb-card-wrapper\"><div class=\"wpgb-card-inner\" data-action><div class=\"wpgb-card-media wpgb-scheme-light\"><div class=\"wpgb-card-media-thumbnail\"><a href=\"https:\/\/www.ovronnaz.ch\/wp-content\/uploads\/2023\/10\/Ovronnaz-2214.jpg\" tabindex=\"-1\" class=\"wpgb-handle-lb wpgb-lightbox\" data-type=\"image\" data-rel=\"6\" data-title=\"Ovronnaz trail Seya\" title=\"Enlarge photo\"><div class=\"wpgb-lazy-load wpgb-lazy-spinner\" data-wpgb-thumb=\"\" data-wpgb-src=\"https:\/\/www.ovronnaz.ch\/wp-content\/uploads\/2023\/10\/Ovronnaz-2214-768x511.jpg\"><\/div><noscript><img decoding=\"async\" class=\"wpgb-noscript-img\" src=\"https:\/\/www.ovronnaz.ch\/wp-content\/uploads\/2023\/10\/Ovronnaz-2214-768x511.jpg\" alt=\"\" height=\"511\" width=\"768\"><\/noscript><\/a><\/div><div class=\"wpgb-card-media-overlay\"><\/div><div class=\"wpgb-card-media-content\"><div class=\"wpgb-card-media-content-top\"><div class=\"wpgb-block-2\"><span class=\"wpgb-block-term wpgb-idle-scheme-3\" data-id=\"61\" style=\"color:#ffffff;background:#0a0a0a\">EXPERT<\/span><\/div><\/div><div class=\"wpgb-card-media-content-bottom\"><h3 class=\"wpgb-block-1 wpgb-idle-scheme-1\"><a href=\"https:\/\/www.ovronnaz.ch\/en\/event\/petite-trotte-dovronnaz\/\">Petite trotte d&#8217;Ovronnaz<\/a><\/h3><\/div><\/div><\/div><a class=\"wpgb-card-layer-link\" target=\"_blank\" rel=\"external noopener noreferrer\" href=\"https:\/\/www.ovronnaz.ch\/en\/event\/petite-trotte-dovronnaz\/\"><\/a><\/div><\/div><\/article>\t\t<\/div>\n\t<\/div>\n\t<div class=\"wpgb-loader\">\n\t<div class=\"wpgb-loader-17\">\n\t\t<div><div><\/div><div><\/div><\/div>\t<\/div>\n<\/div>\n<\/div>\n\t<\/div>\n\t\t<\/div>\n<\/div>\n\n<p>[\/et_pb_text][\/et_pb_column][\/et_pb_row][\/et_pb_section]<\/p>\n","protected":false},"excerpt":{"rendered":"<p>Itin\u00e9raires de trail running au d\u00e9part de Leytron et d&#8217;Ovronnaz. Des parcours accessibles et ludiques pour tous les niveaux.<\/p>\n","protected":false},"author":2,"featured_media":34587,"parent":0,"menu_order":70,"comment_status":"closed","ping_status":"closed","template":"","meta":{"_et_pb_use_builder":"on","_et_pb_old_content":"","_et_gb_content_width":"","_monsterinsights_skip_tracking":false,"_monsterinsights_sitenote_active":false,"_monsterinsights_sitenote_note":"","_monsterinsights_sitenote_category":0,"footnotes":""},"dipi_cpt_category":[],"class_list":["post-30033","page","type-page","status-publish","has-post-thumbnail","hentry"],"_links":{"self":[{"href":"https:\/\/www.ovronnaz.ch\/en\/wp-json\/wp\/v2\/pages\/30033","targetHints":{"allow":["GET"]}}],"collection":[{"href":"https:\/\/www.ovronnaz.ch\/en\/wp-json\/wp\/v2\/pages"}],"about":[{"href":"https:\/\/www.ovronnaz.ch\/en\/wp-json\/wp\/v2\/types\/page"}],"author":[{"embeddable":true,"href":"https:\/\/www.ovronnaz.ch\/en\/wp-json\/wp\/v2\/users\/2"}],"replies":[{"embeddable":true,"href":"https:\/\/www.ovronnaz.ch\/en\/wp-json\/wp\/v2\/comments?post=30033"}],"version-history":[{"count":4,"href":"https:\/\/www.ovronnaz.ch\/en\/wp-json\/wp\/v2\/pages\/30033\/revisions"}],"predecessor-version":[{"id":42190,"href":"https:\/\/www.ovronnaz.ch\/en\/wp-json\/wp\/v2\/pages\/30033\/revisions\/42190"}],"wp:featuredmedia":[{"embeddable":true,"href":"https:\/\/www.ovronnaz.ch\/en\/wp-json\/wp\/v2\/media\/34587"}],"wp:attachment":[{"href":"https:\/\/www.ovronnaz.ch\/en\/wp-json\/wp\/v2\/media?parent=30033"}],"wp:term":[{"taxonomy":"dipi_cpt_category","embeddable":true,"href":"https:\/\/www.ovronnaz.ch\/en\/wp-json\/wp\/v2\/dipi_cpt_category?post=30033"}],"curies":[{"name":"wp","href":"https:\/\/api.w.org\/{rel}","templated":true}]}}