{"id":29442,"date":"2023-07-24T17:20:24","date_gmt":"2023-07-24T15:20:24","guid":{"rendered":"http:\/\/www.ovronnaz.ch\/?page_id=29442"},"modified":"2026-02-02T11:28:28","modified_gmt":"2026-02-02T10:28:28","slug":"agenda","status":"publish","type":"page","link":"https:\/\/www.ovronnaz.ch\/en\/agenda\/","title":{"rendered":"Agenda"},"content":{"rendered":"<p>[et_pb_section fb_built=&#8221;1&#8243; fullwidth=&#8221;on&#8221; _builder_version=&#8221;4.21.0&#8243; _module_preset=&#8221;default&#8221; global_colors_info=&#8221;{}&#8221;][et_pb_fullwidth_slider _builder_version=&#8221;4.27.4&#8243; _module_preset=&#8221;default&#8221; global_colors_info=&#8221;{}&#8221;][et_pb_slide _builder_version=&#8221;4.27.4&#8243; _module_preset=&#8221;default&#8221; background_image=&#8221;https:\/\/www.ovronnaz.ch\/wp-content\/uploads\/2023\/09\/640f0166-fd35-40ae-a5ec-ae708cc6c6a4_rw_1920.jpg&#8221; background_enable_image=&#8221;on&#8221; global_colors_info=&#8221;{}&#8221; sticky_transition=&#8221;on&#8221;][\/et_pb_slide][\/et_pb_fullwidth_slider][\/et_pb_section][et_pb_section fb_built=&#8221;1&#8243; _builder_version=&#8221;4.21.0&#8243; _module_preset=&#8221;default&#8221; global_colors_info=&#8221;{}&#8221;][et_pb_row _builder_version=&#8221;4.21.0&#8243; _module_preset=&#8221;default&#8221; global_colors_info=&#8221;{}&#8221;][et_pb_column type=&#8221;4_4&#8243; _builder_version=&#8221;4.21.0&#8243; _module_preset=&#8221;default&#8221; global_colors_info=&#8221;{}&#8221;][et_pb_text _builder_version=&#8221;4.22.1&#8243; _module_preset=&#8221;default&#8221; global_colors_info=&#8221;{}&#8221;]<\/p>\n<h1>Agenda<\/h1>\n<p>[\/et_pb_text][et_pb_text disabled_on=&#8221;on|off|off&#8221; _builder_version=&#8221;4.23.1&#8243; _module_preset=&#8221;default&#8221; content_en_gb=&#8221;<\/p>\n<p style=%22text-align: center;%22>Find out about all the <strong>events<\/strong> and <strong>activities<\/strong> organised in Ovronnaz<\/p>\n<p style=%22text-align: center;%22>by the <strong>Tourist Office<\/strong> (<span style=%22color: #00ccff;%22>in blue<\/span>) or by o<strong>ur partners<\/strong> (<span style=%22color: #ffcc00;%22>in yellow<\/span>)<\/p>\n<p>&#8221; content_de_de=&#8221;<\/p>\n<p style=%22text-align: center;%22>Hier finden Sie alle <strong>Veranstaltungen<\/strong> und <strong>Animationen,<\/strong> die in Ovronnaz organisiert werden.<\/p>\n<p style=%22text-align: center;%22>durch das <strong>Tourismusb\u00fcro<\/strong> (<span style=%22color: #00ccff;%22>in blau<\/span>) oder durch <strong>unsere Partner<\/strong> (<span style=%22color: #ffcc00;%22>in gelb<\/span>)<\/p>\n<p>&#8221; global_colors_info=&#8221;{}&#8221;]<\/p>\n<p style=\"text-align: center;\">Retrouvez tous les <strong>\u00e9v\u00e8nements<\/strong> et toutes les <strong>animations<\/strong> organis\u00e9s \u00e0 Ovronnaz<\/p>\n<p style=\"text-align: center;\">par l&#8217;<strong>Office du tourisme<\/strong> (<span style=\"color: #00ccff;\">en bleu<\/span>) ou par <strong>nos partenaires<\/strong> (<span style=\"color: #ffcc00;\">en jaune<\/span>)<\/p>\n<p>&nbsp;<\/p>\n<p>[\/et_pb_text][\/et_pb_column][\/et_pb_row][et_pb_row disabled_on=&#8221;off|off|off&#8221; _builder_version=&#8221;4.22.2&#8243; _module_preset=&#8221;default&#8221; max_width=&#8221;1200px&#8221; module_alignment=&#8221;center&#8221; global_colors_info=&#8221;{}&#8221;][et_pb_column type=&#8221;4_4&#8243; _builder_version=&#8221;4.21.0&#8243; _module_preset=&#8221;default&#8221; global_colors_info=&#8221;{}&#8221;][decm_divi_event_calendar calendar_list_view_option=&#8221;listMonth,&#8221; show_month_view_button=&#8221;off&#8221; show_week_view_button=&#8221;off&#8221; show_day_view_button=&#8221;off&#8221; show_list_view_button=&#8221;off&#8221; show_cdn_link=&#8221;on&#8221; show_tooltip_category=&#8221;off&#8221; show_tooltip_weburl=&#8221;off&#8221; show_tooltip_excerpt=&#8221;off&#8221; show_icon_label=&#8221;label&#8221; event_end_date=&#8221;12&#8243; week_background_color=&#8221;RGBA(255,255,255,0)&#8221; current_days_background_color=&#8221;rgba(224,43,32,0.25)&#8221; past_days_background_color=&#8221;rgba(0,0,0,0.04)&#8221; past_days_text_color=&#8221;rgba(0,0,0,0.39)&#8221; week_days_border_width=&#8221;0px&#8221; show_recurring_event=&#8221;on&#8221; disabled_on=&#8221;on|off|off&#8221; _builder_version=&#8221;4.27.5&#8243; _module_preset=&#8221;default&#8221; month_font=&#8221;Poppins|700||on|||||&#8221; month_text_color=&#8221;#E02B20&#8243; month_font_size=&#8221;38px&#8221; days_font=&#8221;Poppins|300|on||||||&#8221; days_text_align=&#8221;left&#8221; days_text_color=&#8221;#E02B20&#8243; days_font_size=&#8221;18px&#8221; cal_days_font=&#8221;Poppins||||||||&#8221; cal_days_font_size=&#8221;17px&#8221; up_events_font=&#8221;Poppins|300|||||||&#8221; global_colors_info=&#8221;{}&#8221; hide_calendar_event_multi_days=&#8221;off&#8221;][\/decm_divi_event_calendar][\/et_pb_column][\/et_pb_row][et_pb_row module_class=&#8221;liste&#8221; _builder_version=&#8221;4.23.1&#8243; _module_preset=&#8221;default&#8221; global_colors_info=&#8221;{}&#8221;][et_pb_column type=&#8221;4_4&#8243; _builder_version=&#8221;4.23.1&#8243; _module_preset=&#8221;default&#8221; global_colors_info=&#8221;{}&#8221;][decm_event_display event_selection=&#8221;all_event&#8221; show_cdn_link=&#8221;on&#8221; show_feature_image=&#8221;off&#8221; show_date=&#8221;off&#8221; date_format=&#8221;j F Y&#8221; details_time_label=&#8221;Heure&#8221; time_format=&#8221;H:i&#8221; show_venue=&#8221;off&#8221; show_name=&#8221;off&#8221; price_detail_label=&#8221;Prix&#8221; show_category=&#8221;off&#8221; hide_comma_cat=&#8221;off&#8221; show_tag=&#8221;off&#8221; hide_comma_tag=&#8221;off&#8221; show_weburl=&#8221;off&#8221; show_detail=&#8221;off&#8221; show_data_one_line=&#8221;off&#8221; event_count=&#8221;100&#8243; recurrence_number=&#8221;50&#8243; layout=&#8221;list&#8221; list_layout=&#8221;calloutleftimage_rightdetailButton&#8221; callout_background_color=&#8221;#E02B20&#8243; view_more_text=&#8221;Plus d&#8217;informations&#8221; month_margin=&#8221;||50px||false|false&#8221; callout_padding=&#8221;15px|15px|15px|15px|true|true&#8221; thumbnail_width=&#8221;103px&#8221; show_pagination=&#8221;on&#8221; events_to_load=&#8221;10&#8243; _builder_version=&#8221;4.27.4&#8243; _module_preset=&#8221;default&#8221; month_sep_font=&#8221;Poppins|700||on|||||&#8221; month_sep_text_color=&#8221;#E02B20&#8243; month_sep_font_size=&#8221;29px&#8221; month_sep_line_height=&#8221;1em&#8221; callout_date_font=&#8221;Poppins|600|||||||&#8221; callout_date_text_color=&#8221;#FFFFFF&#8221; callout_date_font_size=&#8221;35px&#8221; callout_month_font=&#8221;Poppins|600||on|||||&#8221; callout_month_text_color=&#8221;#FFFFFF&#8221; border_radii_callout_border=&#8221;on|9px|9px|9px|9px&#8221; global_colors_info=&#8221;{}&#8221;][\/decm_event_display][\/et_pb_column][\/et_pb_row][\/et_pb_section][et_pb_section fb_built=&#8221;1&#8243; _builder_version=&#8221;4.22.2&#8243; _module_preset=&#8221;default&#8221; custom_padding=&#8221;7px|||||&#8221; bottom_divider_style=&#8221;graph2&#8243; bottom_divider_color=&#8221;#df061c&#8221; global_colors_info=&#8221;{}&#8221;][\/et_pb_section][et_pb_section fb_built=&#8221;1&#8243; next_background_color=&#8221;#ffffff&#8221; _builder_version=&#8221;4.22.2&#8243; _module_preset=&#8221;default&#8221; background_color=&#8221;#df061c&#8221; custom_padding=&#8221;||80px|||&#8221; bottom_divider_style=&#8221;graph2&#8243; saved_tabs=&#8221;all&#8221; global_colors_info=&#8221;{}&#8221;][et_pb_row _builder_version=&#8221;4.21.0&#8243; _module_preset=&#8221;default&#8221; global_colors_info=&#8221;{}&#8221;][et_pb_column type=&#8221;4_4&#8243; _builder_version=&#8221;4.21.0&#8243; _module_preset=&#8221;default&#8221; global_colors_info=&#8221;{}&#8221;][et_pb_social_media_follow icon_color=&#8221;#FFFFFF&#8221; use_icon_font_size=&#8221;on&#8221; icon_font_size=&#8221;40px&#8221; _builder_version=&#8221;4.22.2&#8243; _module_preset=&#8221;default&#8221; text_orientation=&#8221;center&#8221; background_layout=&#8221;dark&#8221; module_alignment=&#8221;center&#8221; custom_margin=&#8221;||10px||false|false&#8221; global_colors_info=&#8221;{}&#8221;][et_pb_social_media_follow_network social_network=&#8221;facebook&#8221; url=&#8221;https:\/\/www.facebook.com\/Ovronnaz&#8221; _builder_version=&#8221;4.21.0&#8243; _module_preset=&#8221;default&#8221; background_color=&#8221;RGBA(255,255,255,0)&#8221; background_enable_color=&#8221;on&#8221; global_colors_info=&#8221;{}&#8221; follow_button=&#8221;off&#8221; url_new_window=&#8221;on&#8221;]facebook[\/et_pb_social_media_follow_network][et_pb_social_media_follow_network social_network=&#8221;instagram&#8221; url=&#8221;https:\/\/www.instagram.com\/ovronnaz\/&#8221; _builder_version=&#8221;4.21.0&#8243; _module_preset=&#8221;default&#8221; background_color=&#8221;RGBA(255,255,255,0)&#8221; background_enable_color=&#8221;on&#8221; global_colors_info=&#8221;{}&#8221; follow_button=&#8221;off&#8221; url_new_window=&#8221;on&#8221;]instagram[\/et_pb_social_media_follow_network][\/et_pb_social_media_follow][et_pb_text _builder_version=&#8221;4.23.1&#8243; _module_preset=&#8221;default&#8221; text_text_color=&#8221;#ffffff&#8221; text_font_size=&#8221;34px&#8221; header_font=&#8221;Poppins|800||on|||||&#8221; header_font_size=&#8221;43px&#8221; header_letter_spacing=&#8221;1px&#8221; text_orientation=&#8221;center&#8221; background_layout=&#8221;dark&#8221; header_font_size_tablet=&#8221;&#8221; header_font_size_phone=&#8221;41px&#8221; header_font_size_last_edited=&#8221;on|tablet&#8221; content_en_gb=&#8221;<\/p>\n<h1>Stay connected!<\/h1>\n<p>&#8221; content_de_de=&#8221;<\/p>\n<h1>Bleiben Sie angemeldet!<\/h1>\n<p>&#8221; global_colors_info=&#8221;{}&#8221;]<\/p>\n<h1>Rester connect\u00e9 !<\/h1>\n<p>[\/et_pb_text][et_pb_text _builder_version=&#8221;4.23.1&#8243; _module_preset=&#8221;default&#8221; text_text_color=&#8221;#FFFFFF&#8221; header_2_text_align=&#8221;center&#8221; header_2_font_size=&#8221;32px&#8221; header_3_text_align=&#8221;center&#8221; text_orientation=&#8221;center&#8221; background_layout=&#8221;dark&#8221; custom_padding=&#8221;||||false|false&#8221; header_2_font_tablet=&#8221;&#8221; header_2_font_phone=&#8221;&#8221; header_2_font_last_edited=&#8221;on|phone&#8221; header_2_font_size_tablet=&#8221;29px&#8221; header_2_font_size_phone=&#8221;24px&#8221; header_2_font_size_last_edited=&#8221;on|desktop&#8221; content_en_gb=&#8221;<\/p>\n<h2>Don&#8217;t miss any of the latest news and events in your resort thanks to our newsletter<\/h2>\n<p>&#8221; content_de_de=&#8221;<\/p>\n<h2>Verpassen Sie dank unseres Newsletters keine Neuigkeiten und Veranstaltungen in Ihrem Ferienort.<\/h2>\n<p>&#8221; global_colors_info=&#8221;{}&#8221;]<\/p>\n<h2>Ne rien rater de l&#8217;actualit\u00e9 et des \u00e9v\u00e9nements de votre station gr\u00e2ce \u00e0 notre newsletter<\/h2>\n<p>[\/et_pb_text][et_pb_signup mailchimp_list=&#8221;Divi|fdb2671621&#8243; layout=&#8221;top_bottom&#8221; ip_address=&#8221;off&#8221; first_name_field=&#8221;off&#8221; last_name_field=&#8221;off&#8221; button_text=&#8221;S&#8217;inscrire&#8221; _builder_version=&#8221;4.23.1&#8243; _module_preset=&#8221;default&#8221; form_field_text_align=&#8221;left&#8221; background_enable_color=&#8221;off&#8221; use_background_color=&#8221;off&#8221; width=&#8221;30%&#8221; width_tablet=&#8221;50%&#8221; width_phone=&#8221;100%&#8221; width_last_edited=&#8221;on|desktop&#8221; module_alignment=&#8221;center&#8221; button_text_en_gb=&#8221;Sign up&#8221; button_text_de_de=&#8221;Anmelden&#8221; global_colors_info=&#8221;{}&#8221;][\/et_pb_signup][\/et_pb_column][\/et_pb_row][\/et_pb_section][et_pb_section fb_built=&#8221;1&#8243; _builder_version=&#8221;4.21.0&#8243; _module_preset=&#8221;default&#8221; saved_tabs=&#8221;all&#8221; global_colors_info=&#8221;{}&#8221;][et_pb_row _builder_version=&#8221;4.21.0&#8243; _module_preset=&#8221;default&#8221; global_colors_info=&#8221;{}&#8221;][et_pb_column type=&#8221;4_4&#8243; _builder_version=&#8221;4.21.0&#8243; _module_preset=&#8221;default&#8221; global_colors_info=&#8221;{}&#8221;][et_pb_text module_class=&#8221;Contact&#8221; _builder_version=&#8221;4.23.1&#8243; _module_preset=&#8221;default&#8221; text_font_size=&#8221;35px&#8221; text_orientation=&#8221;center&#8221; custom_margin=&#8221;||40px||false|false&#8221; custom_margin_tablet=&#8221;&#8221; custom_margin_phone=&#8221;||0px||false|false&#8221; custom_margin_last_edited=&#8221;on|desktop&#8221; custom_padding=&#8221;||||false|false&#8221; text_font_size_tablet=&#8221;&#8221; text_font_size_phone=&#8221;&#8221; text_font_size_last_edited=&#8221;on|desktop&#8221; text_line_height_tablet=&#8221;&#8221; text_line_height_phone=&#8221;1.1em&#8221; text_line_height_last_edited=&#8221;on|phone&#8221; header_line_height_tablet=&#8221;&#8221; header_line_height_phone=&#8221;1em&#8221; header_line_height_last_edited=&#8221;on|phone&#8221; content_en_gb=&#8221;<\/p>\n<p>To contact us<\/p>\n<p>&#8221; content_de_de=&#8221;<\/p>\n<p>Um uns zu kontaktieren<\/p>\n<p>&#8221; global_colors_info=&#8221;{}&#8221;]<\/p>\n<p>Pour nous contacter<\/p>\n<p>[\/et_pb_text][\/et_pb_column][\/et_pb_row][et_pb_row column_structure=&#8221;1_4,1_4,1_2&#8243; use_custom_gutter=&#8221;on&#8221; gutter_width=&#8221;4&#8243; _builder_version=&#8221;4.22.2&#8243; _module_preset=&#8221;default&#8221; max_width=&#8221;1440px&#8221; global_colors_info=&#8221;{}&#8221;][et_pb_column type=&#8221;1_4&#8243; _builder_version=&#8221;4.21.0&#8243; _module_preset=&#8221;default&#8221; global_colors_info=&#8221;{}&#8221;][et_pb_text _builder_version=&#8221;4.24.2&#8243; _module_preset=&#8221;default&#8221; header_2_font_size=&#8221;22px&#8221; header_2_line_height=&#8221;1.4em&#8221; header_3_font=&#8221;Poppins|300|||||||&#8221; header_3_line_height=&#8221;1.4em&#8221; header_4_font=&#8221;Poppins|300|||||||&#8221; header_4_font_size=&#8221;15px&#8221; header_4_line_height=&#8221;1.5em&#8221; content_en_gb=&#8221;<\/p>\n<h2>Ovronnaz Tourist Office<\/h2>\n<h3>Route des Muverans 38<\/h3>\n<h3>1911 Ovronnaz<\/h3>\n<h3><a href=%22mailto:info@ovronnaz.ch%22>info@ovronnaz.ch<\/a><\/h3>\n<h3><a href=%22tel:+41273064293%22>+41 27 306 42 93<\/a><\/h3>\n<h4>OFFICE OPENING HOURS<br \/>All year round<br \/>Monday &#8211; Saturday: 8.30-12.30 and 13.30-17.30<\/h4>\n<h4>In high season*<br \/>Monday &#8211; Sunday: 8.30-12.30 and 13.30-17.30<\/h4>\n<h4>*Summer from July to mid-August<br \/>*Winter from mid-December to the 7th of April<\/h4>\n<p>&#8221; content_de_de=&#8221;<\/p>\n<h2>Tourismusb\u00fcro von Ovronnaz<\/h2>\n<h3>Route des Muverans 38<\/h3>\n<h3>1911 Ovronnaz<\/h3>\n<h3><a href=%22mailto:info@ovronnaz.ch%22>info@ovronnaz.ch<\/a><\/h3>\n<h3><a href=%22tel:+41273064293%22>+41 27 306 42 93<\/a><\/h3>\n<h4>\u00d6FFNUNGSZEITEN DES B\u00dcROS<br \/>Das ganze Jahr \u00fcber<br \/>Montag &#8211; Samstag: 8.30-12.30 Uhr und 13.30-17.30 Uhr.<\/h4>\n<h4>In der Hochsaison*.<br \/>Montag &#8211; Sonntag: 8.30-12.30 und 13.30-17.30<\/h4>\n<h4>*Sommer von Juli bis Mitte August<br \/>*Winter von Mitte Dezember bis 7. April<\/h4>\n<p>&#8221; global_colors_info=&#8221;{}&#8221;]<\/p>\n<h2>Office du tourisme d&#8217;Ovronnaz<\/h2>\n<h3>Route des Muverans 38<\/h3>\n<h3>1911 Ovronnaz<\/h3>\n<h3><a href=\"mailto:info@ovronnaz.ch\">info@ovronnaz.ch<\/a><\/h3>\n<h3><a href=\"tel:+41273064293\">+41 27 306 42 93<\/a><\/h3>\n<h4>HORAIRES DE L&#8217;OFFICE<br \/>Toute l\u2019ann\u00e9e<br \/>Lundi \u2013 Samedi : 8.30-12.30 et 13.30-17.30<\/h4>\n<h4>En haute-saison*<br \/>Lundi \u2013 Dimanche : 8.30-12.30 et 13.30-17.30<\/h4>\n<h4>*Et\u00e9 de juillet \u00e0 mi-ao\u00fbt<br \/>*Hiver de mi-d\u00e9cembre\u00a0 \u00a0 \u00a0 \u00a0 \u00a0 \u00a0 \u00a0 \u00a0 \u00a0 \u00a0 \u00a0 \u00a0 \u00a0 \u00a0 \u00a0 \u00a0 \u00a0au 7 avril<\/h4>\n<p>[\/et_pb_text][\/et_pb_column][et_pb_column type=&#8221;1_4&#8243; _builder_version=&#8221;4.21.0&#8243; _module_preset=&#8221;default&#8221; global_colors_info=&#8221;{}&#8221;][et_pb_text _builder_version=&#8221;4.23.1&#8243; _module_preset=&#8221;default&#8221; header_2_font_size=&#8221;22px&#8221; header_2_line_height=&#8221;1.4em&#8221; header_3_font=&#8221;Poppins|300|||||||&#8221; header_3_line_height=&#8221;1.4em&#8221; header_4_font=&#8221;Poppins|300|||||||&#8221; header_4_font_size=&#8221;15px&#8221; header_4_line_height=&#8221;1.5em&#8221; global_colors_info=&#8221;{}&#8221;]<\/p>\n<h2>T\u00e9l\u00e9ovronnaz SA<\/h2>\n<h3>Route d\u2019Odonne 95<\/h3>\n<h3>1911 Ovronnaz<\/h3>\n<h3><a href=\"mailto:info@teleovronnaz.ch\">info@teleovronnaz.ch<\/a><\/h3>\n<h3><a href=\"tel:+41273063553\">+41 27 306 35 53<\/a><\/h3>\n<p>[\/et_pb_text][\/et_pb_column][et_pb_column type=&#8221;1_2&#8243; _builder_version=&#8221;4.21.0&#8243; _module_preset=&#8221;default&#8221; global_colors_info=&#8221;{}&#8221;][et_pb_image src=&#8221;https:\/\/www.ovronnaz.ch\/wp-content\/uploads\/2023\/09\/ovronnaz-1-1.png&#8221; alt=&#8221;Google map&#8221; title_text=&#8221;ovronnaz map&#8221; url=&#8221;https:\/\/maps.app.goo.gl\/ihsmmGaQagodcza79&#8243; url_new_window=&#8221;on&#8221; _builder_version=&#8221;4.22.2&#8243; _module_preset=&#8221;default&#8221; global_colors_info=&#8221;{}&#8221;][\/et_pb_image][\/et_pb_column][\/et_pb_row][\/et_pb_section][et_pb_section fb_built=&#8221;1&#8243; _builder_version=&#8221;4.21.0&#8243; _module_preset=&#8221;default&#8221; background_color=&#8221;#262626&#8243; custom_margin=&#8221;0px||0px||true|false&#8221; custom_padding=&#8221;0px||0px||true|false&#8221; locked=&#8221;off&#8221; global_colors_info=&#8221;{}&#8221;][et_pb_row column_structure=&#8221;1_5,3_5,1_5&#8243; _builder_version=&#8221;4.22.1&#8243; _module_preset=&#8221;default&#8221; global_colors_info=&#8221;{}&#8221;][et_pb_column type=&#8221;1_5&#8243; _builder_version=&#8221;4.21.0&#8243; _module_preset=&#8221;default&#8221; global_colors_info=&#8221;{}&#8221;][et_pb_image src=&#8221;https:\/\/www.ovronnaz.ch\/wp-content\/uploads\/2023\/07\/label_quality.png&#8221; title_text=&#8221;label_quality&#8221; disabled_on=&#8221;on|on|off&#8221; _builder_version=&#8221;4.22.1&#8243; _module_preset=&#8221;default&#8221; global_colors_info=&#8221;{}&#8221;][\/et_pb_image][\/et_pb_column][et_pb_column type=&#8221;3_5&#8243; _builder_version=&#8221;4.21.0&#8243; _module_preset=&#8221;default&#8221; global_colors_info=&#8221;{}&#8221;][et_pb_text _builder_version=&#8221;4.22.1&#8243; _module_preset=&#8221;default&#8221; text_text_color=&#8221;#FFFFFF&#8221; text_font_size=&#8221;15px&#8221; text_orientation=&#8221;center&#8221; background_layout=&#8221;dark&#8221; custom_margin=&#8221;10px||0px||false|false&#8221; global_colors_info=&#8221;{}&#8221; height__hover_enabled=&#8221;off|desktop&#8221;]<\/p>\n<p>\u00a9 2023 Ovronnaz-Tourisme. Tous droits r\u00e9serv\u00e9s<\/p>\n<p>[\/et_pb_text][\/et_pb_column][et_pb_column type=&#8221;1_5&#8243; _builder_version=&#8221;4.21.0&#8243; _module_preset=&#8221;default&#8221; global_colors_info=&#8221;{}&#8221;][\/et_pb_column][\/et_pb_row][\/et_pb_section]<\/p>\n","protected":false},"excerpt":{"rendered":"<p>AgendaRetrouvez tous les \u00e9v\u00e8nements et toutes les animations organis\u00e9s \u00e0 Ovronnaz par l&#8217;Office du tourisme (en bleu) ou par nos partenaires (en jaune) &nbsp;<div class=\"et_pb_module decm_divi_event_calendar decm_divi_event_calendar_0\">\n\t\t\t\t\n\t\t\t\t\n\t\t\t\t\n\t\t\t\t\n\t\t\t\t\n\t\t\t\t\n\t\t\t\t<div class=\"et_pb_module_inner\">\n\t\t\t\t\t<div id='calendar'><\/div> \r\n\t\t\t\n\t\t\t\t<\/div>\n\t\t\t<\/div><\/p>\n","protected":false},"author":1,"featured_media":0,"parent":0,"menu_order":16,"comment_status":"closed","ping_status":"closed","template":"","meta":{"_et_pb_use_builder":"on","_et_pb_old_content":"","_et_gb_content_width":"","_monsterinsights_skip_tracking":false,"_monsterinsights_sitenote_active":false,"_monsterinsights_sitenote_note":"","_monsterinsights_sitenote_category":0,"footnotes":""},"dipi_cpt_category":[],"class_list":["post-29442","page","type-page","status-publish","hentry"],"_links":{"self":[{"href":"https:\/\/www.ovronnaz.ch\/en\/wp-json\/wp\/v2\/pages\/29442","targetHints":{"allow":["GET"]}}],"collection":[{"href":"https:\/\/www.ovronnaz.ch\/en\/wp-json\/wp\/v2\/pages"}],"about":[{"href":"https:\/\/www.ovronnaz.ch\/en\/wp-json\/wp\/v2\/types\/page"}],"author":[{"embeddable":true,"href":"https:\/\/www.ovronnaz.ch\/en\/wp-json\/wp\/v2\/users\/1"}],"replies":[{"embeddable":true,"href":"https:\/\/www.ovronnaz.ch\/en\/wp-json\/wp\/v2\/comments?post=29442"}],"version-history":[{"count":40,"href":"https:\/\/www.ovronnaz.ch\/en\/wp-json\/wp\/v2\/pages\/29442\/revisions"}],"predecessor-version":[{"id":44927,"href":"https:\/\/www.ovronnaz.ch\/en\/wp-json\/wp\/v2\/pages\/29442\/revisions\/44927"}],"wp:attachment":[{"href":"https:\/\/www.ovronnaz.ch\/en\/wp-json\/wp\/v2\/media?parent=29442"}],"wp:term":[{"taxonomy":"dipi_cpt_category","embeddable":true,"href":"https:\/\/www.ovronnaz.ch\/en\/wp-json\/wp\/v2\/dipi_cpt_category?post=29442"}],"curies":[{"name":"wp","href":"https:\/\/api.w.org\/{rel}","templated":true}]}}