{"id":29361,"date":"2023-07-21T10:48:14","date_gmt":"2023-07-21T08:48:14","guid":{"rendered":"http:\/\/www.ovronnaz.ch\/?page_id=29361"},"modified":"2026-04-29T13:58:18","modified_gmt":"2026-04-29T11:58:18","slug":"magasins-de-sport","status":"publish","type":"page","link":"https:\/\/www.ovronnaz.ch\/en\/magasins-de-sport\/","title":{"rendered":"Magasins de sport"},"content":{"rendered":"<p>[et_pb_section fb_built=&#8221;1&#8243; fullwidth=&#8221;on&#8221; _builder_version=&#8221;4.21.0&#8243; _module_preset=&#8221;default&#8221; global_colors_info=&#8221;{}&#8221;][et_pb_fullwidth_slider _builder_version=&#8221;4.27.6&#8243; _module_preset=&#8221;default&#8221; hover_enabled=&#8221;0&#8243; global_colors_info=&#8221;{}&#8221; sticky_enabled=&#8221;0&#8243;][et_pb_slide _builder_version=&#8221;4.27.6&#8243; _module_preset=&#8221;default&#8221; background_enable_color=&#8221;off&#8221; background_image=&#8221;https:\/\/www.ovronnaz.ch\/wp-content\/uploads\/2025\/05\/a52aea04-ba07-42da-8d35-2c6e97afde49_rw_1920.jpg&#8221; background_enable_image=&#8221;on&#8221; hover_enabled=&#8221;0&#8243; global_colors_info=&#8221;{}&#8221; sticky_transition=&#8221;on&#8221; title_text=&#8221;a52aea04-ba07-42da-8d35-2c6e97afde49_rw_1920&#8243; sticky_enabled=&#8221;0&#8243;][\/et_pb_slide][\/et_pb_fullwidth_slider][\/et_pb_section][et_pb_section fb_built=&#8221;1&#8243; _builder_version=&#8221;4.21.0&#8243; _module_preset=&#8221;default&#8221; custom_margin=&#8221;||||false|false&#8221; custom_padding=&#8221;0px||0px||false|false&#8221; global_colors_info=&#8221;{}&#8221;][et_pb_row _builder_version=&#8221;4.21.0&#8243; _module_preset=&#8221;default&#8221; global_colors_info=&#8221;{}&#8221;][et_pb_column type=&#8221;4_4&#8243; _builder_version=&#8221;4.21.0&#8243; _module_preset=&#8221;default&#8221; global_colors_info=&#8221;{}&#8221;][et_pb_text _builder_version=&#8221;4.22.2&#8243; _module_preset=&#8221;default&#8221; content_en_gb=&#8221;<\/p>\n<h1>Sport shops<\/h1>\n<p>&#8221; content_de_de=&#8221;<\/p>\n<h1>Sportgesch\u00e4fte<\/h1>\n<p>&#8221; global_colors_info=&#8221;{}&#8221;]<\/p>\n<h1>Magasins de sport<\/h1>\n<p>[\/et_pb_text][\/et_pb_column][\/et_pb_row][et_pb_row _builder_version=&#8221;4.22.1&#8243; _module_preset=&#8221;default&#8221; global_colors_info=&#8221;{}&#8221;][et_pb_column type=&#8221;4_4&#8243; _builder_version=&#8221;4.22.1&#8243; _module_preset=&#8221;default&#8221; global_colors_info=&#8221;{}&#8221;][et_pb_text _builder_version=&#8221;4.22.2&#8243; _module_preset=&#8221;default&#8221; content_en_gb=&#8221;<\/p>\n<p>To rent ski equipment, an electric bike, or your new hiking gear, sports shops in Ovronnaz offer a range of products tailored to your needs and preferences.<\/p>\n<p>&#8221; content_de_de=&#8221;<\/p>\n<p style=%22text-align: left;%22><span>Um Skiausr\u00fcstung, ein Elektrofahrrad oder Ihre neue Wanderausr\u00fcstung zu mieten, bieten Ihnen die Sportgesch\u00e4fte in Ovronnaz eine Auswahl an Produkten, die auf Ihre Bed\u00fcrfnisse und Ihre Praxis zugeschnitten sind.<\/span><\/p>\n<p>&#8221; global_colors_info=&#8221;{}&#8221;]<\/p>\n<div class=\"bgGray\">\n<p class=\"text-18 sm:text-22 lg:text-24 text-gray\">Pour louer du mat\u00e9riel de ski, un v\u00e9lo \u00e9lectrique ou votre nouvel \u00e9quipement de rando, Les magasins de sport d\u2019Ovronnaz vous proposent une gamme de produits adapt\u00e9s \u00e0 vos besoins et \u00e0 votre pratique.<\/p>\n<\/div>\n<p>[\/et_pb_text][\/et_pb_column][\/et_pb_row][\/et_pb_section][et_pb_section fb_built=&#8221;1&#8243; _builder_version=&#8221;4.22.2&#8243; _module_preset=&#8221;default&#8221; custom_margin=&#8221;||||false|false&#8221; custom_padding=&#8221;||||false|false&#8221; global_colors_info=&#8221;{}&#8221;][et_pb_row column_structure=&#8221;2_5,3_5&#8243; _builder_version=&#8221;4.22.2&#8243; _module_preset=&#8221;default&#8221; global_colors_info=&#8221;{}&#8221;][et_pb_column type=&#8221;2_5&#8243; _builder_version=&#8221;4.22.2&#8243; _module_preset=&#8221;default&#8221; global_colors_info=&#8221;{}&#8221;][et_pb_image src=&#8221;https:\/\/www.ovronnaz.ch\/wp-content\/uploads\/2023\/10\/logo_AndreSports-1536&#215;516-1.png&#8221; title_text=&#8221;logo_AndreSports-1536&#215;516&#8243; _builder_version=&#8221;4.22.2&#8243; _module_preset=&#8221;default&#8221; background_enable_image=&#8221;off&#8221; global_colors_info=&#8221;{}&#8221;][\/et_pb_image][\/et_pb_column][et_pb_column type=&#8221;3_5&#8243; _builder_version=&#8221;4.22.2&#8243; _module_preset=&#8221;default&#8221; global_colors_info=&#8221;{}&#8221;][et_pb_text _builder_version=&#8221;4.22.2&#8243; _module_preset=&#8221;default&#8221; content_en_gb=&#8221;<\/p>\n<p class=%22vc_custom_heading%22 style=%22text-align: justify;%22><span>Store selling and renting Winter and Summer items conveniently located within the Swiss Ski School building, at the heart of the resort. We look forward to warmly welcoming you to provide advice in a relaxed and friendly atmosphere.<\/span><\/p>\n<div class=%22wpb_text_column wpb_content_element %22>\n<div class=%22wpb_wrapper%22><\/div>\n<\/div>\n<p>&#8221; content_de_de=&#8221;<\/p>\n<p class=%22vc_custom_heading%22 style=%22text-align: justify;%22><span>Gesch\u00e4ft f\u00fcr den Verkauf und die Vermietung von Winter- und Sommerartikeln, idealerweise im Geb\u00e4ude der Schweizer Skischule, im Herzen des Resorts gelegen. Wir freuen uns darauf, Sie herzlich willkommen zu hei\u00dfen und Sie in einer entspannten und freundlichen Atmosph\u00e4re zu beraten.<\/span><\/p>\n<\/p>\n<div class=%22wpb_text_column wpb_content_element %22>\n<div class=%22wpb_wrapper%22>\n<p><strong>Verleih von jeglicher Wintersportausr\u00fcstung<\/strong><\/p>\n<p><strong>Skis und Telemarkschuhe k\u00f6nnen gemietet werden.<\/strong><\/p>\n<p>Das Team, Andr\u00e9, Nicole und Ariane freuen sich darauf, Sie zu begr\u00fc\u00dfen.<\/p>\n<p><a href=%22http:\/\/www.andresports.ch\/%22>\u00d6ffnungszeiten<\/a><\/p>\n<\/div>\n<\/div>\n<p>&#8221; global_colors_info=&#8221;{}&#8221;]<\/p>\n<p class=\"vc_custom_heading\" style=\"text-align: justify;\">Magasin de vente et location d\u2019articles d\u2019Hiver et d\u2019Et\u00e9 id\u00e9alement plac\u00e9 dans le b\u00e2timent de l\u2019Ecole suisse de ski, au c\u0153ur de la station. On se r\u00e9jouit de vous accueillir chaleureusement pour vous conseiller, dans une atmosph\u00e8re d\u00e9tendue et conviviale.<\/p>\n<div class=\"wpb_text_column wpb_content_element \">\n<div class=\"wpb_wrapper\">\n<p>&nbsp;<\/p>\n<\/div>\n<\/div>\n<p>[\/et_pb_text][\/et_pb_column][\/et_pb_row][et_pb_row column_structure=&#8221;2_5,3_5&#8243; _builder_version=&#8221;4.22.2&#8243; _module_preset=&#8221;default&#8221; custom_padding=&#8221;50px||20px||false|false&#8221; locked=&#8221;off&#8221; global_colors_info=&#8221;{}&#8221;][et_pb_column type=&#8221;2_5&#8243; _builder_version=&#8221;4.22.1&#8243; _module_preset=&#8221;default&#8221; global_colors_info=&#8221;{}&#8221;][et_pb_text _builder_version=&#8221;4.22.2&#8243; _module_preset=&#8221;default&#8221; content_en_gb=&#8221;<\/p>\n<p><span>Contact &#038; Reservations<\/span><\/p>\n<p>&#8221; content_de_de=&#8221;<\/p>\n<p><span>Kontakt &#038; Reservierungen<\/span><\/p>\n<p>&#8221; global_colors_info=&#8221;{}&#8221;]<\/p>\n<h2>Contact &amp; r\u00e9servations<\/h2>\n<p>[\/et_pb_text][et_pb_blurb title=&#8221;Andr\u00e9 Hofer&#8221; use_icon=&#8221;on&#8221; font_icon=&#8221;&#xf007;||fa||400&#8243; icon_color=&#8221;#000000&#8243; icon_placement=&#8221;left&#8221; image_icon_width=&#8221;28px&#8221; _builder_version=&#8221;4.22.1&#8243; _module_preset=&#8221;default&#8221; link_option_url_new_window=&#8221;on&#8221; locked=&#8221;off&#8221; global_colors_info=&#8221;{}&#8221;][\/et_pb_blurb][et_pb_blurb title=&#8221;+41 76 585 10 88 \/ +41 27 306 11 88&#8243; use_icon=&#8221;on&#8221; font_icon=&#8221;&#xf879;||fa||900&#8243; icon_color=&#8221;#000000&#8243; icon_placement=&#8221;left&#8221; image_icon_width=&#8221;28px&#8221; _builder_version=&#8221;4.22.1&#8243; _module_preset=&#8221;default&#8221; link_option_url_new_window=&#8221;on&#8221; locked=&#8221;off&#8221; global_colors_info=&#8221;{}&#8221;][\/et_pb_blurb][et_pb_blurb title=&#8221;info@andresports.ch&#8221; use_icon=&#8221;on&#8221; font_icon=&#8221;&#xe010;||divi||400&#8243; icon_color=&#8221;#000000&#8243; icon_placement=&#8221;left&#8221; image_icon_width=&#8221;28px&#8221; _builder_version=&#8221;4.22.1&#8243; _module_preset=&#8221;default&#8221; link_option_url=&#8221;mailto:info@andresports.ch&#8221; link_option_url_new_window=&#8221;on&#8221; locked=&#8221;off&#8221; global_colors_info=&#8221;{}&#8221;][\/et_pb_blurb][et_pb_blurb title=&#8221;www.andresports.ch&#8221; use_icon=&#8221;on&#8221; font_icon=&#8221;&#xe0e3;||divi||400&#8243; icon_color=&#8221;#000000&#8243; icon_placement=&#8221;left&#8221; image_icon_width=&#8221;28px&#8221; _builder_version=&#8221;4.22.1&#8243; _module_preset=&#8221;default&#8221; link_option_url=&#8221;www.andresports.ch&#8221; link_option_url_new_window=&#8221;on&#8221; locked=&#8221;off&#8221; global_colors_info=&#8221;{}&#8221;][\/et_pb_blurb][\/et_pb_column][et_pb_column type=&#8221;3_5&#8243; _builder_version=&#8221;4.22.1&#8243; _module_preset=&#8221;default&#8221; global_colors_info=&#8221;{}&#8221;][et_pb_code _builder_version=&#8221;4.22.1&#8243; _module_preset=&#8221;default&#8221; locked=&#8221;off&#8221; global_colors_info=&#8221;{}&#8221;]<iframe src=\"https:\/\/www.google.com\/maps\/embed?pb=!1m18!1m12!1m3!1d2761.335013497572!2d7.1676664999999975!3d46.2037902!2m3!1f0!2f0!3f0!3m2!1i1024!2i768!4f13.1!3m3!1m2!1s0x478ec6baf23e6077%3A0xb82227a0fde7d8cc!2sAndr%C3%A9%20Sports!5e0!3m2!1sfr!2sch!4v1693488529266!5m2!1sfr!2sch\" width=\"600\" height=\"350\" style=\"border:0;\" allowfullscreen=\"\" loading=\"lazy\" referrerpolicy=\"no-referrer-when-downgrade\"><\/iframe>[\/et_pb_code][\/et_pb_column][\/et_pb_row][\/et_pb_section][et_pb_section fb_built=&#8221;1&#8243; _builder_version=&#8221;4.22.2&#8243; _module_preset=&#8221;default&#8221; custom_margin=&#8221;||||false|false&#8221; custom_padding=&#8221;||||false|false&#8221; global_colors_info=&#8221;{}&#8221;][et_pb_row column_structure=&#8221;2_5,3_5&#8243; _builder_version=&#8221;4.22.2&#8243; _module_preset=&#8221;default&#8221; global_colors_info=&#8221;{}&#8221;][et_pb_column type=&#8221;2_5&#8243; _builder_version=&#8221;4.22.2&#8243; _module_preset=&#8221;default&#8221; global_colors_info=&#8221;{}&#8221;][et_pb_image src=&#8221;https:\/\/www.ovronnaz.ch\/wp-content\/uploads\/2023\/08\/Gollut_Number-one-1.jpg&#8221; title_text=&#8221;Gollut_Number-one-1&#8243; _builder_version=&#8221;4.22.1&#8243; _module_preset=&#8221;default&#8221; global_colors_info=&#8221;{}&#8221;][\/et_pb_image][et_pb_image src=&#8221;https:\/\/www.ovronnaz.ch\/wp-content\/uploads\/2026\/02\/Outlook-ejlsvmqx.png&#8221; _builder_version=&#8221;4.27.5&#8243; _module_preset=&#8221;default&#8221; global_colors_info=&#8221;{}&#8221;][\/et_pb_image][\/et_pb_column][et_pb_column type=&#8221;3_5&#8243; _builder_version=&#8221;4.22.2&#8243; _module_preset=&#8221;default&#8221; global_colors_info=&#8221;{}&#8221;][et_pb_text _builder_version=&#8221;4.27.6&#8243; _module_preset=&#8221;default&#8221; hover_enabled=&#8221;0&#8243; content_en_gb=&#8221;<\/p>\n<p data-start=%22422%22 data-end=%22690%22>Our sports shop offers rental and sale of sports equipment. We sell technical gear, clothing, and accessories. More than 600 pairs of skis and boots are available, ranging from basic equipment to high-performance gear for beginners and experienced users.<\/p>\n<p data-start=%22692%22 data-end=%22780%22 data-is-last-node=%22%22 data-is-only-node=%22%22>During the winter season, our shop is open continuously.<\/p>\n<p data-start=%22692%22 data-end=%22780%22 data-is-last-node=%22%22 data-is-only-node=%22%22><br data-start=%22748%22 data-end=%22751%22 \/><span style=%22color: #ff0000;%22><strong>The shop is closed in summer.<\/strong><\/span><\/p>\n<div class=%22wpb_text_column wpb_content_element %22>\n<div class=%22wpb_wrapper%22><\/div>\n<\/div>\n<p>&#8221; content_de_de=&#8221;<\/p>\n<p data-start=%220%22 data-end=%22314%22>Unser Sportgesch\u00e4ft bietet Ihnen die Vermietung und den Verkauf von Sportartikeln an. Verkauf von technischer Ausr\u00fcstung, Bekleidung und Accessoires. Mehr als 600 Paar Ski und Schuhe stehen Ihnen zur Verf\u00fcgung \u2013 von Basisausr\u00fcstung bis hin zu hochmodernem Material f\u00fcr Anf\u00e4nger und Fortgeschrittene.<\/p>\n<p data-start=%220%22 data-end=%22314%22>\n<p data-start=%22316%22 data-end=%22420%22>In der Wintersaison ist unser Gesch\u00e4ft durchgehend ge\u00f6ffnet.<\/p>\n<p data-start=%22316%22 data-end=%22420%22><br data-start=%22376%22 data-end=%22379%22 \/><span style=%22color: #ff0000;%22><strong>Im Sommer ist das Gesch\u00e4ft geschlossen.<\/strong><\/span><\/p>\n<p>&#8221; global_colors_info=&#8221;{}&#8221; sticky_enabled=&#8221;0&#8243;]<\/p>\n<p style=\"text-align: justify;\">Notre magasin de sport vous propose de la location et de la vente d\u2019articles de sport. Vente de mat\u00e9riel technique, confection et accessoires . Plus de 600 paires de skis, chaussures \u00e0 votre disposition, du mat\u00e9riel Basic au plus pointu pour les apprenants et les chevronn\u00e9s.<\/p>\n<p style=\"text-align: center;\">\n<p style=\"text-align: justify;\"><span>En saison d&#8217;hiver, ouverture non stop de notre magasin<\/span><\/p>\n<p>\u00a0<span style=\"color: #ff0000;\"><strong>Magasin ferm\u00e9 en \u00e9t\u00e9\u00a0<\/strong><\/span><\/p>\n<div class=\"wpb_text_column wpb_content_element \">\n<div class=\"wpb_wrapper\">\n<p>&nbsp;<\/p>\n<\/div>\n<\/div>\n<p>[\/et_pb_text][\/et_pb_column][\/et_pb_row][et_pb_row column_structure=&#8221;2_5,3_5&#8243; _builder_version=&#8221;4.22.2&#8243; _module_preset=&#8221;default&#8221; custom_padding=&#8221;50px||20px||false|false&#8221; locked=&#8221;off&#8221; global_colors_info=&#8221;{}&#8221;][et_pb_column type=&#8221;2_5&#8243; _builder_version=&#8221;4.22.1&#8243; _module_preset=&#8221;default&#8221; global_colors_info=&#8221;{}&#8221;][et_pb_text _builder_version=&#8221;4.22.2&#8243; _module_preset=&#8221;default&#8221; content_en_gb=&#8221;<\/p>\n<p><span>Contact &#038; Reservations<\/span><\/p>\n<p>&#8221; content_de_de=&#8221;<\/p>\n<p><span>Kontakt &#038; Reservierungen<\/span><\/p>\n<p>&#8221; global_colors_info=&#8221;{}&#8221;]<\/p>\n<h2>Contact &amp; r\u00e9servations<\/h2>\n<p>[\/et_pb_text][et_pb_blurb title=&#8221;+41 79 643 99 33&#8243; use_icon=&#8221;on&#8221; font_icon=&#8221;&#xf879;||fa||900&#8243; icon_color=&#8221;#000000&#8243; icon_placement=&#8221;left&#8221; image_icon_width=&#8221;28px&#8221; _builder_version=&#8221;4.27.4&#8243; _module_preset=&#8221;default&#8221; link_option_url_new_window=&#8221;on&#8221; locked=&#8221;off&#8221; global_colors_info=&#8221;{}&#8221;][\/et_pb_blurb][et_pb_blurb title=&#8221;farid@gollut.ch&#8221; use_icon=&#8221;on&#8221; font_icon=&#8221;&#xe010;||divi||400&#8243; icon_color=&#8221;#000000&#8243; icon_placement=&#8221;left&#8221; image_icon_width=&#8221;28px&#8221; _builder_version=&#8221;4.22.1&#8243; _module_preset=&#8221;default&#8221; link_option_url=&#8221;mailto:farid@gollut.ch&#8221; link_option_url_new_window=&#8221;on&#8221; locked=&#8221;off&#8221; global_colors_info=&#8221;{}&#8221;][\/et_pb_blurb][et_pb_blurb title=&#8221;gollut62@gmail.com&#8221; use_icon=&#8221;on&#8221; font_icon=&#8221;&#xe010;||divi||400&#8243; icon_color=&#8221;#000000&#8243; icon_placement=&#8221;left&#8221; image_icon_width=&#8221;28px&#8221; _builder_version=&#8221;4.22.1&#8243; _module_preset=&#8221;default&#8221; link_option_url=&#8221;mailto:gollut62@gmail.com&#8221; link_option_url_new_window=&#8221;on&#8221; locked=&#8221;off&#8221; global_colors_info=&#8221;{}&#8221;][\/et_pb_blurb][et_pb_blurb title=&#8221;www.gollut.ch&#8221; use_icon=&#8221;on&#8221; font_icon=&#8221;&#xe0e3;||divi||400&#8243; icon_color=&#8221;#000000&#8243; icon_placement=&#8221;left&#8221; image_icon_width=&#8221;28px&#8221; _builder_version=&#8221;4.22.1&#8243; _module_preset=&#8221;default&#8221; link_option_url=&#8221;www.gollut.ch&#8221; link_option_url_new_window=&#8221;on&#8221; locked=&#8221;off&#8221; global_colors_info=&#8221;{}&#8221;][\/et_pb_blurb][et_pb_blurb title=&#8221;www.skiset.com &#8221; use_icon=&#8221;on&#8221; font_icon=&#8221;&#xe0e3;||divi||400&#8243; icon_color=&#8221;#000000&#8243; icon_placement=&#8221;left&#8221; image_icon_width=&#8221;28px&#8221; _builder_version=&#8221;4.27.6&#8243; _module_preset=&#8221;default&#8221; link_option_url=&#8221;https:\/\/www.skiset.com\/&#8221; link_option_url_new_window=&#8221;on&#8221; locked=&#8221;off&#8221; global_colors_info=&#8221;{}&#8221;][\/et_pb_blurb][\/et_pb_column][et_pb_column type=&#8221;3_5&#8243; _builder_version=&#8221;4.22.1&#8243; _module_preset=&#8221;default&#8221; global_colors_info=&#8221;{}&#8221;][et_pb_code _builder_version=&#8221;4.22.1&#8243; _module_preset=&#8221;default&#8221; locked=&#8221;off&#8221; global_colors_info=&#8221;{}&#8221;]<iframe src=\"https:\/\/www.google.com\/maps\/embed?pb=!1m18!1m12!1m3!1d2761.3800591276586!2d7.16798!3d46.202894!2m3!1f0!2f0!3f0!3m2!1i1024!2i768!4f13.1!3m3!1m2!1s0x478ec6ba58d23d75%3A0x3d592d626f9de6d7!2sGollut-Sport%20S.A-%20Location%20de%20mat%C3%A9riel%20de%20ski-t%C3%A9l%C3%A9mark-randonn%C3%A9e-snowboards-skis%20de%20fond!5e0!3m2!1sfr!2sch!4v1693488564960!5m2!1sfr!2sch\" width=\"600\" height=\"350\" style=\"border:0;\" allowfullscreen=\"\" loading=\"lazy\" referrerpolicy=\"no-referrer-when-downgrade\"><\/iframe>[\/et_pb_code][\/et_pb_column][\/et_pb_row][\/et_pb_section][et_pb_section fb_built=&#8221;1&#8243; _builder_version=&#8221;4.27.5&#8243; _module_preset=&#8221;default&#8221; global_colors_info=&#8221;{}&#8221;][et_pb_row _builder_version=&#8221;4.27.5&#8243; _module_preset=&#8221;default&#8221; global_colors_info=&#8221;{}&#8221;][et_pb_column type=&#8221;4_4&#8243; _builder_version=&#8221;4.27.5&#8243; _module_preset=&#8221;default&#8221; global_colors_info=&#8221;{}&#8221;][\/et_pb_column][\/et_pb_row][\/et_pb_section]<\/p>\n","protected":false},"excerpt":{"rendered":"<p>Magasins de sport Pour louer du mat\u00e9riel de ski, un v\u00e9lo \u00e9lectrique ou votre nouvel \u00e9quipement de rando, Les magasins de sport d\u2019Ovronnaz vous proposent une gamme de produits adapt\u00e9s [&hellip;]<\/p>\n","protected":false},"author":1,"featured_media":0,"parent":0,"menu_order":46,"comment_status":"closed","ping_status":"closed","template":"","meta":{"_et_pb_use_builder":"on","_et_pb_old_content":"","_et_gb_content_width":"","_monsterinsights_skip_tracking":false,"_monsterinsights_sitenote_active":false,"_monsterinsights_sitenote_note":"","_monsterinsights_sitenote_category":0,"footnotes":""},"dipi_cpt_category":[],"class_list":["post-29361","page","type-page","status-publish","hentry"],"_links":{"self":[{"href":"https:\/\/www.ovronnaz.ch\/en\/wp-json\/wp\/v2\/pages\/29361","targetHints":{"allow":["GET"]}}],"collection":[{"href":"https:\/\/www.ovronnaz.ch\/en\/wp-json\/wp\/v2\/pages"}],"about":[{"href":"https:\/\/www.ovronnaz.ch\/en\/wp-json\/wp\/v2\/types\/page"}],"author":[{"embeddable":true,"href":"https:\/\/www.ovronnaz.ch\/en\/wp-json\/wp\/v2\/users\/1"}],"replies":[{"embeddable":true,"href":"https:\/\/www.ovronnaz.ch\/en\/wp-json\/wp\/v2\/comments?post=29361"}],"version-history":[{"count":8,"href":"https:\/\/www.ovronnaz.ch\/en\/wp-json\/wp\/v2\/pages\/29361\/revisions"}],"predecessor-version":[{"id":45976,"href":"https:\/\/www.ovronnaz.ch\/en\/wp-json\/wp\/v2\/pages\/29361\/revisions\/45976"}],"wp:attachment":[{"href":"https:\/\/www.ovronnaz.ch\/en\/wp-json\/wp\/v2\/media?parent=29361"}],"wp:term":[{"taxonomy":"dipi_cpt_category","embeddable":true,"href":"https:\/\/www.ovronnaz.ch\/en\/wp-json\/wp\/v2\/dipi_cpt_category?post=29361"}],"curies":[{"name":"wp","href":"https:\/\/api.w.org\/{rel}","templated":true}]}}