{"id":29340,"date":"2023-07-21T10:28:04","date_gmt":"2023-07-21T08:28:04","guid":{"rendered":"http:\/\/www.ovronnaz.ch\/?page_id=29340"},"modified":"2026-05-01T16:51:31","modified_gmt":"2026-05-01T14:51:31","slug":"emplois","status":"publish","type":"page","link":"https:\/\/www.ovronnaz.ch\/en\/emplois\/","title":{"rendered":"Emplois"},"content":{"rendered":"<p>[et_pb_section fb_built=&#8221;1&#8243; fullwidth=&#8221;on&#8221; _builder_version=&#8221;4.21.0&#8243; _module_preset=&#8221;default&#8221; global_colors_info=&#8221;{}&#8221;][et_pb_fullwidth_slider _builder_version=&#8221;4.27.6&#8243; _module_preset=&#8221;default&#8221; global_colors_info=&#8221;{}&#8221;][et_pb_slide _builder_version=&#8221;4.27.6&#8243; _module_preset=&#8221;default&#8221; background_image=&#8221;https:\/\/www.ovronnaz.ch\/wp-content\/uploads\/2023\/08\/image-9.jpeg&#8221; background_enable_image=&#8221;on&#8221; background_position=&#8221;bottom_center&#8221; global_colors_info=&#8221;{}&#8221; sticky_transition=&#8221;on&#8221;][\/et_pb_slide][\/et_pb_fullwidth_slider][\/et_pb_section][et_pb_section fb_built=&#8221;1&#8243; _builder_version=&#8221;4.21.0&#8243; _module_preset=&#8221;default&#8221; global_colors_info=&#8221;{}&#8221;][et_pb_row _builder_version=&#8221;4.21.0&#8243; _module_preset=&#8221;default&#8221; custom_padding=&#8221;0px||0px||false|false&#8221; global_colors_info=&#8221;{}&#8221;][et_pb_column type=&#8221;4_4&#8243; _builder_version=&#8221;4.21.0&#8243; _module_preset=&#8221;default&#8221; global_colors_info=&#8221;{}&#8221;][et_pb_text _builder_version=&#8221;4.27.4&#8243; _module_preset=&#8221;default&#8221; content_en_gb=&#8221;<\/p>\n<h1>Offre d&#8217;emploi<\/h1>\n<p>&#8221; content_de_de=&#8221;<\/p>\n<h1>Jobangebot<\/h1>\n<p>&#8221; global_colors_info=&#8221;{}&#8221;]<\/p>\n<h1>Offre d&#8217;emploi<\/h1>\n<p>[\/et_pb_text][et_pb_text disabled_on=&#8221;on|on|on&#8221; _builder_version=&#8221;4.27.4&#8243; _module_preset=&#8221;default&#8221; content_en_gb=&#8221;<\/p>\n<h3>Our teams are currently complete, but stay tuned for future opportunities!<\/h3>\n<p>&#8221; content_de_de=&#8221;<\/p>\n<h3>Unser Team ist derzeit vollst\u00e4ndig, aber bleiben Sie dran f\u00fcr zuk\u00fcnftige M\u00f6glichkeiten!<\/h3>\n<p>&#8221; disabled=&#8221;on&#8221; global_colors_info=&#8221;{}&#8221;]<\/p>\n<h3>Nos \u00e9quipes sont au complet pour le moment, mais restez connect\u00e9s pour de prochaines opportunit\u00e9s !<\/h3>\n<p>[\/et_pb_text][\/et_pb_column][\/et_pb_row][et_pb_row disabled_on=&#8221;on|on|on&#8221; _builder_version=&#8221;4.21.0&#8243; _module_preset=&#8221;default&#8221; custom_padding=&#8221;0px||0px||false|false&#8221; disabled=&#8221;on&#8221; global_colors_info=&#8221;{}&#8221;][et_pb_column type=&#8221;4_4&#8243; _builder_version=&#8221;4.21.0&#8243; _module_preset=&#8221;default&#8221; global_colors_info=&#8221;{}&#8221;][\/et_pb_column][\/et_pb_row][et_pb_row disabled_on=&#8221;off|off|off&#8221; _builder_version=&#8221;4.27.4&#8243; _module_preset=&#8221;default&#8221; custom_margin=&#8221;|auto|-40px|auto||&#8221; global_colors_info=&#8221;{}&#8221;][et_pb_column type=&#8221;4_4&#8243; _builder_version=&#8221;4.27.4&#8243; _module_preset=&#8221;default&#8221; global_colors_info=&#8221;{}&#8221;][et_pb_text disabled_on=&#8221;off|off|off&#8221; _builder_version=&#8221;4.27.6&#8243; _module_preset=&#8221;default&#8221; global_colors_info=&#8221;{}&#8221;]<\/p>\n<h2><u>T\u00e9l\u00e9ovronnaz SA<\/u> : Un(e) cuisinier(\u00e8re) et des extras pour le restaurant de Jorasse pour la saison d&#8217;\u00e9t\u00e9\/automne 2026<\/h2>\n<p>[\/et_pb_text][et_pb_button button_url=&#8221;https:\/\/www.ovronnaz.ch\/wp-content\/uploads\/2026\/05\/260430-AnnonceRestoEte26.pdf&#8221; url_new_window=&#8221;on&#8221; button_text=&#8221;Offre d&#8217;emploi&#8221; disabled_on=&#8221;off|off|off&#8221; _builder_version=&#8221;4.27.6&#8243; _module_preset=&#8221;default&#8221; hover_enabled=&#8221;0&#8243; global_colors_info=&#8221;{}&#8221; sticky_enabled=&#8221;0&#8243;][\/et_pb_button][\/et_pb_column][\/et_pb_row][et_pb_row disabled_on=&#8221;off|off|off&#8221; _builder_version=&#8221;4.27.4&#8243; _module_preset=&#8221;default&#8221; custom_margin=&#8221;|auto|-40px|auto||&#8221; global_colors_info=&#8221;{}&#8221;][et_pb_column type=&#8221;4_4&#8243; _builder_version=&#8221;4.27.4&#8243; _module_preset=&#8221;default&#8221; global_colors_info=&#8221;{}&#8221;][et_pb_text _builder_version=&#8221;4.27.4&#8243; _module_preset=&#8221;default&#8221; global_colors_info=&#8221;{}&#8221;][\/et_pb_text][et_pb_text disabled_on=&#8221;off|off|off&#8221; _builder_version=&#8221;4.27.6&#8243; _module_preset=&#8221;default&#8221; global_colors_info=&#8221;{}&#8221;]<\/p>\n<h2><u>L&#8217;H\u00f4tel des Muverans<\/u> : Femme \/ Valet de chambre \u00e0 60% de suite ou \u00e0 convenir<\/h2>\n<p>[\/et_pb_text][et_pb_button button_url=&#8221;https:\/\/www.ovronnaz.ch\/wp-content\/uploads\/2026\/04\/On-recrute.pdf&#8221; button_text=&#8221;Offre d&#8217;emploi&#8221; disabled_on=&#8221;off|off|off&#8221; _builder_version=&#8221;4.27.6&#8243; _module_preset=&#8221;default&#8221; global_colors_info=&#8221;{}&#8221;][\/et_pb_button][et_pb_text disabled_on=&#8221;on|on|on&#8221; _builder_version=&#8221;4.27.4&#8243; _module_preset=&#8221;default&#8221; disabled=&#8221;on&#8221; global_colors_info=&#8221;{}&#8221;]<\/p>\n<h2><u>Coop Ovronnaz<\/u> : Vendeurs\u00b7euses (f\/h\/d) CDD de d\u00e9cembre 2025 \u00e0 avril 2026<\/h2>\n<p>[\/et_pb_text][\/et_pb_column][\/et_pb_row][et_pb_row disabled_on=&#8221;off|off|off&#8221; _builder_version=&#8221;4.21.0&#8243; _module_preset=&#8221;default&#8221; global_colors_info=&#8221;{}&#8221;][et_pb_column type=&#8221;4_4&#8243; _builder_version=&#8221;4.21.0&#8243; _module_preset=&#8221;default&#8221; global_colors_info=&#8221;{}&#8221;][et_pb_text disabled_on=&#8221;on|on|on&#8221; _builder_version=&#8221;4.27.4&#8243; _module_preset=&#8221;default&#8221; disabled=&#8221;on&#8221; global_colors_info=&#8221;{}&#8221;]<\/p>\n<h2><span style=\"text-decoration: underline;\">Office du tourisme<\/span> : Stagiaire en tourisme \u00e0 100%<\/h2>\n<p>[\/et_pb_text][et_pb_button button_url=&#8221;https:\/\/www.ovronnaz.ch\/wp-content\/uploads\/2025\/12\/Mise-au-concours-poste-de-stagiaire-OT-2026.pdf&#8221; url_new_window=&#8221;on&#8221; button_text=&#8221;Offre d&#8217;emploi&#8221; disabled_on=&#8221;on|on|on&#8221; _builder_version=&#8221;4.27.5&#8243; _module_preset=&#8221;default&#8221; disabled=&#8221;on&#8221; global_colors_info=&#8221;{}&#8221;][\/et_pb_button][\/et_pb_column][\/et_pb_row][et_pb_row column_structure=&#8221;1_2,1_2&#8243; disabled_on=&#8221;on|on|on&#8221; _builder_version=&#8221;4.21.0&#8243; _module_preset=&#8221;default&#8221; disabled=&#8221;on&#8221; global_colors_info=&#8221;{}&#8221;][et_pb_column type=&#8221;1_2&#8243; _builder_version=&#8221;4.21.0&#8243; _module_preset=&#8221;default&#8221; global_colors_info=&#8221;{}&#8221;][et_pb_blurb title=&#8221;L&#8217;office du tourisme cherche un ou une stagiaire en tourisme \u00e0 100%&#8221; use_icon=&#8221;on&#8221; font_icon=&#8221;&#xe01e;||divi||400&#8243; icon_color=&#8221;#000000&#8243; icon_placement=&#8221;left&#8221; image_icon_width=&#8221;28px&#8221; _builder_version=&#8221;4.27.5&#8243; _module_preset=&#8221;default&#8221; custom_padding=&#8221;||9px|||&#8221; link_option_url_new_window=&#8221;on&#8221; locked=&#8221;off&#8221; global_colors_info=&#8221;{}&#8221;]<\/p>\n<p>Entr\u00e9e en fonction : 01.08.2026 ou \u00e0 convenir<\/p>\n<p><a href=\"https:\/\/www.ovronnaz.ch\/wp-content\/uploads\/2025\/12\/Mise-au-concours-poste-de-stagiaire-OT-2026.pdf\" target=\"_blank\" rel=\"noopener\">Offre compl\u00e8te\u00a0 : ici<\/a><\/p>\n<p>[\/et_pb_blurb][et_pb_blurb title=&#8221;Informations compl\u00e9mentaires&#8221; use_icon=&#8221;on&#8221; font_icon=&#8221;&#xe060;||divi||400&#8243; icon_color=&#8221;#000000&#8243; icon_placement=&#8221;left&#8221; image_icon_width=&#8221;28px&#8221; _builder_version=&#8221;4.27.0&#8243; _module_preset=&#8221;default&#8221; custom_padding=&#8221;||9px|||&#8221; link_option_url_new_window=&#8221;on&#8221; locked=&#8221;off&#8221; global_colors_info=&#8221;{}&#8221;]<\/p>\n<p>Mme Jessica Monnet, responsable de l\u2019office du tourisme<br \/>au 027\/306 42 93 ou par email \u00e0 info@ovronnaz.ch<\/p>\n<p>[\/et_pb_blurb][\/et_pb_column][et_pb_column type=&#8221;1_2&#8243; _builder_version=&#8221;4.22.1&#8243; _module_preset=&#8221;default&#8221; global_colors_info=&#8221;{}&#8221;][et_pb_blurb title=&#8221;Candidature \u00e0 adresser &#8221; use_icon=&#8221;on&#8221; font_icon=&#8221;&#xe010;||divi||400&#8243; icon_color=&#8221;#000000&#8243; icon_placement=&#8221;left&#8221; image_icon_width=&#8221;28px&#8221; _builder_version=&#8221;4.27.5&#8243; _module_preset=&#8221;default&#8221; custom_padding=&#8221;||9px|||&#8221; link_option_url=&#8221;mailto:info@ovronnaz.ch&#8221; link_option_url_new_window=&#8221;on&#8221; locked=&#8221;off&#8221; global_colors_info=&#8221;{}&#8221;]<\/p>\n<p>par email \u00e0 <a href=\"mailto:commune@leytron.ch\">rh@leytron.ch <\/a><\/p>\n<p>avec dossier complet (lettre de motivation, curriculum vitae, photo, copies des dipl\u00f4mes et des derniers r\u00e9sultats scolaires)<\/p>\n<p>d\u00e9lai de postulation : 18.01.2026<\/p>\n<p>[\/et_pb_blurb][\/et_pb_column][\/et_pb_row][\/et_pb_section]<\/p>\n","protected":false},"excerpt":{"rendered":"<p>Offre d&#8217;emploiNos \u00e9quipes sont au complet pour le moment, mais restez connect\u00e9s pour de prochaines opportunit\u00e9s !T\u00e9l\u00e9ovronnaz SA : Un(e) cuisinier(\u00e8re) et des extras pour le restaurant de Jorasse pour [&hellip;]<\/p>\n","protected":false},"author":1,"featured_media":0,"parent":0,"menu_order":48,"comment_status":"closed","ping_status":"closed","template":"","meta":{"_et_pb_use_builder":"on","_et_pb_old_content":"","_et_gb_content_width":"","_monsterinsights_skip_tracking":false,"_monsterinsights_sitenote_active":false,"_monsterinsights_sitenote_note":"","_monsterinsights_sitenote_category":0,"footnotes":""},"dipi_cpt_category":[],"class_list":["post-29340","page","type-page","status-publish","hentry"],"_links":{"self":[{"href":"https:\/\/www.ovronnaz.ch\/en\/wp-json\/wp\/v2\/pages\/29340","targetHints":{"allow":["GET"]}}],"collection":[{"href":"https:\/\/www.ovronnaz.ch\/en\/wp-json\/wp\/v2\/pages"}],"about":[{"href":"https:\/\/www.ovronnaz.ch\/en\/wp-json\/wp\/v2\/types\/page"}],"author":[{"embeddable":true,"href":"https:\/\/www.ovronnaz.ch\/en\/wp-json\/wp\/v2\/users\/1"}],"replies":[{"embeddable":true,"href":"https:\/\/www.ovronnaz.ch\/en\/wp-json\/wp\/v2\/comments?post=29340"}],"version-history":[{"count":45,"href":"https:\/\/www.ovronnaz.ch\/en\/wp-json\/wp\/v2\/pages\/29340\/revisions"}],"predecessor-version":[{"id":46013,"href":"https:\/\/www.ovronnaz.ch\/en\/wp-json\/wp\/v2\/pages\/29340\/revisions\/46013"}],"wp:attachment":[{"href":"https:\/\/www.ovronnaz.ch\/en\/wp-json\/wp\/v2\/media?parent=29340"}],"wp:term":[{"taxonomy":"dipi_cpt_category","embeddable":true,"href":"https:\/\/www.ovronnaz.ch\/en\/wp-json\/wp\/v2\/dipi_cpt_category?post=29340"}],"curies":[{"name":"wp","href":"https:\/\/api.w.org\/{rel}","templated":true}]}}