{"id":34705,"date":"2023-09-27T11:09:53","date_gmt":"2023-09-27T09:09:53","guid":{"rendered":"http:\/\/www.ovronnaz.ch\/?page_id=34705"},"modified":"2024-11-05T09:10:22","modified_gmt":"2024-11-05T08:10:22","slug":"escape-game","status":"publish","type":"page","link":"https:\/\/www.ovronnaz.ch\/de\/escape-game\/","title":{"rendered":"Escape game"},"content":{"rendered":"<p>[et_pb_section fb_built=&#8220;1&#8243; fullwidth=&#8220;on&#8220; _builder_version=&#8220;4.22.1&#8243; _module_preset=&#8220;default&#8220; global_colors_info=&#8220;{}&#8220;][et_pb_fullwidth_slider _builder_version=&#8220;4.22.2&#8243; _module_preset=&#8220;default&#8220; global_colors_info=&#8220;{}&#8220;][et_pb_slide _builder_version=&#8220;4.22.2&#8243; _module_preset=&#8220;default&#8220; background_image=&#8220;http:\/\/www.ovronnaz.ch\/wp-content\/uploads\/2023\/10\/Vert-Photo-Arriere-Plan-Bienvenue-Carte-3.png&#8220; background_enable_image=&#8220;on&#8220; global_colors_info=&#8220;{}&#8220; sticky_transition=&#8220;on&#8220;][\/et_pb_slide][\/et_pb_fullwidth_slider][\/et_pb_section][et_pb_section fb_built=&#8220;1&#8243; _builder_version=&#8220;4.21.0&#8243; _module_preset=&#8220;default&#8220; global_colors_info=&#8220;{}&#8220;][et_pb_row _builder_version=&#8220;4.21.0&#8243; _module_preset=&#8220;default&#8220; global_colors_info=&#8220;{}&#8220;][et_pb_column type=&#8220;4_4&#8243; _builder_version=&#8220;4.21.0&#8243; _module_preset=&#8220;default&#8220; global_colors_info=&#8220;{}&#8220;][et_pb_text _builder_version=&#8220;4.22.2&#8243; _module_preset=&#8220;default&#8220; hover_enabled=&#8220;0&#8243; content_en_gb=&#8220;<\/p>\n<h1>Escape room<\/h1>\n<p>&#8220; content_de_de=&#8220;<\/p>\n<h1>Escape room<\/h1>\n<p>&#8220; global_colors_info=&#8220;{}&#8220; sticky_enabled=&#8220;0&#8243;]<\/p>\n<h1>Escape room<\/h1>\n<p>[\/et_pb_text][\/et_pb_column][\/et_pb_row][et_pb_row disabled_on=&#8220;on|on|on&#8220; _builder_version=&#8220;4.22.2&#8243; _module_preset=&#8220;default&#8220; disabled=&#8220;on&#8220; global_colors_info=&#8220;{}&#8220;][et_pb_column type=&#8220;4_4&#8243; _builder_version=&#8220;4.22.2&#8243; _module_preset=&#8220;default&#8220; global_colors_info=&#8220;{}&#8220;][et_pb_text _builder_version=&#8220;4.22.2&#8243; _module_preset=&#8220;default&#8220; content_en_gb=&#8220;<\/p>\n<h3>Escape room at the tourist office<\/h3>\n<p>Looking for something a little different in the resort?<\/p>\n<p>The Tourist Office team has set up a <strong>small escape room<\/strong> for young and old.<\/p>\n<p>Open during office hours (8.30am-12.30pm \/ 1.30pm-5.30pm).<\/p>\n<p><strong>CHF 5 and free with the PASS Activit\u00e9s<\/strong><\/p>\n<p>Bookings on 027.306.42.93 or info@ovronnaz.ch<\/p>\n<p>&#8220; content_de_de=&#8220;<\/p>\n<h3>Escape Room in der Touristeninformation.<\/h3>\n<p>Lust auf eine etwas andere Aktivit\u00e4t im Ferienort.<\/p>\n<p>Das Team des Fremdenverkehrsamts hat einen <strong>kleinen Escape Room<\/strong> f\u00fcr Gro\u00df und Klein eingerichtet.<\/p>\n<p>Ge\u00f6ffnet w\u00e4hrend der \u00d6ffnungszeiten der Touristeninformation (8:30-12:30 \/ 13:30-17:30).<\/p>\n<p><strong>5 CHF und gratis mit dem Aktivit\u00e4ten-Pass.<\/strong><\/p>\n<p>Reservierung unter 027.306.42.93 oder info@ovronnaz.ch<\/p>\n<p>&#8220; global_colors_info=&#8220;{}&#8220;]<\/p>\n<h2>Escape room \u00e0 l&#8217;office du tourisme<\/h2>\n<p>Envie d&#8217;une activit\u00e9 un peu diff\u00e9rente dans la station.<\/p>\n<p>L&#8217;\u00e9quipe de l&#8217;office du tourisme a mis un place un <strong>petite escape room<\/strong> pour les petits et les grands.<\/p>\n<p>Ouverte sur les horaires de l&#8217;office (8h30-12h30 \/ 13h30-17h30)<\/p>\n<p><strong>5 CHF et offert avec le PASS Activit\u00e9s<\/strong><\/p>\n<p>R\u00e9servation au 027.306.42.93 ou \u00e0 info@ovronnaz.ch<\/p>\n<p>[\/et_pb_text][\/et_pb_column][\/et_pb_row][et_pb_row disabled_on=&#8220;on|on|on&#8220; _builder_version=&#8220;4.22.2&#8243; _module_preset=&#8220;default&#8220; disabled=&#8220;on&#8220; global_colors_info=&#8220;{}&#8220;][et_pb_column type=&#8220;4_4&#8243; _builder_version=&#8220;4.22.2&#8243; _module_preset=&#8220;default&#8220; global_colors_info=&#8220;{}&#8220;][et_pb_text _builder_version=&#8220;4.22.2&#8243; _module_preset=&#8220;default&#8220; content_en_gb=&#8220;<\/p>\n<h3>Escape room surroundings<\/h3>\n<p>Want to get away from it all? There are several escape rooms within a 30-minute drive of Ovronnaz.<\/p>\n<p>&#8220; content_de_de=&#8220;<\/p>\n<h3>Escape Room Umgebung<\/h3>\n<p>Lust auf ein bisschen Bewegung? Mehrere Escape Rooms sind von Ovronnaz aus in etwa 30 Minuten mit dem Auto erreichbar.<\/p>\n<p>&#8220; global_colors_info=&#8220;{}&#8220;]<\/p>\n<h2>Escape room alentours<\/h2>\n<p>Envie de bouger un peu ? Plusieurs Escape room sont accessibles \u00e0 environ 30 minutes de voiture depuis Ovronnaz.<\/p>\n<p>[\/et_pb_text][\/et_pb_column][\/et_pb_row][et_pb_row column_structure=&#8220;1_2,1_2&#8243; _builder_version=&#8220;4.22.2&#8243; _module_preset=&#8220;default&#8220; global_colors_info=&#8220;{}&#8220;][et_pb_column type=&#8220;1_2&#8243; _builder_version=&#8220;4.22.2&#8243; _module_preset=&#8220;default&#8220; global_colors_info=&#8220;{}&#8220;][et_pb_text _builder_version=&#8220;4.27.2&#8243; _module_preset=&#8220;default&#8220; hover_enabled=&#8220;0&#8243; global_colors_info=&#8220;{}&#8220; content_en_gb=&#8220;<\/p>\n<p><span style=%22text-decoration: underline;%22><em>Escape World<\/em><\/span><span style=%22text-decoration: underline;%22><em><br \/><\/em><\/span><a href=%22http:\/\/www.escapeworld.ch%22>www.escapeworld.ch<\/a><br \/>+41 (0) 24 485 21 00<br \/>Gare CFF de St-Maurice 1890 St-Maurice<br \/>Chemin Vers-le-Mont 1904 Vernayaz<br \/>Ruelle des ch\u00e2teaux 7 1950 Sion<br \/>Rue de Savoie 64 1951 Sion<\/p>\n<p><span style=%22text-decoration: underline;%22><em>Trapgame<\/em><\/span><br \/><a href=%22https:\/\/www.trapgame.ch\/%22>www.trapgame.ch<\/a><br \/>+41 (0) 27 519 00 26<br \/>Route de la Sarvaz 5 1906 Charrat<br \/>Rue des Finettes 52 1920 Martigny<\/p>\n<p>&#8220; content_de_de=&#8220;<\/p>\n<p><span style=%22text-decoration: underline;%22><em>Escape World<\/em><\/span><span style=%22text-decoration: underline;%22><em><br \/><\/em><\/span><a href=%22http:\/\/www.escapeworld.ch%22>www.escapeworld.ch<\/a><br \/>+41 (0) 24 485 21 00<br \/>Gare CFF de St-Maurice 1890 St-Maurice<br \/>Chemin Vers-le-Mont 1904 Vernayaz<br \/>Ruelle des ch\u00e2teaux 7 1950 Sion<br \/>Rue de Savoie 64 1951 Sion<\/p>\n<p><span style=%22text-decoration: underline;%22><em>Trapgame<\/em><\/span><br \/><a href=%22https:\/\/www.trapgame.ch\/%22>www.trapgame.ch<\/a><br \/>+41 (0) 27 519 00 26<br \/>Route de la Sarvaz 5 1906 Charrat<br \/>Rue des Finettes 52 1920 Martigny<\/p>\n<p>&#8220; sticky_enabled=&#8220;0&#8243;]<\/p>\n<p><span style=\"text-decoration: underline;\"><em>Escape World<br \/><\/em><\/span>Plusieurs sites en suisse romande\u00a0<span style=\"text-decoration: underline;\"><em><br \/><\/em><\/span><a href=\"http:\/\/www.escapeworld.ch\">www.escapeworld.ch<\/a><br \/>+41 (0) 24 485 21 00<br \/>Gare CFF de St-Maurice 1890 St-Maurice<br \/>Chemin Vers-le-Mont 1904 Vernayaz<br \/>Ruelle des ch\u00e2teaux 7 1950 Sion<br \/>Rue de Savoie 64 1951 Sion<\/p>\n<p><span style=\"text-decoration: underline;\"><em>Trapgame<\/em><\/span><br \/>Plusieurs site entre Martigny et Charrat<br \/><a href=\"https:\/\/www.trapgame.ch\/\">www.trapgame.ch<\/a><br \/>+41 (0) 27 519 00 26<br \/>Route de la Sarvaz 5 1906 Charrat<br \/>Rue des Finettes 52 1920 Martigny<\/p>\n<p>[\/et_pb_text][\/et_pb_column][et_pb_column type=&#8220;1_2&#8243; _builder_version=&#8220;4.22.2&#8243; _module_preset=&#8220;default&#8220; global_colors_info=&#8220;{}&#8220;][et_pb_text _builder_version=&#8220;4.27.2&#8243; _module_preset=&#8220;default&#8220; hover_enabled=&#8220;0&#8243; global_colors_info=&#8220;{}&#8220; content_en_gb=&#8220;<\/p>\n<p><span style=%22text-decoration: underline;%22><em>Escape Life<\/em><\/span><br \/><a href=%22http:\/\/www.escapelife.ch%22>www.escapelife.ch<\/a><\/p>\n<p><span style=%22text-decoration: underline;%22><em>SionEscape Sion<\/em><\/span><br \/>Rue de la St-Marguerite 21 1950 Sion<br \/><a href=%22https:\/\/www.sionescape.ch\/%22>www.sionescape.ch<\/a><\/p>\n<p><span style=%22text-decoration: underline;%22><em><\/em><\/span><\/p>\n<p><span style=%22text-decoration: underline;%22><em>Nautilus Sion<br \/><\/em><\/span>Adventure game: Prison Island<br \/>Jules Verne Games Bar and Karaoke booths<br \/>Rue de la Drague 43 1950 Sion<br \/>+41 (0) 27 525 45 39<br \/><a href=%22https:\/\/nautilus.henigma.ch\/%22 data-et-target-link=%22_blank%22 rel=%22noopener%22>www.nautilus.henigma.ch<\/a><\/p>\n<p>&#8220; content_de_de=&#8220;<\/p>\n<p><span style=%22text-decoration: underline;%22><em>Escape Life<\/em><\/span><br \/><a href=%22http:\/\/www.escapelife.ch%22>www.escapelife.ch<\/a><\/p>\n<p><span style=%22text-decoration: underline;%22><em>SionEscape Sion<\/em><\/span><br \/>Rue de la St-Marguerite 21 1950 Sion<br \/><a href=%22https:\/\/www.sionescape.ch\/%22>www.sionescape.ch<\/a><\/p>\n<p><span style=%22text-decoration: underline;%22><em><\/em><\/span><\/p>\n<p><span style=%22text-decoration: underline;%22><em>Nautilus Sion<br \/><\/em><\/span>Abenteuerspiel: Prison Island<br \/>Jules Verne Spielbar und Karaoke-Kabinen<br \/>Rue de la Drague 43 1950 Sion<br \/>+41 (0) 27 525 45 39<br \/><a href=%22https:\/\/nautilus.henigma.ch\/%22 data-et-target-link=%22_blank%22 rel=%22noopener%22>www.nautilus.henigma.ch<\/a><\/p>\n<p>&#8220; sticky_enabled=&#8220;0&#8243;]<\/p>\n<p><span style=\"text-decoration: underline;\"><em>Escape Life<\/em><\/span><br \/>Sur plusieurs sites de jeux en valais : Sion, Monthey, Nendaz<br \/>Aventures en int\u00e9rieur, en ext\u00e9rieur et en r\u00e9alit\u00e9 vituelle !<br \/>Plusieurs jeux sur l&#8217;histoire ou des l\u00e9gendes locales.<br \/><a href=\"http:\/\/www.escapelife.ch\">www.escapelife.ch<\/a><\/p>\n<p><span style=\"text-decoration: underline;\"><em>SionEscape Sion<\/em><\/span><br \/>Rue de la St-Marguerite 21 1950 Sion<br \/><a href=\"https:\/\/www.sionescape.ch\/\">www.sionescape.ch<\/a><\/p>\n<p><span style=\"text-decoration: underline;\"><em><\/em><\/span><\/p>\n<p><span style=\"text-decoration: underline;\"><em>Nautilus Sion<br \/><\/em><\/span>Jeu d&#8217;aventure : Prison Island<br \/>Bar \u00e0 Jeux Jules Verne et cabines de Karaok\u00e9<br \/>Rue de la Drague 43 1950 Sion<br \/>+41 (0) 27 525 45 39<br \/><a href=\"https:\/\/nautilus.henigma.ch\/\" target=\"_blank\" rel=\"noopener\">www.nautilus.henigma.ch<\/a><\/p>\n<p>[\/et_pb_text][\/et_pb_column][\/et_pb_row][\/et_pb_section]<\/p>\n","protected":false},"excerpt":{"rendered":"<p>Escape roomEscape room \u00e0 l&#8217;office du tourisme Envie d&#8217;une activit\u00e9 un peu diff\u00e9rente dans la station. L&#8217;\u00e9quipe de l&#8217;office du tourisme a mis un place un petite escape room pour [&hellip;]<\/p>\n","protected":false},"author":2,"featured_media":0,"parent":0,"menu_order":0,"comment_status":"closed","ping_status":"closed","template":"","meta":{"_et_pb_use_builder":"on","_et_pb_old_content":"","_et_gb_content_width":"","_monsterinsights_skip_tracking":false,"_monsterinsights_sitenote_active":false,"_monsterinsights_sitenote_note":"","_monsterinsights_sitenote_category":0,"footnotes":""},"dipi_cpt_category":[],"class_list":["post-34705","page","type-page","status-publish","hentry"],"_links":{"self":[{"href":"https:\/\/www.ovronnaz.ch\/de\/wp-json\/wp\/v2\/pages\/34705","targetHints":{"allow":["GET"]}}],"collection":[{"href":"https:\/\/www.ovronnaz.ch\/de\/wp-json\/wp\/v2\/pages"}],"about":[{"href":"https:\/\/www.ovronnaz.ch\/de\/wp-json\/wp\/v2\/types\/page"}],"author":[{"embeddable":true,"href":"https:\/\/www.ovronnaz.ch\/de\/wp-json\/wp\/v2\/users\/2"}],"replies":[{"embeddable":true,"href":"https:\/\/www.ovronnaz.ch\/de\/wp-json\/wp\/v2\/comments?post=34705"}],"version-history":[{"count":4,"href":"https:\/\/www.ovronnaz.ch\/de\/wp-json\/wp\/v2\/pages\/34705\/revisions"}],"predecessor-version":[{"id":40238,"href":"https:\/\/www.ovronnaz.ch\/de\/wp-json\/wp\/v2\/pages\/34705\/revisions\/40238"}],"wp:attachment":[{"href":"https:\/\/www.ovronnaz.ch\/de\/wp-json\/wp\/v2\/media?parent=34705"}],"wp:term":[{"taxonomy":"dipi_cpt_category","embeddable":true,"href":"https:\/\/www.ovronnaz.ch\/de\/wp-json\/wp\/v2\/dipi_cpt_category?post=34705"}],"curies":[{"name":"wp","href":"https:\/\/api.w.org\/{rel}","templated":true}]}}