{"id":32733,"date":"2023-09-04T08:26:59","date_gmt":"2023-09-04T06:26:59","guid":{"rendered":"http:\/\/www.ovronnaz.ch\/?page_id=32733"},"modified":"2026-01-22T11:36:15","modified_gmt":"2026-01-22T10:36:15","slug":"webcams","status":"publish","type":"page","link":"https:\/\/www.ovronnaz.ch\/de\/webcams\/","title":{"rendered":"Webcam"},"content":{"rendered":"<p>[et_pb_section fb_built=&#8220;1&#8243; fullwidth=&#8220;on&#8220; _builder_version=&#8220;4.22.1&#8243; _module_preset=&#8220;default&#8220; global_colors_info=&#8220;{}&#8220;][et_pb_fullwidth_slider _builder_version=&#8220;4.27.0&#8243; _module_preset=&#8220;default&#8220; global_colors_info=&#8220;{}&#8220;][et_pb_slide _builder_version=&#8220;4.27.0&#8243; _module_preset=&#8220;default&#8220; background_enable_color=&#8220;off&#8220; background_image=&#8220;https:\/\/backend.roundshot.com\/cams\/e833bff35e86b8d745b8131c0a965fed\/full&#8220; background_enable_image=&#8220;on&#8220; background_position=&#8220;top_left&#8220; global_colors_info=&#8220;{}&#8220; sticky_transition=&#8220;on&#8220;][\/et_pb_slide][\/et_pb_fullwidth_slider][\/et_pb_section][et_pb_section fb_built=&#8220;1&#8243; _builder_version=&#8220;4.21.0&#8243; _module_preset=&#8220;default&#8220; global_colors_info=&#8220;{}&#8220;][et_pb_row _builder_version=&#8220;4.27.0&#8243; _module_preset=&#8220;default&#8220; max_width=&#8220;1600px&#8220; global_colors_info=&#8220;{}&#8220;][et_pb_column type=&#8220;4_4&#8243; _builder_version=&#8220;4.21.0&#8243; _module_preset=&#8220;default&#8220; global_colors_info=&#8220;{}&#8220;][et_pb_text _builder_version=&#8220;4.22.2&#8243; _module_preset=&#8220;default&#8220; content_en_gb=&#8220;<\/p>\n<h1>Webcams<\/h1>\n<p>&#8220; content_de_de=&#8220;<\/p>\n<h1>Webcams<\/h1>\n<p>&#8220; global_colors_info=&#8220;{}&#8220;]<\/p>\n<h1>Webcams<\/h1>\n<p>[\/et_pb_text][et_pb_code _builder_version=&#8220;4.27.0&#8243; _module_preset=&#8220;default&#8220; global_colors_info=&#8220;{}&#8220;]<iframe id=\"rs_cam_175\" style=\"width: 100%; height: 650px; border: none;\" src=\"https:\/\/ovronnaz.roundshot.com\/bougnonne\" allowfullscreen=\"allowfullscreen\"><\/iframe>[\/et_pb_code][\/et_pb_column][\/et_pb_row][et_pb_row column_structure=&#8220;1_2,1_2&#8243; make_equal=&#8220;on&#8220; _builder_version=&#8220;4.27.0&#8243; _module_preset=&#8220;default&#8220; max_width=&#8220;1600px&#8220; global_colors_info=&#8220;{}&#8220;][et_pb_column type=&#8220;1_2&#8243; _builder_version=&#8220;4.22.1&#8243; _module_preset=&#8220;default&#8220; global_colors_info=&#8220;{}&#8220;][et_pb_text _builder_version=&#8220;4.22.2&#8243; _module_preset=&#8220;default&#8220; content_en_gb=&#8220;<\/p>\n<h2>Jorasse 1940 M<\/h2>\n<p>Arrival of the chairlift<\/p>\n<p>&#8220; content_de_de=&#8220;<\/p>\n<h2>Jorasse 1940 M<\/h2>\n<p>Ankunft des Sessellifts<\/p>\n<p>&#8220; global_colors_info=&#8220;{}&#8220;]<\/p>\n<h2>Jorasse 1940 M<\/h2>\n<p>Arriv\u00e9e du t\u00e9l\u00e9si\u00e8ge<br \/>\n[\/et_pb_text][et_pb_image src=&#8220;https:\/\/dev.ovronnaz.ch\/_webcams\/jorasse.jpg&#8220; alt=&#8220;Image 1&#8243; show_in_lightbox=&#8220;on&#8220; disabled_on=&#8220;off|off|off&#8220; module_class=&#8220;image-a-rafraichir-dynamique&#8220; _builder_version=&#8220;4.27.4&#8243; _module_preset=&#8220;default&#8220; global_colors_info=&#8220;{}&#8220;][\/et_pb_image][\/et_pb_column][et_pb_column type=&#8220;1_2&#8243; _builder_version=&#8220;4.22.1&#8243; _module_preset=&#8220;default&#8220; global_colors_info=&#8220;{}&#8220;][et_pb_text _builder_version=&#8220;4.22.1&#8243; _module_preset=&#8220;default&#8220; global_colors_info=&#8220;{}&#8220;]<\/p>\n<h2>Petit Pr\u00e9 2204 m<\/h2>\n<p>Lui Fleurie<br \/>\n[\/et_pb_text][et_pb_image src=&#8220;https:\/\/dev.ovronnaz.ch\/_webcams\/petit_pre.jpg&#8220; alt=&#8220;Image 1&#8243; show_in_lightbox=&#8220;on&#8220; module_class=&#8220;image-a-rafraichir-dynamique&#8220; _builder_version=&#8220;4.27.5&#8243; _module_preset=&#8220;default&#8220; global_colors_info=&#8220;{}&#8220;][\/et_pb_image][\/et_pb_column][\/et_pb_row][et_pb_row column_structure=&#8220;1_2,1_2&#8243; make_equal=&#8220;on&#8220; _builder_version=&#8220;4.27.0&#8243; _module_preset=&#8220;default&#8220; max_width=&#8220;1600px&#8220; global_colors_info=&#8220;{}&#8220;][et_pb_column type=&#8220;1_2&#8243; _builder_version=&#8220;4.22.1&#8243; _module_preset=&#8220;default&#8220; global_colors_info=&#8220;{}&#8220;][et_pb_text _builder_version=&#8220;4.22.1&#8243; _module_preset=&#8220;default&#8220; global_colors_info=&#8220;{}&#8220;]<\/p>\n<h2>Col Express 2160 m<\/h2>\n<p>Col de la Forcle<br \/>\n[\/et_pb_text][et_pb_image src=&#8220;https:\/\/dev.ovronnaz.ch\/_webcams\/forcle-webcam.jpg?20170103145235&#8243; show_in_lightbox=&#8220;on&#8220; disabled_on=&#8220;off|off|off&#8220; module_class=&#8220;image-a-rafraichir-dynamique&#8220; _builder_version=&#8220;4.27.4&#8243; _module_preset=&#8220;default&#8220; global_colors_info=&#8220;{}&#8220;][\/et_pb_image][\/et_pb_column][et_pb_column type=&#8220;1_2&#8243; _builder_version=&#8220;4.22.1&#8243; _module_preset=&#8220;default&#8220; global_colors_info=&#8220;{}&#8220;][et_pb_text disabled_on=&#8220;off|off|off&#8220; _builder_version=&#8220;4.24.2&#8243; _module_preset=&#8220;default&#8220; global_colors_info=&#8220;{}&#8220;]<\/p>\n<h2>Ovronnaz 1418 m<\/h2>\n<p>Centre nordique de Tourbillon<br \/>\n[\/et_pb_text][et_pb_image src=&#8220;https:\/\/nordicmuverans.com\/webcam\/latest_webcam.jpg&#8220; show_in_lightbox=&#8220;on&#8220; disabled_on=&#8220;off|off|off&#8220; module_class=&#8220;image-a-rafraichir-dynamique&#8220; _builder_version=&#8220;4.27.4&#8243; _module_preset=&#8220;default&#8220; global_colors_info=&#8220;{}&#8220;][\/et_pb_image][\/et_pb_column][\/et_pb_row][et_pb_row column_structure=&#8220;1_2,1_2&#8243; make_equal=&#8220;on&#8220; _builder_version=&#8220;4.27.0&#8243; _module_preset=&#8220;default&#8220; max_width=&#8220;1600px&#8220; global_colors_info=&#8220;{}&#8220;][et_pb_column type=&#8220;1_2&#8243; _builder_version=&#8220;4.22.1&#8243; _module_preset=&#8220;default&#8220; global_colors_info=&#8220;{}&#8220;][et_pb_text _builder_version=&#8220;4.22.1&#8243; _module_preset=&#8220;default&#8220; global_colors_info=&#8220;{}&#8220;]<\/p>\n<h2>Ovronnaz 1360 M<\/h2>\n<p>Restaurant la Promenade<br \/>\n[\/et_pb_text][et_pb_image src=&#8220;https:\/\/webcam.chezmicky.ch\/webcam\/WebcamLaPromenade.jpg&#8220; show_in_lightbox=&#8220;on&#8220; _builder_version=&#8220;4.27.4&#8243; _module_preset=&#8220;default&#8220; global_colors_info=&#8220;{}&#8220;][\/et_pb_image][\/et_pb_column][et_pb_column type=&#8220;1_2&#8243; _builder_version=&#8220;4.22.1&#8243; _module_preset=&#8220;default&#8220; global_colors_info=&#8220;{}&#8220;][et_pb_text _builder_version=&#8220;4.23.1&#8243; _module_preset=&#8220;default&#8220; global_colors_info=&#8220;{}&#8220;]<\/p>\n<h2>Buvette de Loutze 1727m<\/h2>\n<p>Alpage de Loutze<br \/>\n[\/et_pb_text][et_pb_image src=&#8220;https:\/\/webcam.buvette-de-loutze.ch\/Webcam\/BuvetteDeLoutze.jpg?&#8220; title_text=&#8220;Ovronnaz&#8220; show_in_lightbox=&#8220;on&#8220; _builder_version=&#8220;4.27.4&#8243; _module_preset=&#8220;default&#8220; background_enable_image=&#8220;off&#8220; global_colors_info=&#8220;{}&#8220;][\/et_pb_image][\/et_pb_column][\/et_pb_row][et_pb_row make_equal=&#8220;on&#8220; disabled_on=&#8220;on|on|on&#8220; _builder_version=&#8220;4.22.2&#8243; _module_preset=&#8220;default&#8220; max_width=&#8220;1200px&#8220; disabled=&#8220;on&#8220; global_colors_info=&#8220;{}&#8220;][et_pb_column type=&#8220;4_4&#8243; _builder_version=&#8220;4.22.1&#8243; _module_preset=&#8220;default&#8220; global_colors_info=&#8220;{}&#8220;][et_pb_text _builder_version=&#8220;4.22.2&#8243; _module_preset=&#8220;default&#8220; content_en_gb=&#8220;<\/p>\n<h2>Ovronnaz 1400 m<\/h2>\n<p>Departure of the chairlift<\/p>\n<p>&#8220; content_de_de=&#8220;<\/p>\n<h2>Ovronnaz 1400 m<\/h2>\n<p>Abfahrt des Sessellifts<\/p>\n<p>&#8220; global_colors_info=&#8220;{}&#8220;]<\/p>\n<h2>Ovronnaz 1400 m<\/h2>\n<p>D\u00e9part du t\u00e9l\u00e9si\u00e8ge<br \/>\n[\/et_pb_text][et_pb_image src=&#8220;https:\/\/dev.ovronnaz.ch\/_webcams\/ovronnaz.jpg?20170103145235&#8243; show_in_lightbox=&#8220;on&#8220; _builder_version=&#8220;4.27.0&#8243; _module_preset=&#8220;default&#8220; global_colors_info=&#8220;{}&#8220;][\/et_pb_image][\/et_pb_column][\/et_pb_row][\/et_pb_section]<\/p>\n","protected":false},"excerpt":{"rendered":"<p>Webcams Jorasse 1940 M Arriv\u00e9e du t\u00e9l\u00e9si\u00e8ge Petit Pr\u00e9 2204 m Lui Fleurie Col Express 2160 m Col de la Forcle Ovronnaz 1418 m Centre nordique de Tourbillon Ovronnaz 1360 [&hellip;]<\/p>\n","protected":false},"author":2,"featured_media":31440,"parent":0,"menu_order":74,"comment_status":"closed","ping_status":"closed","template":"","meta":{"_et_pb_use_builder":"on","_et_pb_old_content":"","_et_gb_content_width":"","_monsterinsights_skip_tracking":false,"_monsterinsights_sitenote_active":false,"_monsterinsights_sitenote_note":"","_monsterinsights_sitenote_category":0,"footnotes":""},"dipi_cpt_category":[],"class_list":["post-32733","page","type-page","status-publish","has-post-thumbnail","hentry"],"_links":{"self":[{"href":"https:\/\/www.ovronnaz.ch\/de\/wp-json\/wp\/v2\/pages\/32733","targetHints":{"allow":["GET"]}}],"collection":[{"href":"https:\/\/www.ovronnaz.ch\/de\/wp-json\/wp\/v2\/pages"}],"about":[{"href":"https:\/\/www.ovronnaz.ch\/de\/wp-json\/wp\/v2\/types\/page"}],"author":[{"embeddable":true,"href":"https:\/\/www.ovronnaz.ch\/de\/wp-json\/wp\/v2\/users\/2"}],"replies":[{"embeddable":true,"href":"https:\/\/www.ovronnaz.ch\/de\/wp-json\/wp\/v2\/comments?post=32733"}],"version-history":[{"count":65,"href":"https:\/\/www.ovronnaz.ch\/de\/wp-json\/wp\/v2\/pages\/32733\/revisions"}],"predecessor-version":[{"id":44802,"href":"https:\/\/www.ovronnaz.ch\/de\/wp-json\/wp\/v2\/pages\/32733\/revisions\/44802"}],"wp:featuredmedia":[{"embeddable":true,"href":"https:\/\/www.ovronnaz.ch\/de\/wp-json\/wp\/v2\/media\/31440"}],"wp:attachment":[{"href":"https:\/\/www.ovronnaz.ch\/de\/wp-json\/wp\/v2\/media?parent=32733"}],"wp:term":[{"taxonomy":"dipi_cpt_category","embeddable":true,"href":"https:\/\/www.ovronnaz.ch\/de\/wp-json\/wp\/v2\/dipi_cpt_category?post=32733"}],"curies":[{"name":"wp","href":"https:\/\/api.w.org\/{rel}","templated":true}]}}