{"id":32696,"date":"2023-09-04T07:13:19","date_gmt":"2023-09-04T05:13:19","guid":{"rendered":"http:\/\/www.ovronnaz.ch\/?page_id=32696"},"modified":"2025-11-27T15:30:03","modified_gmt":"2025-11-27T14:30:03","slug":"ski-snowboard","status":"publish","type":"page","link":"https:\/\/www.ovronnaz.ch\/de\/ski-snowboard\/","title":{"rendered":"Ski \/ Snowboard"},"content":{"rendered":"<p>[et_pb_section fb_built=&#8220;1&#8243; fullwidth=&#8220;on&#8220; _builder_version=&#8220;4.22.1&#8243; _module_preset=&#8220;default&#8220; global_colors_info=&#8220;{}&#8220;][et_pb_fullwidth_slider _builder_version=&#8220;4.23&#8243; _module_preset=&#8220;default&#8220; global_colors_info=&#8220;{}&#8220;][et_pb_slide _builder_version=&#8220;4.23&#8243; _module_preset=&#8220;default&#8220; background_enable_color=&#8220;off&#8220; background_image=&#8220;http:\/\/www.ovronnaz.ch\/wp-content\/uploads\/2023\/09\/eb3f658c-597f-4422-a625-476feeba9bd6_rw_1920-1.jpg&#8220; background_enable_image=&#8220;on&#8220; global_colors_info=&#8220;{}&#8220; sticky_transition=&#8220;on&#8220;][\/et_pb_slide][\/et_pb_fullwidth_slider][\/et_pb_section][et_pb_section fb_built=&#8220;1&#8243; _builder_version=&#8220;4.21.0&#8243; _module_preset=&#8220;default&#8220; global_colors_info=&#8220;{}&#8220;][et_pb_row _builder_version=&#8220;4.21.0&#8243; _module_preset=&#8220;default&#8220; global_colors_info=&#8220;{}&#8220;][et_pb_column type=&#8220;4_4&#8243; _builder_version=&#8220;4.21.0&#8243; _module_preset=&#8220;default&#8220; global_colors_info=&#8220;{}&#8220;][et_pb_text _builder_version=&#8220;4.22.2&#8243; _module_preset=&#8220;default&#8220; content_en_gb=&#8220;<\/p>\n<h1>Ski &#038; Snowboard<\/h1>\n<p>&#8220; content_de_de=&#8220;<\/p>\n<h1>Ski &#038; Snowboard<\/h1>\n<p>&#8220; global_colors_info=&#8220;{}&#8220;]<\/p>\n<h1>Ski et Snowboard<\/h1>\n<p>[\/et_pb_text][\/et_pb_column][\/et_pb_row][et_pb_row _builder_version=&#8220;4.22.2&#8243; _module_preset=&#8220;default&#8220; global_colors_info=&#8220;{}&#8220;][et_pb_column type=&#8220;4_4&#8243; _builder_version=&#8220;4.22.2&#8243; _module_preset=&#8220;default&#8220; global_colors_info=&#8220;{}&#8220;][et_pb_text _builder_version=&#8220;4.22.2&#8243; _module_preset=&#8220;default&#8220; content_en_gb=&#8220;<\/p>\n<p>The Jorasse chairlift is a winter must. It gives you direct access to the entire ski area, so you can fully enjoy the joys of skiing in this magnificent Swiss region.<\/p>\n<p>&#8220; content_de_de=&#8220;<\/p>\n<p>Der Sessellift von Jorasse ist im Winter ein Muss. Er bietet Ihnen direkten Zugang zum gesamten Skigebiet, sodass Sie die Freuden des Skifahrens in dieser wundersch\u00f6nen Schweizer Region voll und ganz genie\u00dfen k\u00f6nnen.<\/p>\n<p>&#8220; global_colors_info=&#8220;{}&#8220;]<\/p>\n<p><span>Le t\u00e9l\u00e9si\u00e8ge de Jorasse est un incontournable pour l&#8217;hiver. Il vous donne acc\u00e8s directement \u00e0 tout le domaine skiable, vous permettant de profiter pleinement des joies de la glisse dans cette magnifique r\u00e9gion suisse.<\/span><\/p>\n<p>[\/et_pb_text][\/et_pb_column][\/et_pb_row][et_pb_row _builder_version=&#8220;4.22.2&#8243; _module_preset=&#8220;default&#8220; global_colors_info=&#8220;{}&#8220;][et_pb_column type=&#8220;4_4&#8243; _builder_version=&#8220;4.22.2&#8243; _module_preset=&#8220;default&#8220; global_colors_info=&#8220;{}&#8220;][et_pb_text _builder_version=&#8220;4.22.2&#8243; _module_preset=&#8220;default&#8220; content_en_gb=&#8220;<\/p>\n<h2>Ski map<\/h2>\n<p>&#8220; content_de_de=&#8220;<\/p>\n<h2>Pistenplan<\/h2>\n<p>&#8220; global_colors_info=&#8220;{}&#8220;]<\/p>\n<h2>Plan des pistes<\/h2>\n<p>[\/et_pb_text][et_pb_image src=&#8220;http:\/\/www.ovronnaz.ch\/wp-content\/uploads\/2023\/12\/hiver-22-23-light.jpg&#8220; title_text=&#8220;hiver 22-23 (light)&#8220; show_in_lightbox=&#8220;on&#8220; _builder_version=&#8220;4.23.4&#8243; _module_preset=&#8220;default&#8220; global_colors_info=&#8220;{}&#8220;][\/et_pb_image][\/et_pb_column][\/et_pb_row][et_pb_row _builder_version=&#8220;4.22.2&#8243; _module_preset=&#8220;default&#8220; global_colors_info=&#8220;{}&#8220;][et_pb_column type=&#8220;4_4&#8243; _builder_version=&#8220;4.22.2&#8243; _module_preset=&#8220;default&#8220; global_colors_info=&#8220;{}&#8220;][et_pb_button button_url=&#8220;@ET-DC@eyJkeW5hbWljIjp0cnVlLCJjb250ZW50IjoicG9zdF9saW5rX3VybF9wYWdlIiwic2V0dGluZ3MiOnsicG9zdF9pZCI6IjI5NTY2In19@&#8220; button_text=&#8220;Bulletin d&#8217;enneigement&#8220; _builder_version=&#8220;4.22.2&#8243; _dynamic_attributes=&#8220;button_url&#8220; _module_preset=&#8220;default&#8220; button_text_en_gb=&#8220;Snow report&#8220; button_text_de_de=&#8220;Schneebericht&#8220; global_colors_info=&#8220;{}&#8220; button_text_size__hover_enabled=&#8220;on|desktop&#8220;][\/et_pb_button][et_pb_button button_url=&#8220;http:\/\/www.ovronnaz.ch\/wp-content\/uploads\/2023\/10\/hiver-22-23-light.pdf&#8220; button_text=&#8220;T\u00e9l\u00e9charger le plan des pistes&#8220; _builder_version=&#8220;4.23.4&#8243; _module_preset=&#8220;default&#8220; button_text_en_gb=&#8220;Download the piste map&#8220; button_text_de_de=&#8220;Pistenplan herunterladen&#8220; global_colors_info=&#8220;{}&#8220;][\/et_pb_button][et_pb_button button_url=&#8220;@ET-DC@eyJkeW5hbWljIjp0cnVlLCJjb250ZW50IjoicG9zdF9saW5rX3VybF9wYWdlIiwic2V0dGluZ3MiOnsicG9zdF9pZCI6IjMyNzMzIn19@&#8220; button_text=&#8220;Webcam&#8220; _builder_version=&#8220;4.22.2&#8243; _dynamic_attributes=&#8220;button_url&#8220; _module_preset=&#8220;default&#8220; global_colors_info=&#8220;{}&#8220;][\/et_pb_button][\/et_pb_column][\/et_pb_row][\/et_pb_section][et_pb_section fb_built=&#8220;1&#8243; _builder_version=&#8220;4.21.0&#8243; _module_preset=&#8220;default&#8220; global_colors_info=&#8220;{}&#8220;][et_pb_row _builder_version=&#8220;4.22.2&#8243; _module_preset=&#8220;default&#8220; global_colors_info=&#8220;{}&#8220;][et_pb_column type=&#8220;4_4&#8243; _builder_version=&#8220;4.22.2&#8243; _module_preset=&#8220;default&#8220; global_colors_info=&#8220;{}&#8220;][et_pb_text _builder_version=&#8220;4.22.2&#8243; _module_preset=&#8220;default&#8220; global_colors_info=&#8220;{}&#8220; disabled_on=&#8220;on|on|on&#8220; disabled=&#8220;on&#8220;]<\/p>\n<h2>Snowpark<\/h2>\n<p>[\/et_pb_text][\/et_pb_column][\/et_pb_row][et_pb_row column_structure=&#8220;1_2,1_2&#8243; _builder_version=&#8220;4.22.2&#8243; _module_preset=&#8220;default&#8220; global_colors_info=&#8220;{}&#8220; disabled_on=&#8220;on|on|on&#8220; disabled=&#8220;on&#8220;][et_pb_column type=&#8220;1_2&#8243; _builder_version=&#8220;4.22.2&#8243; _module_preset=&#8220;default&#8220; global_colors_info=&#8220;{}&#8220;][et_pb_text _builder_version=&#8220;4.27.4&#8243; _module_preset=&#8220;default&#8220; content_en_gb=&#8220;<\/p>\n<p>Depending on the snow conditions, the Jorasse snowpark has two lines with different modules: beginner (blue) and intermediate (red), a <strong>Big Airbag, <\/strong>a <strong>ski cross track<\/strong> and a <strong>Ski-Cross piste<\/strong>.<\/p>\n<p>For more information, contact<br \/>T\u00e9l\u00e9 Ovronnaz: 027 306 35 53<\/p>\n<p>&#8220; content_de_de=&#8220;<\/p>\n<p>Der Snowpark von Jorasse besteht je nach Schneelage aus zwei Linien mit verschiedenen Modulen: Anf\u00e4ngerniveau (blau) und Mittelstufe (rot), einem <strong>Big Airbag, <\/strong>eine <strong>Ski-Cross-Piste<\/strong> und einer <strong>Ski-Cross-Piste<\/strong>.<\/p>\n<p>Weitere Informationen:<br \/>T\u00e9l\u00e9 Ovronnaz: 027 306 35 53<\/p>\n<p>&#8220; global_colors_info=&#8220;{}&#8220;]<\/p>\n<p>Le snowpark de Jorasse est compos\u00e9 selon l&#8217;enneigement de deux lignes avec diff\u00e9rents modules : niveau d\u00e9butant (bleu) et m\u00e9dium (rouge), un <strong>Big Airbag, <\/strong>une <strong>piste chronom\u00e9tr\u00e9e<\/strong>\u00a0et une piste de <strong>Ski-Cross<\/strong><\/p>\n<ul><\/ul>\n<p>Plus de renseignements :<br \/>T\u00e9l\u00e9 Ovronnaz : <a href=\"tel:+41273063553\">+41 27 306 35 53<\/a><\/p>\n<p>[\/et_pb_text][\/et_pb_column][et_pb_column type=&#8220;1_2&#8243; _builder_version=&#8220;4.22.2&#8243; _module_preset=&#8220;default&#8220; global_colors_info=&#8220;{}&#8220;][et_pb_image src=&#8220;http:\/\/www.ovronnaz.ch\/wp-content\/uploads\/2023\/09\/Snowpark-1_12.01.18.jpg&#8220; title_text=&#8220;Snowpark 1_12.01.18&#8243; _builder_version=&#8220;4.22.2&#8243; _module_preset=&#8220;default&#8220; global_colors_info=&#8220;{}&#8220;][\/et_pb_image][\/et_pb_column][\/et_pb_row][\/et_pb_section][et_pb_section fb_built=&#8220;1&#8243; _builder_version=&#8220;4.21.0&#8243; _module_preset=&#8220;default&#8220; global_colors_info=&#8220;{}&#8220;][et_pb_row _builder_version=&#8220;4.22.2&#8243; _module_preset=&#8220;default&#8220; global_colors_info=&#8220;{}&#8220;][et_pb_column type=&#8220;4_4&#8243; _builder_version=&#8220;4.22.2&#8243; _module_preset=&#8220;default&#8220; global_colors_info=&#8220;{}&#8220;][et_pb_text _builder_version=&#8220;4.22.2&#8243; _module_preset=&#8220;default&#8220; content_en_gb=&#8220;<\/p>\n<h2>Beginner<\/h2>\n<p>&#8220; content_de_de=&#8220;<\/p>\n<h2>Anf\u00e4nger<\/h2>\n<p>&#8220; global_colors_info=&#8220;{}&#8220;]<\/p>\n<h2>D\u00e9butant<\/h2>\n<p>[\/et_pb_text][\/et_pb_column][\/et_pb_row][et_pb_row column_structure=&#8220;1_2,1_2&#8243; _builder_version=&#8220;4.22.2&#8243; _module_preset=&#8220;default&#8220; global_colors_info=&#8220;{}&#8220;][et_pb_column type=&#8220;1_2&#8243; _builder_version=&#8220;4.22.2&#8243; _module_preset=&#8220;default&#8220; global_colors_info=&#8220;{}&#8220;][et_pb_image src=&#8220;http:\/\/www.ovronnaz.ch\/wp-content\/uploads\/2023\/09\/TB-2-scaled.jpg&#8220; title_text=&#8220;TB (2)&#8220; _builder_version=&#8220;4.22.2&#8243; _module_preset=&#8220;default&#8220; global_colors_info=&#8220;{}&#8220;][\/et_pb_image][\/et_pb_column][et_pb_column type=&#8220;1_2&#8243; _builder_version=&#8220;4.22.2&#8243; _module_preset=&#8220;default&#8220; global_colors_info=&#8220;{}&#8220;][et_pb_text _builder_version=&#8220;4.22.2&#8243; _dynamic_attributes=&#8220;link_option_url&#8220; _module_preset=&#8220;default&#8220; link_option_url=&#8220;@ET-DC@eyJkeW5hbWljIjp0cnVlLCJjb250ZW50IjoicG9zdF9saW5rX3VybF9wYWdlIiwic2V0dGluZ3MiOnsicG9zdF9pZCI6IjM0MzYyIn19@&#8220; content_en_gb=&#8220;<\/p>\n<p>The resort of Ovronnaz offers two alternatives for beginners to snow sports.<\/p>\n<p>The <strong>Baby Jorasse<\/strong> run at the top of the Jorasse chairlift<\/p>\n<p>The <strong>Babylift<\/strong> in the resort (offered with the PASS activit\u00e9s)<\/p>\n<p>&#8220; content_de_de=&#8220;<\/p>\n<p>Der Wintersportort Ovronnaz bietet zwei Alternativen f\u00fcr Anf\u00e4nger im Gleitsport.<\/p>\n<p>Die Piste des <strong>Baby Jorasse<\/strong> auf dem Gipfel des Sessellifts Jorasse.<\/p>\n<p>Der Babylift im Skigebiet (angeboten mit dem Aktivit\u00e4ten-Pass)<\/p>\n<p>&#8220; global_colors_info=&#8220;{}&#8220;]<\/p>\n<p>La station d&#8217;Ovronnaz propose deux alternatives pour les d\u00e9butants des sports de glisse.<\/p>\n<p>La piste du <strong>Baby Jorasse<\/strong> au sommet du t\u00e9l\u00e9si\u00e8ge de Jorasse<\/p>\n<p>Le <strong>Babylift<\/strong> en station (offert avec le PASS activit\u00e9s)<\/p>\n<p>[\/et_pb_text][\/et_pb_column][\/et_pb_row][\/et_pb_section]<\/p>\n","protected":false},"excerpt":{"rendered":"<p>Ski et SnowboardLe t\u00e9l\u00e9si\u00e8ge de Jorasse est un incontournable pour l&#8217;hiver. Il vous donne acc\u00e8s directement \u00e0 tout le domaine skiable, vous permettant de profiter pleinement des joies de la [&hellip;]<\/p>\n","protected":false},"author":2,"featured_media":0,"parent":0,"menu_order":66,"comment_status":"closed","ping_status":"closed","template":"","meta":{"_et_pb_use_builder":"on","_et_pb_old_content":"","_et_gb_content_width":"","_monsterinsights_skip_tracking":false,"_monsterinsights_sitenote_active":false,"_monsterinsights_sitenote_note":"","_monsterinsights_sitenote_category":0,"footnotes":""},"dipi_cpt_category":[],"class_list":["post-32696","page","type-page","status-publish","hentry"],"_links":{"self":[{"href":"https:\/\/www.ovronnaz.ch\/de\/wp-json\/wp\/v2\/pages\/32696","targetHints":{"allow":["GET"]}}],"collection":[{"href":"https:\/\/www.ovronnaz.ch\/de\/wp-json\/wp\/v2\/pages"}],"about":[{"href":"https:\/\/www.ovronnaz.ch\/de\/wp-json\/wp\/v2\/types\/page"}],"author":[{"embeddable":true,"href":"https:\/\/www.ovronnaz.ch\/de\/wp-json\/wp\/v2\/users\/2"}],"replies":[{"embeddable":true,"href":"https:\/\/www.ovronnaz.ch\/de\/wp-json\/wp\/v2\/comments?post=32696"}],"version-history":[{"count":6,"href":"https:\/\/www.ovronnaz.ch\/de\/wp-json\/wp\/v2\/pages\/32696\/revisions"}],"predecessor-version":[{"id":44205,"href":"https:\/\/www.ovronnaz.ch\/de\/wp-json\/wp\/v2\/pages\/32696\/revisions\/44205"}],"wp:attachment":[{"href":"https:\/\/www.ovronnaz.ch\/de\/wp-json\/wp\/v2\/media?parent=32696"}],"wp:term":[{"taxonomy":"dipi_cpt_category","embeddable":true,"href":"https:\/\/www.ovronnaz.ch\/de\/wp-json\/wp\/v2\/dipi_cpt_category?post=32696"}],"curies":[{"name":"wp","href":"https:\/\/api.w.org\/{rel}","templated":true}]}}