{"id":32551,"date":"2023-08-30T16:00:26","date_gmt":"2023-08-30T14:00:26","guid":{"rendered":"http:\/\/www.ovronnaz.ch\/?page_id=32551"},"modified":"2024-02-19T16:03:02","modified_gmt":"2024-02-19T15:03:02","slug":"escalade","status":"publish","type":"page","link":"https:\/\/www.ovronnaz.ch\/de\/escalade\/","title":{"rendered":"Escalade"},"content":{"rendered":"<p>[et_pb_section fb_built=&#8220;1&#8243; fullwidth=&#8220;on&#8220; _builder_version=&#8220;4.22.1&#8243; _module_preset=&#8220;default&#8220; global_colors_info=&#8220;{}&#8220;][et_pb_fullwidth_slider _builder_version=&#8220;4.22.2&#8243; _module_preset=&#8220;default&#8220; global_colors_info=&#8220;{}&#8220;][et_pb_slide _builder_version=&#8220;4.22.2&#8243; _module_preset=&#8220;default&#8220; background_image=&#8220;http:\/\/www.ovronnaz.ch\/wp-content\/uploads\/2023\/10\/escalade-4-scaled.jpg&#8220; background_enable_image=&#8220;on&#8220; global_colors_info=&#8220;{}&#8220; sticky_transition=&#8220;on&#8220;][\/et_pb_slide][\/et_pb_fullwidth_slider][\/et_pb_section][et_pb_section fb_built=&#8220;1&#8243; _builder_version=&#8220;4.21.0&#8243; _module_preset=&#8220;default&#8220; global_colors_info=&#8220;{}&#8220;][et_pb_row _builder_version=&#8220;4.21.0&#8243; _module_preset=&#8220;default&#8220; global_colors_info=&#8220;{}&#8220;][et_pb_column type=&#8220;4_4&#8243; _builder_version=&#8220;4.21.0&#8243; _module_preset=&#8220;default&#8220; global_colors_info=&#8220;{}&#8220;][et_pb_text _builder_version=&#8220;4.22.1&#8243; _module_preset=&#8220;default&#8220; content_en_gb=&#8220;<\/p>\n<h1>Climbing<\/h1>\n<p>&#8220; content_de_de=&#8220;<\/p>\n<h1>Klettersport<\/h1>\n<p>&#8220; global_colors_info=&#8220;{}&#8220;]<\/p>\n<h1>Escalade<\/h1>\n<p>[\/et_pb_text][\/et_pb_column][\/et_pb_row][et_pb_row _builder_version=&#8220;4.21.0&#8243; _module_preset=&#8220;default&#8220; global_colors_info=&#8220;{}&#8220;][et_pb_column type=&#8220;4_4&#8243; _builder_version=&#8220;4.21.0&#8243; _module_preset=&#8220;default&#8220; global_colors_info=&#8220;{}&#8220;][et_pb_text _builder_version=&#8220;4.24.1&#8243; _module_preset=&#8220;default&#8220; header_text_align=&#8220;center&#8220; header_2_text_align=&#8220;center&#8220; header_2_font_size=&#8220;22px&#8220; hover_enabled=&#8220;0&#8243; content_en_gb=&#8220;<\/p>\n<div class=%22wpb_text_column wpb_content_element %22>\n<div class=%22wpb_wrapper%22>\n<p style=%22text-align: justify;%22>In<span> <\/span><a href=%22http:\/\/www.ovronnaz.ch\/wp-content\/uploads\/2016\/05\/Plan-randos-2016.jpg%22 rel=%22noopener prettyphoto%9119826%93%22 data-et-target-link=%22_blank%22>Ovronnaz and surroundings<\/a> you will find several climbing rock faces.<br \/>Harness up and climb to the top of the finest mountains in the area !<\/p>\n<\/p>\n<\/div>\n<\/div>\n<div class=%22wpb_text_column wpb_content_element %22>\n<div class=%22wpb_wrapper%22>\n<ul class=%22lists%22>\n<li><strong><a href=%22http:\/\/www.ovronnaz.ch\/wp-content\/uploads\/2016\/05\/Escalade_luidaout.jpeg%22 rel=%22noopener prettyphoto%9119826%93%22 data-et-target-link=%22_blank%22>\u201cLui d\u2019Ao\u00fbt\u201d area<\/a><span> <\/span>1957 m<\/strong><\/li>\n<li><strong>\u201cLa T\u00eate\u201d area 2168 m<\/strong><\/li>\n<li><strong>\u201cL\u2019Etra\u201d area 1660 m<\/strong><\/li>\n<li><strong>Grand Muveran 3051 m :<span> <\/span><\/strong>4a-6b,<strong> <\/strong>15 routes, access from Rambert cabin<\/li>\n<li><strong>Ar\u00eate de Saille 2427 m :<span> <\/span><\/strong>4a-6a,<strong> <\/strong>dry rock equipped with bolts, access from Plan Salentze<\/li>\n<li><strong>Ard\u00e8ve 1474 m :<\/strong><span> <\/span>6a-7c, north face, access from the road of Les Mayens-de-Chamoson<\/li>\n<li><strong>Haut-de-Cry 2969 m :<span> <\/span><\/strong>5c-7b, long routes \u00ab Les Ancilllons \u00bb, access from the road of N\u00e9miaz<\/li>\n<li><strong>Randonnaz 1393 m :<span> <\/span><\/strong>5c-7b, routes for all levels, access from the road of Chiboz<\/li>\n<li><strong>Cabane de Dem\u00e8cre 2361 m :<span> <\/span><\/strong>3c-5b, routes, also for children, next to the cabin<\/li>\n<\/ul>\n<\/div>\n<\/div>\n<div class=%22vc_separator wpb_content_element vc_separator_align_center vc_sep_width_100 vc_sep_border_width_2 vc_sep_pos_align_center vc_separator_no_text vc_sep_color_grey%22><span class=%22vc_sep_holder vc_sep_holder_l%22><span class=%22vc_sep_line%22><\/span><\/span><\/div>\n<div class=%22wpb_text_column wpb_content_element %22>\n<div class=%22wpb_wrapper%22>\n<p>To practise climbing in all seasons, come and test Vertic\u2019Halle in Saxon:<br \/>the biggest and highest indoor climbing wall in French-speaking Switzerland.<\/p>\n<p>More than 120 walls for beginner through advanced levels are available!<\/p>\n<\/div>\n<\/div>\n<p>&#8220; content_de_de=&#8220;<\/p>\n<div class=%22wpb_text_column wpb_content_element %22>\n<div class=%22wpb_wrapper%22>\n<p>Mehrere Kletterw\u00e4nde finden Sie <a href=%22http:\/\/www.ovronnaz.ch\/wp-content\/uploads\/2016\/05\/Plan-randos-2016.jpg%22 rel=%22noopener prettyphoto%9119760%93%22 data-et-target-link=%22_blank%22>in der N\u00e4he von Ovronnaz<\/a>.<br \/>R\u00fcsten Sie sich gut aus und entdecken Sie die sch\u00f6nsten Berge der Region !<\/p>\n<\/p>\n<\/div>\n<\/div>\n<div class=%22wpb_text_column wpb_content_element %22>\n<div class=%22wpb_wrapper%22>\n<ul class=%22lists%22>\n<li><strong><a href=%22http:\/\/www.ovronnaz.ch\/wp-content\/uploads\/2016\/05\/Escalade_luidaout.jpeg%22 rel=%22noopener prettyphoto%9119760%93%22 data-et-target-link=%22_blank%22>Secteur Lui d\u2019Ao\u00fbt<\/a>, 1957 m<\/strong><\/li>\n<li><strong><a href=%22http:\/\/www.ovronnaz.ch\/wp-content\/uploads\/2016\/05\/Escalade_luidaout.jpeg%22 rel=%22noopener prettyphoto%9119760%93%22 data-et-target-link=%22_blank%22>Secteur La T\u00eate<\/a>, 2168 m<\/strong><\/li>\n<li><strong>Secteur L\u2019Etra, 1660 m:<\/strong> In Vorbereitung: 6 eingerichtete Kletterwege, 20 Minuten von der H\u00fctte Lui d\u2019Ao\u00fbt.<\/li>\n<li><strong>Grand Muveran, 3051 m:<span> <\/span><\/strong>4a\u20136b,<strong> <\/strong>15 eingerichtete Wege, Start von der Rambert-H\u00fctte aus.<\/li>\n<li><strong>Ar\u00eate de Saille, 2427 m:<span> <\/span><\/strong>4a\u20136a,<strong> <\/strong>Fels mit Bolzen, Start von Plan Salentze aus.<\/li>\n<li><strong>Ard\u00e8ve, 1474 m:<\/strong><span> <\/span>6a\u20137c, Nordseite, Zugang von der Strasse Les Mayens-de-Chamoson.<\/li>\n<li><strong>Haut-de-Cry, 2969 m:<span> <\/span><\/strong>5c\u20137b, lange Strecken \u00abLes Ancillons\u00bb, Start von der Strasse Richtung N\u00e9miaz.<\/li>\n<li><strong>Randonnaz, 1393 m:<span> <\/span><\/strong>5c\u20137b, Strecken f\u00fcr alle Niveaus, Start von der Strasse Richtung Chiboz.<\/li>\n<li><strong>Cabane de Dem\u00e8cre, 2361 m:<span> <\/span><\/strong>3c\u20135b, eingerichtete Kletterwege, auch f\u00fcr Kinder, in der N\u00e4he der Bergh\u00fctte.<\/li>\n<\/ul>\n<\/div>\n<\/div>\n<div class=%22wpb_text_column wpb_content_element %22>\n<div class=%22wpb_wrapper%22>\n<p>Wenn Sie zu jeder Zeit klettern m\u00f6chten, fahren Sie nach Saxon in die Kletterhalle, wo die gr\u00f6sste und h\u00f6chste Indoor-Kletterwand der Westschweiz steht.<\/p>\n<p>\u00dcber 120 Routen f\u00fcr Anf\u00e4nger und Profis !<\/p>\n<\/div>\n<\/div>\n<p>&#8220; global_colors_info=&#8220;{}&#8220; sticky_enabled=&#8220;0&#8243;]<\/p>\n<div class=\"wpb_text_column wpb_content_element \">\n<div class=\"wpb_wrapper\">\n<div class=\"wpb_text_column wpb_content_element \">\n<div class=\"wpb_wrapper\">\n<p style=\"text-align: justify;\">Plusieurs parois d\u2019escalade s\u2019offrent \u00e0 vous \u00e0<span>\u00a0<\/span>Ovronnaz et dans les environs.<br \/>Equipez-vous et partez \u00e0 l\u2019assaut des plus belles montagnes de la r\u00e9gion !<\/p>\n<p style=\"text-align: justify;\">\n<\/div>\n<\/div>\n<div class=\"wpb_text_column wpb_content_element \" style=\"text-align: justify;\">\n<div class=\"wpb_wrapper\">\n<ul class=\"lists\">\n<li><strong><a href=\"https:\/\/giteluidaout.ch\/escalade.html\" rel=\"noopener prettyphoto[19136]\" target=\"_blank\">Secteur Lui d\u2019Ao\u00fbt<\/a><span>\u00a0<\/span>1957 m<br \/><\/strong><\/li>\n<li><strong>Secteur La T\u00eate 2168 m<\/strong><\/li>\n<li><strong>Secteur L\u2019Etra 1660 m\u00a0<\/strong>: cotation en pr\u00e9paration, 6 voies \u00e9quip\u00e9es, \u00e0 20 minutes du g\u00eete de Lui d\u2019Ao\u00fbt<\/li>\n<li><strong>Grand Muveran 3051 m :<span>\u00a0<\/span><\/strong>4a-6b,<strong>\u00a0<\/strong>15 voies \u00e9quip\u00e9es, acc\u00e8s depuis la cabane Rambert<\/li>\n<li><strong>Ar\u00eate de Saille 2427 m :<span>\u00a0<\/span><\/strong>4a-6a,<strong>\u00a0<\/strong>rocher sec avec boulons, acc\u00e8s depuis Plan Salentze<\/li>\n<li><strong>Ard\u00e8ve 1474 m :<\/strong><span>\u00a0<\/span>6a-7c, face nord, acc\u00e8s par la route des Mayens-de-Chamoson<\/li>\n<li><strong>Haut-de-Cry 2969 m :<span>\u00a0<\/span><\/strong>5c-7b, longues voies \u00ab\u00a0Les Ancilllons\u00a0\u00bb, acc\u00e8s par la route de N\u00e9miaz<\/li>\n<li><strong>Randonnaz 1393 m :<span>\u00a0<\/span><\/strong>5c-7b, voies pour tous niveaux, acc\u00e8s par la Route de Chiboz<\/li>\n<li><strong>Cabane de Dem\u00e8cre 2361 m :<span>\u00a0<\/span><\/strong>3c-5b, voies \u00e9quip\u00e9es, aussi pour les enfants, proche de la cabane<\/li>\n<\/ul>\n<\/div>\n<\/div>\n<\/div>\n<\/div>\n<p style=\"text-align: justify;\">[\/et_pb_text][\/et_pb_column][\/et_pb_row][et_pb_row _builder_version=&#8220;4.23.1&#8243; _module_preset=&#8220;default&#8220; global_colors_info=&#8220;{}&#8220;][et_pb_column type=&#8220;4_4&#8243; _builder_version=&#8220;4.23.1&#8243; _module_preset=&#8220;default&#8220; global_colors_info=&#8220;{}&#8220;][et_pb_text _builder_version=&#8220;4.23.1&#8243; _module_preset=&#8220;default&#8220; content_en_gb=&#8220;<\/p>\n<p style=%22text-align: center;%22><span style=%22text-decoration: underline;%22>Don&#8217;t hesitate to call in a professional!<\/span><\/p>\n<p>&#8220; content_de_de=&#8220;<\/p>\n<p style=%22text-align: center;%22><span style=%22text-decoration: underline;%22><strong>Z\u00f6gern Sie nicht, einen Profi zu beauftragen!<\/strong><\/span><\/p>\n<p>&#8220; global_colors_info=&#8220;{}&#8220;]<\/p>\n<p style=\"text-align: center;\"><span style=\"text-decoration: underline;\"><strong>N&#8217;h\u00e9sitez pas \u00e0 faire appel \u00e0 un professionnel !<\/strong><\/span><\/p>\n<p>[\/et_pb_text][et_pb_button button_url=&#8220;@ET-DC@eyJkeW5hbWljIjp0cnVlLCJjb250ZW50IjoicG9zdF9saW5rX3VybF9wYWdlIiwic2V0dGluZ3MiOnsicG9zdF9pZCI6IjM2NTYwIn19@&#8220; button_text=&#8220;Nos guides de montagne&#8220; button_alignment=&#8220;center&#8220; _builder_version=&#8220;4.23.1&#8243; _dynamic_attributes=&#8220;button_url&#8220; _module_preset=&#8220;default&#8220; button_text_en_gb=&#8220;Our mountain guides&#8220; button_text_de_de=&#8220;Unsere Bergf\u00fchrer&#8220; global_colors_info=&#8220;{}&#8220;][\/et_pb_button][\/et_pb_column][\/et_pb_row][et_pb_row _builder_version=&#8220;4.22.2&#8243; _module_preset=&#8220;default&#8220; global_colors_info=&#8220;{}&#8220;][et_pb_column type=&#8220;4_4&#8243; _builder_version=&#8220;4.22.2&#8243; _module_preset=&#8220;default&#8220; global_colors_info=&#8220;{}&#8220;][et_pb_text _builder_version=&#8220;4.22.2&#8243; _module_preset=&#8220;default&#8220; global_colors_info=&#8220;{}&#8220;]<\/p>\n<h2>vertic-halle<\/h2>\n<p>[\/et_pb_text][et_pb_text _builder_version=&#8220;4.22.2&#8243; _module_preset=&#8220;default&#8220; header_text_align=&#8220;center&#8220; header_2_text_align=&#8220;center&#8220; header_2_font_size=&#8220;22px&#8220; content_en_gb=&#8220;<\/p>\n<div class=%22wpb_text_column wpb_content_element %22>\n<div class=%22wpb_wrapper%22>\n<p>For climbing in all seasons, come and try out the routes in this hall in Saxon:<\/p>\n<p>the highest indoor climbing wall in French-speaking Switzerland.<\/p>\n<p>Over 120 routes for beginners and experts!<\/p>\n<\/div>\n<\/div>\n<p>&#8220; content_de_de=&#8220;<\/p>\n<p>Um das Klettern zu jeder Jahreszeit auszu\u00fcben, testen Sie die Routen in dieser Halle in Saxon:<\/p>\n<p>die h\u00f6chste Indoor-Kletterwand der Westschweiz.<\/p>\n<p>Mehr als 120 Routen f\u00fcr Anf\u00e4nger und Fortgeschrittene!<\/p>\n<p>&#8220; global_colors_info=&#8220;{}&#8220;]<\/p>\n<div class=\"wpb_text_column wpb_content_element \">\n<div class=\"wpb_wrapper\">\n<div class=\"wpb_text_column wpb_content_element \">\n<div class=\"wpb_wrapper\"><\/div>\n<\/div>\n<div class=\"wpb_text_column wpb_content_element \" style=\"text-align: justify;\">\n<div class=\"wpb_wrapper\">\n<p>Pour pratiquer l\u2019escalade en toutes saisons, venez tester les voies dans cette halle de Saxon:<\/p>\n<\/div>\n<\/div>\n<div class=\"wpb_text_column wpb_content_element \" style=\"text-align: justify;\">\n<div class=\"wpb_wrapper\">\n<p>le plus haut mur de grimpe indoor de Suisse Romande.<\/p>\n<p>Plus de 120 voies pour d\u00e9butants et experts !<\/p>\n<\/div>\n<\/div>\n<\/div>\n<\/div>\n<p style=\"text-align: justify;\">[\/et_pb_text][\/et_pb_column][\/et_pb_row][et_pb_row column_structure=&#8220;1_2,1_2&#8243; _builder_version=&#8220;4.22.2&#8243; _module_preset=&#8220;default&#8220; locked=&#8220;off&#8220; global_colors_info=&#8220;{}&#8220;][et_pb_column type=&#8220;1_2&#8243; _builder_version=&#8220;4.22.1&#8243; _module_preset=&#8220;default&#8220; global_colors_info=&#8220;{}&#8220;][et_pb_image src=&#8220;http:\/\/www.ovronnaz.ch\/wp-content\/uploads\/2023\/10\/zone-debutant-01-900&#215;675-crop.jpg&#8220; title_text=&#8220;zone-debutant-01-900&#215;675-crop&#8220; _builder_version=&#8220;4.22.2&#8243; _module_preset=&#8220;default&#8220; global_colors_info=&#8220;{}&#8220;][\/et_pb_image][\/et_pb_column][et_pb_column type=&#8220;1_2&#8243; _builder_version=&#8220;4.21.2&#8243; _module_preset=&#8220;default&#8220; global_colors_info=&#8220;{}&#8220;][et_pb_blurb title=&#8220;Vertic&#8217;Halle&#8220; use_icon=&#8220;on&#8220; font_icon=&#8220;&#xf041;||fa||900&#8243; icon_color=&#8220;#000000&#8243; icon_placement=&#8220;left&#8220; image_icon_width=&#8220;28px&#8220; _builder_version=&#8220;4.22.1&#8243; _module_preset=&#8220;default&#8220; link_option_url_new_window=&#8220;on&#8220; global_colors_info=&#8220;{}&#8220;][\/et_pb_blurb][et_pb_blurb title=&#8220;+41 27 744 24 32&#8243; use_icon=&#8220;on&#8220; font_icon=&#8220;&#xf879;||fa||900&#8243; icon_color=&#8220;#000000&#8243; icon_placement=&#8220;left&#8220; image_icon_width=&#8220;28px&#8220; _builder_version=&#8220;4.22.1&#8243; _module_preset=&#8220;default&#8220; link_option_url_new_window=&#8220;on&#8220; global_colors_info=&#8220;{}&#8220;][\/et_pb_blurb][et_pb_blurb title=&#8220;info@vertic-halle.ch&#8220; use_icon=&#8220;on&#8220; font_icon=&#8220;&#xe010;||divi||400&#8243; icon_color=&#8220;#000000&#8243; icon_placement=&#8220;left&#8220; image_icon_width=&#8220;28px&#8220; _builder_version=&#8220;4.22.1&#8243; _module_preset=&#8220;default&#8220; link_option_url=&#8220;mailto:info@vertic-halle.ch&#8220; link_option_url_new_window=&#8220;on&#8220; global_colors_info=&#8220;{}&#8220;][\/et_pb_blurb][et_pb_blurb title=&#8220;Site internet&#8220; use_icon=&#8220;on&#8220; font_icon=&#8220;&#xe0e3;||divi||400&#8243; icon_color=&#8220;#000000&#8243; icon_placement=&#8220;left&#8220; image_icon_width=&#8220;28px&#8220; _builder_version=&#8220;4.22.2&#8243; _module_preset=&#8220;default&#8220; link_option_url=&#8220;www.vertic-halle.ch&#8220; link_option_url_new_window=&#8220;on&#8220; title_en_gb=&#8220;Website&#8220; title_de_de=&#8220;Website&#8220; global_colors_info=&#8220;{}&#8220;][\/et_pb_blurb][\/et_pb_column][\/et_pb_row][\/et_pb_section]<\/p>\n","protected":false},"excerpt":{"rendered":"<p>Escalade Plusieurs parois d\u2019escalade s\u2019offrent \u00e0 vous \u00e0\u00a0Ovronnaz et dans les environs.Equipez-vous et partez \u00e0 l\u2019assaut des plus belles montagnes de la r\u00e9gion ! Secteur Lui d\u2019Ao\u00fbt\u00a01957 m Secteur La [&hellip;]<\/p>\n","protected":false},"author":1,"featured_media":0,"parent":0,"menu_order":33,"comment_status":"closed","ping_status":"closed","template":"","meta":{"_et_pb_use_builder":"on","_et_pb_old_content":"","_et_gb_content_width":"","_monsterinsights_skip_tracking":false,"_monsterinsights_sitenote_active":false,"_monsterinsights_sitenote_note":"","_monsterinsights_sitenote_category":0,"footnotes":""},"dipi_cpt_category":[],"class_list":["post-32551","page","type-page","status-publish","hentry"],"_links":{"self":[{"href":"https:\/\/www.ovronnaz.ch\/de\/wp-json\/wp\/v2\/pages\/32551","targetHints":{"allow":["GET"]}}],"collection":[{"href":"https:\/\/www.ovronnaz.ch\/de\/wp-json\/wp\/v2\/pages"}],"about":[{"href":"https:\/\/www.ovronnaz.ch\/de\/wp-json\/wp\/v2\/types\/page"}],"author":[{"embeddable":true,"href":"https:\/\/www.ovronnaz.ch\/de\/wp-json\/wp\/v2\/users\/1"}],"replies":[{"embeddable":true,"href":"https:\/\/www.ovronnaz.ch\/de\/wp-json\/wp\/v2\/comments?post=32551"}],"version-history":[{"count":2,"href":"https:\/\/www.ovronnaz.ch\/de\/wp-json\/wp\/v2\/pages\/32551\/revisions"}],"predecessor-version":[{"id":38117,"href":"https:\/\/www.ovronnaz.ch\/de\/wp-json\/wp\/v2\/pages\/32551\/revisions\/38117"}],"wp:attachment":[{"href":"https:\/\/www.ovronnaz.ch\/de\/wp-json\/wp\/v2\/media?parent=32551"}],"wp:term":[{"taxonomy":"dipi_cpt_category","embeddable":true,"href":"https:\/\/www.ovronnaz.ch\/de\/wp-json\/wp\/v2\/dipi_cpt_category?post=32551"}],"curies":[{"name":"wp","href":"https:\/\/api.w.org\/{rel}","templated":true}]}}