{"id":29322,"date":"2023-07-21T10:25:27","date_gmt":"2023-07-21T08:25:27","guid":{"rendered":"http:\/\/www.ovronnaz.ch\/?page_id=29322"},"modified":"2023-10-18T16:12:10","modified_gmt":"2023-10-18T14:12:10","slug":"alimentation","status":"publish","type":"page","link":"https:\/\/www.ovronnaz.ch\/de\/alimentation\/","title":{"rendered":"Alimentation"},"content":{"rendered":"<p>[et_pb_section fb_built=&#8220;1&#8243; fullwidth=&#8220;on&#8220; _builder_version=&#8220;4.21.0&#8243; _module_preset=&#8220;default&#8220; global_colors_info=&#8220;{}&#8220;][et_pb_fullwidth_slider _builder_version=&#8220;4.22.2&#8243; _module_preset=&#8220;default&#8220; global_colors_info=&#8220;{}&#8220;][et_pb_slide _builder_version=&#8220;4.22.2&#8243; _module_preset=&#8220;default&#8220; background_image=&#8220;http:\/\/www.ovronnaz.ch\/wp-content\/uploads\/2023\/09\/Le-Chalet-Gourmand_CJP4561.jpg&#8220; background_enable_image=&#8220;on&#8220; global_colors_info=&#8220;{}&#8220; sticky_transition=&#8220;on&#8220;][\/et_pb_slide][\/et_pb_fullwidth_slider][\/et_pb_section][et_pb_section fb_built=&#8220;1&#8243; _builder_version=&#8220;4.21.0&#8243; _module_preset=&#8220;default&#8220; global_colors_info=&#8220;{}&#8220;][et_pb_row _builder_version=&#8220;4.21.0&#8243; _module_preset=&#8220;default&#8220; custom_margin=&#8220;||||false|false&#8220; custom_padding=&#8220;0px||0px||false|false&#8220; global_colors_info=&#8220;{}&#8220;][et_pb_column type=&#8220;4_4&#8243; _builder_version=&#8220;4.21.0&#8243; _module_preset=&#8220;default&#8220; global_colors_info=&#8220;{}&#8220;][et_pb_text _builder_version=&#8220;4.22.2&#8243; _module_preset=&#8220;default&#8220; content_en_gb=&#8220;<\/p>\n<h1>Food, local products and shop<\/h1>\n<p>&#8220; content_de_de=&#8220;<\/p>\n<h1>Lebensmittel, regionale Produkte und Boutique<\/h1>\n<p>&#8220; global_colors_info=&#8220;{}&#8220;]<\/p>\n<h1>Alimentation, produits du terroir et boutique<\/h1>\n<p>[\/et_pb_text][\/et_pb_column][\/et_pb_row][et_pb_row _builder_version=&#8220;4.21.0&#8243; _module_preset=&#8220;default&#8220; global_colors_info=&#8220;{}&#8220;][et_pb_column type=&#8220;4_4&#8243; _builder_version=&#8220;4.21.0&#8243; _module_preset=&#8220;default&#8220; global_colors_info=&#8220;{}&#8220;][et_pb_text _builder_version=&#8220;4.22.2&#8243; _module_preset=&#8220;default&#8220; content_en_gb=&#8220;<\/p>\n<p style=%22text-align: justify;%22>Discover the various food shops, local produce shops and boutiques in the resort, offering a fresh, local and varied range of products.<\/p>\n<p>&#8220; content_de_de=&#8220;<\/p>\n<p style=%22text-align: justify;%22>Entdecken Sie die verschiedenen Lebensmittelgesch\u00e4fte, Gesch\u00e4fte mit regionalen Produkten und Boutiquen des Ortes, die Ihnen ein frisches, lokales und vielf\u00e4ltiges Angebot bieten.<\/p>\n<p>&#8220; global_colors_info=&#8220;{}&#8220;]<\/p>\n<p><span>D\u00e9couvrez les diff\u00e9tents commerces d&#8217;alimentation, de produits du terroir et les boutiques de la station qui vous propose une offre fra\u00eeche, locale et vari\u00e9e.<\/span><\/p>\n<p>[\/et_pb_text][\/et_pb_column][\/et_pb_row][et_pb_row column_structure=&#8220;2_5,3_5&#8243; _builder_version=&#8220;4.22.2&#8243; _module_preset=&#8220;default&#8220; custom_margin=&#8220;||50px||false|false&#8220; global_colors_info=&#8220;{}&#8220;][et_pb_column type=&#8220;2_5&#8243; _builder_version=&#8220;4.22.2&#8243; _module_preset=&#8220;default&#8220; global_colors_info=&#8220;{}&#8220;][et_pb_image src=&#8220;http:\/\/www.ovronnaz.ch\/wp-content\/uploads\/2023\/08\/square.png&#8220; title_text=&#8220;square&#8220; _builder_version=&#8220;4.22.2&#8243; _module_preset=&#8220;default&#8220; background_image=&#8220;http:\/\/www.ovronnaz.ch\/wp-content\/uploads\/2023\/09\/307005219_580975100158175_3272152263013994892_n-e1696498183692.jpg&#8220; global_colors_info=&#8220;{}&#8220;][\/et_pb_image][\/et_pb_column][et_pb_column type=&#8220;3_5&#8243; _builder_version=&#8220;4.22.2&#8243; _module_preset=&#8220;default&#8220; global_colors_info=&#8220;{}&#8220;][et_pb_text _builder_version=&#8220;4.22.2&#8243; _module_preset=&#8220;default&#8220; custom_margin=&#8220;||50px||false|false&#8220; link_option_url=&#8220;https:\/\/search.ch\/tel\/ovronnaz\/route-des-muverans-21\/le-delice&#8220; link_option_url_new_window=&#8220;on&#8220; content_en_gb=&#8220;<\/p>\n<p><strong>Boulangerie le D\u00e9lice<\/strong><strong><\/strong><\/p>\n<p>Bread, pastries, sandwiches, desserts<\/p>\n<p>&#8220; content_de_de=&#8220;<\/p>\n<p><strong>Boulangerie le D\u00e9lice<\/strong><strong><\/strong><\/p>\n<p>Brote, Geb\u00e4ck, Sandwiches, Desserts<\/p>\n<p>&#8220; global_colors_info=&#8220;{}&#8220;]<\/p>\n<p><strong>Boulangerie le D\u00e9lice<\/strong><strong><\/strong><\/p>\n<p>Pains, viennoiseries, sandwichs, desserts<strong><\/strong><\/p>\n<p>[\/et_pb_text][et_pb_blurb title=&#8220;+41 27 306 32 94&#8243; url_new_window=&#8220;on&#8220; use_icon=&#8220;on&#8220; font_icon=&#8220;&#xf879;||fa||900&#8243; icon_color=&#8220;#000000&#8243; icon_placement=&#8220;left&#8220; image_icon_width=&#8220;28px&#8220; _builder_version=&#8220;4.22.2&#8243; _module_preset=&#8220;default&#8220; link_option_url=&#8220;tel:+41273063294&#8243; link_option_url_new_window=&#8220;on&#8220; locked=&#8220;off&#8220; global_colors_info=&#8220;{}&#8220;][\/et_pb_blurb][et_pb_blurb title=&#8220;albert.michellod@bluewin.ch&#8220; use_icon=&#8220;on&#8220; font_icon=&#8220;&#xe010;||divi||400&#8243; icon_color=&#8220;#000000&#8243; icon_placement=&#8220;left&#8220; image_icon_width=&#8220;28px&#8220; _builder_version=&#8220;4.22.2&#8243; _module_preset=&#8220;default&#8220; link_option_url=&#8220;mailto:albert.michellod@bluewin.ch&#8220; link_option_url_new_window=&#8220;on&#8220; locked=&#8220;off&#8220; global_colors_info=&#8220;{}&#8220;][\/et_pb_blurb][et_pb_blurb title=&#8220;Route des Muverans 21, 1911 Ovronnaz&#8220; use_icon=&#8220;on&#8220; font_icon=&#8220;&#xe081;||divi||400&#8243; icon_color=&#8220;#000000&#8243; icon_placement=&#8220;left&#8220; image_icon_width=&#8220;28px&#8220; _builder_version=&#8220;4.22.2&#8243; _module_preset=&#8220;default&#8220; link_option_url_new_window=&#8220;on&#8220; locked=&#8220;off&#8220; global_colors_info=&#8220;{}&#8220;][\/et_pb_blurb][\/et_pb_column][\/et_pb_row][et_pb_row column_structure=&#8220;2_5,3_5&#8243; _builder_version=&#8220;4.22.2&#8243; _module_preset=&#8220;default&#8220; custom_margin=&#8220;||50px||false|false&#8220; global_colors_info=&#8220;{}&#8220;][et_pb_column type=&#8220;2_5&#8243; _builder_version=&#8220;4.22.2&#8243; _module_preset=&#8220;default&#8220; global_colors_info=&#8220;{}&#8220;][et_pb_image src=&#8220;http:\/\/www.ovronnaz.ch\/wp-content\/uploads\/2023\/08\/square.png&#8220; title_text=&#8220;square&#8220; _builder_version=&#8220;4.22.2&#8243; _module_preset=&#8220;default&#8220; background_image=&#8220;http:\/\/www.ovronnaz.ch\/wp-content\/uploads\/2023\/09\/1280_0001-1.jpg&#8220; global_colors_info=&#8220;{}&#8220;][\/et_pb_image][\/et_pb_column][et_pb_column type=&#8220;3_5&#8243; _builder_version=&#8220;4.22.2&#8243; _module_preset=&#8220;default&#8220; global_colors_info=&#8220;{}&#8220;][et_pb_text _builder_version=&#8220;4.22.2&#8243; _module_preset=&#8220;default&#8220; custom_margin=&#8220;||50px||false|false&#8220; link_option_url=&#8220;https:\/\/search.ch\/tel\/ovronnaz\/route-des-muverans-21\/le-delice&#8220; link_option_url_new_window=&#8220;on&#8220; hover_enabled=&#8220;0&#8243; content_en_gb=&#8220;<\/p>\n<p><strong>Supermarch\u00e9 COOP<\/strong><strong><\/strong><\/p>\n<p>High Season: Monday-Sunday: 8:00 AM &#8211; 7:00 PM<\/p>\n<p>Low Season: Monday-Saturday: 8:00 AM &#8211; 6:30 PM<\/p>\n<p>&#8220; content_de_de=&#8220;<\/p>\n<p><strong>Supermarch\u00e9 COOP<\/strong><strong><\/strong><\/p>\n<p>Hochsaison: Montag-Sonntag: 8:00 Uhr &#8211; 19:00 Uhr<\/p>\n<p>Nebensaison: Montag-Samstag: 8:00 Uhr &#8211; 18:30 Uhr<\/p>\n<p>&#8220; global_colors_info=&#8220;{}&#8220; sticky_enabled=&#8220;0&#8243;]<\/p>\n<p><strong>Supermarch\u00e9 COOP<\/strong><strong><\/strong><\/p>\n<p>Haute Saison : Lundi-Dimanche : 8h00-19h00<\/p>\n<p>Basse saison : Lundi-Samedi : 8h00-18h30<\/p>\n<p>[\/et_pb_text][et_pb_blurb title=&#8220;+41 27 305 16 50&#8243; url_new_window=&#8220;on&#8220; use_icon=&#8220;on&#8220; font_icon=&#8220;&#xf879;||fa||900&#8243; icon_color=&#8220;#000000&#8243; icon_placement=&#8220;left&#8220; image_icon_width=&#8220;28px&#8220; _builder_version=&#8220;4.22.2&#8243; _module_preset=&#8220;default&#8220; link_option_url=&#8220;tel:+41273051650&#8243; link_option_url_new_window=&#8220;on&#8220; locked=&#8220;off&#8220; global_colors_info=&#8220;{}&#8220;][\/et_pb_blurb][et_pb_blurb title=&#8220;Route des Muverans 38, 1911 Ovronnaz&#8220; use_icon=&#8220;on&#8220; font_icon=&#8220;&#xe081;||divi||400&#8243; icon_color=&#8220;#000000&#8243; icon_placement=&#8220;left&#8220; image_icon_width=&#8220;28px&#8220; _builder_version=&#8220;4.22.2&#8243; _module_preset=&#8220;default&#8220; link_option_url_new_window=&#8220;on&#8220; locked=&#8220;off&#8220; global_colors_info=&#8220;{}&#8220;][\/et_pb_blurb][\/et_pb_column][\/et_pb_row][et_pb_row column_structure=&#8220;2_5,3_5&#8243; _builder_version=&#8220;4.22.2&#8243; _module_preset=&#8220;default&#8220; custom_margin=&#8220;||50px||false|false&#8220; global_colors_info=&#8220;{}&#8220;][et_pb_column type=&#8220;2_5&#8243; _builder_version=&#8220;4.22.2&#8243; _module_preset=&#8220;default&#8220; global_colors_info=&#8220;{}&#8220;][et_pb_image src=&#8220;http:\/\/www.ovronnaz.ch\/wp-content\/uploads\/2023\/08\/square.png&#8220; title_text=&#8220;square&#8220; _builder_version=&#8220;4.22.2&#8243; _module_preset=&#8220;default&#8220; background_image=&#8220;http:\/\/www.ovronnaz.ch\/wp-content\/uploads\/2023\/09\/Le-Chalet-Gourmand_CJP4547.jpg&#8220; global_colors_info=&#8220;{}&#8220;][\/et_pb_image][\/et_pb_column][et_pb_column type=&#8220;3_5&#8243; _builder_version=&#8220;4.22.2&#8243; _module_preset=&#8220;default&#8220; global_colors_info=&#8220;{}&#8220;][et_pb_text _builder_version=&#8220;4.22.2&#8243; _module_preset=&#8220;default&#8220; custom_margin=&#8220;||50px||false|false&#8220; link_option_url=&#8220;https:\/\/search.ch\/tel\/ovronnaz\/route-des-muverans-21\/le-delice&#8220; link_option_url_new_window=&#8220;on&#8220; content_en_gb=&#8220;<strong><span>Fine grocery<\/span>, Chalet Gourmand<\/strong><strong><\/strong><\/p>\n<p>Butcher shop, cheese shop, local products, extensive selection of local wines<\/p>\n<p>Tuesday-Friday: 8:30 AM &#8211; 12:30 PM \/ 2:30 PM &#8211; 6:30 PM<br \/>\nSaturday: 8:30 AM &#8211; 6:30 PM<br \/>\nSunday: 8:30 AM &#8211; 12:30 PM&#8220; content_de_de=&#8220;<strong><span>Feinkostgesch\u00e4ft<\/span>, Chalet Gourmand<\/strong><strong><\/strong><\/p>\n<p>Metzgerei, K\u00e4seladen, regionale Produkte, umfangreiches Angebot an lokalen Weinen<\/p>\n<p>Dienstag-Freitag: 8:30 Uhr &#8211; 12:30 Uhr \/ 14:30 Uhr &#8211; 18:30 Uhr<br \/>\nSamstag: 8:30 Uhr &#8211; 18:30 Uhr<br \/>\nSonntag: 8:30 Uhr &#8211; 12:30 Uhr&#8220; global_colors_info=&#8220;{}&#8220;]<\/p>\n<p><strong>\u00c9picerie fine, Chalet Gourmand<\/strong><strong><\/strong><\/p>\n<p><span>Boucherie, fromagerie, produits du terroir, vaste choix de vins locaux<\/span><\/p>\n<p><span>Mardi-Vendredi : 8h30-12h30 \/ 14h30-18h30<\/span><br \/><span>Samedi : 8h30-18h30<\/span><br \/><span>Dimanche : 8h30-12h30<\/span><\/p>\n<p>[\/et_pb_text][et_pb_blurb title=&#8220;+41 27 306 84 04&#8243; url_new_window=&#8220;on&#8220; use_icon=&#8220;on&#8220; font_icon=&#8220;&#xf879;||fa||900&#8243; icon_color=&#8220;#000000&#8243; icon_placement=&#8220;left&#8220; image_icon_width=&#8220;28px&#8220; _builder_version=&#8220;4.22.2&#8243; _module_preset=&#8220;default&#8220; link_option_url=&#8220;tel:+41273068404&#8243; link_option_url_new_window=&#8220;on&#8220; locked=&#8220;off&#8220; global_colors_info=&#8220;{}&#8220;][\/et_pb_blurb][et_pb_blurb title=&#8220;Route des Muverans 21, 1911 Ovronnaz&#8220; use_icon=&#8220;on&#8220; font_icon=&#8220;&#xe081;||divi||400&#8243; icon_color=&#8220;#000000&#8243; icon_placement=&#8220;left&#8220; image_icon_width=&#8220;28px&#8220; _builder_version=&#8220;4.22.2&#8243; _module_preset=&#8220;default&#8220; link_option_url_new_window=&#8220;on&#8220; locked=&#8220;off&#8220; global_colors_info=&#8220;{}&#8220;][\/et_pb_blurb][\/et_pb_column][\/et_pb_row][et_pb_row column_structure=&#8220;2_5,3_5&#8243; _builder_version=&#8220;4.22.2&#8243; _module_preset=&#8220;default&#8220; custom_margin=&#8220;||50px||false|false&#8220; global_colors_info=&#8220;{}&#8220;][et_pb_column type=&#8220;2_5&#8243; _builder_version=&#8220;4.22.2&#8243; _module_preset=&#8220;default&#8220; global_colors_info=&#8220;{}&#8220;][et_pb_image src=&#8220;http:\/\/www.ovronnaz.ch\/wp-content\/uploads\/2023\/08\/square.png&#8220; title_text=&#8220;square&#8220; _builder_version=&#8220;4.22.2&#8243; _module_preset=&#8220;default&#8220; background_image=&#8220;http:\/\/www.ovronnaz.ch\/wp-content\/uploads\/2023\/09\/199709796_122714620002381_6406797495961733160_n.jpg&#8220; global_colors_info=&#8220;{}&#8220;][\/et_pb_image][\/et_pb_column][et_pb_column type=&#8220;3_5&#8243; _builder_version=&#8220;4.22.2&#8243; _module_preset=&#8220;default&#8220; global_colors_info=&#8220;{}&#8220;][et_pb_text _builder_version=&#8220;4.22.2&#8243; _module_preset=&#8220;default&#8220; custom_margin=&#8220;||50px||false|false&#8220; link_option_url=&#8220;https:\/\/search.ch\/tel\/ovronnaz\/route-des-muverans-21\/le-delice&#8220; link_option_url_new_window=&#8220;on&#8220; content_en_gb=&#8220;<\/p>\n<p><strong>Le paradis de Maya l&#8217;Abeille<\/strong><\/p>\n<p>Sale of honey and related products<\/p>\n<p>Friday mornings at the Sion market<\/p>\n<p>&#8220; content_de_de=&#8220;<\/p>\n<p><strong>Le paradis de Maya l&#8217;Abeille<\/strong><\/p>\n<p>Verkauf von Honig und verwandten Produkten<\/p>\n<p>Freitagmorgens auf dem Markt in Sion<\/p>\n<p>&#8220; global_colors_info=&#8220;{}&#8220;]<\/p>\n<p><strong>Le paradis de Maya l&#8217;Abeille<\/strong><\/p>\n<p>Vente de miel et produits d\u00e9riv\u00e9s<strong><\/strong><\/p>\n<p>Les vendredis matin au march\u00e9 de Sion<\/p>\n<p>[\/et_pb_text][et_pb_blurb title=&#8220;+41 79 221 13 78&#8243; url_new_window=&#8220;on&#8220; use_icon=&#8220;on&#8220; font_icon=&#8220;&#xf879;||fa||900&#8243; icon_color=&#8220;#000000&#8243; icon_placement=&#8220;left&#8220; image_icon_width=&#8220;28px&#8220; _builder_version=&#8220;4.22.2&#8243; _module_preset=&#8220;default&#8220; link_option_url=&#8220;tel:+41792211378&#8243; link_option_url_new_window=&#8220;on&#8220; locked=&#8220;off&#8220; global_colors_info=&#8220;{}&#8220;][\/et_pb_blurb][et_pb_blurb title=&#8220;maya.gabioud@bluewin.ch&#8220; use_icon=&#8220;on&#8220; font_icon=&#8220;&#xe010;||divi||400&#8243; icon_color=&#8220;#000000&#8243; icon_placement=&#8220;left&#8220; image_icon_width=&#8220;28px&#8220; _builder_version=&#8220;4.22.2&#8243; _module_preset=&#8220;default&#8220; link_option_url=&#8220;mailto:maya.gabioud@bluewin.ch&#8220; link_option_url_new_window=&#8220;on&#8220; locked=&#8220;off&#8220; global_colors_info=&#8220;{}&#8220;][\/et_pb_blurb][et_pb_blurb title=&#8220;Batterie Salentze 24, 1911 Ovronnaz&#8220; use_icon=&#8220;on&#8220; font_icon=&#8220;&#xe081;||divi||400&#8243; icon_color=&#8220;#000000&#8243; icon_placement=&#8220;left&#8220; image_icon_width=&#8220;28px&#8220; _builder_version=&#8220;4.22.2&#8243; _module_preset=&#8220;default&#8220; link_option_url_new_window=&#8220;on&#8220; locked=&#8220;off&#8220; global_colors_info=&#8220;{}&#8220;][\/et_pb_blurb][\/et_pb_column][\/et_pb_row][et_pb_row column_structure=&#8220;2_5,3_5&#8243; _builder_version=&#8220;4.22.2&#8243; _module_preset=&#8220;default&#8220; custom_margin=&#8220;||50px||false|false&#8220; global_colors_info=&#8220;{}&#8220;][et_pb_column type=&#8220;2_5&#8243; _builder_version=&#8220;4.22.2&#8243; _module_preset=&#8220;default&#8220; global_colors_info=&#8220;{}&#8220;][et_pb_image src=&#8220;http:\/\/www.ovronnaz.ch\/wp-content\/uploads\/2023\/08\/square.png&#8220; title_text=&#8220;square&#8220; _builder_version=&#8220;4.22.2&#8243; _module_preset=&#8220;default&#8220; background_image=&#8220;http:\/\/www.ovronnaz.ch\/wp-content\/uploads\/2023\/09\/179052088_2829704377270088_4797631039118568427_n-e1695736361508.jpg&#8220; global_colors_info=&#8220;{}&#8220;][\/et_pb_image][\/et_pb_column][et_pb_column type=&#8220;3_5&#8243; _builder_version=&#8220;4.22.2&#8243; _module_preset=&#8220;default&#8220; global_colors_info=&#8220;{}&#8220;][et_pb_text _builder_version=&#8220;4.22.2&#8243; _module_preset=&#8220;default&#8220; content_en_gb=&#8220;<\/p>\n<p><strong>Tani\u00e8re de l&#8217;Ard\u00e9vaz, Dugny<\/strong><strong><\/strong><\/p>\n<p>Between Montagnon and Dugny, selling fruits and local products<\/p>\n<p>Open in July and August<\/p>\n<p>&#8220; content_de_de=&#8220;<\/p>\n<p><strong>Tani\u00e8re de l&#8217;Ard\u00e9vaz, Dugny<\/strong><strong><\/strong><\/p>\n<p>Zwischen Montagnon und Dugny, Verkauf von Fr\u00fcchten und regionalen Produkten<\/p>\n<p>Ge\u00f6ffnet im Juli und August<\/p>\n<p>&#8220; global_colors_info=&#8220;{}&#8220;]<\/p>\n<p><strong>Tani\u00e8re de l&#8217;Ard\u00e9vaz, Dugny<\/strong><strong><\/strong><\/p>\n<p><span>Entre Montagnon et Dugny Vente de fruits et produits du terroir\u00a0<\/span><\/p>\n<p>Ouvert en juillet et en ao\u00fbt<\/p>\n<p>[\/et_pb_text][\/et_pb_column][\/et_pb_row][et_pb_row column_structure=&#8220;2_5,3_5&#8243; _builder_version=&#8220;4.22.2&#8243; _module_preset=&#8220;default&#8220; custom_margin=&#8220;||50px||false|false&#8220; global_colors_info=&#8220;{}&#8220;][et_pb_column type=&#8220;2_5&#8243; _builder_version=&#8220;4.22.2&#8243; _module_preset=&#8220;default&#8220; global_colors_info=&#8220;{}&#8220;][et_pb_image src=&#8220;http:\/\/www.ovronnaz.ch\/wp-content\/uploads\/2023\/08\/square.png&#8220; title_text=&#8220;square&#8220; _builder_version=&#8220;4.22.2&#8243; _module_preset=&#8220;default&#8220; background_image=&#8220;http:\/\/www.ovronnaz.ch\/wp-content\/uploads\/2023\/09\/2022-03-05.jpg&#8220; global_colors_info=&#8220;{}&#8220;][\/et_pb_image][\/et_pb_column][et_pb_column type=&#8220;3_5&#8243; _builder_version=&#8220;4.22.2&#8243; _module_preset=&#8220;default&#8220; global_colors_info=&#8220;{}&#8220;][et_pb_text _builder_version=&#8220;4.22.2&#8243; _module_preset=&#8220;default&#8220; custom_margin=&#8220;||50px||false|false&#8220; link_option_url=&#8220;https:\/\/www.lebroccard.ch\/&#8220; link_option_url_new_window=&#8220;on&#8220; content_en_gb=&#8220;<\/p>\n<p><strong>Boutique d\u00e9co le Broccard<\/strong><\/p>\n<p>Wednesday-Thursday: 2:30 PM &#8211; 6:00 PM<\/p>\n<p>Friday: 10:00 AM &#8211; 12:00 PM \/ 2:30 PM &#8211; 6:30 PM<\/p>\n<p>Saturday: 10:00 AM &#8211; 12:00 PM \/ 2:30 PM &#8211; 5:30 PM<\/p>\n<p>Sunday: 10:00 AM &#8211; 12:00 PM<\/p>\n<p>&#8220; content_de_de=&#8220;<\/p>\n<p><strong>Boutique d\u00e9co le Broccard<\/strong><\/p>\n<p>Mittwoch-Donnerstag: 14:30 Uhr &#8211; 18:00 Uhr<\/p>\n<p>Freitag: 10:00 Uhr &#8211; 12:00 Uhr \/ 14:30 Uhr &#8211; 18:30 Uhr<\/p>\n<p>Samstag: 10:00 Uhr &#8211; 12:00 Uhr \/ 14:30 Uhr &#8211; 17:30 Uhr<\/p>\n<p>Sonntag: 10:00 Uhr &#8211; 12:00 Uhr<\/p>\n<p>&#8220; global_colors_info=&#8220;{}&#8220;]<\/p>\n<p><strong>Boutique d\u00e9co le Broccard<\/strong><\/p>\n<p>Mercredi-jeudi : 14h30-18h00<\/p>\n<p>Vendredi : 10h-12h \/ 14h30-18h30<\/p>\n<p>Samedi : 10h-12h \/ 14h30-17h30<\/p>\n<p>Dimanche : 10h00-12h00<\/p>\n<p>[\/et_pb_text][et_pb_blurb title=&#8220;+41 79 670 22 92&#8243; url_new_window=&#8220;on&#8220; use_icon=&#8220;on&#8220; font_icon=&#8220;&#xf879;||fa||900&#8243; icon_color=&#8220;#000000&#8243; icon_placement=&#8220;left&#8220; image_icon_width=&#8220;28px&#8220; _builder_version=&#8220;4.22.2&#8243; _module_preset=&#8220;default&#8220; link_option_url=&#8220;tel:+41796702292&#8243; link_option_url_new_window=&#8220;on&#8220; locked=&#8220;off&#8220; global_colors_info=&#8220;{}&#8220;][\/et_pb_blurb][et_pb_blurb title=&#8220;romaine@lebroccard.ch&#8220; use_icon=&#8220;on&#8220; font_icon=&#8220;&#xe010;||divi||400&#8243; icon_color=&#8220;#000000&#8243; icon_placement=&#8220;left&#8220; image_icon_width=&#8220;28px&#8220; _builder_version=&#8220;4.22.2&#8243; _module_preset=&#8220;default&#8220; link_option_url=&#8220;mailto:romaine@lebroccard.ch&#8220; link_option_url_new_window=&#8220;on&#8220; locked=&#8220;off&#8220; global_colors_info=&#8220;{}&#8220;][\/et_pb_blurb][et_pb_blurb title=&#8220;Route des Muverans 21, 1911 Ovronnaz&#8220; use_icon=&#8220;on&#8220; font_icon=&#8220;&#xe081;||divi||400&#8243; icon_color=&#8220;#000000&#8243; icon_placement=&#8220;left&#8220; image_icon_width=&#8220;28px&#8220; _builder_version=&#8220;4.22.2&#8243; _module_preset=&#8220;default&#8220; link_option_url_new_window=&#8220;on&#8220; locked=&#8220;off&#8220; global_colors_info=&#8220;{}&#8220;][\/et_pb_blurb][\/et_pb_column][\/et_pb_row][et_pb_row column_structure=&#8220;2_5,3_5&#8243; _builder_version=&#8220;4.22.2&#8243; _module_preset=&#8220;default&#8220; custom_margin=&#8220;||50px||false|false&#8220; global_colors_info=&#8220;{}&#8220;][et_pb_column type=&#8220;2_5&#8243; _builder_version=&#8220;4.22.2&#8243; _module_preset=&#8220;default&#8220; global_colors_info=&#8220;{}&#8220;][et_pb_image src=&#8220;http:\/\/www.ovronnaz.ch\/wp-content\/uploads\/2023\/08\/square.png&#8220; title_text=&#8220;square&#8220; _builder_version=&#8220;4.22.2&#8243; _module_preset=&#8220;default&#8220; background_image=&#8220;http:\/\/www.ovronnaz.ch\/wp-content\/uploads\/2023\/09\/2022-05-01.jpg&#8220; global_colors_info=&#8220;{}&#8220;][\/et_pb_image][\/et_pb_column][et_pb_column type=&#8220;3_5&#8243; _builder_version=&#8220;4.22.2&#8243; _module_preset=&#8220;default&#8220; global_colors_info=&#8220;{}&#8220;][et_pb_text _builder_version=&#8220;4.22.2&#8243; _module_preset=&#8220;default&#8220; link_option_url=&#8220;http:\/\/leemannfruits.ch\/&#8220; link_option_url_new_window=&#8220;on&#8220; global_colors_info=&#8220;{}&#8220;]<\/p>\n<p><strong>Distributeur de fruits et l\u00e9gumes 24\/24<\/strong><\/p>\n<p><strong><\/strong><\/p>\n<p>[\/et_pb_text][et_pb_blurb title=&#8220;+41 79 471 35 64&#8243; url_new_window=&#8220;on&#8220; use_icon=&#8220;on&#8220; font_icon=&#8220;&#xf879;||fa||900&#8243; icon_color=&#8220;#000000&#8243; icon_placement=&#8220;left&#8220; image_icon_width=&#8220;28px&#8220; _builder_version=&#8220;4.22.2&#8243; _module_preset=&#8220;default&#8220; link_option_url=&#8220;tel:+41794713564&#8243; link_option_url_new_window=&#8220;on&#8220; locked=&#8220;off&#8220; global_colors_info=&#8220;{}&#8220;][\/et_pb_blurb][et_pb_blurb title=&#8220;info@leemannfruits.ch&#8220; use_icon=&#8220;on&#8220; font_icon=&#8220;&#xe010;||divi||400&#8243; icon_color=&#8220;#000000&#8243; icon_placement=&#8220;left&#8220; image_icon_width=&#8220;28px&#8220; _builder_version=&#8220;4.22.2&#8243; _module_preset=&#8220;default&#8220; link_option_url=&#8220;mailto:info@leemannfruits.ch&#8220; link_option_url_new_window=&#8220;on&#8220; locked=&#8220;off&#8220; global_colors_info=&#8220;{}&#8220;][\/et_pb_blurb][et_pb_blurb title=&#8220;Chemin des Cari\u00e8res 10, 1912 Leytron&#8220; use_icon=&#8220;on&#8220; font_icon=&#8220;&#xe081;||divi||400&#8243; icon_color=&#8220;#000000&#8243; icon_placement=&#8220;left&#8220; image_icon_width=&#8220;28px&#8220; _builder_version=&#8220;4.22.2&#8243; _module_preset=&#8220;default&#8220; link_option_url_new_window=&#8220;on&#8220; locked=&#8220;off&#8220; global_colors_info=&#8220;{}&#8220;][\/et_pb_blurb][\/et_pb_column][\/et_pb_row][et_pb_row column_structure=&#8220;2_5,3_5&#8243; _builder_version=&#8220;4.22.2&#8243; _module_preset=&#8220;default&#8220; custom_margin=&#8220;||50px||false|false&#8220; global_colors_info=&#8220;{}&#8220;][et_pb_column type=&#8220;2_5&#8243; _builder_version=&#8220;4.22.2&#8243; _module_preset=&#8220;default&#8220; global_colors_info=&#8220;{}&#8220;][et_pb_image src=&#8220;http:\/\/www.ovronnaz.ch\/wp-content\/uploads\/2023\/08\/square.png&#8220; title_text=&#8220;square&#8220; _builder_version=&#8220;4.22.2&#8243; _module_preset=&#8220;default&#8220; background_image=&#8220;http:\/\/www.ovronnaz.ch\/wp-content\/uploads\/2023\/08\/fromagerie-2-scaled.jpg&#8220; global_colors_info=&#8220;{}&#8220;][\/et_pb_image][\/et_pb_column][et_pb_column type=&#8220;3_5&#8243; _builder_version=&#8220;4.22.2&#8243; _module_preset=&#8220;default&#8220; global_colors_info=&#8220;{}&#8220;][et_pb_text _builder_version=&#8220;4.22.2&#8243; _module_preset=&#8220;default&#8220; link_option_url=&#8220;http:\/\/leemannfruits.ch\/&#8220; link_option_url_new_window=&#8220;on&#8220; content_en_gb=&#8220;<\/p>\n<p><strong>Fromagerie de Loutze<\/strong><\/p>\n<p>Sale of Alpine products: cheese, s\u00e9rac, butter<\/p>\n<p>Open from early June to mid-October<\/p>\n<p>&#8220; content_de_de=&#8220;<\/p>\n<p><strong>Fromagerie de Loutze<\/strong><\/p>\n<p>Verkauf von Alpenprodukten: K\u00e4se, S\u00e9rac, Butter<\/p>\n<p>Ge\u00f6ffnet von Anfang Juni bis Mitte Oktober<\/p>\n<p>&#8220; global_colors_info=&#8220;{}&#8220;]<\/p>\n<p><strong>Fromagerie de Loutze<\/strong><\/p>\n<p>Vente de produits d&#8217;alpage : fromage, s\u00e9rac, beurre<\/p>\n<p>ouvert du d\u00e9but juin \u00e0 la mi-octobre<\/p>\n<p><strong><\/strong><\/p>\n<p>[\/et_pb_text][et_pb_blurb title=&#8220;+41 79 235 98 81&#8243; url_new_window=&#8220;on&#8220; use_icon=&#8220;on&#8220; font_icon=&#8220;&#xf879;||fa||900&#8243; icon_color=&#8220;#000000&#8243; icon_placement=&#8220;left&#8220; image_icon_width=&#8220;28px&#8220; _builder_version=&#8220;4.22.2&#8243; _module_preset=&#8220;default&#8220; link_option_url=&#8220;tel:+41792359881&#8243; link_option_url_new_window=&#8220;on&#8220; locked=&#8220;off&#8220; global_colors_info=&#8220;{}&#8220;][\/et_pb_blurb][\/et_pb_column][\/et_pb_row][\/et_pb_section]<\/p>\n","protected":false},"excerpt":{"rendered":"<p>Alimentation, produits du terroir et boutiqueD\u00e9couvrez les diff\u00e9tents commerces d&#8217;alimentation, de produits du terroir et les boutiques de la station qui vous propose une offre fra\u00eeche, locale et vari\u00e9e.Boulangerie le [&hellip;]<\/p>\n","protected":false},"author":1,"featured_media":0,"parent":0,"menu_order":17,"comment_status":"closed","ping_status":"closed","template":"","meta":{"_et_pb_use_builder":"on","_et_pb_old_content":"","_et_gb_content_width":"","_monsterinsights_skip_tracking":false,"_monsterinsights_sitenote_active":false,"_monsterinsights_sitenote_note":"","_monsterinsights_sitenote_category":0,"footnotes":""},"dipi_cpt_category":[],"class_list":["post-29322","page","type-page","status-publish","hentry"],"_links":{"self":[{"href":"https:\/\/www.ovronnaz.ch\/de\/wp-json\/wp\/v2\/pages\/29322","targetHints":{"allow":["GET"]}}],"collection":[{"href":"https:\/\/www.ovronnaz.ch\/de\/wp-json\/wp\/v2\/pages"}],"about":[{"href":"https:\/\/www.ovronnaz.ch\/de\/wp-json\/wp\/v2\/types\/page"}],"author":[{"embeddable":true,"href":"https:\/\/www.ovronnaz.ch\/de\/wp-json\/wp\/v2\/users\/1"}],"replies":[{"embeddable":true,"href":"https:\/\/www.ovronnaz.ch\/de\/wp-json\/wp\/v2\/comments?post=29322"}],"version-history":[{"count":0,"href":"https:\/\/www.ovronnaz.ch\/de\/wp-json\/wp\/v2\/pages\/29322\/revisions"}],"wp:attachment":[{"href":"https:\/\/www.ovronnaz.ch\/de\/wp-json\/wp\/v2\/media?parent=29322"}],"wp:term":[{"taxonomy":"dipi_cpt_category","embeddable":true,"href":"https:\/\/www.ovronnaz.ch\/de\/wp-json\/wp\/v2\/dipi_cpt_category?post=29322"}],"curies":[{"name":"wp","href":"https:\/\/api.w.org\/{rel}","templated":true}]}}