{"id":29320,"date":"2023-07-21T10:25:13","date_gmt":"2023-07-21T08:25:13","guid":{"rendered":"http:\/\/www.ovronnaz.ch\/?page_id=29320"},"modified":"2026-01-27T11:36:17","modified_gmt":"2026-01-27T10:36:17","slug":"parking","status":"publish","type":"page","link":"https:\/\/www.ovronnaz.ch\/de\/parking\/","title":{"rendered":"Parking"},"content":{"rendered":"<p>[et_pb_section fb_built=&#8220;1&#8243; fullwidth=&#8220;on&#8220; _builder_version=&#8220;4.22.1&#8243; _module_preset=&#8220;default&#8220; global_colors_info=&#8220;{}&#8220;][et_pb_fullwidth_slider _builder_version=&#8220;4.27.4&#8243; _module_preset=&#8220;default&#8220; global_colors_info=&#8220;{}&#8220;][et_pb_slide _builder_version=&#8220;4.27.4&#8243; _module_preset=&#8220;default&#8220; background_image=&#8220;https:\/\/www.ovronnaz.ch\/wp-content\/uploads\/2025\/11\/WhatsApp-Image-2025-11-18-at-14.44.47.jpeg&#8220; background_enable_image=&#8220;on&#8220; custom_padding=&#8220;||||false|false&#8220; custom_padding_tablet=&#8220;||||false|false&#8220; custom_padding_phone=&#8220;||||false|false&#8220; custom_padding_last_edited=&#8220;on|desktop&#8220; global_colors_info=&#8220;{}&#8220; sticky_transition=&#8220;on&#8220;][\/et_pb_slide][\/et_pb_fullwidth_slider][\/et_pb_section][et_pb_section fb_built=&#8220;1&#8243; _builder_version=&#8220;4.21.0&#8243; _module_preset=&#8220;default&#8220; custom_margin=&#8220;||||false|false&#8220; custom_padding=&#8220;0px||0px||false|false&#8220; global_colors_info=&#8220;{}&#8220;][et_pb_row _builder_version=&#8220;4.21.0&#8243; _module_preset=&#8220;default&#8220; global_colors_info=&#8220;{}&#8220;][et_pb_column type=&#8220;4_4&#8243; _builder_version=&#8220;4.21.0&#8243; _module_preset=&#8220;default&#8220; global_colors_info=&#8220;{}&#8220;][et_pb_text _builder_version=&#8220;4.22.2&#8243; _module_preset=&#8220;default&#8220; content_en_gb=&#8220;<\/p>\n<h1>Parking in Ovronnaz<\/h1>\n<p>&#8220; content_de_de=&#8220;<\/p>\n<h1>Parkplatz auf Ovronnaz<\/h1>\n<p>&#8220; global_colors_info=&#8220;{}&#8220;]<\/p>\n<h1>Parking sur Ovronnaz<\/h1>\n<p>[\/et_pb_text][\/et_pb_column][\/et_pb_row][et_pb_row _builder_version=&#8220;4.21.0&#8243; _module_preset=&#8220;default&#8220; global_colors_info=&#8220;{}&#8220;][et_pb_column type=&#8220;4_4&#8243; _builder_version=&#8220;4.21.0&#8243; _module_preset=&#8220;default&#8220; global_colors_info=&#8220;{}&#8220;][et_pb_text _builder_version=&#8220;4.27.4&#8243; _module_preset=&#8220;default&#8220; hover_enabled=&#8220;0&#8243; content_en_gb=&#8220;<\/p>\n<ul>\n<li>Parking garage des Bains d&#8217;Ovronnaz (Centre Thermal): chargeable (except for people staying at the Spa)<\/li>\n<li>T\u00e9l\u00e9ovronnaz car parks \/ Centre Sportif: free of charge<\/li>\n<li>Centre Nordique car park \/ Tourbillon : free<\/li>\n<li>Chapelle car park: free<\/li>\n<li>Babylift car park: free<\/li>\n<\/ul>\n<p>&#8220; content_de_de=&#8220;<\/p>\n<ul>\n<li>Parkhaus der B\u00e4der von Ovronnaz (Thermalzentrum): kostenpflichtig (au\u00dfer f\u00fcr Personen, die in den B\u00e4dern wohnen).<\/li>\n<li>Parkpl\u00e4tze von T\u00e9l\u00e9ovronnaz \/ Centre Sportif: kostenlos<\/li>\n<li>Parkplatz Nordisches Zentrum \/ Tourbillon: kostenlos<\/li>\n<li>Parkplatz der Kapelle: kostenlos<\/li>\n<li>Parkplatz des Babylifts: kostenlos<\/li>\n<\/ul>\n<p>&#8220; global_colors_info=&#8220;{}&#8220; sticky_enabled=&#8220;0&#8243; min_height=&#8220;205.9px&#8220;]<\/p>\n<ul>\n<li><span class=\"square arrow\"><\/span>Parking couvert des Bains d\u2019Ovronnaz (Centre Thermal):\u00a0 payant (sauf pour les personnes logeant aux Bains)<\/li>\n<li><span class=\"square arrow\"><\/span>Parkings de T\u00e9l\u00e9ovronnaz \/ Centre Sportif : gratuits<\/li>\n<li><span class=\"square arrow\"><\/span>Parking Centre Nordique &#8211; Tourbillon : gratuit<\/li>\n<li><span class=\"square arrow\"><\/span>Parking de la Chapelle : gratuit<\/li>\n<li>Parking du Babylift : gratuit<\/li>\n<\/ul>\n<ul class=\"lists\"><\/ul>\n<p>[\/et_pb_text][et_pb_text _builder_version=&#8220;4.27.5&#8243; _module_preset=&#8220;default&#8220; hover_enabled=&#8220;0&#8243; content_en_gb=&#8220;<\/p>\n<p data-start=%2299%22 data-end=%22178%22 style=%22text-align: center;%22>Several parking spaces are provided <strong>for charging electric cars<\/strong> :\u00a0<\/p>\n<p data-start=%22171%22 data-end=%22200%22 style=%22text-align: center;%22>&#8211; At the Bains d\u2019Ovronnaz<\/p>\n<p data-start=%22203%22 data-end=%22224%22 style=%22text-align: center;%22>&#8211; At T\u00e9l\u00e9ovronnaz<\/p>\n<p data-start=%22227%22 data-end=%22256%22 style=%22text-align: center;%22>&#8211; At the Hotel des Muverans<\/p>\n<p data-start=%2299%22 data-end=%22178%22 style=%22text-align: center;%22>\n<p data-start=%22180%22 data-end=%22284%22 data-is-last-node=%22%22 data-is-only-node=%22%22>&#8220; content_de_de=&#8220;<\/p>\n<p data-start=%2213%22 data-end=%2297%22 style=%22text-align: center;%22>Mehrere Stellpl\u00e4tze sind <strong>f\u00fcr das Laden von Elektroautos<\/strong> vorgesehen :<\/p>\n<p data-start=%2213%22 data-end=%2297%22 style=%22text-align: center;%22>&#8211; In den Bains d\u2019Ovronnaz<\/p>\n<p data-start=%2213%22 data-end=%2297%22 style=%22text-align: center;%22>&#8211; Bei T\u00e9l\u00e9ovronnaz<\/p>\n<p data-start=%2213%22 data-end=%2297%22 style=%22text-align: center;%22>&#8211; Im Hotel des Muverans<\/p>\n<p data-start=%2299%22 data-end=%22178%22>&#8220; global_colors_info=&#8220;{}&#8220; sticky_enabled=&#8220;0&#8243; custom_margin=&#8220;-40px||20px||false|false&#8220;]<\/p>\n<ul class=\"lists\"><\/ul>\n<p style=\"text-align: center;\"><span class=\"square arrow\"><\/span>Plusieurs emplacements sont pr\u00e9vus pour la<strong> recharge de voitures \u00e9lectriques :<\/strong><\/p>\n<p style=\"text-align: center;\">&#8211; Aux Bains d&#8217;Ovronnaz<\/p>\n<p style=\"text-align: center;\">&#8211; A T\u00e9l\u00e9ovronnaz<\/p>\n<p style=\"text-align: center;\">&#8211; A l&#8217;h\u00f4tel des Muverans<\/p>\n<p>[\/et_pb_text][et_pb_text _builder_version=&#8220;4.27.4&#8243; _module_preset=&#8220;default&#8220; content_en_gb=&#8220;<\/p>\n<p style=%22text-align: center;%22>During the winter,<strong> a free shuttle bus service<\/strong> serves the whole resort during the day.<\/p>\n<p>&#8220; content_de_de=&#8220;<\/p>\n<p style=%22text-align: center;%22>Im Winter wird der gesamte Ort tags\u00fcber von einem <strong>kostenlosen Pendelbus<\/strong> bedient.<\/p>\n<p>&#8220; global_colors_info=&#8220;{}&#8220;]<\/p>\n<ul class=\"lists\"><\/ul>\n<p style=\"text-align: center;\"><span class=\"square arrow\"><\/span>Durant l\u2019hiver, un <strong>service de bus navettes gratuit<\/strong> dessert l\u2019ensemble de la station durant la journ\u00e9e<\/p>\n<p>[\/et_pb_text][et_pb_button button_url=&#8220;@ET-DC@eyJkeW5hbWljIjp0cnVlLCJjb250ZW50IjoicG9zdF9saW5rX3VybF9wYWdlIiwic2V0dGluZ3MiOnsicG9zdF9pZCI6IjI5MzE4In19@&#8220; button_text=&#8220;Navettes gratuites&#8220; button_alignment=&#8220;center&#8220; _builder_version=&#8220;4.27.4&#8243; _dynamic_attributes=&#8220;button_url&#8220; _module_preset=&#8220;default&#8220; button_text_en_gb=&#8220;Free shuttles&#8220; button_text_de_de=&#8220;Kostenlose Pendelbusse&#8220; global_colors_info=&#8220;{}&#8220;][\/et_pb_button][et_pb_image src=&#8220;https:\/\/www.ovronnaz.ch\/wp-content\/uploads\/2023\/10\/parking1.jpg&#8220; title_text=&#8220;parking1&#8243; _builder_version=&#8220;4.22.2&#8243; _module_preset=&#8220;default&#8220; global_colors_info=&#8220;{}&#8220;][\/et_pb_image][\/et_pb_column][\/et_pb_row][\/et_pb_section]<\/p>\n","protected":false},"excerpt":{"rendered":"<p>Parking sur Ovronnaz Parking couvert des Bains d\u2019Ovronnaz (Centre Thermal):\u00a0 payant (sauf pour les personnes logeant aux Bains) Parkings de T\u00e9l\u00e9ovronnaz \/ Centre Sportif : gratuits Parking Centre Nordique &#8211; [&hellip;]<\/p>\n","protected":false},"author":1,"featured_media":0,"parent":0,"menu_order":52,"comment_status":"closed","ping_status":"closed","template":"","meta":{"_et_pb_use_builder":"on","_et_pb_old_content":"","_et_gb_content_width":"","_monsterinsights_skip_tracking":false,"_monsterinsights_sitenote_active":false,"_monsterinsights_sitenote_note":"","_monsterinsights_sitenote_category":0,"footnotes":""},"dipi_cpt_category":[],"class_list":["post-29320","page","type-page","status-publish","hentry"],"_links":{"self":[{"href":"https:\/\/www.ovronnaz.ch\/de\/wp-json\/wp\/v2\/pages\/29320","targetHints":{"allow":["GET"]}}],"collection":[{"href":"https:\/\/www.ovronnaz.ch\/de\/wp-json\/wp\/v2\/pages"}],"about":[{"href":"https:\/\/www.ovronnaz.ch\/de\/wp-json\/wp\/v2\/types\/page"}],"author":[{"embeddable":true,"href":"https:\/\/www.ovronnaz.ch\/de\/wp-json\/wp\/v2\/users\/1"}],"replies":[{"embeddable":true,"href":"https:\/\/www.ovronnaz.ch\/de\/wp-json\/wp\/v2\/comments?post=29320"}],"version-history":[{"count":4,"href":"https:\/\/www.ovronnaz.ch\/de\/wp-json\/wp\/v2\/pages\/29320\/revisions"}],"predecessor-version":[{"id":44875,"href":"https:\/\/www.ovronnaz.ch\/de\/wp-json\/wp\/v2\/pages\/29320\/revisions\/44875"}],"wp:attachment":[{"href":"https:\/\/www.ovronnaz.ch\/de\/wp-json\/wp\/v2\/media?parent=29320"}],"wp:term":[{"taxonomy":"dipi_cpt_category","embeddable":true,"href":"https:\/\/www.ovronnaz.ch\/de\/wp-json\/wp\/v2\/dipi_cpt_category?post=29320"}],"curies":[{"name":"wp","href":"https:\/\/api.w.org\/{rel}","templated":true}]}}