{"id":29314,"date":"2023-07-21T10:23:13","date_gmt":"2023-07-21T08:23:13","guid":{"rendered":"http:\/\/www.ovronnaz.ch\/?page_id=29314"},"modified":"2025-11-18T12:07:02","modified_gmt":"2025-11-18T11:07:02","slug":"pensions","status":"publish","type":"page","link":"https:\/\/www.ovronnaz.ch\/de\/pensions\/","title":{"rendered":"Pensions"},"content":{"rendered":"<p>[et_pb_section fb_built=&#8220;1&#8243; fullwidth=&#8220;on&#8220; _builder_version=&#8220;4.22.1&#8243; _module_preset=&#8220;default&#8220; global_colors_info=&#8220;{}&#8220;][et_pb_fullwidth_slider _builder_version=&#8220;4.27.4&#8243; _module_preset=&#8220;default&#8220; hover_enabled=&#8220;0&#8243; global_colors_info=&#8220;{}&#8220; sticky_enabled=&#8220;0&#8243;][et_pb_slide _builder_version=&#8220;4.27.4&#8243; _module_preset=&#8220;default&#8220; background_image=&#8220;https:\/\/www.ovronnaz.ch\/wp-content\/uploads\/2025\/02\/2024.11.21_Drone_Station_Neige-2.jpg&#8220; background_enable_image=&#8220;on&#8220; custom_padding=&#8220;||||false|false&#8220; custom_padding_tablet=&#8220;||||false|false&#8220; custom_padding_phone=&#8220;||||false|false&#8220; custom_padding_last_edited=&#8220;on|desktop&#8220; hover_enabled=&#8220;0&#8243; global_colors_info=&#8220;{}&#8220; sticky_transition=&#8220;on&#8220; title_text=&#8220;2024.11.21_Drone_Station_Neige-2&#8243; sticky_enabled=&#8220;0&#8243;][\/et_pb_slide][\/et_pb_fullwidth_slider][\/et_pb_section][et_pb_section fb_built=&#8220;1&#8243; _builder_version=&#8220;4.21.0&#8243; _module_preset=&#8220;default&#8220; global_colors_info=&#8220;{}&#8220;][et_pb_row _builder_version=&#8220;4.21.0&#8243; _module_preset=&#8220;default&#8220; custom_margin=&#8220;||||false|false&#8220; custom_padding=&#8220;0px||0px||false|false&#8220; global_colors_info=&#8220;{}&#8220;][et_pb_column type=&#8220;4_4&#8243; _builder_version=&#8220;4.21.0&#8243; _module_preset=&#8220;default&#8220; global_colors_info=&#8220;{}&#8220;][et_pb_text _builder_version=&#8220;4.22.2&#8243; _module_preset=&#8220;default&#8220; content_en_gb=&#8220;<\/p>\n<h1>Pensions &#038; groups<\/h1>\n<p>&#8220; content_de_de=&#8220;<\/p>\n<h1>Pensionen &#038; Gruppe<\/h1>\n<p>&#8220; global_colors_info=&#8220;{}&#8220;]<\/p>\n<h1>Pensions &amp; groupe<\/h1>\n<p>[\/et_pb_text][\/et_pb_column][\/et_pb_row][et_pb_row _builder_version=&#8220;4.21.0&#8243; _module_preset=&#8220;default&#8220; global_colors_info=&#8220;{}&#8220;][et_pb_column type=&#8220;4_4&#8243; _builder_version=&#8220;4.21.0&#8243; _module_preset=&#8220;default&#8220; global_colors_info=&#8220;{}&#8220;][et_pb_text _builder_version=&#8220;4.22.2&#8243; _module_preset=&#8220;default&#8220; content_en_gb=&#8220;<\/p>\n<p>When you&#8217;re planning a getaway in the Swiss mountains, the pensions in Ovronnaz offer a friendly experience close to nature. Nestling in the heart of an enchanting setting, these pensions are the ideal place to get together as a group.<\/p>\n<p>You can wake up each morning with a breathtaking view of the majestic surrounding mountains, offering a breathtaking panorama as soon as the sun rises.<\/p>\n<p>&#8220; content_de_de=&#8220;<\/p>\n<p>Wenn Sie einen Ausflug in die Schweizer Berge planen, bieten die Pensionen in Ovronnaz ein geselliges Erlebnis in unmittelbarer N\u00e4he zur Natur. Eingebettet in eine zauberhafte Umgebung sind diese Pensionen der ideale Ort, um sich mit einer Gruppe zu treffen.<\/p>\n<p>Sie k\u00f6nnen jeden Morgen mit einem atemberaubenden Blick auf die umliegenden majest\u00e4tischen Berge aufwachen, die Ihnen schon bei Sonnenaufgang ein atemberaubendes Panorama bieten.<\/p>\n<p>&#8220; global_colors_info=&#8220;{}&#8220;]<\/p>\n<p style=\"text-align: justify;\">Lorsque vous envisagez une escapade dans les montagnes suisses, les pensions \u00e0 Ovronnaz offrent une exp\u00e9rience convivial \u00e0 proximit\u00e9 avec la nature. Nich\u00e9es au c\u0153ur d&#8217;un cadre enchanteur, ces pensions sont l&#8217;endroit id\u00e9al pour se retrouver en groupe.<\/p>\n<p style=\"text-align: justify;\">Vous pourrez vous r\u00e9veiller chaque matin avec une vue imprenable sur les majestueuses montagnes environnantes, vous offrant un panorama \u00e0 couper le souffle d\u00e8s le lever du soleil.<\/p>\n<p style=\"text-align: justify;\">[\/et_pb_text][\/et_pb_column][\/et_pb_row][\/et_pb_section][et_pb_section fb_built=&#8220;1&#8243; _builder_version=&#8220;4.21.0&#8243; _module_preset=&#8220;default&#8220; global_colors_info=&#8220;{}&#8220;][et_pb_row _builder_version=&#8220;4.22.2&#8243; _module_preset=&#8220;default&#8220; locked=&#8220;off&#8220; global_colors_info=&#8220;{}&#8220;][et_pb_column type=&#8220;4_4&#8243; _builder_version=&#8220;4.22.2&#8243; _module_preset=&#8220;default&#8220; global_colors_info=&#8220;{}&#8220;][et_pb_text _builder_version=&#8220;4.22.2&#8243; _module_preset=&#8220;default&#8220; header_font_size=&#8220;22px&#8220; text_orientation=&#8220;justified&#8220; link_option_url=&#8220;https:\/\/www.booking.com\/hotel\/ch\/le-relais.fr.html&#8220; link_option_url_new_window=&#8220;on&#8220; content_en_gb=&#8220;<\/p>\n<h1>La Cord\u00e9e<\/h1>\n<p>&#8220; content_de_de=&#8220;<\/p>\n<h1>La Cord\u00e9e<\/h1>\n<p>&#8220; global_colors_info=&#8220;{}&#8220;]<\/p>\n<h1>La Cord\u00e9e<\/h1>\n<p>[\/et_pb_text][\/et_pb_column][\/et_pb_row][et_pb_row column_structure=&#8220;1_2,1_2&#8243; _builder_version=&#8220;4.21.0&#8243; _module_preset=&#8220;default&#8220; global_colors_info=&#8220;{}&#8220;][et_pb_column type=&#8220;1_2&#8243; _builder_version=&#8220;4.21.0&#8243; _module_preset=&#8220;default&#8220; global_colors_info=&#8220;{}&#8220;][et_pb_image src=&#8220;http:\/\/www.ovronnaz.ch\/wp-content\/uploads\/2023\/09\/La-Cordee_offre-estivale-2016.jpg&#8220; title_text=&#8220;La Cord\u00e9e_offre estivale 2016&#8243; _builder_version=&#8220;4.22.2&#8243; _module_preset=&#8220;default&#8220; global_colors_info=&#8220;{}&#8220;][\/et_pb_image][\/et_pb_column][et_pb_column type=&#8220;1_2&#8243; _builder_version=&#8220;4.21.0&#8243; _module_preset=&#8220;default&#8220; global_colors_info=&#8220;{}&#8220;][et_pb_text _builder_version=&#8220;4.23.1&#8243; _module_preset=&#8220;default&#8220; content_en_gb=&#8220;<\/p>\n<p style=%22text-align: justify;%22>Family guesthouse for individuals, groups and schools, with a wide range of activities. Comfortable 4-bed rooms with direct access to the bathroom. Richly appointed communal areas. Fresh seasonal cuisine. Magnificent terrace in summer.<\/p>\n<p>&#8220; content_de_de=&#8220;<\/p>\n<p style=%22text-align: justify;%22>Familienpension f\u00fcr Einzelpersonen oder Gruppen und Schulen mit zahlreichen angebotenen Aktivit\u00e4ten. Komfortable Vierbettzimmer mit direktem Zugang zum Badezimmer. Reichhaltige Gestaltung der Gemeinschaftsr\u00e4ume. Frische K\u00fcche der Saison. Wundersch\u00f6ne Terrasse im Sommer.<\/p>\n<p>&#8220; global_colors_info=&#8220;{}&#8220;]<\/p>\n<p style=\"text-align: justify;\"><span>Pension familiale individuelle ou pour groupes et \u00e9coles, avec de nombreuses activit\u00e9s propos\u00e9es. Chambres \u00e0 4 lits confortables avec acc\u00e8s direct \u00e0 la salle de bain. Riche agencement des communs. Cuisine fra\u00eeche de saison. Magnifique terrasse en \u00e9t\u00e9.<\/span><\/p>\n<p><span><\/span><\/p>\n<p><span><\/span><\/p>\n<p>[\/et_pb_text][\/et_pb_column][\/et_pb_row][et_pb_row _builder_version=&#8220;4.22.2&#8243; _module_preset=&#8220;default&#8220; locked=&#8220;off&#8220; global_colors_info=&#8220;{}&#8220;][et_pb_column type=&#8220;4_4&#8243; _builder_version=&#8220;4.22.2&#8243; _module_preset=&#8220;default&#8220; global_colors_info=&#8220;{}&#8220;][et_pb_text _builder_version=&#8220;4.23.1&#8243; _module_preset=&#8220;default&#8220; content_en_gb=&#8220;<\/p>\n<h2>Services<\/h2>\n<ul>\n<li>Bedding available &#8211; Television &#8211; Balcony &#8211; Semi-private bathroom &#8211; Baby cot<\/li>\n<li>Free Wi-Fi -Parking spaces available &#8211; Covered car park &#8211; Seminar room &#8211; Games room &#8211; Children&#8217;s play area<\/li>\n<li>Half or full board<\/li>\n<li>Bilingual or multilingual staff &#8211; Free shuttle bus nearby in winter<\/li>\n<\/ul>\n<p>&#8220; content_de_de=&#8220;<\/p>\n<h2>Dienstleistungen<\/h2>\n<ul>\n<li>Bettw\u00e4sche zur Verf\u00fcgung &#8211; Fernseher &#8211; Balkon &#8211; Halbprivates Bad &#8211; Babybett<\/li>\n<li>Kostenloses WLAN &#8211; Parkpl\u00e4tze zur Verf\u00fcgung &#8211; \u00dcberdachter Parkplatz &#8211; Seminarraum &#8211; Spielzimmer &#8211; Kinderspielplatz.<\/li>\n<li>Halb- oder Vollpension<\/li>\n<li>Zweisprachiges oder mehrsprachiges Personal &#8211; Kostenloser Shuttlebus in der N\u00e4he im Winter<\/li>\n<\/ul>\n<p>&#8220; global_colors_info=&#8220;{}&#8220;]<\/p>\n<h2>Services<\/h2>\n<ul class=\"lists\">\n<li>Literie \u00e0 disposition &#8211; T\u00e9l\u00e9vision &#8211; Balcon &#8211; Sdb semi-privative &#8211; Lit de b\u00e9b\u00e9<\/li>\n<li><span class=\"square arrow\"><\/span> Wifi gratuit &#8211; Places de parc \u00e0 disposition &#8211; Parking couvert &#8211; Salle de s\u00e9minaire &#8211; Salle de jeux &#8211; Place de jeux pour enfants<\/li>\n<li><span class=\"square arrow\"><\/span> Demi-pension ou pension compl\u00e8te<\/li>\n<li><span class=\"square arrow\"><\/span> Personnel bilingue ou multilingue &#8211; Navette gratuite \u00e0 proximit\u00e9 en hiver<\/li>\n<\/ul>\n<p>[\/et_pb_text][\/et_pb_column][\/et_pb_row][et_pb_row column_structure=&#8220;2_5,3_5&#8243; _builder_version=&#8220;4.22.2&#8243; _module_preset=&#8220;default&#8220; custom_padding=&#8220;50px||20px||false|false&#8220; locked=&#8220;off&#8220; global_colors_info=&#8220;{}&#8220;][et_pb_column type=&#8220;2_5&#8243; _builder_version=&#8220;4.22.1&#8243; _module_preset=&#8220;default&#8220; global_colors_info=&#8220;{}&#8220;][et_pb_text _builder_version=&#8220;4.22.2&#8243; _module_preset=&#8220;default&#8220; content_en_gb=&#8220;<\/p>\n<h2>Contact &#038; bookings<\/h2>\n<p>&#8220; content_de_de=&#8220;<\/p>\n<h2>Kontakt &#038; Reservierungen<\/h2>\n<p>&#8220; global_colors_info=&#8220;{}&#8220;]<\/p>\n<h2>Contact &amp; r\u00e9servations<\/h2>\n<p>[\/et_pb_text][et_pb_blurb title=&#8220;+41 76 576 99 35&#8243; url_new_window=&#8220;on&#8220; use_icon=&#8220;on&#8220; font_icon=&#8220;&#xf879;||fa||900&#8243; icon_color=&#8220;#000000&#8243; icon_placement=&#8220;left&#8220; image_icon_width=&#8220;28px&#8220; _builder_version=&#8220;4.22.2&#8243; _module_preset=&#8220;default&#8220; link_option_url=&#8220;tel:+41765769935&#8243; link_option_url_new_window=&#8220;on&#8220; locked=&#8220;off&#8220; global_colors_info=&#8220;{}&#8220;][\/et_pb_blurb][et_pb_blurb title=&#8220;info@la-cordee.ch&#8220; use_icon=&#8220;on&#8220; font_icon=&#8220;&#xe010;||divi||400&#8243; icon_color=&#8220;#000000&#8243; icon_placement=&#8220;left&#8220; image_icon_width=&#8220;28px&#8220; _builder_version=&#8220;4.22.2&#8243; _module_preset=&#8220;default&#8220; link_option_url=&#8220;mailto:info@la-cordee.ch&#8220; link_option_url_new_window=&#8220;on&#8220; locked=&#8220;off&#8220; global_colors_info=&#8220;{}&#8220;][\/et_pb_blurb][et_pb_blurb title=&#8220;www.la-cordee.ch&#8220; use_icon=&#8220;on&#8220; font_icon=&#8220;&#xe0e3;||divi||400&#8243; icon_color=&#8220;#000000&#8243; icon_placement=&#8220;left&#8220; image_icon_width=&#8220;28px&#8220; _builder_version=&#8220;4.22.2&#8243; _module_preset=&#8220;default&#8220; link_option_url=&#8220;www.la-cordee.ch&#8220; link_option_url_new_window=&#8220;on&#8220; locked=&#8220;off&#8220; global_colors_info=&#8220;{}&#8220;][\/et_pb_blurb][\/et_pb_column][et_pb_column type=&#8220;3_5&#8243; _builder_version=&#8220;4.22.1&#8243; _module_preset=&#8220;default&#8220; global_colors_info=&#8220;{}&#8220;][et_pb_button button_url=&#8220;https:\/\/www.la-cordee.ch\/demande-de-reservation&#8220; url_new_window=&#8220;on&#8220; button_text=&#8220;Demander une offre en ligne&#8220; _builder_version=&#8220;4.22.2&#8243; _module_preset=&#8220;default&#8220; button_icon=&#8220;&#xf298;||fa||400&#8243; button_text_en_gb=&#8220;Request a quote online&#8220; button_text_de_de=&#8220;Online ein Angebot anfordern&#8220; global_colors_info=&#8220;{}&#8220;][\/et_pb_button][\/et_pb_column][\/et_pb_row][\/et_pb_section][et_pb_section fb_built=&#8220;1&#8243; _builder_version=&#8220;4.21.0&#8243; _module_preset=&#8220;default&#8220; global_colors_info=&#8220;{}&#8220;][et_pb_row _builder_version=&#8220;4.22.2&#8243; _module_preset=&#8220;default&#8220; locked=&#8220;off&#8220; global_colors_info=&#8220;{}&#8220;][et_pb_column type=&#8220;4_4&#8243; _builder_version=&#8220;4.22.2&#8243; _module_preset=&#8220;default&#8220; global_colors_info=&#8220;{}&#8220;][et_pb_text _builder_version=&#8220;4.22.2&#8243; _module_preset=&#8220;default&#8220; header_font_size=&#8220;22px&#8220; text_orientation=&#8220;justified&#8220; link_option_url=&#8220;https:\/\/www.booking.com\/hotel\/ch\/le-relais.fr.html&#8220; link_option_url_new_window=&#8220;on&#8220; content_en_gb=&#8220;<\/p>\n<h1>La Centre Sportif Cantonal<\/h1>\n<p>&#8220; content_de_de=&#8220;<\/p>\n<h1>La Centre Sportif Cantonal<\/h1>\n<p>&#8220; global_colors_info=&#8220;{}&#8220;]<\/p>\n<h1>La Centre Sportif Cantonal<\/h1>\n<p>[\/et_pb_text][\/et_pb_column][\/et_pb_row][et_pb_row column_structure=&#8220;1_2,1_2&#8243; _builder_version=&#8220;4.21.0&#8243; _module_preset=&#8220;default&#8220; global_colors_info=&#8220;{}&#8220;][et_pb_column type=&#8220;1_2&#8243; _builder_version=&#8220;4.21.0&#8243; _module_preset=&#8220;default&#8220; global_colors_info=&#8220;{}&#8220;][et_pb_image src=&#8220;http:\/\/www.ovronnaz.ch\/wp-content\/uploads\/2023\/12\/centre-sportif-2.jpg&#8220; title_text=&#8220;centre sportif 2&#8243; _builder_version=&#8220;4.23.1&#8243; _module_preset=&#8220;default&#8220; global_colors_info=&#8220;{}&#8220;][\/et_pb_image][\/et_pb_column][et_pb_column type=&#8220;1_2&#8243; _builder_version=&#8220;4.21.0&#8243; _module_preset=&#8220;default&#8220; global_colors_info=&#8220;{}&#8220;][et_pb_text _builder_version=&#8220;4.22.2&#8243; _module_preset=&#8220;default&#8220; content_en_gb=&#8220;<\/p>\n<p style=%22text-align: justify;%22>The Centre Sportif Cantonal is located in the heart of the Valais, at an altitude of 1,400 m, in a clearing above the resort. A wide range of sports facilities for your group outings.<\/p>\n<p>&#8220; content_de_de=&#8220;<\/p>\n<p style=%22text-align: justify;%22>Das Centre Sportif Cantonal liegt im Herzen des Wallis, auf 1&#8217;400 m H\u00f6he, in einer Lichtung oberhalb des Ferienortes. Zahlreiche Sportanlagen f\u00fcr Ihren Gruppenaufenthalt.<\/p>\n<p>&#8220; global_colors_info=&#8220;{}&#8220;]<\/p>\n<p style=\"text-align: justify;\"><span>Le Centre Sportif Cantonal se situe au coeur du Valais, \u00e0 1&#8217;400m d&#8217;altitude, dans une clairi\u00e8re au dessus de la station. De nombreuses installations sportives pour vos s\u00e9jours en groupe.<\/span><\/p>\n<p>[\/et_pb_text][\/et_pb_column][\/et_pb_row][et_pb_row _builder_version=&#8220;4.22.2&#8243; _module_preset=&#8220;default&#8220; locked=&#8220;off&#8220; global_colors_info=&#8220;{}&#8220;][et_pb_column type=&#8220;4_4&#8243; _builder_version=&#8220;4.22.2&#8243; _module_preset=&#8220;default&#8220; global_colors_info=&#8220;{}&#8220;][et_pb_text _builder_version=&#8220;4.22.2&#8243; _module_preset=&#8220;default&#8220; content_en_gb=&#8220;<\/p>\n<h2>Services<\/h2>\n<ul>\n<li>100 beds<\/li>\n<li>Sports facilities equipped for disabled sports<\/li>\n<\/ul>\n<p>&#8220; content_de_de=&#8220;<\/p>\n<h2>Dienstleistungen<\/h2>\n<ul>\n<li>100 Betten<\/li>\n<li>F\u00fcr den Behindertensport ausgestattete Sportanlagen<\/li>\n<\/ul>\n<p>&#8220; global_colors_info=&#8220;{}&#8220;]<\/p>\n<h2>Services<\/h2>\n<ul class=\"lists\">\n<li>100 lits<\/li>\n<li><span class=\"square arrow\"><\/span>Installations sportives \u00e9quip\u00e9es pour le handi-sport<\/li>\n<\/ul>\n<p>[\/et_pb_text][\/et_pb_column][\/et_pb_row][et_pb_row column_structure=&#8220;2_5,3_5&#8243; _builder_version=&#8220;4.22.2&#8243; _module_preset=&#8220;default&#8220; custom_padding=&#8220;50px||20px||false|false&#8220; locked=&#8220;off&#8220; global_colors_info=&#8220;{}&#8220;][et_pb_column type=&#8220;2_5&#8243; _builder_version=&#8220;4.22.1&#8243; _module_preset=&#8220;default&#8220; global_colors_info=&#8220;{}&#8220;][et_pb_text _builder_version=&#8220;4.22.2&#8243; _module_preset=&#8220;default&#8220; content_en_gb=&#8220;<\/p>\n<h2>Contact &#038; bookings<\/h2>\n<p>&#8220; content_de_de=&#8220;<\/p>\n<h2>Kontakt &#038; Reservierungen<\/h2>\n<p>&#8220; global_colors_info=&#8220;{}&#8220;]<\/p>\n<h2>Contact &amp; r\u00e9servations<\/h2>\n<p>[\/et_pb_text][et_pb_blurb title=&#8220;+41 27 607 31 40&#8243; url_new_window=&#8220;on&#8220; use_icon=&#8220;on&#8220; font_icon=&#8220;&#xf879;||fa||900&#8243; icon_color=&#8220;#000000&#8243; icon_placement=&#8220;left&#8220; image_icon_width=&#8220;28px&#8220; _builder_version=&#8220;4.22.2&#8243; _module_preset=&#8220;default&#8220; link_option_url=&#8220;tel:+41276073140&#8243; link_option_url_new_window=&#8220;on&#8220; locked=&#8220;off&#8220; global_colors_info=&#8220;{}&#8220;][\/et_pb_blurb][et_pb_blurb title=&#8220;bertrand.metrailler@admin.vs.ch&#8220; use_icon=&#8220;on&#8220; font_icon=&#8220;&#xe010;||divi||400&#8243; icon_color=&#8220;#000000&#8243; icon_placement=&#8220;left&#8220; image_icon_width=&#8220;28px&#8220; _builder_version=&#8220;4.22.2&#8243; _module_preset=&#8220;default&#8220; link_option_url=&#8220;mailto:bertrand.metrailler@admin.vs.ch&#8220; link_option_url_new_window=&#8220;on&#8220; locked=&#8220;off&#8220; global_colors_info=&#8220;{}&#8220;][\/et_pb_blurb][\/et_pb_column][et_pb_column type=&#8220;3_5&#8243; _builder_version=&#8220;4.22.1&#8243; _module_preset=&#8220;default&#8220; global_colors_info=&#8220;{}&#8220;][\/et_pb_column][\/et_pb_row][\/et_pb_section]<\/p>\n","protected":false},"excerpt":{"rendered":"<p>Pensions &amp; groupeLorsque vous envisagez une escapade dans les montagnes suisses, les pensions \u00e0 Ovronnaz offrent une exp\u00e9rience convivial \u00e0 proximit\u00e9 avec la nature. Nich\u00e9es au c\u0153ur d&#8217;un cadre enchanteur, [&hellip;]<\/p>\n","protected":false},"author":1,"featured_media":0,"parent":0,"menu_order":54,"comment_status":"closed","ping_status":"closed","template":"","meta":{"_et_pb_use_builder":"on","_et_pb_old_content":"","_et_gb_content_width":"","_monsterinsights_skip_tracking":false,"_monsterinsights_sitenote_active":false,"_monsterinsights_sitenote_note":"","_monsterinsights_sitenote_category":0,"footnotes":""},"dipi_cpt_category":[],"class_list":["post-29314","page","type-page","status-publish","hentry"],"_links":{"self":[{"href":"https:\/\/www.ovronnaz.ch\/de\/wp-json\/wp\/v2\/pages\/29314","targetHints":{"allow":["GET"]}}],"collection":[{"href":"https:\/\/www.ovronnaz.ch\/de\/wp-json\/wp\/v2\/pages"}],"about":[{"href":"https:\/\/www.ovronnaz.ch\/de\/wp-json\/wp\/v2\/types\/page"}],"author":[{"embeddable":true,"href":"https:\/\/www.ovronnaz.ch\/de\/wp-json\/wp\/v2\/users\/1"}],"replies":[{"embeddable":true,"href":"https:\/\/www.ovronnaz.ch\/de\/wp-json\/wp\/v2\/comments?post=29314"}],"version-history":[{"count":4,"href":"https:\/\/www.ovronnaz.ch\/de\/wp-json\/wp\/v2\/pages\/29314\/revisions"}],"predecessor-version":[{"id":44084,"href":"https:\/\/www.ovronnaz.ch\/de\/wp-json\/wp\/v2\/pages\/29314\/revisions\/44084"}],"wp:attachment":[{"href":"https:\/\/www.ovronnaz.ch\/de\/wp-json\/wp\/v2\/media?parent=29314"}],"wp:term":[{"taxonomy":"dipi_cpt_category","embeddable":true,"href":"https:\/\/www.ovronnaz.ch\/de\/wp-json\/wp\/v2\/dipi_cpt_category?post=29314"}],"curies":[{"name":"wp","href":"https:\/\/api.w.org\/{rel}","templated":true}]}}