{"id":29128,"date":"2023-07-20T09:25:00","date_gmt":"2023-07-20T07:25:00","guid":{"rendered":"http:\/\/www.ovronnaz.ch\/?page_id=29128"},"modified":"2025-11-19T11:17:51","modified_gmt":"2025-11-19T10:17:51","slug":"ovronnaz-ses-alentours","status":"publish","type":"page","link":"https:\/\/www.ovronnaz.ch\/de\/ovronnaz-ses-alentours\/","title":{"rendered":"Ovronnaz & ses alentours"},"content":{"rendered":"<p>[et_pb_section fb_built=&#8220;1&#8243; fullwidth=&#8220;on&#8220; _builder_version=&#8220;4.22.1&#8243; _module_preset=&#8220;default&#8220; global_colors_info=&#8220;{}&#8220;][et_pb_fullwidth_slider _builder_version=&#8220;4.27.4&#8243; _module_preset=&#8220;default&#8220; custom_padding_tablet=&#8220;&#8220; custom_padding_phone=&#8220;&#8220; custom_padding_last_edited=&#8220;on|desktop&#8220; hover_enabled=&#8220;0&#8243; global_colors_info=&#8220;{}&#8220; sticky_enabled=&#8220;0&#8243;][et_pb_slide _builder_version=&#8220;4.27.4&#8243; _module_preset=&#8220;default&#8220; background_image=&#8220;https:\/\/www.ovronnaz.ch\/wp-content\/uploads\/2025\/11\/54890243827_c653a6441b_o-scaled.jpg&#8220; background_enable_image=&#8220;on&#8220; custom_padding=&#8220;||||false|false&#8220; custom_padding_tablet=&#8220;||||false|false&#8220; custom_padding_phone=&#8220;||||false|false&#8220; custom_padding_last_edited=&#8220;on|desktop&#8220; hover_enabled=&#8220;0&#8243; global_colors_info=&#8220;{}&#8220; sticky_transition=&#8220;on&#8220; title_text=&#8220;54890243827_c653a6441b_o&#8220; sticky_enabled=&#8220;0&#8243;][\/et_pb_slide][\/et_pb_fullwidth_slider][\/et_pb_section][et_pb_section fb_built=&#8220;1&#8243; _builder_version=&#8220;4.21.0&#8243; _module_preset=&#8220;default&#8220; global_colors_info=&#8220;{}&#8220;][et_pb_row _builder_version=&#8220;4.22.1&#8243; _module_preset=&#8220;default&#8220; custom_margin=&#8220;||||false|false&#8220; custom_padding=&#8220;0px||0px||false|false&#8220; global_colors_info=&#8220;{}&#8220;][et_pb_column type=&#8220;4_4&#8243; _builder_version=&#8220;4.21.0&#8243; _module_preset=&#8220;default&#8220; global_colors_info=&#8220;{}&#8220;][et_pb_text _builder_version=&#8220;4.22.2&#8243; _module_preset=&#8220;default&#8220; content_en_gb=&#8220;<\/p>\n<h1><span class=%22word%22 id=%22%910,8%93%22>Ovronnaz<\/span><span> <\/span><\/h1>\n<p>&#8220; content_de_de=&#8220;<\/p>\n<h1>Ovronnaz <\/h1>\n<p>&#8220; global_colors_info=&#8220;{}&#8220;]<\/p>\n<h1><span>Ovronnaz\u00a0<\/span><\/h1>\n<p>[\/et_pb_text][\/et_pb_column][\/et_pb_row][et_pb_row _builder_version=&#8220;4.22.1&#8243; _module_preset=&#8220;default&#8220; global_colors_info=&#8220;{}&#8220;][et_pb_column type=&#8220;4_4&#8243; _builder_version=&#8220;4.22.1&#8243; _module_preset=&#8220;default&#8220; global_colors_info=&#8220;{}&#8220;][et_pb_text _builder_version=&#8220;4.22.2&#8243; _module_preset=&#8220;default&#8220; content_en_gb=&#8220;<\/p>\n<h3>Ovronnaz is a mid-range mountain resort nestled in the heart of the Valais Alps, where the charm of the spa, skiing and hiking all come together.<\/h3>\n<p>&#8220; content_de_de=&#8220;<\/p>\n<h3>Ovronnaz ist ein Mittelgebirgsort, eingebettet im Herzen der Walliser Alpen, wo der Charme des Thermalbades, des Skifahrens und des Wanderns aufeinandertreffen<\/h3>\n<p>&#8220; global_colors_info=&#8220;{}&#8220;]<\/p>\n<h3><span>Ovronnaz est une station de moyenne montagne, nich\u00e9e au c\u0153ur des Alpes valaisannes, o\u00f9 le charme de la randonn\u00e9e, du ski et du thermalisme se rencontrent\u00a0<\/span><\/h3>\n<p>[\/et_pb_text][\/et_pb_column][\/et_pb_row][et_pb_row _builder_version=&#8220;4.22.1&#8243; _module_preset=&#8220;default&#8220; global_colors_info=&#8220;{}&#8220;][et_pb_column type=&#8220;4_4&#8243; _builder_version=&#8220;4.21.0&#8243; _module_preset=&#8220;default&#8220; global_colors_info=&#8220;{}&#8220;][et_pb_text _builder_version=&#8220;4.22.2&#8243; _module_preset=&#8220;default&#8220; content_en_gb=&#8220;<\/p>\n<p style=%22text-align: justify;%22>Discover the charm of Ovronnaz, a small resort situated at an altitude of 1,350 metres at the foot of the Muverans mountain range. With maximum sunshine and breathtaking panoramic views of the Rh\u00f4ne Valley and the Alps, Ovronnaz promises an enchanting stay in an authentic, pretty mayen.<\/p>\n<p style=%22text-align: justify;%22>Much more than just a resort, Ovronnaz is a region with many facets, where the plain and the mountains blend harmoniously to offer an unforgettable experience. Whether you&#8217;re looking for a family, relaxing or sporting holiday, Ovronnaz will meet all your expectations.<\/p>\n<p style=%22text-align: justify;%22>Enjoy the benefits of its soothing thermal waters, take in the breathtaking hiking trails, or revel in the pleasures of winter sports. Whatever your preference, Ovronnaz has it all!<\/p>\n<p style=%22text-align: justify;%22>Book your stay in Ovronnaz now and plunge into the heart of a unique Alpine paradise, where relaxation, entertainment and discovery combine to offer you memorable moments. Let yourself be charmed by this destination, where nature and authenticity combine to perfection. Don&#8217;t miss the chance to experience magical moments with family, friends or on your own.<\/p>\n<p>&#8220; content_de_de=&#8220;<\/p>\n<p style=%22text-align: justify;%22>Entdecken Sie den Charme von Ovronnaz, einem kleinen Ferienort auf 1350 m H\u00f6he am Fu\u00dfe der Muverans-Kette. Ovronnaz profitiert von einer maximalen Sonneneinstrahlung und einem atemberaubenden Panoramablick auf das Rhonetal und die Alpen und verspricht Ihnen einen zauberhaften Aufenthalt in einem authentischen, h\u00fcbschen Maiens\u00e4ss.<\/p>\n<p style=%22text-align: justify;%22>Ovronnaz ist weit mehr als nur ein Ferienort, es ist eine Region mit vielen Facetten, in der sich die Ebene und die Berge harmonisch miteinander verbinden und ein unvergessliches Erlebnis bieten. Ob Sie nun auf der Suche nach einem Familienurlaub, einem entspannenden oder sportlichen Urlaub sind, Ovronnaz wird all Ihre Erwartungen erf\u00fcllen.<\/p>\n<p style=%22text-align: justify;%22>Genie\u00dfen Sie die Wohltaten des beruhigenden Thermalwassers, wandern Sie auf atemberaubenden Wanderwegen oder schwelgen Sie im Winter in den Freuden des Skifahrens. Was auch immer Sie bevorzugen, Ovronnaz hat alles, um Sie zu verf\u00fchren!<\/p>\n<p style=%22text-align: justify;%22>Buchen Sie jetzt Ihren Aufenthalt in Ovronnaz und tauchen Sie ein in ein einzigartiges Alpenparadies, in dem Entspannung, Unterhaltung und Entdeckungen zusammenkommen, um Ihnen unvergessliche Momente zu bescheren. Lassen Sie sich von diesem Reiseziel verzaubern, in dem Natur und Authentizit\u00e4t perfekt miteinander verbunden sind. Lassen Sie sich die Gelegenheit nicht entgehen, magische Momente mit der Familie, mit Freunden oder allein zu erleben.<\/p>\n<p>&#8220; global_colors_info=&#8220;{}&#8220;]<\/p>\n<p data-start=\"127\" data-end=\"374\" class=\"\">Ovronnaz est une station de moyenne montagne situ\u00e9e \u00e0 1&#8217;350 m\u00e8tres d\u2019altitude, au pied de la cha\u00eene des Muverans, dans les Alpes valaisannes. Entre thermes, randonn\u00e9es et sports d\u2019hiver, c\u2019est un lieu qui invite \u00e0 la d\u00e9tente comme \u00e0 l\u2019exploration.<\/p>\n<p data-start=\"376\" data-end=\"584\" class=\"\">La station profite d\u2019un bel ensoleillement et d\u2019une vue d\u00e9gag\u00e9e sur la vall\u00e9e du Rh\u00f4ne et les sommets alentours. On y trouve un m\u00e9lange de nature, de calme et d\u2019activit\u00e9s, dans un cadre simple et authentique.<\/p>\n<p data-start=\"586\" data-end=\"829\" class=\"\">En \u00e9t\u00e9 comme en hiver, les possibilit\u00e9s sont vari\u00e9es : bains thermaux, sentiers en montagne, ski ou balades tranquilles. Que ce soit pour un s\u00e9jour en famille, un week-end sportif tranquille ou quelques jours de d\u00e9paysement, Ovronnaz offre un bon \u00e9quilibre.<\/p>\n<p data-start=\"831\" data-end=\"914\" class=\"\">Un endroit pour se poser, prendre l\u2019air et profiter de la montagne sans pr\u00e9tention.<\/p>\n<p>[\/et_pb_text][\/et_pb_column][\/et_pb_row][et_pb_row _builder_version=&#8220;4.22.1&#8243; _module_preset=&#8220;default&#8220; global_colors_info=&#8220;{}&#8220;][et_pb_column type=&#8220;4_4&#8243; _builder_version=&#8220;4.22.1&#8243; _module_preset=&#8220;default&#8220; global_colors_info=&#8220;{}&#8220;][dmg_masonry_gallery gallery=&#8220;30651,28991,30917,29593,30185,29138,34942,34738,30135&#8243; _builder_version=&#8220;4.22.2&#8243; _module_preset=&#8220;default&#8220; global_colors_info=&#8220;{}&#8220;][\/dmg_masonry_gallery][\/et_pb_column][\/et_pb_row][\/et_pb_section]<\/p>\n","protected":false},"excerpt":{"rendered":"<p>Ovronnaz\u00a0Ovronnaz est une station de moyenne montagne, nich\u00e9e au c\u0153ur des Alpes valaisannes, o\u00f9 le charme de la randonn\u00e9e, du ski et du thermalisme se rencontrent\u00a0Ovronnaz est une station de [&hellip;]<\/p>\n","protected":false},"author":1,"featured_media":0,"parent":0,"menu_order":49,"comment_status":"closed","ping_status":"closed","template":"","meta":{"_et_pb_use_builder":"on","_et_pb_old_content":"","_et_gb_content_width":"","_monsterinsights_skip_tracking":false,"_monsterinsights_sitenote_active":false,"_monsterinsights_sitenote_note":"","_monsterinsights_sitenote_category":0,"footnotes":""},"dipi_cpt_category":[],"class_list":["post-29128","page","type-page","status-publish","hentry"],"_links":{"self":[{"href":"https:\/\/www.ovronnaz.ch\/de\/wp-json\/wp\/v2\/pages\/29128","targetHints":{"allow":["GET"]}}],"collection":[{"href":"https:\/\/www.ovronnaz.ch\/de\/wp-json\/wp\/v2\/pages"}],"about":[{"href":"https:\/\/www.ovronnaz.ch\/de\/wp-json\/wp\/v2\/types\/page"}],"author":[{"embeddable":true,"href":"https:\/\/www.ovronnaz.ch\/de\/wp-json\/wp\/v2\/users\/1"}],"replies":[{"embeddable":true,"href":"https:\/\/www.ovronnaz.ch\/de\/wp-json\/wp\/v2\/comments?post=29128"}],"version-history":[{"count":3,"href":"https:\/\/www.ovronnaz.ch\/de\/wp-json\/wp\/v2\/pages\/29128\/revisions"}],"predecessor-version":[{"id":44098,"href":"https:\/\/www.ovronnaz.ch\/de\/wp-json\/wp\/v2\/pages\/29128\/revisions\/44098"}],"wp:attachment":[{"href":"https:\/\/www.ovronnaz.ch\/de\/wp-json\/wp\/v2\/media?parent=29128"}],"wp:term":[{"taxonomy":"dipi_cpt_category","embeddable":true,"href":"https:\/\/www.ovronnaz.ch\/de\/wp-json\/wp\/v2\/dipi_cpt_category?post=29128"}],"curies":[{"name":"wp","href":"https:\/\/api.w.org\/{rel}","templated":true}]}}